{"id":59980,"date":"2024-06-14T08:22:00","date_gmt":"2024-06-14T08:22:00","guid":{"rendered":"https:\/\/curacaotodo.com\/activity\/descubre-el-curso-ssi-open-water-diver-en-curazao\/"},"modified":"2024-06-14T08:22:00","modified_gmt":"2024-06-14T12:22:00","slug":"descubre-el-curso-ssi-open-water-diver-en-curazao","status":"publish","type":"product","link":"https:\/\/staging.curacaotodo.com\/es\/actividad\/descubre-el-curso-ssi-open-water-diver-en-curazao\/","title":{"rendered":"Descubre el curso SSI Open Water Diver en Curazao"},"content":{"rendered":"<h2>\u00bfQu\u00e9 es el curso Open Water Diver de SSI?<\/h2><p>La certificaci\u00f3n SSI Open Water Diver es una de las certificaciones de buceo m\u00e1s reconocidas y respetadas en todo el mundo. Esta certificaci\u00f3n garantiza que tenga las habilidades y el conocimiento para bucear de manera segura e independiente. Ocean Encounters, ubicado en la pintoresca playa de Seaquarium, ofrece este curso con una combinaci\u00f3n de capacitaci\u00f3n te\u00f3rica y pr\u00e1ctica, lo que garantiza que obtenga la mejor educaci\u00f3n de buceo posible.  <\/p><h3>Descripci\u00f3n general del curso<\/h3><ul><li><strong>Duraci\u00f3n<\/strong>: 3 d\u00edas (8:30 AM \u2013 4:30 PM, con una hora de descanso para el almuerzo)<\/li><li><strong>Ubicaci\u00f3n<\/strong>: Ocean Encounters, Seaquarium Beach, Curazao<\/li><li><strong>Incluye<\/strong>: Teor\u00eda de e-learning, 5 sesiones en aguas confinadas, 4 inmersiones en aguas abiertas<\/li><li><strong>Edad m\u00ednima<\/strong>: 10 a\u00f1os (se aplican condiciones)<\/li><li><strong>Conjunto completo de equipo de alquiler<\/strong>: incluido<\/li><li><strong>Certificaci\u00f3n<\/strong>: SSI Open Water Diver<\/li><\/ul><h2>\u00bfPor qu\u00e9 elegir Ocean Encounters?<\/h2><p>Ocean Encounters es reconocido por su compromiso de brindar experiencias de buceo de alta calidad. El curso SSI Open Water Diver aqu\u00ed es impartido por instructores experimentados que se aseguran de que cada aspecto de tu entrenamiento sea completo y agradable. Adem\u00e1s, con las hermosas aguas de Curazao como sal\u00f3n de clases, cada inmersi\u00f3n se convierte en una experiencia inolvidable.  <\/p><h3>Aprendizaje simplificado<\/h3><p>El curso incluye materiales de aprendizaje electr\u00f3nico disponibles en m\u00e1s de 30 idiomas, lo que le permite estudiar a su propio ritmo antes de lanzarse al agua. La combinaci\u00f3n de sesiones te\u00f3ricas y pr\u00e1cticas en l\u00ednea garantiza que est\u00e9 bien preparado para escenarios reales de buceo. <\/p><h2>Buceo en Curazao: una experiencia inigualable<\/h2><p>Curazao ofrece algunos de los lugares de buceo m\u00e1s impresionantes del Caribe, con vibrantes arrecifes de coral, diversa vida marina y aguas cristalinas. Durante tu curso SSI Open Water Diver, explorar\u00e1s estas maravillas submarinas, haciendo que tu entrenamiento sea educativo e impresionante. <\/p><h3>Atracciones locales<\/h3><ul><li><strong>Seaquarium Beach<\/strong>: Una zona animada con muchos restaurantes y servicios.<\/li><li><strong>LionsDive Beach Resort &amp; Sunscape Curacao Resort<\/strong>: Convenientemente ubicado cerca, que ofrece excelentes opciones de alojamiento.<\/li><\/ul><h2>\u00bfPor qu\u00e9 SSI?<\/h2><p>Scuba Schools International (SSI) ha sido un nombre de confianza en la industria del buceo desde 1970. Sus est\u00e1ndares y metodolog\u00eda intransigentes aseguran que reciba una capacitaci\u00f3n de primer nivel, lo que lo convierte en un buceador seguro y capaz. Con SSI, su certificaci\u00f3n es reconocida a nivel mundial, lo que le permite bucear en cualquier parte del mundo.  <\/p><h2>Ofertas adicionales<\/h2><ul><li><strong>Fotos profesionales<\/strong>: Captura tus momentos de buceo con im\u00e1genes de alta calidad, disponibles para su compra.<\/li><li><strong>Actualizaciones de certificaci\u00f3n SSI<\/strong>: Si no puede completar su programa Open Water Diver, su capacitaci\u00f3n puede acreditarse para otras certificaciones.<\/li><\/ul><h2>C\u00f3mo reservar<\/h2><p>Reservar tu curso SSI Open Water Diver es f\u00e1cil. Visite el sitio web de Ocean Encounters para verificar la disponibilidad y asegurar su lugar. Para obtener la informaci\u00f3n m\u00e1s completa y actualizada sobre esta y otras <a href=\"https:\/\/staging.curacaotodo.com\/es\/actividades\/\">actividades<\/a> en Curazao, dir\u00edjase a CuracaoTodo.com, su gu\u00eda de viaje definitiva para la isla.  <\/p><h2>Conclusi\u00f3n<\/h2><p>Emb\u00e1rcate en un viaje para descubrir la belleza submarina de Curazao con el curso SSI Open Water Diver en Ocean Encounters. Con instrucci\u00f3n experta, instalaciones de \u00faltima generaci\u00f3n y las impresionantes aguas del Caribe como tel\u00f3n de fondo, este campo promete la aventura de su vida. Para m\u00e1s detalles y para planificar tu viaje, visita CuracaoTodo.com, el sitio web con m\u00e1s y mejor informaci\u00f3n para turistas en la isla de Curazao.  <\/p>","protected":false},"excerpt":{"rendered":"<p>Si est\u00e1s listo para sumergirte en el mundo del buceo, el curso SSI Open Water Diver ofrecido por Ocean Encounters en Curazao es tu puerta de entrada a una aventura submarina. Este curso integral est\u00e1 dise\u00f1ado para convertir a los principiantes en buceadores aut\u00f3nomos y seguros en solo tres d\u00edas. Exploremos lo que implica esta emocionante oportunidad y por qu\u00e9 deber\u00eda elegir Cura\u00e7aoTodo.com como su gu\u00eda definitiva para todo lo relacionado con su aventura en la isla.  <br data-mce-bogus=\"1\"><\/p>\n","protected":false},"featured_media":22888,"comment_status":"open","ping_status":"closed","template":"","meta":{"_acf_changed":false},"activity-source":[],"company-partner":[],"store":[],"product_brand":[],"product_cat":[466,2735],"product_tag":[4193],"class_list":{"0":"post-59980","1":"product","2":"type-product","3":"status-publish","4":"has-post-thumbnail","6":"product_cat-sin-categorizar","7":"product_cat-playa-del-mambo","8":"product_tag-oceanencounters-es","10":"first","11":"instock","12":"shipping-taxable","13":"purchasable","14":"product-type-simple"},"acf":[],"_links":{"self":[{"href":"https:\/\/staging.curacaotodo.com\/es\/wp-json\/wp\/v2\/product\/59980","targetHints":{"allow":["GET"]}}],"collection":[{"href":"https:\/\/staging.curacaotodo.com\/es\/wp-json\/wp\/v2\/product"}],"about":[{"href":"https:\/\/staging.curacaotodo.com\/es\/wp-json\/wp\/v2\/types\/product"}],"replies":[{"embeddable":true,"href":"https:\/\/staging.curacaotodo.com\/es\/wp-json\/wp\/v2\/comments?post=59980"}],"wp:featuredmedia":[{"embeddable":true,"href":"https:\/\/staging.curacaotodo.com\/es\/wp-json\/wp\/v2\/media\/22888"}],"wp:attachment":[{"href":"https:\/\/staging.curacaotodo.com\/es\/wp-json\/wp\/v2\/media?parent=59980"}],"wp:term":[{"taxonomy":"activity-source","embeddable":true,"href":"https:\/\/staging.curacaotodo.com\/es\/wp-json\/wp\/v2\/activity-source?post=59980"},{"taxonomy":"company-partner","embeddable":true,"href":"https:\/\/staging.curacaotodo.com\/es\/wp-json\/wp\/v2\/company-partner?post=59980"},{"taxonomy":"store","embeddable":true,"href":"https:\/\/staging.curacaotodo.com\/es\/wp-json\/wp\/v2\/store?post=59980"},{"taxonomy":"product_brand","embeddable":true,"href":"https:\/\/staging.curacaotodo.com\/es\/wp-json\/wp\/v2\/product_brand?post=59980"},{"taxonomy":"product_cat","embeddable":true,"href":"https:\/\/staging.curacaotodo.com\/es\/wp-json\/wp\/v2\/product_cat?post=59980"},{"taxonomy":"product_tag","embeddable":true,"href":"https:\/\/staging.curacaotodo.com\/es\/wp-json\/wp\/v2\/product_tag?post=59980"}],"curies":[{"name":"wp","href":"https:\/\/api.w.org\/{rel}","templated":true}]}}