{"id":59979,"date":"2024-06-14T08:39:29","date_gmt":"2024-06-14T08:39:29","guid":{"rendered":"https:\/\/curacaotodo.com\/activity\/descubre-el-curso-de-especialidad-padi-nitrox-diver-en-curazao\/"},"modified":"2024-06-14T08:39:29","modified_gmt":"2024-06-14T12:39:29","slug":"descubre-el-curso-de-especialidad-padi-nitrox-diver-en-curazao","status":"publish","type":"product","link":"https:\/\/staging.curacaotodo.com\/es\/actividad\/descubre-el-curso-de-especialidad-padi-nitrox-diver-en-curazao\/","title":{"rendered":"Descubre el curso de especialidad PADI Nitrox Diver en Curazao"},"content":{"rendered":"<div class=\"flex-shrink-0 flex flex-col relative items-end\"><div class=\"pt-0.5 juice:pt-0\"><div class=\"gizmo-bot-avatar flex h-6 w-6 items-center justify-center overflow-hidden rounded-full juice:h-8 juice:w-8\"><div class=\"relative p-1 rounded-sm flex items-center justify-center bg-token-main-surface-primary text-token-text-primary h-8 w-8\"><\/div><\/div><\/div><\/div><div class=\"group\/conversation-turn relative flex w-full min-w-0 flex-col agent-turn\"><div class=\"flex-col gap-1 md:gap-3\"><div class=\"flex flex-grow flex-col max-w-full\"><div class=\"min-h-[20px] text-message flex flex-col items-start whitespace-pre-wrap break-words [.text-message+&amp;]:mt-5 juice:w-full juice:items-end overflow-x-auto gap-2\" dir=\"auto\" data-message-author-role=\"assistant\" data-message-id=\"a13b68a2-bb4c-4d7a-bddf-a30c4fae500a\"><div class=\"flex w-full flex-col gap-1 juice:empty:hidden juice:first:pt-[3px]\"><div class=\"markdown prose w-full break-words dark:prose-invert dark\"><h2>Descubre el curso de especialidad PADI Nitrox Diver en Curazao<\/h2><p>\u00bfEst\u00e1s listo para elevar tu experiencia de buceo? El curso de especialidad PADI Enriched Air Nitrox Diver ofrecido por Ocean Encounters en Curazao es su puerta de entrada a inmersiones m\u00e1s largas e intervalos de superficie m\u00e1s cortos. \u00danete a los muchos buceadores que han hecho de este el curso de especialidad PADI m\u00e1s popular.  <\/p><h3>\u00bfPor qu\u00e9 elegir Enriched Air Nitrox?<\/h3><p>El aire enriquecido, com\u00fanmente conocido como nitrox o EANx, contiene una mayor concentraci\u00f3n de ox\u00edgeno y menos nitr\u00f3geno en comparaci\u00f3n con el aire normal. Esto significa que puedes permanecer bajo el agua por m\u00e1s tiempo y reducir tus intervalos en la superficie, haciendo que tus aventuras de buceo sean m\u00e1s agradables y eficientes. <\/p><h3>Beneficios del curso Nitrox Diver<\/h3><ul><li><strong>Tiempos de inmersi\u00f3n m\u00e1s largos<\/strong>: Disfrute de un tiempo de fondo prolongado en sus inmersiones.<\/li><li><strong>Intervalos de superficie m\u00e1s cortos<\/strong>: Pase menos tiempo esperando entre inmersiones.<\/li><li><strong>Mayor seguridad<\/strong>: Reduzca el riesgo de enfermedad por descompresi\u00f3n.<\/li><\/ul><h2>C\u00f3mo obtener su certificaci\u00f3n de Aire Enriquecido Nitrox<\/h2><h3>Estudio independiente en l\u00ednea<\/h3><p>El curso PADI Enriched Air Diver e-Learning te permite aprender a tu propio ritmo. Complete la parte te\u00f3rica del curso en l\u00ednea, que se puede hacer en tan solo una tarde. Esta opci\u00f3n de aprendizaje flexible facilita la adaptaci\u00f3n de las lecciones de buceo a su apretada agenda.  <\/p><h3>Ejercicios pr\u00e1cticos<\/h3><p>Despu\u00e9s de completar el aprendizaje en l\u00ednea, te reunir\u00e1s con tu Instructor PADI en Ocean Encounters para realizar ejercicios pr\u00e1cticos. Aqu\u00ed, aplicar\u00e1 los conocimientos que ha aprendido, practicando procedimientos para obtener y analizar aire enriquecido. El curso incluye dos tanques de nitrox gratuitos, lo que le permite sumergirse directamente en la experiencia.  <\/p><h2>Planifica tu aventura de buceo<\/h2><p>Ocean Encounters ofrece paquetes de buceo en barco de varios d\u00edas, perfectos para planificar su pr\u00f3ximo viaje de buceo. Combina tu entrenamiento de nitrox con estos paquetes para aprovechar al m\u00e1ximo tu aventura submarina. <\/p><h3>Ubicaciones<\/h3><ul><li><strong>LionsDive Beach Resort<\/strong>: Una ubicaci\u00f3n privilegiada para tu entrenamiento de nitrox.<\/li><li><strong>Sunscape Cura\u00e7ao Resort<\/strong>: Otro excelente lugar para completar su curso y disfrutar de los hermosos alrededores.<\/li><\/ul><h2>Inscr\u00edbete hoy en el curso de e-Learning PADI Enriched Air Diver<\/h2><p>\u00a1Comienza tu viaje para convertirte en un PADI Enriched Air Nitrox Diver hoy! El curso de e-Learning est\u00e1 dise\u00f1ado para ser conveniente y accesible, lo que le permite trabajar a su propio ritmo, en l\u00ednea o fuera de l\u00ednea, utilizando una computadora o dispositivo m\u00f3vil. Con\u00e9ctese con su instructor para capacitarse en el agua o cuando tenga preguntas.  <\/p><h3>Compromiso de tiempo de eLearning<\/h3><ul><li><strong>Duraci\u00f3n<\/strong>: 2-4 horas<\/li><li><strong>Flexibilidad<\/strong>: Completa el curso cuando y donde sea conveniente para ti.<\/li><\/ul><h2>\u00bfPor qu\u00e9 elegir Ocean Encounters?<\/h2><p>Ocean Encounters es conocido por brindar experiencias de buceo de primer nivel en Curazao. Con instructores experimentados y excelentes instalaciones, se le garantiza una experiencia de entrenamiento segura y agradable. <\/p><p>Para obtener la informaci\u00f3n m\u00e1s completa y actualizada sobre el <a href=\"https:\/\/staging.curacaotodo.com\/es\/buceo-en-curazao\/\">buceo en Curazao<\/a>, visite CuracaoTodo.com. Como el sitio web de blogs de viajes l\u00edder para turistas en la isla, CuracaoTodo ofrece gu\u00edas, consejos y recomendaciones detalladas para ayudarlo a planificar su viaje perfecto. <\/p><h3>Reserve su curso hoy<\/h3><p>\u00a1No esperes! Inscr\u00edbete en el curso de especialidad PADI Enriched Air Nitrox Diver con Ocean Encounters y comienza a disfrutar de inmersiones m\u00e1s largas y seguras. Visite CuracaoTodo.com para obtener m\u00e1s informaci\u00f3n y reservar su curso ahora. \u00a1Sum\u00e9rgete en la aventura de tu vida con el buceo nitrox en Curazao!   <\/p><\/div><\/div><\/div><\/div><\/div><\/div>","protected":false},"excerpt":{"rendered":"<p>\u00bfEst\u00e1s listo para elevar tu experiencia de buceo? El curso de especialidad PADI Enriched Air Nitrox Diver ofrecido por Ocean Encounters en Curazao es su puerta de entrada a inmersiones m\u00e1s largas e intervalos de superficie m\u00e1s cortos. \u00danete a los muchos buceadores que han hecho de este el curso de especialidad PADI m\u00e1s popular.  <\/p>\n","protected":false},"featured_media":22960,"comment_status":"open","ping_status":"closed","template":"","meta":{"_acf_changed":false},"activity-source":[],"company-partner":[],"store":[],"product_brand":[],"product_cat":[3278,3287,2735],"product_tag":[4193],"class_list":{"0":"post-59979","1":"product","2":"type-product","3":"status-publish","4":"has-post-thumbnail","6":"product_cat-buceo","7":"product_cat-cursos-de-buceo","8":"product_cat-playa-del-mambo","9":"product_tag-oceanencounters-es","11":"first","12":"instock","13":"shipping-taxable","14":"purchasable","15":"product-type-simple"},"acf":[],"_links":{"self":[{"href":"https:\/\/staging.curacaotodo.com\/es\/wp-json\/wp\/v2\/product\/59979","targetHints":{"allow":["GET"]}}],"collection":[{"href":"https:\/\/staging.curacaotodo.com\/es\/wp-json\/wp\/v2\/product"}],"about":[{"href":"https:\/\/staging.curacaotodo.com\/es\/wp-json\/wp\/v2\/types\/product"}],"replies":[{"embeddable":true,"href":"https:\/\/staging.curacaotodo.com\/es\/wp-json\/wp\/v2\/comments?post=59979"}],"wp:featuredmedia":[{"embeddable":true,"href":"https:\/\/staging.curacaotodo.com\/es\/wp-json\/wp\/v2\/media\/22960"}],"wp:attachment":[{"href":"https:\/\/staging.curacaotodo.com\/es\/wp-json\/wp\/v2\/media?parent=59979"}],"wp:term":[{"taxonomy":"activity-source","embeddable":true,"href":"https:\/\/staging.curacaotodo.com\/es\/wp-json\/wp\/v2\/activity-source?post=59979"},{"taxonomy":"company-partner","embeddable":true,"href":"https:\/\/staging.curacaotodo.com\/es\/wp-json\/wp\/v2\/company-partner?post=59979"},{"taxonomy":"store","embeddable":true,"href":"https:\/\/staging.curacaotodo.com\/es\/wp-json\/wp\/v2\/store?post=59979"},{"taxonomy":"product_brand","embeddable":true,"href":"https:\/\/staging.curacaotodo.com\/es\/wp-json\/wp\/v2\/product_brand?post=59979"},{"taxonomy":"product_cat","embeddable":true,"href":"https:\/\/staging.curacaotodo.com\/es\/wp-json\/wp\/v2\/product_cat?post=59979"},{"taxonomy":"product_tag","embeddable":true,"href":"https:\/\/staging.curacaotodo.com\/es\/wp-json\/wp\/v2\/product_tag?post=59979"}],"curies":[{"name":"wp","href":"https:\/\/api.w.org\/{rel}","templated":true}]}}