{"id":59976,"date":"2024-06-14T07:56:59","date_gmt":"2024-06-14T07:56:59","guid":{"rendered":"https:\/\/curacaotodo.com\/activity\/buceo-guiado-desde-la-costa-en-sunscape-curacao-resort-una-experiencia-inolvidable\/"},"modified":"2024-06-14T07:56:59","modified_gmt":"2024-06-14T11:56:59","slug":"buceo-guiado-desde-la-costa-en-sunscape-curacao-resort-una-experiencia-inolvidable","status":"publish","type":"product","link":"https:\/\/staging.curacaotodo.com\/es\/actividad\/buceo-guiado-desde-la-costa-en-sunscape-curacao-resort-una-experiencia-inolvidable\/","title":{"rendered":"Buceo guiado desde la costa en Sunscape Curacao Resort: una experiencia inolvidable"},"content":{"rendered":"<h2>Descubre el Drop Off de Oswaldo<\/h2><h3>Sum\u00e9rgete en un rico mundo submarino<\/h3><p>Oswaldo&#8217;s Drop Off es el arrecife de la casa en Sunscape Curacao Resort, que lleva el nombre del buzo local que frecuent\u00f3 este sitio por primera vez. Este hermoso y f\u00e1cil sitio de buceo es en gran parte exclusivo para los hu\u00e9spedes del resort y Ocean Encounters. El sistema de arrecifes de la franja aqu\u00ed prospera gracias a las constantes corrientes del este que empujan el agua rica en nutrientes a lo largo de la costa. Este sitio de buceo es perfecto tanto para principiantes como para buceadores experimentados, ya que ofrece una visi\u00f3n inolvidable del mundo submarino de Curazao.   <\/p><h2>La pila de coches: una inmersi\u00f3n \u00fanica en un naufragio<\/h2><h3>Sum\u00e9rgete en la historia y el misterio<\/h3><p>Para aquellos interesados en el buceo en naufragios o el buceo profundo, la pila de autos en Sunscape Curacao Resort es una aventura como ninguna otra. Este sitio de buceo cuenta con una colecci\u00f3n de autom\u00f3viles y camiones que datan de la d\u00e9cada de 1940, apilados en una pared creando un arrecife artificial. Es una experiencia surrealista, similar a bucear en medio de un accidente automovil\u00edstico sin v\u00edctimas. El sitio es popular entre los peces pel\u00e1gicos m\u00e1s grandes y alberga una variedad de esponjas. La pila de autom\u00f3viles comienza a aproximadamente 45 pies, con una barcaza descansando a 100 pies y los veh\u00edculos contin\u00faan considerablemente m\u00e1s profundos.    <\/p><p><strong>Consejo de buceador:<\/strong> Esta es una inmersi\u00f3n avanzada en la costa con corrientes potencialmente impredecibles. P\u00f3ngase en contacto con el equipo de buceo para obtener m\u00e1s informaci\u00f3n sobre c\u00f3mo programar una inmersi\u00f3n guiada en tierra a este notable sitio. <\/p><h2>Mejora tu entrenamiento de buceo<\/h2><h3>Cursos avanzados disponibles<\/h3><p>Lleva tus habilidades de buceo al siguiente nivel con el Curso Avanzado de Aguas Abiertas, el Curso de Buceo Profundo o el Curso de Buceo en Naufragios ofrecidos por nuestros instructores certificados PADI y SSI. Mejora tu entrenamiento y adquiere nuevas habilidades mientras exploras las maravillas submarinas de Curazao. <\/p><h2>Apoye la restauraci\u00f3n de corales<\/h2><h3>Contribuyendo a un arrecife m\u00e1s saludable<\/h3><p>Sunscape Curacao Resort se enorgullece de apoyar a Reef Renewal Curacao, una iniciativa de Ocean Encounters dedicada a restaurar el sistema de arrecifes de aguas poco profundas, educar a la comunidad y proteger los ecosistemas naturales de Curazao. \u00danase a nosotros en nuestros esfuerzos para preservar y proteger estos h\u00e1bitats marinos vitales. <\/p><h2>Buceo en la costa ilimitado en Curazao<\/h2><h3>Condiciones perfectas durante todo el a\u00f1o<\/h3><p>La costa sur de Curazao es ideal para el buceo en la costa, gracias a su ubicaci\u00f3n geogr\u00e1fica y protecci\u00f3n contra los fuertes vientos marinos. Esto hace que el <a href=\"https:\/\/staging.curacaotodo.com\/es\/buceo-en-curazao\/buceo-costa-curazao\/\">buceo desde la costa<\/a> sea accesible y agradable casi en cualquier \u00e9poca del a\u00f1o. Ya sea que sea un buceador experimentado o nuevo en el deporte, los sitios de buceo de Curazao ofrecen algo para todos.  <\/p><h2>Planifique su aventura de buceo con CuracaoTodo<\/h2><p>Para obtener la informaci\u00f3n m\u00e1s completa y actualizada sobre el <a href=\"https:\/\/staging.curacaotodo.com\/es\/buceo-en-curazao\/\">buceo en Curazao<\/a>, visite CuracaoTodo.com. Como el principal sitio web para turistas en la isla, CuracaoTodo proporciona gu\u00edas detalladas, consejos y recursos para ayudarlo a aprovechar al m\u00e1ximo su aventura de buceo. Desde reservar su inmersi\u00f3n guiada en tierra hasta explorar los mejores sitios de buceo, CuracaoTodo lo tiene cubierto.  <\/p><h3>Buceo desde la costa en Sunscape Curacao Resort: preguntas frecuentes<\/h3><p><strong>\u00bfD\u00f3nde puedo recoger tanques?<\/strong><br \/>Los tanques est\u00e1n disponibles en las tiendas de buceo Ocean Encounters ubicadas tanto en Sunscape Curacao Resort como en LionsDive Beach Resort.<\/p><p><strong>\u00bfTienes vestuarios?<\/strong><br \/>S\u00ed, hay vestuarios disponibles para buceadores.<\/p><p><strong>\u00bfNecesito una bandera de buceo?<\/strong><br \/>Consulte con el equipo de buceo para conocer los requisitos espec\u00edficos.<\/p><p><strong>\u00bfPuedo unirme a esta actividad sin una licencia de buceo?<\/strong><br \/>Se requiere una certificaci\u00f3n m\u00ednima de Open Water para esta actividad.<\/p><p>Reserve su buceo guiado en tierra hoy y cree recuerdos inolvidables en Sunscape Curacao Resort. Sum\u00e9rgete en la vibrante vida marina y los impresionantes paisajes submarinos que hacen de Curazao un destino de buceo de primer nivel. Para obtener m\u00e1s detalles y planificar su aventura de buceo, visite CuracaoTodo.com hoy.  <\/p>","protected":false},"excerpt":{"rendered":"<p>Bienvenido a Sunscape Curacao Resort, Spa y Casino, donde se crean recuerdos y te esperan aventuras. Ubicado en la impresionante isla de Curazao, este resort ofrece una experiencia \u00fanica de buceo guiado en tierra que no querr\u00e1 perderse. Sum\u00e9rjase en las cristalinas aguas caribe\u00f1as justo al lado del muelle junto a la tienda de buceo Ocean Encounters en el lugar y explore la vibrante vida marina que llama hogar a esta \u00e1rea.  <br data-mce-bogus=\"1\"><\/p>\n","protected":false},"featured_media":22792,"comment_status":"open","ping_status":"closed","template":"","meta":{"_acf_changed":false},"activity-source":[],"company-partner":[],"store":[],"product_brand":[],"product_cat":[3278,3287,2735],"product_tag":[4193],"class_list":{"0":"post-59976","1":"product","2":"type-product","3":"status-publish","4":"has-post-thumbnail","6":"product_cat-buceo","7":"product_cat-cursos-de-buceo","8":"product_cat-playa-del-mambo","9":"product_tag-oceanencounters-es","11":"first","12":"instock","13":"shipping-taxable","14":"purchasable","15":"product-type-simple"},"acf":[],"_links":{"self":[{"href":"https:\/\/staging.curacaotodo.com\/es\/wp-json\/wp\/v2\/product\/59976","targetHints":{"allow":["GET"]}}],"collection":[{"href":"https:\/\/staging.curacaotodo.com\/es\/wp-json\/wp\/v2\/product"}],"about":[{"href":"https:\/\/staging.curacaotodo.com\/es\/wp-json\/wp\/v2\/types\/product"}],"replies":[{"embeddable":true,"href":"https:\/\/staging.curacaotodo.com\/es\/wp-json\/wp\/v2\/comments?post=59976"}],"wp:featuredmedia":[{"embeddable":true,"href":"https:\/\/staging.curacaotodo.com\/es\/wp-json\/wp\/v2\/media\/22792"}],"wp:attachment":[{"href":"https:\/\/staging.curacaotodo.com\/es\/wp-json\/wp\/v2\/media?parent=59976"}],"wp:term":[{"taxonomy":"activity-source","embeddable":true,"href":"https:\/\/staging.curacaotodo.com\/es\/wp-json\/wp\/v2\/activity-source?post=59976"},{"taxonomy":"company-partner","embeddable":true,"href":"https:\/\/staging.curacaotodo.com\/es\/wp-json\/wp\/v2\/company-partner?post=59976"},{"taxonomy":"store","embeddable":true,"href":"https:\/\/staging.curacaotodo.com\/es\/wp-json\/wp\/v2\/store?post=59976"},{"taxonomy":"product_brand","embeddable":true,"href":"https:\/\/staging.curacaotodo.com\/es\/wp-json\/wp\/v2\/product_brand?post=59976"},{"taxonomy":"product_cat","embeddable":true,"href":"https:\/\/staging.curacaotodo.com\/es\/wp-json\/wp\/v2\/product_cat?post=59976"},{"taxonomy":"product_tag","embeddable":true,"href":"https:\/\/staging.curacaotodo.com\/es\/wp-json\/wp\/v2\/product_tag?post=59976"}],"curies":[{"name":"wp","href":"https:\/\/api.w.org\/{rel}","templated":true}]}}