{"id":59975,"date":"2024-06-14T08:18:28","date_gmt":"2024-06-14T08:18:28","guid":{"rendered":"https:\/\/curacaotodo.com\/activity\/experimente-la-inmersion-con-delfines-en-la-laguna-de-curazao\/"},"modified":"2024-06-14T08:18:28","modified_gmt":"2024-06-14T12:18:28","slug":"experimente-la-inmersion-con-delfines-en-la-laguna-de-curazao","status":"publish","type":"product","link":"https:\/\/staging.curacaotodo.com\/es\/actividad\/experimente-la-inmersion-con-delfines-en-la-laguna-de-curazao\/","title":{"rendered":"Experimente la inmersi\u00f3n con delfines en la laguna de Curazao"},"content":{"rendered":"<h2>Sum\u00e9rgete en los detalles<\/h2><h3>Para buceadores no certificados<\/h3><p>Si nunca has buceado antes, \u00a1no hay problema! Los buceadores no certificados comenzar\u00e1n con un curso PADI o SSI Discover Scuba Diving (DSD). Este curso introductorio incluye lecciones te\u00f3ricas, entrenamiento de habilidades y una inmersi\u00f3n guiada en el arrecife de la casa para prepararlo para la inmersi\u00f3n en la Laguna de los Delfines. Al d\u00eda siguiente, tendr\u00e1s la experiencia inolvidable de bucear con delfines en una laguna protegida.   <\/p><p><strong>Horario para buceadores no certificados:<\/strong><\/p><ul><li><strong>D\u00eda 1:<\/strong> Curso PADI o SSI Discover Scuba Diving a la 1:45 PM<\/li><li><strong>D\u00eda 2:<\/strong> Buceo en la laguna de los delfines a la 1:45 p.m.<\/li><\/ul><h3>Para buzos certificados<\/h3><p>Los buzos certificados pueden omitir el curso DSD y disfrutar directamente de la inmersi\u00f3n en la Laguna de los Delfines. Esta experiencia te permite bucear con delfines sin entrenamiento adicional, lo que la convierte en un complemento perfecto para tus aventuras de <a href=\"https:\/\/staging.curacaotodo.com\/es\/buceo-en-curazao\/\">buceo en Curazao<\/a>. <\/p><p><strong>Horario para buzos certificados:<\/strong><\/p><ul><li><strong>Una tarde:<\/strong> Buceo en la laguna de los delfines a la 1:45 p.m.<\/li><\/ul><h2>Qu\u00e9 incluye<\/h2><ul><li><strong>Conjunto completo de equipo de buceo:<\/strong> Se proporcionan m\u00e1scara, snorkel, aletas, traje de neopreno, chaleco y regulador.<\/li><li><strong>Tr\u00e1nsito del resort:<\/strong> Transporte conveniente desde LionsDive Beach Resort y Sunscape Cura\u00e7ao Resort.<\/li><li><strong>Entrada al Acuario Marino de Curazao:<\/strong> Incluido el d\u00eda de la inmersi\u00f3n.<\/li><\/ul><p><em>Nota: Un video profesional de la inmersi\u00f3n est\u00e1 disponible para su compra a partir de $ 70.<\/em><\/p><h2>Reservas y disponibilidad<\/h2><p>El Buceo con Delfines en la Laguna est\u00e1 disponible bajo petici\u00f3n, excepto domingos y lunes, con un m\u00e1ximo de 4 participantes por sesi\u00f3n. Aseg\u00farese de verificar la disponibilidad con anticipaci\u00f3n para asegurar su lugar para esta experiencia \u00fanica en la vida. <\/p><h2>\u00bfPor qu\u00e9 elegir el Lagoon Dolphin Dive?<\/h2><ol><li><strong>No se requiere experiencia:<\/strong> Ya sea que sea un buceador certificado o nuevo en el buceo, esta experiencia est\u00e1 dise\u00f1ada para todos los niveles de habilidad.<\/li><li><strong>Tama\u00f1o del grupo \u00edntimo:<\/strong> Con un m\u00e1ximo de 4 participantes, tendr\u00e1s un encuentro personalizado y memorable con los delfines.<\/li><li><strong>Capacitaci\u00f3n integral:<\/strong> Para los buceadores no certificados, el curso DSD garantiza que est\u00e9 completamente preparado y seguro antes de bucear con delfines.<\/li><li><strong>Ubicaci\u00f3n conveniente:<\/strong> La experiencia se lleva a cabo en el famoso LionsDive Beach Resort y Sunscape Cura\u00e7ao Resort, que brindan f\u00e1cil acceso e instalaciones de primer nivel.<\/li><\/ol><h2>Descubre m\u00e1s con CuracaoTodo.com<\/h2><p>Para obtener la informaci\u00f3n m\u00e1s completa y actualizada sobre todas las emocionantes <a href=\"https:\/\/staging.curacaotodo.com\/es\/actividades\/\">actividades<\/a> y atracciones de Curazao, visite CuracaoTodo.com. CuracaoTodo es su recurso de referencia para planificar las vacaciones perfectas, ya que ofrece gu\u00edas detalladas, consejos de expertos y las mejores recomendaciones para aprovechar al m\u00e1ximo su tiempo en la isla. <\/p><h2>Conclusi\u00f3n<\/h2><p>El Buceo con Delfines en la Laguna con Encuentros en el Oc\u00e9ano es una aventura inigualable que combina la belleza del buceo con la emoci\u00f3n de interactuar con los delfines. Ya sea que sea un buceador experimentado o pruebe el buceo por primera vez, esta experiencia promete ser un punto culminante de su viaje a Curazao. Reserva tu inmersi\u00f3n hoy y crea recuerdos que durar\u00e1n toda la vida.  <\/p>","protected":false},"excerpt":{"rendered":"<p>Descubre una aventura submarina \u00fanica con Ocean Encounters en Curazao: el Lagoon Dolphin Dive. Esta experiencia est\u00e1 dise\u00f1ada tanto para buceadores certificados como no certificados, lo que la hace accesible para todos los que sue\u00f1an con nadar con delfines. El buceo con delfines en la laguna es una actividad imprescindible cuando se visita Curazao, ya que combina la emoci\u00f3n del buceo con la experiencia m\u00e1gica de interactuar con delfines mulares en su h\u00e1bitat natural.  <\/p>\n","protected":false},"featured_media":22876,"comment_status":"open","ping_status":"closed","template":"","meta":{"_acf_changed":false},"activity-source":[],"company-partner":[],"store":[],"product_brand":[],"product_cat":[3278,3287,2735],"product_tag":[4193],"class_list":{"0":"post-59975","1":"product","2":"type-product","3":"status-publish","4":"has-post-thumbnail","6":"product_cat-buceo","7":"product_cat-cursos-de-buceo","8":"product_cat-playa-del-mambo","9":"product_tag-oceanencounters-es","11":"first","12":"instock","13":"shipping-taxable","14":"purchasable","15":"product-type-simple"},"acf":[],"_links":{"self":[{"href":"https:\/\/staging.curacaotodo.com\/es\/wp-json\/wp\/v2\/product\/59975","targetHints":{"allow":["GET"]}}],"collection":[{"href":"https:\/\/staging.curacaotodo.com\/es\/wp-json\/wp\/v2\/product"}],"about":[{"href":"https:\/\/staging.curacaotodo.com\/es\/wp-json\/wp\/v2\/types\/product"}],"replies":[{"embeddable":true,"href":"https:\/\/staging.curacaotodo.com\/es\/wp-json\/wp\/v2\/comments?post=59975"}],"wp:featuredmedia":[{"embeddable":true,"href":"https:\/\/staging.curacaotodo.com\/es\/wp-json\/wp\/v2\/media\/22876"}],"wp:attachment":[{"href":"https:\/\/staging.curacaotodo.com\/es\/wp-json\/wp\/v2\/media?parent=59975"}],"wp:term":[{"taxonomy":"activity-source","embeddable":true,"href":"https:\/\/staging.curacaotodo.com\/es\/wp-json\/wp\/v2\/activity-source?post=59975"},{"taxonomy":"company-partner","embeddable":true,"href":"https:\/\/staging.curacaotodo.com\/es\/wp-json\/wp\/v2\/company-partner?post=59975"},{"taxonomy":"store","embeddable":true,"href":"https:\/\/staging.curacaotodo.com\/es\/wp-json\/wp\/v2\/store?post=59975"},{"taxonomy":"product_brand","embeddable":true,"href":"https:\/\/staging.curacaotodo.com\/es\/wp-json\/wp\/v2\/product_brand?post=59975"},{"taxonomy":"product_cat","embeddable":true,"href":"https:\/\/staging.curacaotodo.com\/es\/wp-json\/wp\/v2\/product_cat?post=59975"},{"taxonomy":"product_tag","embeddable":true,"href":"https:\/\/staging.curacaotodo.com\/es\/wp-json\/wp\/v2\/product_tag?post=59975"}],"curies":[{"name":"wp","href":"https:\/\/api.w.org\/{rel}","templated":true}]}}