{"id":59974,"date":"2024-06-14T08:15:10","date_gmt":"2024-06-14T08:15:10","guid":{"rendered":"https:\/\/curacaotodo.com\/activity\/curso-discover-scuba-diving-en-curazao\/"},"modified":"2024-06-14T08:15:10","modified_gmt":"2024-06-14T12:15:10","slug":"curso-discover-scuba-diving-en-curazao","status":"publish","type":"product","link":"https:\/\/staging.curacaotodo.com\/es\/actividad\/curso-discover-scuba-diving-en-curazao\/","title":{"rendered":"Curso Discover Scuba Diving en Curazao"},"content":{"rendered":"<h2>\u00bfPor qu\u00e9 elegir Discover Scuba Diving en Curazao?<\/h2><p>Cura\u00e7aoTodo.com es el sitio web de referencia para los turistas que buscan las mejores <a href=\"https:\/\/staging.curacaotodo.com\/es\/actividades\/\">actividades<\/a> y experiencias en la isla de Curazao. Con informaci\u00f3n y recomendaciones completas, te ayuda a planificar tus vacaciones perfectas. El curso Discover Scuba Diving es un punto culminante para muchos visitantes, ya que ofrece una oportunidad \u00fanica de sumergirse en las aguas claras y c\u00e1lidas del Mar Caribe.  <\/p><h3>Detalles y requisitos del curso<\/h3><p><strong>Qu\u00e9 esperar en el curso Discover Scuba Diving<\/strong><\/p><p>El curso Discover Scuba Diving est\u00e1 dise\u00f1ado para ser divertido y educativo. Comienza con una sesi\u00f3n en el aula donde aprender\u00e1 los conceptos b\u00e1sicos del buceo, incluidas las reglas y t\u00e9cnicas de seguridad esenciales. A continuaci\u00f3n, participar\u00e1 en una sesi\u00f3n de aguas confinadas, practicar\u00e1 habilidades de buceo y se sentir\u00e1 c\u00f3modo respirando bajo el agua. La parte final del curso es una inmersi\u00f3n guiada en tierra, donde explorar\u00e1s el mundo submarino bajo la supervisi\u00f3n de un instructor profesional.   <\/p><p><strong>Aspectos destacados del curso<\/strong><\/p><ul><li><strong>Sesi\u00f3n en el aula<\/strong>: Aprende los fundamentos del buceo.<\/li><li><strong>Sesi\u00f3n de aguas confinadas<\/strong>: Practique y si\u00e9ntase c\u00f3modo con el equipo de buceo en un entorno seguro y controlado.<\/li><li><strong>Buceo guiado desde la costa<\/strong>: Experimente la emoci\u00f3n de bucear en el oc\u00e9ano, observando peces de colores y arrecifes de coral.<\/li><li><strong>Duraci\u00f3n<\/strong>: El curso completo dura entre 2 y 2,5 horas.<\/li><li><strong>Horario<\/strong>: El programa comienza a las 2 PM con check-in a la 1:45 PM y termina entre las 4 y las 4:30 PM.<\/li><\/ul><p><strong>Requisitos<\/strong><\/p><ul><li><strong>Edad<\/strong>: Los participantes deben tener al menos 10 a\u00f1os.<\/li><li><strong>Salud<\/strong>: No se necesita experiencia previa con el buceo, pero debe gozar de una salud f\u00edsica razonable.<\/li><li><strong>Habilidad para nadar<\/strong>: No tienes que ser un gran nadador, pero es importante que te sientas c\u00f3modo en el agua.<\/li><\/ul><h3>Buceo con delfines: una experiencia \u00fanica<\/h3><p>Uno de los aspectos \u00fanicos del curso Discover Scuba Diving en Curazao es la oportunidad de combinar su inmersi\u00f3n con un encuentro con delfines. Despu\u00e9s de completar el programa Discover Scuba Diving, incluso los buceadores no certificados pueden disfrutar de una experiencia de buceo con delfines. Esta adici\u00f3n m\u00e1gica hace que el curso sea a\u00fan m\u00e1s memorable, permiti\u00e9ndote interactuar con estos mam\u00edferos marinos inteligentes y amigables.  <\/p><p><strong>Combina tu inmersi\u00f3n con una experiencia con delfines<\/strong><\/p><ul><li><strong>Experiencia de buceo con delfines en la laguna<\/strong>: Bucea con delfines en un entorno sereno de laguna.<\/li><li><strong>Precio<\/strong>: A partir de $ 295.<\/li><li><strong>Fotos y videos profesionales<\/strong>: Capture su experiencia con fotos o videos profesionales de Turtle &amp; Ray Productions, disponibles a pedido.<\/li><\/ul><h3>Preguntas frecuentes<\/h3><p><strong>Preguntas frecuentes sobre Discover Scuba Diving<\/strong><\/p><p><strong>No soy un buen nadador, \u00bfpuedo bucear igualmente?<\/strong><\/p><ul><li>S\u00ed, no tienes que ser un gran nadador, pero es importante que te sientas c\u00f3modo en el agua.<\/li><\/ul><p><strong>\u00bfEs seguro el curso Discover Scuba Diving?<\/strong><\/p><ul><li>Absolutamente. El curso est\u00e1 dise\u00f1ado para ser seguro y es impartido por instructores profesionales que se aseguran de que tenga una experiencia segura y agradable. <\/li><\/ul><p><strong>\u00bfPuedo obtener una certificaci\u00f3n despu\u00e9s de este curso?<\/strong><\/p><ul><li>Si bien el curso Discover Scuba Diving en s\u00ed no es un curso de certificaci\u00f3n, proporciona una excelente introducci\u00f3n. Si decides continuar tus aventuras de buceo, puedes recibir un cr\u00e9dito para el curso PADI o SSI Open Water. <\/li><\/ul><h3>\u00a1Reserva tu aventura Discover Scuba Diving hoy!<\/h3><p>No te pierdas esta incre\u00edble oportunidad de explorar las maravillas submarinas de Curazao. Reserva tu curso Discover Scuba Diving a trav\u00e9s de Cura\u00e7aoTodo.com, el recurso definitivo para los turistas que buscan las mejores experiencias en la isla. Ya sea que est\u00e9 buscando aventura, relajaci\u00f3n o experiencias \u00fanicas como bucear con delfines, Cura\u00e7aoTodo.com tiene toda la informaci\u00f3n que necesita para planificar su viaje perfecto.  <\/p><p><strong>\u00a1Consulta la disponibilidad ahora y sum\u00e9rgete en una aventura submarina inolvidable en Curazao!<\/strong><\/p>","protected":false},"excerpt":{"rendered":"<p>\u00bfTienes curiosidad por el mundo submarino y quieres experimentar el buceo sin comprometerte con un curso de certificaci\u00f3n completo? El curso Discover Scuba Diving ofrecido por Ocean Encounters en Curazao es la oportunidad perfecta para principiantes. Este curso, disponible en LionsDive Beach Resort y Sunscape Cura\u00e7ao Resort, Spa and Casino, proporciona una introducci\u00f3n segura y emocionante al buceo. Ya sea que tenga 10 a\u00f1os o m\u00e1s, este programa est\u00e1 dise\u00f1ado para darle una idea de lo que es respirar bajo el agua y explorar la vibrante vida marina de Curazao.   <\/p>\n","protected":false},"featured_media":22863,"comment_status":"open","ping_status":"closed","template":"","meta":{"_acf_changed":false},"activity-source":[],"company-partner":[],"store":[],"product_brand":[],"product_cat":[3278,3287,2735],"product_tag":[4193],"class_list":{"0":"post-59974","1":"product","2":"type-product","3":"status-publish","4":"has-post-thumbnail","6":"product_cat-buceo","7":"product_cat-cursos-de-buceo","8":"product_cat-playa-del-mambo","9":"product_tag-oceanencounters-es","11":"first","12":"instock","13":"shipping-taxable","14":"purchasable","15":"product-type-simple"},"acf":[],"_links":{"self":[{"href":"https:\/\/staging.curacaotodo.com\/es\/wp-json\/wp\/v2\/product\/59974","targetHints":{"allow":["GET"]}}],"collection":[{"href":"https:\/\/staging.curacaotodo.com\/es\/wp-json\/wp\/v2\/product"}],"about":[{"href":"https:\/\/staging.curacaotodo.com\/es\/wp-json\/wp\/v2\/types\/product"}],"replies":[{"embeddable":true,"href":"https:\/\/staging.curacaotodo.com\/es\/wp-json\/wp\/v2\/comments?post=59974"}],"wp:featuredmedia":[{"embeddable":true,"href":"https:\/\/staging.curacaotodo.com\/es\/wp-json\/wp\/v2\/media\/22863"}],"wp:attachment":[{"href":"https:\/\/staging.curacaotodo.com\/es\/wp-json\/wp\/v2\/media?parent=59974"}],"wp:term":[{"taxonomy":"activity-source","embeddable":true,"href":"https:\/\/staging.curacaotodo.com\/es\/wp-json\/wp\/v2\/activity-source?post=59974"},{"taxonomy":"company-partner","embeddable":true,"href":"https:\/\/staging.curacaotodo.com\/es\/wp-json\/wp\/v2\/company-partner?post=59974"},{"taxonomy":"store","embeddable":true,"href":"https:\/\/staging.curacaotodo.com\/es\/wp-json\/wp\/v2\/store?post=59974"},{"taxonomy":"product_brand","embeddable":true,"href":"https:\/\/staging.curacaotodo.com\/es\/wp-json\/wp\/v2\/product_brand?post=59974"},{"taxonomy":"product_cat","embeddable":true,"href":"https:\/\/staging.curacaotodo.com\/es\/wp-json\/wp\/v2\/product_cat?post=59974"},{"taxonomy":"product_tag","embeddable":true,"href":"https:\/\/staging.curacaotodo.com\/es\/wp-json\/wp\/v2\/product_tag?post=59974"}],"curies":[{"name":"wp","href":"https:\/\/api.w.org\/{rel}","templated":true}]}}