{"id":59973,"date":"2024-06-14T07:53:09","date_gmt":"2024-06-14T07:53:09","guid":{"rendered":"https:\/\/curacaotodo.com\/activity\/buceo-guiado-desde-la-costa-en-lionsdive-beach-resort\/"},"modified":"2024-06-14T07:53:09","modified_gmt":"2024-06-14T11:53:09","slug":"buceo-guiado-desde-la-costa-en-lionsdive-beach-resort","status":"publish","type":"product","link":"https:\/\/staging.curacaotodo.com\/es\/actividad\/buceo-guiado-desde-la-costa-en-lionsdive-beach-resort\/","title":{"rendered":"Buceo guiado desde la costa en LionsDive Beach Resort"},"content":{"rendered":"<h2>Descubre el arrecife de Stella Maris House<\/h2><h3>Ubicaci\u00f3n y Descripci\u00f3n General<\/h3><p>LionsDive Beach Resort est\u00e1 idealmente situado dentro del Parque Nacional Marino de Curazao, ofreciendo acceso directo al sitio de buceo Stella Maris. Llamado as\u00ed por el naufragio de Stella Maris, este arrecife est\u00e1 ubicado en una meseta de aguas profundas, rodeado de hermosos viveros de coral de aguas poco profundas establecidos por Reef Renewal Cura\u00e7ao. La salud y la diversidad del sitio se mantienen gracias a las corrientes ricas en nutrientes que fluyen a lo largo de la costa, lo que lo convierte en un lugar privilegiado para los buceadores.  <\/p><h3>Detalles y horario de buceo<\/h3><ul><li><strong>Tiempo de inmersi\u00f3n:<\/strong> 2:00 p.m. \u2013 4:00 p.m. (1:30 hora de inmersi\u00f3n)<\/li><li><strong>Requisito m\u00ednimo:<\/strong> Certificaci\u00f3n de aguas abiertas<\/li><li><strong>Disponibilidad:<\/strong> Tambi\u00e9n disponible en Sunscape Curacao Resort<\/li><li><strong>Incluido en el precio:<\/strong> Pesos y un tanque (conexiones DIN y yugo disponibles)<\/li><\/ul><h3>\u00bfQu\u00e9 est\u00e1 incluido?<\/h3><ul><li><strong>F\u00e1cil acceso a la playa:<\/strong> A solo unas pocas patadas de aleta de la orilla.<\/li><li><strong>Fotos profesionales:<\/strong> Disponible durante la inmersi\u00f3n desde $ 20.<\/li><li><strong>Equipo de buceo:<\/strong> Dirigido por el mejor equipo de buceo de Curazao.<\/li><\/ul><h2>\u00bfPor qu\u00e9 elegir el buceo guiado en la costa en LionsDive?<\/h2><h3>Orientaci\u00f3n experta<\/h3><p>El equipo de buceo de Ocean Encounters est\u00e1 formado por maestros de buceo certificados por PADI y SSI que garantizan una experiencia de buceo segura y agradable. Su conocimiento y experiencia local los convierten en los gu\u00edas ideales para explorar el arrecife Stella Maris. <\/p><h3>Apoyo a la restauraci\u00f3n de corales<\/h3><p>Al participar en una inmersi\u00f3n guiada en LionsDive Beach Resort, apoyas la iniciativa Reef Renewal Cura\u00e7ao. Este programa, respaldado por la comunidad, los patrocinadores y Reef Renewal International, se enfoca en restaurar los sistemas de arrecifes de aguas poco profundas, educar al p\u00fablico y proteger los ecosistemas naturales de Curazao. <\/p><h2>Buceo en tierra ilimitado en Curazao<\/h2><h3>Condiciones ideales<\/h3><p>El dise\u00f1o geogr\u00e1fico de Curazao lo convierte en un para\u00edso para el <a href=\"https:\/\/staging.curacaotodo.com\/es\/buceo-en-curazao\/buceo-costa-curazao\/\">buceo desde la costa<\/a>. El lado sur de la isla est\u00e1 protegido de los fuertes vientos marinos por los vientos alisios del noreste, lo que proporciona condiciones de buceo tranquilas y seguras durante todo el a\u00f1o. <\/p><h3>Accesibilidad del buceo en la costa<\/h3><p>Los puntos de f\u00e1cil acceso de la costa sur permiten a los buceadores embarcarse en m\u00faltiples inmersiones en la costa, lo que la convierte en un destino de visita obligada para los entusiastas del buceo. Ya sea que sea un buceador novato o experimentado, Curazao ofrece una variedad de sitios de buceo para explorar. <\/p><h2>Planifique su aventura de buceo con CuracaoTodo<\/h2><p>Para obtener la informaci\u00f3n m\u00e1s completa y actualizada sobre el <a href=\"https:\/\/staging.curacaotodo.com\/es\/buceo-en-curazao\/\">buceo en Curazao<\/a>, visite CuracaoTodo.com. Desde los mejores sitios de buceo hasta consejos de viaje esenciales, CuracaoTodo es su recurso de referencia para planificar una aventura de buceo inolvidable en el Caribe. <\/p><h3>Preguntas frecuentes sobre LionsDive Beach Resort Shore Diving<\/h3><ul><li><strong>\u00bfD\u00f3nde puedo recoger tanques?<\/strong>  Puede conducir hasta el muelle de LionsDive Resort, donde nuestro equipo lo ayudar\u00e1 a cargar los tanques en su autom\u00f3vil.<\/li><li><strong>\u00bfTienes vestuarios?<\/strong>  S\u00ed, proporcionamos vestuarios para buceadores.<\/li><li><strong>\u00bfNecesito una bandera de buceo?<\/strong>  Se recomiendan banderas de buceo por seguridad.<\/li><li><strong>\u00bfPuedo unirme a esta actividad sin una licencia de buceo?<\/strong>  No, se requiere una licencia PADI o SSI v\u00e1lida para participar en las inmersiones guiadas en tierra.<\/li><\/ul><p>Reserve su inmersi\u00f3n guiada en la costa en LionsDive Beach Resort hoy y emb\u00e1rquese en un viaje submarino como ning\u00fan otro. Con el experto equipo de buceo de Ocean Encounters y el impresionante arrecife de la casa Stella Maris, \u00a1su aventura de buceo en Curazao lo espera! <\/p>","protected":false},"excerpt":{"rendered":"<p>Experimente el impresionante mundo submarino de Curazao con una inmersi\u00f3n guiada en la costa en LionsDive Beach Resort. Este lujoso resort de 4 estrellas, ubicado en una playa privada pr\u00edstina, es el punto de partida perfecto para descubrir algunos de los arrecifes m\u00e1s vibrantes del Caribe. Con el experto equipo de buceo de Ocean Encounters a tu lado, explorar\u00e1s el famoso arrecife de la casa Stella Maris, uno de los mejores sitios de buceo en Curazao.  <\/p>\n","protected":false},"featured_media":22780,"comment_status":"open","ping_status":"closed","template":"","meta":{"_acf_changed":false},"activity-source":[],"company-partner":[],"store":[],"product_brand":[],"product_cat":[3278,3287,2735],"product_tag":[4193],"class_list":{"0":"post-59973","1":"product","2":"type-product","3":"status-publish","4":"has-post-thumbnail","6":"product_cat-buceo","7":"product_cat-cursos-de-buceo","8":"product_cat-playa-del-mambo","9":"product_tag-oceanencounters-es","11":"first","12":"instock","13":"shipping-taxable","14":"purchasable","15":"product-type-simple"},"acf":[],"_links":{"self":[{"href":"https:\/\/staging.curacaotodo.com\/es\/wp-json\/wp\/v2\/product\/59973","targetHints":{"allow":["GET"]}}],"collection":[{"href":"https:\/\/staging.curacaotodo.com\/es\/wp-json\/wp\/v2\/product"}],"about":[{"href":"https:\/\/staging.curacaotodo.com\/es\/wp-json\/wp\/v2\/types\/product"}],"replies":[{"embeddable":true,"href":"https:\/\/staging.curacaotodo.com\/es\/wp-json\/wp\/v2\/comments?post=59973"}],"wp:featuredmedia":[{"embeddable":true,"href":"https:\/\/staging.curacaotodo.com\/es\/wp-json\/wp\/v2\/media\/22780"}],"wp:attachment":[{"href":"https:\/\/staging.curacaotodo.com\/es\/wp-json\/wp\/v2\/media?parent=59973"}],"wp:term":[{"taxonomy":"activity-source","embeddable":true,"href":"https:\/\/staging.curacaotodo.com\/es\/wp-json\/wp\/v2\/activity-source?post=59973"},{"taxonomy":"company-partner","embeddable":true,"href":"https:\/\/staging.curacaotodo.com\/es\/wp-json\/wp\/v2\/company-partner?post=59973"},{"taxonomy":"store","embeddable":true,"href":"https:\/\/staging.curacaotodo.com\/es\/wp-json\/wp\/v2\/store?post=59973"},{"taxonomy":"product_brand","embeddable":true,"href":"https:\/\/staging.curacaotodo.com\/es\/wp-json\/wp\/v2\/product_brand?post=59973"},{"taxonomy":"product_cat","embeddable":true,"href":"https:\/\/staging.curacaotodo.com\/es\/wp-json\/wp\/v2\/product_cat?post=59973"},{"taxonomy":"product_tag","embeddable":true,"href":"https:\/\/staging.curacaotodo.com\/es\/wp-json\/wp\/v2\/product_tag?post=59973"}],"curies":[{"name":"wp","href":"https:\/\/api.w.org\/{rel}","templated":true}]}}