{"id":59972,"date":"2024-06-14T08:07:34","date_gmt":"2024-06-14T08:07:34","guid":{"rendered":"https:\/\/curacaotodo.com\/activity\/descubriendo-mambo-beach-boulevard-en-curacao\/"},"modified":"2024-06-14T08:07:34","modified_gmt":"2024-06-14T12:07:34","slug":"descubriendo-mambo-beach-boulevard-en-curacao","status":"publish","type":"product","link":"https:\/\/staging.curacaotodo.com\/es\/actividad\/descubriendo-mambo-beach-boulevard-en-curacao\/","title":{"rendered":"Descubriendo Mambo Beach Boulevard en Cura\u00e7ao"},"content":{"rendered":"<h2>Las 5 mejores razones por las que visitar Mambo Beach Boulevard<\/h2><p><a href=\"https:\/\/staging.curacaotodo.com\/es\/playas\/mambo-beach-boulevard\/\">Mambo Beach Boulevard<\/a> es un destino cautivador ubicado en el coraz\u00f3n de Curazao. Ya sea que sea un buceador experimentado, un entusiasta de la playa o alguien ansioso por explorar el mundo submarino, <a href=\"https:\/\/staging.curacaotodo.com\/es\/areas\/mambo-beach-curacao\/\">Mambo Beach<\/a> Boulevard es un para\u00edso que satisface todos sus deseos. Estas son las cinco razones principales por las que Mambo Beach Boulevard deber\u00eda estar en la parte superior de su lista de viajes.  <\/p><h3>1. Proximidad a LionsDive Beach Resort y esn\u00f3rquel y buceo de clase mundial<\/h3><p>La ubicaci\u00f3n privilegiada de Mambo Beach Boulevard junto al famoso LionsDive Beach Resort crea una puerta de entrada ideal a un para\u00edso de aventuras acu\u00e1ticas. La accesibilidad del resort permite a los visitantes pasar sin problemas de su alojamiento a las aguas cristalinas del Mar Caribe. El verdadero encanto, sin embargo, se encuentra debajo de la superficie. Con impresionantes arrecifes de coral y una vibrante vida marina, el \u00e1rea es una meca para los entusiastas del <a href=\"https:\/\/staging.curacaotodo.com\/es\/esnorquel\/\">esn\u00f3rquel<\/a> y el buceo.   <\/p><p>Imag\u00ednese embarcarse en un viaje al reino submarino, donde bancos de peces de colores se lanzan alrededor de formaciones de coral de belleza incomparable. La experiencia se eleva por la proximidad a Ocean Encounters, un centro de buceo de primer nivel que ofrece una variedad de opciones tanto para el buceo en tierra como para el buceo en barco. Para los principiantes, el centro ofrece equipos de alquiler para snorkel y buceo, lo que garantiza que todos puedan participar en la aventura independientemente de su nivel de experiencia.  <\/p><h3>2. Oportunidades incomparables de snorkel y buceo<\/h3><p>Ocean Encounters se destaca como un faro de exploraci\u00f3n submarina. La dedicaci\u00f3n del centro para brindar experiencias inolvidables es evidente en su compromiso con la seguridad y la orientaci\u00f3n. Con instructores certificados profesionalmente, incluso los buceadores novatos pueden dar el paso y presenciar la impresionante biodiversidad que se encuentra debajo de las olas. Ya sea que se est\u00e9 aventurando en las profundidades por primera vez o sea un buceador experimentado, Ocean Encounters ofrece una variedad de sitios de buceo que se adaptan a todos los niveles de habilidad.   <\/p><h3>3. Aventuras seguras para el sol, la arena y los arrecifes<\/h3><p>Si bien Mambo Beach Boulevard es un centro para emocionantes <a href=\"https:\/\/staging.curacaotodo.com\/es\/actividades\/\">actividades<\/a> acu\u00e1ticas, tambi\u00e9n ofrece una variedad de entretenimiento en la playa. Los visitantes pueden disfrutar de una gran cantidad de juguetes acu\u00e1ticos que brindan una alegr\u00eda infinita en las arenas ba\u00f1adas por el sol. Adem\u00e1s, para aquellos preocupados por proteger su piel y el medio ambiente, la tienda de buceo de Ocean Encounters ofrece productos para el cuidado del cuerpo seguros para los arrecifes que le permiten deleitarse con los elementos sin comprometer el delicado ecosistema marino.  <\/p><h3>4. Un para\u00edso de playa para los amantes de la comida y la terapia de compras<\/h3><p>Mambo Beach Boulevard no se trata solo de aventuras en el mar; Es una experiencia hol\u00edstica que satisface todos los sentidos. El bulevar est\u00e1 salpicado de una variedad de restaurantes y bares que ofrecen tentadoras cocinas locales e internacionales. Desde disfrutar de un refrescante c\u00f3ctel en la orilla hasta saborear comidas gourmet con los pies en la arena, las ofertas culinarias son tan diversas como la vida marina.  <\/p><p>Despu\u00e9s de complacer su paladar, explore la vibrante escena comercial. El bulevar cuenta con una gran variedad de boutiques y tiendas donde puedes encontrar recuerdos \u00fanicos, ropa de playa con estilo y artesan\u00edas locales. Es un para\u00edso para los compradores con algo para todos.  <\/p><h3>5. Promoci\u00f3n de la conservaci\u00f3n de corales con Reef Renewal Cura\u00e7ao<\/h3><p>En medio de la belleza de las maravillas marinas de Mambo Beach Boulevard se encuentra una misi\u00f3n crucial: la preservaci\u00f3n de los arrecifes de coral. Reef Renewal Cura\u00e7ao, una iniciativa dedicada a la conservaci\u00f3n de los corales, arroja luz sobre la importancia de proteger estos fr\u00e1giles ecosistemas. Los visitantes tienen la incre\u00edble oportunidad no solo de presenciar los impresionantes corales, sino tambi\u00e9n de aprender sobre su importancia y los esfuerzos continuos para restaurarlos y protegerlos. Participar en Reef Renewal Cura\u00e7ao agrega una capa de significado a su visita, ya que contribuye a la sostenibilidad de estas maravillas submarinas.   <\/p><h2>Sum\u00e9rgete en las maravillas de Mambo Beach Boulevard<\/h2><p>Mientras planifica su pr\u00f3xima escapada, considere la belleza y la aventura incomparables que ofrece Mambo Beach Boulevard en Curazao. Desde la comodidad de LionsDive Beach Resort hasta las maravillas submarinas que esperan ser exploradas con Ocean Encounters, cada momento que se pasa aqu\u00ed est\u00e1 destinado a ser extraordinario. Emb\u00e1rcate en un viaje de descubrimiento, relajaci\u00f3n y viajes responsables. Visita Mambo Beach Boulevard y sum\u00e9rgete en las maravillas del mar mientras contribuyes a la preservaci\u00f3n de sus tesoros m\u00e1s valiosos. Tu para\u00edso te espera, \u00a1as\u00ed que sum\u00e9rgete hoy!    <\/p><p>Para obtener informaci\u00f3n m\u00e1s detallada y consejos de viaje, aseg\u00farese de consultar CuracaoTodo.com, su recurso de referencia para todo lo relacionado con Curazao.<\/p>","protected":false},"excerpt":{"rendered":"<p>Imag\u00ednese en un para\u00edso tropical con playas v\u00edrgenes, aguas cristalinas y un ambiente vibrante que satisface todos sus deseos de vacaciones. Bienvenido a Mambo Beach Boulevard en Curazao, un para\u00edso para aquellos que buscan experiencias inolvidables junto al mar. Desde incre\u00edbles oportunidades de snorkel y buceo hasta una variedad de opciones de entretenimiento y delicias de compras, Mambo Beach Boulevard promete un destino de vacaciones que lo abarca todo como ning\u00fan otro.  <\/p>\n","protected":false},"featured_media":22828,"comment_status":"open","ping_status":"closed","template":"","meta":{"_acf_changed":false},"activity-source":[],"company-partner":[],"store":[],"product_brand":[],"product_cat":[466,2735],"product_tag":[4193],"class_list":{"0":"post-59972","1":"product","2":"type-product","3":"status-publish","4":"has-post-thumbnail","6":"product_cat-sin-categorizar","7":"product_cat-playa-del-mambo","8":"product_tag-oceanencounters-es","10":"first","11":"instock","12":"shipping-taxable","13":"product-type-simple"},"acf":[],"_links":{"self":[{"href":"https:\/\/staging.curacaotodo.com\/es\/wp-json\/wp\/v2\/product\/59972","targetHints":{"allow":["GET"]}}],"collection":[{"href":"https:\/\/staging.curacaotodo.com\/es\/wp-json\/wp\/v2\/product"}],"about":[{"href":"https:\/\/staging.curacaotodo.com\/es\/wp-json\/wp\/v2\/types\/product"}],"replies":[{"embeddable":true,"href":"https:\/\/staging.curacaotodo.com\/es\/wp-json\/wp\/v2\/comments?post=59972"}],"wp:featuredmedia":[{"embeddable":true,"href":"https:\/\/staging.curacaotodo.com\/es\/wp-json\/wp\/v2\/media\/22828"}],"wp:attachment":[{"href":"https:\/\/staging.curacaotodo.com\/es\/wp-json\/wp\/v2\/media?parent=59972"}],"wp:term":[{"taxonomy":"activity-source","embeddable":true,"href":"https:\/\/staging.curacaotodo.com\/es\/wp-json\/wp\/v2\/activity-source?post=59972"},{"taxonomy":"company-partner","embeddable":true,"href":"https:\/\/staging.curacaotodo.com\/es\/wp-json\/wp\/v2\/company-partner?post=59972"},{"taxonomy":"store","embeddable":true,"href":"https:\/\/staging.curacaotodo.com\/es\/wp-json\/wp\/v2\/store?post=59972"},{"taxonomy":"product_brand","embeddable":true,"href":"https:\/\/staging.curacaotodo.com\/es\/wp-json\/wp\/v2\/product_brand?post=59972"},{"taxonomy":"product_cat","embeddable":true,"href":"https:\/\/staging.curacaotodo.com\/es\/wp-json\/wp\/v2\/product_cat?post=59972"},{"taxonomy":"product_tag","embeddable":true,"href":"https:\/\/staging.curacaotodo.com\/es\/wp-json\/wp\/v2\/product_tag?post=59972"}],"curies":[{"name":"wp","href":"https:\/\/api.w.org\/{rel}","templated":true}]}}