{"id":59971,"date":"2024-06-14T07:49:38","date_gmt":"2024-06-14T07:49:38","guid":{"rendered":"https:\/\/curacaotodo.com\/activity\/sumergete-en-la-aventura-paquete-de-5-dias-de-inmersiones-ilimitadas-en-tierra-en-curacao\/"},"modified":"2024-06-14T07:49:38","modified_gmt":"2024-06-14T11:49:38","slug":"sumergete-en-la-aventura-paquete-de-5-dias-de-inmersiones-ilimitadas-en-tierra-en-curacao","status":"publish","type":"product","link":"https:\/\/staging.curacaotodo.com\/es\/actividad\/sumergete-en-la-aventura-paquete-de-5-dias-de-inmersiones-ilimitadas-en-tierra-en-curacao\/","title":{"rendered":"Sum\u00e9rgete en la aventura: Paquete de 5 d\u00edas de inmersiones ilimitadas en tierra en Cura\u00e7ao"},"content":{"rendered":"<h2>Qu\u00e9 est\u00e1 incluido en el paquete de buceo en tierra ilimitado de 5 d\u00edas<\/h2><p>Ocean Encounters garantiza que su experiencia de buceo en tierra sea perfecta y agradable. Esto es lo que puede esperar de este paquete completo: <\/p><h3>Soporte integral de buceo<\/h3><ul><li><strong>Tanques de aire y nitrox ilimitados:<\/strong> Con m\u00e1s de 350 tanques de aire y 80 tanques de Nitrox disponibles, incluidos accesorios de yugo est\u00e1ndar y DIN, nunca se quedar\u00e1 sin aire.<\/li><li><strong>Varios tama\u00f1os de tanques:<\/strong> Elija entre 80 de aluminio est\u00e1ndar (11,1 L), tanques peque\u00f1os (63 pies c\u00fabicos \/ 10 L) y tanques m\u00e1s grandes como AL100 \/ 15L y acero 120 \/ 18L para satisfacer sus necesidades de buceo.<\/li><li><strong>\u00c1rea de carga conveniente:<\/strong> En la ubicaci\u00f3n de LionsDive, el cort\u00e9s personal de buceo cargar\u00e1 su autom\u00f3vil y le brindar\u00e1 recomendaciones sobre los mejores sitios de buceo en tierra en Curazao.<\/li><\/ul><h3>Amenidades adicionales<\/h3><ul><li><strong>Pesos para tus inmersiones:<\/strong> Incluido en el paquete sin costo adicional.<\/li><li><strong>Tanques de enjuague y duchas:<\/strong> Acceso gratuito a tanques de enjuague y duchas para limpiar y refrescar su equipo y a usted mismo.<\/li><li><strong>Almacenamiento de casilleros:<\/strong> Almacenamiento seguro para su equipo de buceo.<\/li><li><strong>Agua potable:<\/strong> Mant\u00e9ngase hidratado con agua potable de cortes\u00eda.<\/li><li><strong>Impuestos aplicables:<\/strong> Todos los impuestos est\u00e1n incluidos en el precio del paquete, lo que garantiza que no haya cargos ocultos.<\/li><\/ul><h2>Los mejores sitios de buceo en la costa en Curazao<\/h2><p>Curazao es famoso por sus diversos y accesibles sitios de buceo en tierra. Con m\u00e1s de 100 sitios de buceo para explorar, incluidos 38 lugares accesibles desde la costa, no hay escasez de aventuras submarinas esper\u00e1ndote. Algunos de los sitios de buceo en tierra m\u00e1s populares incluyen:  <\/p><h3>1. Remolcador<\/h3><p>Ubicado en la Bah\u00eda de Caracas, el remolcador es un sitio de buceo poco profundo perfecto tanto para principiantes como para buceadores experimentados. El remolcador hundido est\u00e1 rodeado de coloridos corales y vida marina, lo que lo convierte en un para\u00edso para los fot\u00f3grafos. <\/p><h3>2. Playa Kalki<\/h3><p>Tambi\u00e9n conocido como Alicia en el Pa\u00eds de las Maravillas, este sitio en el extremo oeste de la isla ofrece impresionantes formaciones de coral y una variedad de especies de peces. El f\u00e1cil acceso a la playa lo convierte en uno de los favoritos entre los buceadores de orilla. <\/p><h3>3. Bah\u00eda de los directores<\/h3><p>Este sitio de buceo ofrece un rico paisaje submarino con paredes escarpadas cubiertas de esponjas y corales. Es un gran lugar para avistar anguilas, rayas e incluso alg\u00fan que otro caballito de mar. <\/p><h2>\u00bfPor qu\u00e9 elegir el paquete de buceo en tierra ilimitado de 5 d\u00edas?<\/h2><h3>Flexibilidad y libertad<\/h3><p>Este paquete es perfecto para los buceadores que prefieren la flexibilidad del buceo en tierra. Explora a tu ritmo y elige los sitios que m\u00e1s te intrigan. <\/p><h3>Recomendaciones de expertos<\/h3><p>El personal capacitado de Ocean Encounters lo guiar\u00e1 a los mejores sitios de buceo seg\u00fan su nivel de experiencia e intereses, asegur\u00e1ndose de que aproveche al m\u00e1ximo sus d\u00edas de buceo.<\/p><h3>Conveniencia y Confort<\/h3><p>Con todo el equipo y las comodidades necesarias, puedes concentrarte en disfrutar de tus inmersiones sin preocuparte por la log\u00edstica.<\/p><h2>Preguntas frecuentes<\/h2><h3>\u00bfPuedo utilizar este servicio sin una certificaci\u00f3n?<\/h3><p>No, es necesario ser un buceador certificado para utilizar el servicio ilimitado de tanque de aire.<\/p><h3>\u00bfCu\u00e1ntos tanques puedo llevar a la vez?<\/h3><p>Puede llevar tantos tanques como necesite para sus inmersiones, asegur\u00e1ndose de tener un amplio suministro de aire para sus exploraciones submarinas.<\/p><h3>\u00bfCu\u00e1les son las horas disponibles para bucear?<\/h3><p>Las instalaciones de buceo est\u00e1n disponibles desde temprano en la ma\u00f1ana hasta \u00faltima hora de la tarde, lo que le brinda mucho tiempo para bucear.<\/p><h3>\u00bfTendr\u00e9 un lugar para lavar y guardar mi equipo?<\/h3><p>S\u00ed, se proporcionan tanques de enjuague, duchas y almacenamiento en casilleros para mantener su equipo limpio y seguro.<\/p><h3>\u00bfC\u00f3mo consigo tanques y qu\u00e9 tan lejos necesito llevarlos?<\/h3><p>Los tanques se pueden cargar en su autom\u00f3vil en el \u00e1rea de carga conveniente en LionsDive. El amable personal lo ayudar\u00e1 a cargar y descargar su equipo. <\/p><p>Emb\u00e1rcate en una aventura submarina con el paquete de buceo en tierra ilimitado de 5 d\u00edas de Ocean Encounters. Para obtener m\u00e1s informaci\u00f3n sobre esta y otras <a href=\"https:\/\/staging.curacaotodo.com\/es\/actividades\/\">actividades<\/a> emocionantes en Curazao, visite CuracaoTodo.com, su recurso de referencia para obtener la mejor informaci\u00f3n tur\u00edstica de la isla. \u00a1Sum\u00e9rgete y comienza a explorar la vibrante vida marina y los impresionantes paisajes submarinos de Curazao hoy!  <\/p>","protected":false},"excerpt":{"rendered":"<p>\u00bfEst\u00e1s listo para explorar las maravillas submarinas de Curazao? El paquete de buceo en tierra ilimitado de 5 d\u00edas ofrecido por Ocean Encounters es su boleto para descubrir algunas de las mejores experiencias de buceo en tierra en esta hermosa isla caribe\u00f1a. Ya sea que sea un buceador experimentado o un novato entusiasta, este paquete le brinda todo lo que necesita para una aventura de buceo inolvidable.  <\/p>\n<p>CuracaoTodo.com, su gu\u00eda definitiva para obtener informaci\u00f3n tur\u00edstica sobre Curazao, presenta todos los detalles que necesita para planificar su viaje de buceo perfecto.<\/p>\n","protected":false},"featured_media":22774,"comment_status":"open","ping_status":"closed","template":"","meta":{"_acf_changed":false},"activity-source":[],"company-partner":[],"store":[],"product_brand":[],"product_cat":[466,2735],"product_tag":[4193],"class_list":{"0":"post-59971","1":"product","2":"type-product","3":"status-publish","4":"has-post-thumbnail","6":"product_cat-sin-categorizar","7":"product_cat-playa-del-mambo","8":"product_tag-oceanencounters-es","10":"first","11":"instock","12":"shipping-taxable","13":"purchasable","14":"product-type-simple"},"acf":[],"_links":{"self":[{"href":"https:\/\/staging.curacaotodo.com\/es\/wp-json\/wp\/v2\/product\/59971","targetHints":{"allow":["GET"]}}],"collection":[{"href":"https:\/\/staging.curacaotodo.com\/es\/wp-json\/wp\/v2\/product"}],"about":[{"href":"https:\/\/staging.curacaotodo.com\/es\/wp-json\/wp\/v2\/types\/product"}],"replies":[{"embeddable":true,"href":"https:\/\/staging.curacaotodo.com\/es\/wp-json\/wp\/v2\/comments?post=59971"}],"wp:featuredmedia":[{"embeddable":true,"href":"https:\/\/staging.curacaotodo.com\/es\/wp-json\/wp\/v2\/media\/22774"}],"wp:attachment":[{"href":"https:\/\/staging.curacaotodo.com\/es\/wp-json\/wp\/v2\/media?parent=59971"}],"wp:term":[{"taxonomy":"activity-source","embeddable":true,"href":"https:\/\/staging.curacaotodo.com\/es\/wp-json\/wp\/v2\/activity-source?post=59971"},{"taxonomy":"company-partner","embeddable":true,"href":"https:\/\/staging.curacaotodo.com\/es\/wp-json\/wp\/v2\/company-partner?post=59971"},{"taxonomy":"store","embeddable":true,"href":"https:\/\/staging.curacaotodo.com\/es\/wp-json\/wp\/v2\/store?post=59971"},{"taxonomy":"product_brand","embeddable":true,"href":"https:\/\/staging.curacaotodo.com\/es\/wp-json\/wp\/v2\/product_brand?post=59971"},{"taxonomy":"product_cat","embeddable":true,"href":"https:\/\/staging.curacaotodo.com\/es\/wp-json\/wp\/v2\/product_cat?post=59971"},{"taxonomy":"product_tag","embeddable":true,"href":"https:\/\/staging.curacaotodo.com\/es\/wp-json\/wp\/v2\/product_tag?post=59971"}],"curies":[{"name":"wp","href":"https:\/\/api.w.org\/{rel}","templated":true}]}}