{"id":59970,"date":"2024-06-14T07:46:58","date_gmt":"2024-06-14T07:46:58","guid":{"rendered":"https:\/\/curacaotodo.com\/activity\/sumergete-en-la-aventura-con-el-paquete-de-buceo-en-tierra-ilimitado-de-1-dia-en-ocean-encounters\/"},"modified":"2024-06-14T07:46:58","modified_gmt":"2024-06-14T11:46:58","slug":"sumergete-en-la-aventura-con-el-paquete-de-buceo-en-tierra-ilimitado-de-1-dia-en-ocean-encounters","status":"publish","type":"product","link":"https:\/\/staging.curacaotodo.com\/es\/actividad\/sumergete-en-la-aventura-con-el-paquete-de-buceo-en-tierra-ilimitado-de-1-dia-en-ocean-encounters\/","title":{"rendered":"Sum\u00e9rgete en la aventura con el paquete de buceo en tierra ilimitado de 1 d\u00eda en Ocean Encounters"},"content":{"rendered":"<h2>\u00bfPor qu\u00e9 elegir Ocean Encounters para bucear desde la costa?<\/h2><h3>Flexibilidad y conveniencia inigualables<\/h3><p>Con el paquete de buceo en tierra ilimitado de 1 d\u00eda, puede disfrutar de un horario de buceo tranquilo que se adapte a sus preferencias. No hay necesidad de apresurarse; Tienes la libertad de bucear en m\u00faltiples lugares a lo largo del d\u00eda. Ocean Encounters proporciona todo lo que necesita, incluidos m\u00e1s de 350 tanques de aire y 80 tanques de Nitrox, lo que garantiza que tenga el equipo adecuado para cada inmersi\u00f3n.  <\/p><h3>Diversas opciones de tanques<\/h3><p>Ocean Encounters atiende a buceadores de todos los niveles y preferencias con una variedad de tama\u00f1os y accesorios de tanques. Ya sea que necesite accesorios de yugo y DIN est\u00e1ndar, 80 de aluminio (11.1l), tanques peque\u00f1os (63 pies c\u00fabicos \/ 10l) o incluso tanques m\u00e1s grandes como AL100 \/ 15l y acero 120 \/ 18l, lo tienen cubierto. Esta amplia gama de opciones garantiza que pueda bucear de forma c\u00f3moda y segura.  <\/p><h3>Carga conveniente y recomendaciones de expertos<\/h3><p>Comenzar tu aventura de buceo es muy f\u00e1cil con Ocean Encounters. Su ubicaci\u00f3n de LionsDive cuenta con una conveniente \u00e1rea de carga donde el personal de buceo amable y capacitado cargar\u00e1 su autom\u00f3vil y le brindar\u00e1 recomendaciones sobre las mejores inmersiones en la costa en Curazao. Este servicio est\u00e1 disponible para los hu\u00e9spedes de todos los hoteles, incluidos LionsDive Beach Resort y Sunscape Cura\u00e7ao Resort.  <\/p><h2>Explore los mejores sitios de buceo en la costa de Curazao<\/h2><p>Curazao es famoso por sus oportunidades de buceo en la costa, con m\u00e1s de 100 sitios de buceo accesibles desde la costa. La Gu\u00eda de buceo de Ocean Encounters Cura\u00e7ao destaca m\u00e1s de 38 de estos incre\u00edbles sitios, lo que le facilita la planificaci\u00f3n de su aventura de buceo. Desde vibrantes arrecifes de coral hasta fascinantes paisajes submarinos, Curazao es realmente un para\u00edso para el buceo en la costa.  <\/p><h3>\u00bfQu\u00e9 est\u00e1 incluido en el paquete?<\/h3><ul><li><strong>Pesos para tus inmersiones:<\/strong> Gratis<\/li><li><strong>Tanques de enjuague:<\/strong> Convenientemente ubicado para facilitar la limpieza del equipo<\/li><li><strong>Almacenamiento de casilleros:<\/strong> Almacenamiento seguro para sus art\u00edculos personales<\/li><li><strong>Duchas:<\/strong> Refr\u00e9scate despu\u00e9s de un d\u00eda de buceo<\/li><li><strong>Agua potable:<\/strong> Mantente hidratado durante tus inmersiones<\/li><li><strong>Todos los impuestos aplicables:<\/strong> Incluido en el precio del paquete<\/li><\/ul><h2>C\u00f3mo reservar su paquete de buceo en tierra ilimitado<\/h2><p>Reservar su paquete de buceo en tierra ilimitado de 1 d\u00eda es simple. Visite CuracaoTodo.com, el sitio web de referencia para obtener la informaci\u00f3n m\u00e1s completa y actualizada sobre todas las <a href=\"https:\/\/staging.curacaotodo.com\/es\/actividades\/\">actividades<\/a> tur\u00edsticas en Curazao. CuracaoTodo.com facilita la b\u00fasqueda y reserva de su aventura de buceo, junto con una gran cantidad de otras actividades emocionantes en la isla.  <\/p><h2>Sum\u00e9rgete en el para\u00edso submarino de Curazao<\/h2><p>No pierda la oportunidad de explorar el impresionante mundo submarino de Curazao con Ocean Encounters. El paquete de buceo ilimitado en tierra de 1 d\u00eda ofrece una flexibilidad, conveniencia y acceso inigualables a algunos de los mejores sitios de buceo del Caribe. Ya sea que sea un aventurero solitario o viaje con amigos, este paquete es la manera perfecta de experimentar la belleza de la vida marina de Curazao a su propio ritmo.  <\/p><p>Para obtener m\u00e1s informaci\u00f3n y reservar su aventura de buceo, dir\u00edjase a CuracaoTodo.com hoy. \u00a1Sum\u00e9rgete y descubre por qu\u00e9 Curazao es un destino principal para los entusiastas del buceo en tierra! <\/p>","protected":false},"excerpt":{"rendered":"<p>\u00bfEst\u00e1s listo para explorar las maravillas submarinas de Curazao a tu propio ritmo? El paquete de buceo ilimitado de 1 d\u00eda ofrecido por Ocean Encounters es la manera perfecta de sumergirse en la vibrante vida marina y los impresionantes arrecifes de coral de este para\u00edso caribe\u00f1o. Ya sea que sea un buceador experimentado o reci\u00e9n est\u00e9 comenzando, este paquete ofrece una experiencia de buceo flexible y conveniente.  <br data-mce-bogus=\"1\"><\/p>\n","protected":false},"featured_media":22762,"comment_status":"open","ping_status":"closed","template":"","meta":{"_acf_changed":false},"activity-source":[],"company-partner":[],"store":[],"product_brand":[],"product_cat":[466,2735],"product_tag":[4193],"class_list":{"0":"post-59970","1":"product","2":"type-product","3":"status-publish","4":"has-post-thumbnail","6":"product_cat-sin-categorizar","7":"product_cat-playa-del-mambo","8":"product_tag-oceanencounters-es","10":"first","11":"instock","12":"shipping-taxable","13":"purchasable","14":"product-type-simple"},"acf":[],"_links":{"self":[{"href":"https:\/\/staging.curacaotodo.com\/es\/wp-json\/wp\/v2\/product\/59970","targetHints":{"allow":["GET"]}}],"collection":[{"href":"https:\/\/staging.curacaotodo.com\/es\/wp-json\/wp\/v2\/product"}],"about":[{"href":"https:\/\/staging.curacaotodo.com\/es\/wp-json\/wp\/v2\/types\/product"}],"replies":[{"embeddable":true,"href":"https:\/\/staging.curacaotodo.com\/es\/wp-json\/wp\/v2\/comments?post=59970"}],"wp:featuredmedia":[{"embeddable":true,"href":"https:\/\/staging.curacaotodo.com\/es\/wp-json\/wp\/v2\/media\/22762"}],"wp:attachment":[{"href":"https:\/\/staging.curacaotodo.com\/es\/wp-json\/wp\/v2\/media?parent=59970"}],"wp:term":[{"taxonomy":"activity-source","embeddable":true,"href":"https:\/\/staging.curacaotodo.com\/es\/wp-json\/wp\/v2\/activity-source?post=59970"},{"taxonomy":"company-partner","embeddable":true,"href":"https:\/\/staging.curacaotodo.com\/es\/wp-json\/wp\/v2\/company-partner?post=59970"},{"taxonomy":"store","embeddable":true,"href":"https:\/\/staging.curacaotodo.com\/es\/wp-json\/wp\/v2\/store?post=59970"},{"taxonomy":"product_brand","embeddable":true,"href":"https:\/\/staging.curacaotodo.com\/es\/wp-json\/wp\/v2\/product_brand?post=59970"},{"taxonomy":"product_cat","embeddable":true,"href":"https:\/\/staging.curacaotodo.com\/es\/wp-json\/wp\/v2\/product_cat?post=59970"},{"taxonomy":"product_tag","embeddable":true,"href":"https:\/\/staging.curacaotodo.com\/es\/wp-json\/wp\/v2\/product_tag?post=59970"}],"curies":[{"name":"wp","href":"https:\/\/api.w.org\/{rel}","templated":true}]}}