{"id":59969,"date":"2024-06-14T08:04:23","date_gmt":"2024-06-14T08:04:23","guid":{"rendered":"https:\/\/curacaotodo.com\/activity\/experimente-el-mejor-buceo-desde-la-costa-en-curazao-con-ocean-encounters\/"},"modified":"2024-06-14T08:04:23","modified_gmt":"2024-06-14T12:04:23","slug":"experimente-el-mejor-buceo-desde-la-costa-en-curazao-con-ocean-encounters","status":"publish","type":"product","link":"https:\/\/staging.curacaotodo.com\/es\/actividad\/experimente-el-mejor-buceo-desde-la-costa-en-curazao-con-ocean-encounters\/","title":{"rendered":"Experimente el mejor buceo desde la costa en Curazao con Ocean Encounters"},"content":{"rendered":"<h2>Qu\u00e9 est\u00e1 incluido en el paquete de 6 d\u00edas de buceo ilimitado en la costa<\/h2><h3>Tanques y equipos ilimitados<\/h3><p>Ocean Encounters te asegura tener todo lo que necesitas para una experiencia de buceo inolvidable. El paquete incluye acceso a m\u00e1s de 350 tanques de aire y 80 tanques de Nitrox, que satisfacen todas las preferencias con accesorios est\u00e1ndar de yugo y DIN. Ya sea que necesite aluminio de tama\u00f1o est\u00e1ndar 80&#8217;s (11.1l), tanques peque\u00f1os (63 cu\/ft\/10l), o tanques m\u00e1s grandes (AL100\/15l &amp; acero 120&#8217;s\/18l), lo tienen cubierto.  <\/p><h3>\u00c1rea de carga conveniente<\/h3><p>Ubicado en LionsDive Beach Resort, Ocean Encounters ofrece un \u00e1rea de carga conveniente donde su cort\u00e9s personal de buceo lo ayudar\u00e1 a cargar su autom\u00f3vil y le ofrecer\u00e1 recomendaciones para las mejores inmersiones en la costa en Curazao. Este servicio tambi\u00e9n est\u00e1 disponible para hu\u00e9spedes de otros hoteles, lo que lo hace accesible para todos. <\/p><h3>Amenidades adicionales<\/h3><p>Su paquete incluye varias comodidades de cortes\u00eda para mejorar su experiencia de buceo:<\/p><ul><li><strong>Pesos para tus inmersiones<\/strong><\/li><li><strong>Tanques de enjuague<\/strong><\/li><li><strong>Almacenamiento de casilleros<\/strong><\/li><li><strong>Duchas<\/strong><\/li><li><strong>Agua potable<\/strong><\/li><li><strong>Todos los impuestos aplicables<\/strong><\/li><\/ul><h2>Descubre los mejores sitios de buceo en la costa de Curazao<\/h2><p>Curazao es un para\u00edso para los buceadores, con m\u00e1s de 100 sitios de buceo, con m\u00e1s de 38 accesibles desde la costa. Ocean Encounters proporciona una gu\u00eda detallada de <a href=\"https:\/\/staging.curacaotodo.com\/es\/buceo-en-curazao\/\">buceo en Curazao<\/a> para ayudarlo a ubicar estos sitios y comprender por qu\u00e9 Curazao se considera un para\u00edso de buceo en la costa. Algunos lugares populares para bucear en la costa incluyen <a href=\"https:\/\/staging.curacaotodo.com\/es\/playas\/tugboat-beach\/\">Tugboat<\/a>, Porto Mari y <a href=\"https:\/\/staging.curacaotodo.com\/es\/playas\/playa-kalki\/\">Playa Kalki<\/a>, cada uno de los cuales ofrece paisajes submarinos \u00fanicos y una vibrante vida marina.  <\/p><h2>C\u00f3mo aprovechar al m\u00e1ximo tu experiencia de buceo en tierra<\/h2><h3>Planificaci\u00f3n y seguridad de buceo<\/h3><p>Antes de partir, aseg\u00farese de planificar sus inmersiones cuidadosamente. Verifique el clima, las condiciones de la marea y familiar\u00edcese con los sitios de buceo utilizando la Gu\u00eda de buceo de Ocean Encounters. Bucee siempre con un compa\u00f1ero y cumpla con las pr\u00e1cticas de buceo seguras.  <\/p><h3>Accesibilidad del sitio de buceo<\/h3><p>La mayor\u00eda de los sitios de buceo en la costa en Curazao son de f\u00e1cil acceso, pero es esencial conocer los puntos de entrada y salida. Algunos sitios pueden requerir una caminata corta o nadar para llegar a los mejores lugares. El personal de Ocean Encounters puede brindarle valiosos consejos y orientaci\u00f3n para que sus inmersiones sean fluidas y agradables.  <\/p><h3>Disfruta de la vida marina<\/h3><p>El mundo submarino de Curazao est\u00e1 repleto de corales vibrantes, esponjas y una gran variedad de criaturas marinas. Est\u00e9 atento a las tortugas, rayas \u00e1guila y bancos de peces de colores mientras explora los arrecifes. Recuerda respetar el medio marino evitando el contacto con los corales y la vida marina.  <\/p><h2>Reserve su paquete de buceo en tierra ilimitado de 6 d\u00edas hoy<\/h2><p>\u00bfListo para sumergirte en una aventura? Reserve su paquete de buceo en tierra ilimitado de 6 d\u00edas con Ocean Encounters a trav\u00e9s de Cura\u00e7aoTodo.com. Este paquete es una manera fant\u00e1stica de experimentar lo mejor del buceo en la costa de Curazao a su propio ritmo. Con el apoyo integral de Ocean Encounters y la informaci\u00f3n detallada de Cura\u00e7aoTodo.com, est\u00e1 listo para un viaje de buceo inolvidable.   <\/p><p>Para obtener m\u00e1s informaci\u00f3n y reservas, visite Cura\u00e7aoTodo.com y descubra por qu\u00e9 es el mejor recurso para los turistas en la isla de Curazao. \u00a1Sum\u00e9rgete en el para\u00edso submarino que te espera! <\/p>","protected":false},"excerpt":{"rendered":"<p>Si eres un \u00e1vido buceador que busca explorar las maravillas submarinas de Curazao a tu propio ritmo, el paquete de buceo en tierra ilimitado de 6 d\u00edas de Ocean Encounters es perfecto para ti. Cura\u00e7aoTodo.com, su gu\u00eda definitiva para obtener la mejor informaci\u00f3n tur\u00edstica de la isla, destaca este paquete como la mejor opci\u00f3n para los buceadores. Con este paquete, puede sumergirse en la belleza de los sitios de buceo en la costa de Curazao, famosos por su accesibilidad y su impresionante vida marina.  <\/p>\n","protected":false},"featured_media":22816,"comment_status":"open","ping_status":"closed","template":"","meta":{"_acf_changed":false},"activity-source":[],"company-partner":[],"store":[],"product_brand":[],"product_cat":[466,2735],"product_tag":[4193],"class_list":{"0":"post-59969","1":"product","2":"type-product","3":"status-publish","4":"has-post-thumbnail","6":"product_cat-sin-categorizar","7":"product_cat-playa-del-mambo","8":"product_tag-oceanencounters-es","10":"first","11":"instock","12":"shipping-taxable","13":"purchasable","14":"product-type-simple"},"acf":[],"_links":{"self":[{"href":"https:\/\/staging.curacaotodo.com\/es\/wp-json\/wp\/v2\/product\/59969","targetHints":{"allow":["GET"]}}],"collection":[{"href":"https:\/\/staging.curacaotodo.com\/es\/wp-json\/wp\/v2\/product"}],"about":[{"href":"https:\/\/staging.curacaotodo.com\/es\/wp-json\/wp\/v2\/types\/product"}],"replies":[{"embeddable":true,"href":"https:\/\/staging.curacaotodo.com\/es\/wp-json\/wp\/v2\/comments?post=59969"}],"wp:featuredmedia":[{"embeddable":true,"href":"https:\/\/staging.curacaotodo.com\/es\/wp-json\/wp\/v2\/media\/22816"}],"wp:attachment":[{"href":"https:\/\/staging.curacaotodo.com\/es\/wp-json\/wp\/v2\/media?parent=59969"}],"wp:term":[{"taxonomy":"activity-source","embeddable":true,"href":"https:\/\/staging.curacaotodo.com\/es\/wp-json\/wp\/v2\/activity-source?post=59969"},{"taxonomy":"company-partner","embeddable":true,"href":"https:\/\/staging.curacaotodo.com\/es\/wp-json\/wp\/v2\/company-partner?post=59969"},{"taxonomy":"store","embeddable":true,"href":"https:\/\/staging.curacaotodo.com\/es\/wp-json\/wp\/v2\/store?post=59969"},{"taxonomy":"product_brand","embeddable":true,"href":"https:\/\/staging.curacaotodo.com\/es\/wp-json\/wp\/v2\/product_brand?post=59969"},{"taxonomy":"product_cat","embeddable":true,"href":"https:\/\/staging.curacaotodo.com\/es\/wp-json\/wp\/v2\/product_cat?post=59969"},{"taxonomy":"product_tag","embeddable":true,"href":"https:\/\/staging.curacaotodo.com\/es\/wp-json\/wp\/v2\/product_tag?post=59969"}],"curies":[{"name":"wp","href":"https:\/\/api.w.org\/{rel}","templated":true}]}}