{"id":59968,"date":"2024-06-14T08:01:50","date_gmt":"2024-06-14T08:01:50","guid":{"rendered":"https:\/\/curacaotodo.com\/activity\/bucear-con-un-proposito-el-curso-de-especialidad-padi-reef-renewal-en-curazao\/"},"modified":"2024-06-14T08:01:50","modified_gmt":"2024-06-14T12:01:50","slug":"bucear-con-un-proposito-el-curso-de-especialidad-padi-reef-renewal-en-curazao","status":"publish","type":"product","link":"https:\/\/staging.curacaotodo.com\/es\/actividad\/bucear-con-un-proposito-el-curso-de-especialidad-padi-reef-renewal-en-curazao\/","title":{"rendered":"Bucear con un prop\u00f3sito: el curso de especialidad PADI Reef Renewal en Curazao"},"content":{"rendered":"<h2>Aspectos destacados del curso<\/h2><h3>Aprendizaje interactivo y pr\u00e1ctica pr\u00e1ctica<\/h3><p>Durante el curso, los participantes participar\u00e1n en lecciones interactivas en tierra y en la pr\u00e1ctica de habilidades. Estas sesiones est\u00e1n dise\u00f1adas para inspirar y educar a los buceadores sobre la importancia de los arrecifes de coral y las t\u00e9cnicas utilizadas en su restauraci\u00f3n. <\/p><h3>Dos inmersiones de entrenamiento<\/h3><p>El curso incluye dos inmersiones de entrenamiento, donde los buzos mantendr\u00e1n viveros de corales, perfeccionar\u00e1n sus habilidades de flotabilidad, propagar\u00e1n nuevos corales y los trasplantar\u00e1n de nuevo al arrecife. Esta experiencia permite a los buzos dejar una marca viva y duradera en el sistema de arrecifes de aguas poco profundas de Curazao. <\/p><h3>Convi\u00e9rtase en un voluntario certificado de Reef Renewal Cura\u00e7ao<\/h3><p>Al completar el curso, los participantes se convertir\u00e1n en voluntarios certificados de Reef Renewal Cura\u00e7ao. Esta certificaci\u00f3n abre la puerta para unirse a inmersiones voluntarias durante todo el a\u00f1o, lo que garantiza contribuciones continuas a los esfuerzos de restauraci\u00f3n de arrecifes cada vez que regrese a Curazao. <\/p><h2>\u00bfQu\u00e9 incluye el curso?<\/h2><ul><li><strong>Equipo completo de alquiler<\/strong>: Se proporciona todo el equipo de buceo necesario.<\/li><li><strong>Sesi\u00f3n te\u00f3rica<\/strong>: Se incluye capacitaci\u00f3n de instrucci\u00f3n flexible para preparar a los participantes para las inmersiones.<\/li><li><strong>Certificaci\u00f3n<\/strong>: Reciba la certificaci\u00f3n oficial como voluntario de Reef Renewal Cura\u00e7ao.<\/li><li><strong>Dos inmersiones<\/strong>: Adquiere experiencia pr\u00e1ctica a trav\u00e9s de dos inmersiones de entrenamiento.<\/li><li><strong>Resort Transit<\/strong>: Se proporciona un tr\u00e1nsito conveniente desde LionsDive Beach Resort y Sunscape Curacao Resort.<\/li><\/ul><h2>Fotograf\u00eda profesional<\/h2><p>Capture su aventura submarina con fotos profesionales, disponibles desde $ 20. Estas im\u00e1genes de alta calidad se pueden reservar con anticipaci\u00f3n para garantizar la disponibilidad durante su inmersi\u00f3n. <\/p><h2>Turismo sostenible en acci\u00f3n<\/h2><p>En Ocean Encounters, la sostenibilidad es un valor fundamental. El Programa de Restauraci\u00f3n de Arrecifes de Curazao es un testimonio de nuestro compromiso de proteger las aguas locales, la vida marina y la comunidad. Nuestra iniciativa #OEPledge muestra las diversas formas en que contribuimos a la conservaci\u00f3n del medio ambiente, desde educar al p\u00fablico hasta implementar pr\u00e1cticas ecol\u00f3gicas.  <\/p><h2>Por qu\u00e9 es importante la restauraci\u00f3n de corales<\/h2><p>Los arrecifes de coral son vitales para el ecosistema de Curazao, ya que brindan protecci\u00f3n costera, alimentos e ingresos del turismo. Sin embargo, est\u00e1n amenazados por los impactos humanos. La restauraci\u00f3n de arrecifes es crucial para preservar estos ecosistemas. Reef Renewal Cura\u00e7ao imagina un futuro en el que los sistemas de arrecifes de aguas poco profundas ya no est\u00e9n amenazados y la administraci\u00f3n del oc\u00e9ano se convierta en una parte integral de la cultura de Cura\u00e7ao.   <\/p><h2>\u00a1Planifica tu inmersi\u00f3n con un prop\u00f3sito hoy!<\/h2><p>\u00danete al Curso de Especialidad de Renovaci\u00f3n de Arrecifes PADI y forma parte de la soluci\u00f3n para restaurar y proteger los arrecifes de coral de Curazao. Visite CuracaoTodo.com para obtener la informaci\u00f3n m\u00e1s completa y actualizada sobre esta y otras <a href=\"https:\/\/staging.curacaotodo.com\/es\/actividades\/\">actividades<\/a> emocionantes en Curazao. \u00a1Bucea con un prop\u00f3sito y marca la diferencia para el futuro de nuestra hermosa isla caribe\u00f1a holandesa!  <\/p><h2>M\u00e1s informaci\u00f3n<\/h2><p>Para obtener m\u00e1s detalles y reservar su curso, visite CuracaoTodo.com y explore la mejor informaci\u00f3n y recursos para turistas en la isla de Curazao. Juntos, podemos marcar la diferencia y garantizar un futuro sostenible para nuestros arrecifes de coral. <\/p>","protected":false},"excerpt":{"rendered":"<p>Bucear en Curazao no se trata solo de explorar la belleza submarina; tambi\u00e9n se trata de tener un impacto significativo en el medio ambiente. El curso de especialidad distintiva PADI Reef Renewal Diver ofrece una oportunidad emocionante para contribuir a la restauraci\u00f3n de los arrecifes de coral de Curazao. Este curso, perfecto para familias, buceadores solitarios, vacacionistas y grupos escolares, combina educaci\u00f3n con experiencia pr\u00e1ctica en jardiner\u00eda de coral y restauraci\u00f3n de arrecifes.  <\/p>\n","protected":false},"featured_media":22804,"comment_status":"open","ping_status":"closed","template":"","meta":{"_acf_changed":false},"activity-source":[],"company-partner":[],"store":[],"product_brand":[],"product_cat":[3278,3287,2735],"product_tag":[4193],"class_list":{"0":"post-59968","1":"product","2":"type-product","3":"status-publish","4":"has-post-thumbnail","6":"product_cat-buceo","7":"product_cat-cursos-de-buceo","8":"product_cat-playa-del-mambo","9":"product_tag-oceanencounters-es","11":"first","12":"instock","13":"shipping-taxable","14":"purchasable","15":"product-type-simple"},"acf":[],"_links":{"self":[{"href":"https:\/\/staging.curacaotodo.com\/es\/wp-json\/wp\/v2\/product\/59968","targetHints":{"allow":["GET"]}}],"collection":[{"href":"https:\/\/staging.curacaotodo.com\/es\/wp-json\/wp\/v2\/product"}],"about":[{"href":"https:\/\/staging.curacaotodo.com\/es\/wp-json\/wp\/v2\/types\/product"}],"replies":[{"embeddable":true,"href":"https:\/\/staging.curacaotodo.com\/es\/wp-json\/wp\/v2\/comments?post=59968"}],"wp:featuredmedia":[{"embeddable":true,"href":"https:\/\/staging.curacaotodo.com\/es\/wp-json\/wp\/v2\/media\/22804"}],"wp:attachment":[{"href":"https:\/\/staging.curacaotodo.com\/es\/wp-json\/wp\/v2\/media?parent=59968"}],"wp:term":[{"taxonomy":"activity-source","embeddable":true,"href":"https:\/\/staging.curacaotodo.com\/es\/wp-json\/wp\/v2\/activity-source?post=59968"},{"taxonomy":"company-partner","embeddable":true,"href":"https:\/\/staging.curacaotodo.com\/es\/wp-json\/wp\/v2\/company-partner?post=59968"},{"taxonomy":"store","embeddable":true,"href":"https:\/\/staging.curacaotodo.com\/es\/wp-json\/wp\/v2\/store?post=59968"},{"taxonomy":"product_brand","embeddable":true,"href":"https:\/\/staging.curacaotodo.com\/es\/wp-json\/wp\/v2\/product_brand?post=59968"},{"taxonomy":"product_cat","embeddable":true,"href":"https:\/\/staging.curacaotodo.com\/es\/wp-json\/wp\/v2\/product_cat?post=59968"},{"taxonomy":"product_tag","embeddable":true,"href":"https:\/\/staging.curacaotodo.com\/es\/wp-json\/wp\/v2\/product_tag?post=59968"}],"curies":[{"name":"wp","href":"https:\/\/api.w.org\/{rel}","templated":true}]}}