{"id":59967,"date":"2024-06-14T07:40:53","date_gmt":"2024-06-14T07:40:53","guid":{"rendered":"https:\/\/curacaotodo.com\/activity\/paseo-en-barco-privado-por-klein-curacao-con-encuentros-en-el-oceano\/"},"modified":"2024-06-14T07:40:53","modified_gmt":"2024-06-14T11:40:53","slug":"paseo-en-barco-privado-por-klein-curacao-con-encuentros-en-el-oceano","status":"publish","type":"product","link":"https:\/\/staging.curacaotodo.com\/es\/actividad\/paseo-en-barco-privado-por-klein-curacao-con-encuentros-en-el-oceano\/","title":{"rendered":"Paseo en barco privado por Klein Curacao con encuentros en el oc\u00e9ano"},"content":{"rendered":"<h2>Explore la belleza de Klein Curacao<\/h2><h3>Un para\u00edso desierto te espera<\/h3><p><a href=\"https:\/\/staging.curacaotodo.com\/es\/klein-curacao\/\">Klein Curacao<\/a>, ubicado aproximadamente a 6.5 millas del punto sureste de Curazao, es el ep\u00edtome de un para\u00edso desierto en el Caribe holand\u00e9s. Con sus aguas turquesas, playas de arena blanca, naufragios y un faro abandonado, esta isla ofrece un escape incomparable del ajetreo y el bullicio de la vida cotidiana. <\/p><h3>Actividades para todos<\/h3><p>Ya sea que sea un \u00e1vido buceador, un entusiasta del <a href=\"https:\/\/staging.curacaotodo.com\/es\/esnorquel\/\">esn\u00f3rquel<\/a> o simplemente alguien que disfruta relajarse en playas v\u00edrgenes, este viaje en barco privado tiene algo para todos. Sum\u00e9rgete en las c\u00e1lidas aguas color aguamarina y descubre un vibrante mundo submarino repleto de vida, o da un paseo por la playa y sum\u00e9rgete en el tranquilo entorno. <\/p><h2>Qu\u00e9 est\u00e1 incluido en su viaje privado<\/h2><h3>Almuerzo completo y bebidas<\/h3><p>Disfrute de un viaje de un d\u00eda completo con una variedad de refrigerios a bordo. Desde caf\u00e9 y t\u00e9 hasta fruta, jugo, agua, bocadillos y un almuerzo ligero, Ocean Encounters garantiza que se mantenga con energ\u00eda durante su aventura. <\/p><h3>Equipo de snorkel y equipo de buceo<\/h3><p>Ocean Encounters proporciona todo el equipo de snorkel necesario, as\u00ed como tanques y pesas para buceadores. Est\u00e1n disponibles conexiones DIN y yugo, que se adaptan a sus necesidades espec\u00edficas de buceo. <\/p><h3>Fotos y videos profesionales<\/h3><p>Captura tus momentos inolvidables con servicios profesionales de fotograf\u00eda y video. Un equipo especializado de fot\u00f3grafos y vide\u00f3grafos submarinos est\u00e1 disponible para tomar im\u00e1genes y videos de alta calidad por encima y por debajo del agua. Aseg\u00farese de reservar con anticipaci\u00f3n para garantizar la disponibilidad.  <\/p><h3>Salidas convenientes<\/h3><p>El barco sale de los muelles de LionsDive Beach Resort y Sunscape Curacao Resort. Aseg\u00farese de llegar 15 minutos antes de la salida para garantizar un viaje tranquilo y oportuno. <\/p><h2>Aventuras de buceo y snorkel<\/h2><h3>Un para\u00edso para los buceadores<\/h3><p>Klein Curacao es famoso por sus excepcionales oportunidades de buceo y esn\u00f3rquel. Los h\u00e1bitats submarinos de la isla son un espect\u00e1culo para la vista, con avistamientos casi garantizados de tortugas, peces ballesta oce\u00e1nicos y grandes meros. Este lugar pr\u00edstino es una visita obligada para cualquier apasionado por explorar el mundo submarino.  <\/p><h3>Experiencias personalizadas<\/h3><p>Los viajes en barco privados de Ocean Encounters se adaptan a sus preferencias, lo que los hace perfectos tanto para buceadores certificados como para aquellos sin certificaci\u00f3n. Si alguna vez te has preguntado c\u00f3mo es respirar bajo el agua, considera la experiencia Discover Scuba Diving que ofrece Ocean Encounters. Este curso introductorio PADI o SSI est\u00e1 disponible en LionsDive Beach Resort o Sunscape Curacao Resort, Spa y Casino.  <\/p><h2>Preguntas frecuentes<\/h2><h3>\u00bfPuedo unirme a esta actividad sin una certificaci\u00f3n de buceo?<\/h3><p>\u00a1Absolutamente! Los viajes privados en barco de Ocean Encounters est\u00e1n dise\u00f1ados para todos, independientemente de la certificaci\u00f3n. Los viajes se pueden combinar con inmersiones de uno o dos tanques, lo que los hace agradables para toda la familia o grupo de amigos.  <\/p><h3>\u00bfLos tours de snorkel y las inmersiones son guiados?<\/h3><p>S\u00ed, todos los tours e inmersiones son guiados para garantizar su seguridad y mejorar su experiencia.<\/p><h3>\u00bfCu\u00e1nto dura el viaje en barco a Klein Curazao?<\/h3><p>El viaje en barco a Klein Curacao dura aproximadamente 1,5 horas, lo que le da mucho tiempo para disfrutar de las impresionantes vistas y relajarse a bordo.<\/p><h3>\u00bfHay sombra en el barco?<\/h3><p>S\u00ed, el barco est\u00e1 equipado con zonas de sombra para protegerte del sol mientras disfrutas de tu viaje.<\/p>","protected":false},"excerpt":{"rendered":"<p>\u00bfEst\u00e1 buscando una aventura exclusiva en <a href=\"https:\/\/staging.curacaotodo.com\/es\/klein-curacao\/\">Klein Curacao<\/a> con su familia o amigos? No busque m\u00e1s. Ocean Encounters ofrece un viaje en barco privado perfectamente personalizado a este impresionante destino, ideal para explorar tanto por encima como por debajo de la l\u00ednea de flotaci\u00f3n. Para obtener la mejor y m\u00e1s completa informaci\u00f3n sobre las actividades tur\u00edsticas en Curazao, visite CuracaoTodo.com. <\/p>\n","protected":false},"featured_media":22744,"comment_status":"open","ping_status":"closed","template":"","meta":{"_acf_changed":false},"activity-source":[],"company-partner":[],"store":[],"product_brand":[],"product_cat":[3278,3287,3275,2735],"product_tag":[4229,4193],"class_list":{"0":"post-59967","1":"product","2":"type-product","3":"status-publish","4":"has-post-thumbnail","6":"product_cat-buceo","7":"product_cat-cursos-de-buceo","8":"product_cat-klein-curacao-es","9":"product_cat-playa-del-mambo","10":"product_tag-klein-curazao","11":"product_tag-oceanencounters-es","13":"first","14":"instock","15":"shipping-taxable","16":"purchasable","17":"product-type-simple"},"acf":[],"_links":{"self":[{"href":"https:\/\/staging.curacaotodo.com\/es\/wp-json\/wp\/v2\/product\/59967","targetHints":{"allow":["GET"]}}],"collection":[{"href":"https:\/\/staging.curacaotodo.com\/es\/wp-json\/wp\/v2\/product"}],"about":[{"href":"https:\/\/staging.curacaotodo.com\/es\/wp-json\/wp\/v2\/types\/product"}],"replies":[{"embeddable":true,"href":"https:\/\/staging.curacaotodo.com\/es\/wp-json\/wp\/v2\/comments?post=59967"}],"wp:featuredmedia":[{"embeddable":true,"href":"https:\/\/staging.curacaotodo.com\/es\/wp-json\/wp\/v2\/media\/22744"}],"wp:attachment":[{"href":"https:\/\/staging.curacaotodo.com\/es\/wp-json\/wp\/v2\/media?parent=59967"}],"wp:term":[{"taxonomy":"activity-source","embeddable":true,"href":"https:\/\/staging.curacaotodo.com\/es\/wp-json\/wp\/v2\/activity-source?post=59967"},{"taxonomy":"company-partner","embeddable":true,"href":"https:\/\/staging.curacaotodo.com\/es\/wp-json\/wp\/v2\/company-partner?post=59967"},{"taxonomy":"store","embeddable":true,"href":"https:\/\/staging.curacaotodo.com\/es\/wp-json\/wp\/v2\/store?post=59967"},{"taxonomy":"product_brand","embeddable":true,"href":"https:\/\/staging.curacaotodo.com\/es\/wp-json\/wp\/v2\/product_brand?post=59967"},{"taxonomy":"product_cat","embeddable":true,"href":"https:\/\/staging.curacaotodo.com\/es\/wp-json\/wp\/v2\/product_cat?post=59967"},{"taxonomy":"product_tag","embeddable":true,"href":"https:\/\/staging.curacaotodo.com\/es\/wp-json\/wp\/v2\/product_tag?post=59967"}],"curies":[{"name":"wp","href":"https:\/\/api.w.org\/{rel}","templated":true}]}}