{"id":59966,"date":"2024-06-14T07:37:49","date_gmt":"2024-06-14T07:37:49","guid":{"rendered":"https:\/\/curacaotodo.com\/activity\/paseo-en-barco-privado-por-el-naufragio-del-remolcador-y-las-aguas-espanolas-en-curazao\/"},"modified":"2024-06-14T07:37:49","modified_gmt":"2024-06-14T11:37:49","slug":"paseo-en-barco-privado-por-el-naufragio-del-remolcador-y-las-aguas-espanolas-en-curazao","status":"publish","type":"product","link":"https:\/\/staging.curacaotodo.com\/es\/actividad\/paseo-en-barco-privado-por-el-naufragio-del-remolcador-y-las-aguas-espanolas-en-curazao\/","title":{"rendered":"Paseo en barco privado por el naufragio del remolcador y las aguas espa\u00f1olas en Curazao"},"content":{"rendered":"<h2>\u00bfPor qu\u00e9 elegir un paseo en barco privado en Curazao?<\/h2><h3>Experimenta la belleza de la costa sur<\/h3><p>Emb\u00e1rcate en un viaje privado navegando por la impresionante costa sur de Curazao. Este viaje no se trata solo del destino, sino tambi\u00e9n del viaje en s\u00ed. Rel\u00e1jese, descanse y disfrute de las pintorescas vistas mientras se dirige a algunos de los lugares de buceo y <a href=\"https:\/\/staging.curacaotodo.com\/es\/esnorquel\/\">esn\u00f3rquel<\/a> m\u00e1s famosos de la isla.  <\/p><h3>Snorkel y buceo en sitios ic\u00f3nicos<\/h3><p>Uno de los aspectos m\u00e1s destacados de este viaje es bucear o bucear en el famoso <a href=\"https:\/\/staging.curacaotodo.com\/es\/playas\/tugboat-beach\/\">Tugboat<\/a> Wreck y Director&#8217;s Bay. Estos sitios est\u00e1n repletos de vida marina vibrante y ofrecen aguas cristalinas perfectas para la exploraci\u00f3n submarina. Ya sea que sea un buceador experimentado o un buceador primerizo, estos lugares seguramente lo dejar\u00e1n asombrado.  <\/p><h2>Explora la exclusiva zona de aguas espa\u00f1olas<\/h2><h3>Tour panor\u00e1mico por Spanish Water<\/h3><p>Adem\u00e1s de las maravillas submarinas, este paseo en barco privado incluye un recorrido por la exclusiva zona de Spanish Water. Este recorrido panor\u00e1mico lo llevar\u00e1 a trav\u00e9s de bosques de manglares, puertos deportivos con yates privados y lujosas casas de la \u00e9lite de la isla. Es una visi\u00f3n \u00fanica del lado exclusivo de Curazao.  <\/p><h3>Bebidas y aperitivos incluidos<\/h3><p>\u00bfQu\u00e9 es un viaje en barco privado sin algunos refrigerios? Disfrute de una buena selecci\u00f3n de bocadillos y bebidas, que incluyen cerveza, refrescos, agua, bocadillos y frutas. Si\u00e9ntate, rel\u00e1jate y saborea el momento mientras navegas por la costa.  <\/p><h2>Personaliza tu viaje en barco privado<\/h2><h3>A la medida de tus preferencias<\/h3><p>Ocean Encounters se enorgullece de ofrecer viajes en barco perfectamente personalizados. Ya sea que prefiera una aventura de medio d\u00eda o una excursi\u00f3n de d\u00eda completo a destinos como Mushroom Forest o <a href=\"https:\/\/staging.curacaotodo.com\/es\/klein-curacao\/\">Klein Cura\u00e7ao<\/a>, las posibilidades son infinitas. P\u00f3ngase en contacto con el equipo de reservas de Ocean Encounters para adaptar su viaje a sus preferencias.  <\/p><h3>\u00bfQu\u00e9 est\u00e1 incluido?<\/h3><ul><li><strong>Equipo de snorkel<\/strong>: No hay necesidad de preocuparse por el equipo. Todo el equipo de snorkel necesario est\u00e1 incluido. <\/li><li><strong>Lugares de recogida<\/strong>: Conveniente recogida en LionsDive Beach Resort y Sunscape Cura\u00e7ao Resort.<\/li><li><strong>Opciones adicionales<\/strong>: Se incluyen hasta cuatro personas en el precio base, con la opci\u00f3n de agregar m\u00e1s por una tarifa adicional. Tambi\u00e9n se pueden acomodar grupos m\u00e1s grandes con opciones personalizadas disponibles a pedido. <\/li><\/ul><h3>Agrega una experiencia de buceo<\/h3><p>Para buceadores certificados y no certificados, existe la opci\u00f3n de agregar una experiencia de buceo a su viaje. Los buzos certificados pueden disfrutar de una inmersi\u00f3n durante el viaje privado, mientras que los buzos no certificados pueden optar por un Discover Scuba Dive. P\u00f3ngase en contacto con el departamento de reservas para obtener m\u00e1s detalles y tarifas.  <\/p><h2>Preguntas frecuentes sobre el viaje en barco privado<\/h2><h3>\u00bfCu\u00e1nto dura el paseo en barco?<\/h3><p>El viaje en bote a Tugboat dura unos 15 minutos, seguido de un crucero de 20 minutos por aguas espa\u00f1olas.<\/p><h3>\u00bfHay sombra en el barco?<\/h3><p>S\u00ed, hay sombra disponible en el barco para garantizar una experiencia c\u00f3moda para todos.<\/p><h3>\u00bfPodemos reservar un viaje en barco privado de d\u00eda completo?<\/h3><p>\u00a1Absolutamente! Ocean Encounters ofrece viajes en barco privados de medio d\u00eda y de d\u00eda completo. Personaliza tu aventura para aprovechar al m\u00e1ximo tu tiempo en Curazao.  <\/p><h2>\u00a1Reserve su viaje en barco privado hoy!<\/h2><p>\u00bfListo para crear recuerdos inolvidables en Curazao? Visite CuracaoTodo.com para obtener la mejor y m\u00e1s completa informaci\u00f3n sobre la planificaci\u00f3n de su viaje. P\u00f3ngase en contacto con Ocean Encounters hoy para verificar la disponibilidad y personalizar su viaje en barco privado. Disfruta de la mejor experiencia de snorkel y buceo con tus seres queridos en las hermosas aguas de Curazao.   <\/p>","protected":false},"excerpt":{"rendered":"<p>\u00bfSue\u00f1a con un d\u00eda perfecto en las aguas azules de Curazao con su familia o amigos? No busque m\u00e1s. El paseo en barco privado por el naufragio del remolcador y las aguas espa\u00f1olas, ofrecido por Ocean Encounters, promete una aventura inolvidable hecha a tu medida<\/p>\n","protected":false},"featured_media":22732,"comment_status":"open","ping_status":"closed","template":"","meta":{"_acf_changed":false},"activity-source":[],"company-partner":[],"store":[],"product_brand":[],"product_cat":[466,2735],"product_tag":[4193],"class_list":{"0":"post-59966","1":"product","2":"type-product","3":"status-publish","4":"has-post-thumbnail","6":"product_cat-sin-categorizar","7":"product_cat-playa-del-mambo","8":"product_tag-oceanencounters-es","10":"first","11":"instock","12":"shipping-taxable","13":"purchasable","14":"product-type-simple"},"acf":[],"_links":{"self":[{"href":"https:\/\/staging.curacaotodo.com\/es\/wp-json\/wp\/v2\/product\/59966","targetHints":{"allow":["GET"]}}],"collection":[{"href":"https:\/\/staging.curacaotodo.com\/es\/wp-json\/wp\/v2\/product"}],"about":[{"href":"https:\/\/staging.curacaotodo.com\/es\/wp-json\/wp\/v2\/types\/product"}],"replies":[{"embeddable":true,"href":"https:\/\/staging.curacaotodo.com\/es\/wp-json\/wp\/v2\/comments?post=59966"}],"wp:featuredmedia":[{"embeddable":true,"href":"https:\/\/staging.curacaotodo.com\/es\/wp-json\/wp\/v2\/media\/22732"}],"wp:attachment":[{"href":"https:\/\/staging.curacaotodo.com\/es\/wp-json\/wp\/v2\/media?parent=59966"}],"wp:term":[{"taxonomy":"activity-source","embeddable":true,"href":"https:\/\/staging.curacaotodo.com\/es\/wp-json\/wp\/v2\/activity-source?post=59966"},{"taxonomy":"company-partner","embeddable":true,"href":"https:\/\/staging.curacaotodo.com\/es\/wp-json\/wp\/v2\/company-partner?post=59966"},{"taxonomy":"store","embeddable":true,"href":"https:\/\/staging.curacaotodo.com\/es\/wp-json\/wp\/v2\/store?post=59966"},{"taxonomy":"product_brand","embeddable":true,"href":"https:\/\/staging.curacaotodo.com\/es\/wp-json\/wp\/v2\/product_brand?post=59966"},{"taxonomy":"product_cat","embeddable":true,"href":"https:\/\/staging.curacaotodo.com\/es\/wp-json\/wp\/v2\/product_cat?post=59966"},{"taxonomy":"product_tag","embeddable":true,"href":"https:\/\/staging.curacaotodo.com\/es\/wp-json\/wp\/v2\/product_tag?post=59966"}],"curies":[{"name":"wp","href":"https:\/\/api.w.org\/{rel}","templated":true}]}}