{"id":59965,"date":"2024-06-14T07:21:01","date_gmt":"2024-06-14T07:21:01","guid":{"rendered":"https:\/\/curacaotodo.com\/activity\/sumergete-en-la-aventura-buceo-en-barco-con-dos-tanques-am-con-encuentros-en-el-oceano-en-curazao\/"},"modified":"2024-06-14T07:21:01","modified_gmt":"2024-06-14T11:21:01","slug":"sumergete-en-la-aventura-buceo-en-barco-con-dos-tanques-am-con-encuentros-en-el-oceano-en-curazao","status":"publish","type":"product","link":"https:\/\/staging.curacaotodo.com\/es\/actividad\/sumergete-en-la-aventura-buceo-en-barco-con-dos-tanques-am-con-encuentros-en-el-oceano-en-curazao\/","title":{"rendered":"Sum\u00e9rgete en la aventura: buceo en barco con dos tanques AM con encuentros en el oc\u00e9ano en Curazao"},"content":{"rendered":"<h2>Qu\u00e9 esperar del paquete de buceo en barco Two Tank AM<\/h2><h3>Salida y horario<\/h3><p>Su aventura de buceo comienza temprano a las 8:30 a.m. y concluye alrededor de las 12:30 p.m. Con salidas diarias garantizadas, puede esperar dos emocionantes inmersiones matutinas en algunos de los mejores sitios de buceo de Curazao. <\/p><p><strong>Incluido en el paquete:<\/strong><\/p><ul><li><strong>Pesas y dos tanques:<\/strong> Disponible para conexiones DIN y Yoke.<\/li><li><strong>Recogida en LionsDive y Sunscape Resort:<\/strong> Salidas convenientes desde los muelles de estos resorts. Est\u00e9 listo 15 minutos antes de la salida. <\/li><li><strong>Inmersiones ilimitadas en la costa:<\/strong> Incluido en paquetes de 3 d\u00edas o m\u00e1s, proporcionando aire ilimitado para inmersiones en tierra.<\/li><li><strong>Fotos y videos profesionales:<\/strong> Captura tu aventura con im\u00e1genes y videos de alta calidad de nuestros fot\u00f3grafos submarinos especializados. (Se requiere reserva con anticipaci\u00f3n, los precios var\u00edan). <\/li><\/ul><h2>Explorando los principales sitios de buceo de Curazao<\/h2><h3>Viajes y paquetes de buceo personalizados<\/h3><p>Ocean Encounters ofrece experiencias de buceo personalizables, que incluyen:<\/p><ul><li><strong>Excursiones de medio d\u00eda o d\u00eda completo<\/strong>: Explore la isla caribe\u00f1a desierta de <a href=\"https:\/\/staging.curacaotodo.com\/es\/klein-curacao\/\">Klein Cura\u00e7ao.<\/a><\/li><li><strong>Viajes privados y charters<\/strong>: Perfecto para buceadores individuales, buceadores, familias o grupos privados.<\/li><li><strong>Paquetes de buceo de varios d\u00edas<\/strong>: Ahorre m\u00e1s con paquetes de 3 a 14 d\u00edas que incluyen buceo ilimitado en la costa.<\/li><\/ul><h3>Nuestros barcos de buceo<\/h3><p>Estamos orgullosos de operar cuatro barcos de buceo personalizados, equipados para la comodidad y la aventura. Tripulados por uno de los mejores equipos de buceo de Curazao, nuestros capitanes de barcos comerciales con licencia tambi\u00e9n son buzos experimentados, lo que garantiza que tenga un viaje seguro y agradable. <\/p><h2>Certificaci\u00f3n y cursos de buceo<\/h2><h3>Requisitos y recomendaciones<\/h3><ul><li><strong>Certificaci\u00f3n de buceo<\/strong>: Requerida para todas las <a href=\"https:\/\/staging.curacaotodo.com\/es\/actividades\/\">actividades<\/a> de buceo.<\/li><li><strong>Curso de actualizaci\u00f3n de buceo<\/strong>: Si han pasado m\u00e1s de dos a\u00f1os desde tu \u00faltima inmersi\u00f3n, te recomendamos un curso de actualizaci\u00f3n. Este curso de 2-3 horas incluye revisi\u00f3n te\u00f3rica, revisi\u00f3n de habilidades y una inmersi\u00f3n en la costa con un instructor, lo que garantiza que se sienta confiado y seguro durante sus inmersiones. <\/li><\/ul><h3>\u00bfA\u00fan no est\u00e1 certificado?<\/h3><p>\u00a1No hay problema! Ocean Encounters ofrece una variedad de programas de certificaci\u00f3n PADI y SSI, lo que facilita comenzar su viaje de buceo en uno de los lugares m\u00e1s bellos de la tierra. <\/p><h2>Preguntas frecuentes<\/h2><h3>\u00bfPuedo ir a bucear si no he buceado en m\u00e1s de dos a\u00f1os?<\/h3><p>S\u00ed, pero recomendamos tomar un curso de actualizaci\u00f3n de buceo. Este curso te ayuda a ensayar las habilidades necesarias y a ganar confianza, especialmente con configuraciones de equipo de buceo nuevas o diferentes. <\/p><h3>\u00bfPuedo unirme a esta actividad sin una certificaci\u00f3n de buceo?<\/h3><p>No, se requiere una certificaci\u00f3n de buceo para todas las actividades de buceo.<\/p><h3>\u00bfCu\u00e1ntos buceadores por Dive Master?<\/h3><p>Nuestras inmersiones son guiadas, lo que garantiza una experiencia segura e informativa. La proporci\u00f3n de buzos a Dive Masters se mantiene baja para mejorar la seguridad y la atenci\u00f3n personalizada. <\/p><h3>\u00bfHay computadoras de buceo disponibles para alquilar?<\/h3><p>S\u00ed, los ordenadores de buceo est\u00e1n disponibles para alquilar para mejorar tu experiencia de buceo y tu seguridad.<\/p><h3>\u00bfCu\u00e1l es la profundidad y la temperatura promedio del agua?<\/h3><p>La profundidad promedio de nuestras inmersiones var\u00eda seg\u00fan el sitio, pero generalmente oscila entre 30 y 100 pies. La temperatura promedio del agua en Curazao es de 79-84 \u00b0 F (26-29 \u00b0 C). <\/p><h3>\u00bfHay vestuarios seguros para el equipo de buceo?<\/h3><p>S\u00ed, proporcionamos vestuarios seguros para su equipo de buceo para garantizar que su equipo se mantenga seguro y seco.<\/p><h2>Planifique sus vacaciones de buceo con CuracaoTodo<\/h2><p>Para obtener m\u00e1s informaci\u00f3n y planificar sus vacaciones de buceo perfectas, visite CuracaoTodo.com. Es su gu\u00eda definitiva de las mejores actividades, alojamientos y atracciones en Curazao. \u00a1Reserve su paquete de buceo en barco Two Tank AM con Ocean Encounters hoy y sum\u00e9rjase en la aventura de su vida!  <\/p>","protected":false},"excerpt":{"rendered":"<p>Experimente lo mejor del buceo en el Caribe con el paquete de buceo en barco Two Tank AM de Ocean Encounters. Ya sea que sea un buceador experimentado o reci\u00e9n est\u00e9 comenzando, esta aventura ofrece una exploraci\u00f3n submarina incomparable a lo largo de la impresionante costa sureste de Curazao. <\/p>\n","protected":false},"featured_media":22672,"comment_status":"open","ping_status":"closed","template":"","meta":{"_acf_changed":false},"activity-source":[],"company-partner":[],"store":[],"product_brand":[],"product_cat":[3278,466,3287,2735],"product_tag":[4193],"class_list":{"0":"post-59965","1":"product","2":"type-product","3":"status-publish","4":"has-post-thumbnail","6":"product_cat-buceo","7":"product_cat-sin-categorizar","8":"product_cat-cursos-de-buceo","9":"product_cat-playa-del-mambo","10":"product_tag-oceanencounters-es","12":"first","13":"instock","14":"shipping-taxable","15":"purchasable","16":"product-type-simple"},"acf":[],"_links":{"self":[{"href":"https:\/\/staging.curacaotodo.com\/es\/wp-json\/wp\/v2\/product\/59965","targetHints":{"allow":["GET"]}}],"collection":[{"href":"https:\/\/staging.curacaotodo.com\/es\/wp-json\/wp\/v2\/product"}],"about":[{"href":"https:\/\/staging.curacaotodo.com\/es\/wp-json\/wp\/v2\/types\/product"}],"replies":[{"embeddable":true,"href":"https:\/\/staging.curacaotodo.com\/es\/wp-json\/wp\/v2\/comments?post=59965"}],"wp:featuredmedia":[{"embeddable":true,"href":"https:\/\/staging.curacaotodo.com\/es\/wp-json\/wp\/v2\/media\/22672"}],"wp:attachment":[{"href":"https:\/\/staging.curacaotodo.com\/es\/wp-json\/wp\/v2\/media?parent=59965"}],"wp:term":[{"taxonomy":"activity-source","embeddable":true,"href":"https:\/\/staging.curacaotodo.com\/es\/wp-json\/wp\/v2\/activity-source?post=59965"},{"taxonomy":"company-partner","embeddable":true,"href":"https:\/\/staging.curacaotodo.com\/es\/wp-json\/wp\/v2\/company-partner?post=59965"},{"taxonomy":"store","embeddable":true,"href":"https:\/\/staging.curacaotodo.com\/es\/wp-json\/wp\/v2\/store?post=59965"},{"taxonomy":"product_brand","embeddable":true,"href":"https:\/\/staging.curacaotodo.com\/es\/wp-json\/wp\/v2\/product_brand?post=59965"},{"taxonomy":"product_cat","embeddable":true,"href":"https:\/\/staging.curacaotodo.com\/es\/wp-json\/wp\/v2\/product_cat?post=59965"},{"taxonomy":"product_tag","embeddable":true,"href":"https:\/\/staging.curacaotodo.com\/es\/wp-json\/wp\/v2\/product_tag?post=59965"}],"curies":[{"name":"wp","href":"https:\/\/api.w.org\/{rel}","templated":true}]}}