{"id":59964,"date":"2024-06-14T07:17:52","date_gmt":"2024-06-14T07:17:52","guid":{"rendered":"https:\/\/curacaotodo.com\/activity\/explora-las-maravillas-de-curazao-con-la-inmersion-en-barco-de-un-tanque-de-ocean-encounters\/"},"modified":"2024-06-14T07:17:52","modified_gmt":"2024-06-14T11:17:52","slug":"explora-las-maravillas-de-curazao-con-la-inmersion-en-barco-de-un-tanque-de-ocean-encounters","status":"publish","type":"product","link":"https:\/\/staging.curacaotodo.com\/es\/actividad\/explora-las-maravillas-de-curazao-con-la-inmersion-en-barco-de-un-tanque-de-ocean-encounters\/","title":{"rendered":"Explora las maravillas de Curazao con la inmersi\u00f3n en barco de un tanque de Ocean Encounters"},"content":{"rendered":"<h2>\u00bfPor qu\u00e9 elegir el One Tank Boat Dive?<\/h2><h3>Perfecto para familias y personas que duermen hasta tarde<\/h3><p>El buceo en barco de un tanque de Ocean Encounters es ideal para aquellos que desean comenzar el d\u00eda sin prisas. Programado todos los lunes, martes y jueves por la tarde, este viaje permite a los buzos disfrutar de una inmersi\u00f3n relajada mientras sus familias pueden bucear y explorar el mundo submarino. <\/p><h3>Los mejores sitios de buceo<\/h3><p>El One Tank Boat Dive te lleva a algunos de los mejores sitios de <a href=\"https:\/\/staging.curacaotodo.com\/es\/buceo-en-curazao\/\">buceo en Curazao<\/a>, como el famoso <a href=\"https:\/\/staging.curacaotodo.com\/es\/playas\/tugboat-beach\/\">Tugboat<\/a> y Director&#8217;s Bay. Estos sitios son famosos por su vibrante vida marina y sus fascinantes estructuras submarinas, lo que los convierte en lugares de visita obligada para cualquier entusiasta del buceo. <\/p><h2>Paquetes de buceo y sue\u00f1o<\/h2><h3>Alojamiento conveniente<\/h3><p>Ocean Encounters ofrece convenientes \u00abPaquetes de sue\u00f1o y buceo\u00bb con instalaciones en el lugar en LionsDive Beach Resort y Sunscape Curacao Resort, Spa and Casino. Estos paquetes aseguran que tenga todo lo que necesita para unas vacaciones de buceo c\u00f3modas e inmersivas. \u00a1Comience a planificar su pr\u00f3xima aventura de buceo en el Caribe hoy!  <\/p><h2>\u00bfQu\u00e9 est\u00e1 incluido?<\/h2><h3>Paquete Integral<\/h3><p>Por solo $ 85, el paquete One Tank Boat Dive incluye pesas, un tanque (tanques DIN y Yoke disponibles) y recogida en los muelles de LionsDive y Sunscape Resort. Aseg\u00farese de estar listo 15 minutos antes de la salida para garantizar un comienzo sin problemas de su aventura. <\/p><h3>Fotograf\u00eda y videograf\u00eda profesional<\/h3><p>Para capturar sus recuerdos submarinos, Ocean Encounters colabora con un equipo especializado de fot\u00f3grafos y vide\u00f3grafos submarinos. Reserva con antelaci\u00f3n para garantizar la disponibilidad y ll\u00e9vate a casa im\u00e1genes y v\u00eddeos de alta calidad de tu inmersi\u00f3n. <\/p><h2>Viajes de snorkel para toda la familia<\/h2><h3>Diversi\u00f3n para todas las edades<\/h3><p>Si no eres un buceador certificado, a\u00fan puedes unirte a la aventura optando por el viaje de snorkel. Estos viajes est\u00e1n dise\u00f1ados para toda la familia, proporcionando una forma segura y agradable de explorar la belleza submarina de Curazao. <\/p><h3>Recorridos panor\u00e1micos<\/h3><p>Adem\u00e1s de bucear y hacer snorkel, el equipo de buceo lo llevar\u00e1 a un exclusivo recorrido panor\u00e1mico por las aguas espa\u00f1olas. Ver\u00e1 bosques de manglares, puertos deportivos con yates privados y lujosas casas de la \u00e9lite de Curazao. <\/p><h2>Preguntas frecuentes<\/h2><h3>Curso de Actualizaci\u00f3n de Buceo<\/h3><p>Si han pasado m\u00e1s de dos a\u00f1os desde su \u00faltima inmersi\u00f3n, Ocean Encounters recomienda tomar un curso de actualizaci\u00f3n de buceo. Este curso de 2-3 horas incluye revisi\u00f3n te\u00f3rica, ensayo de habilidades y una inmersi\u00f3n en la costa con un instructor, lo que garantiza que est\u00e9 completamente preparado para su aventura de buceo. <\/p><h3>Equipamiento y seguridad<\/h3><p>Ocean Encounters ofrece vestuarios seguros para el equipo de buceo, y las computadoras de buceo est\u00e1n disponibles para alquilar. Con un equipo de maestros de buceo altamente calificados, puede estar seguro de una experiencia de buceo segura y agradable. <\/p><h2>\u00bfListo para bucear en Curazao?<\/h2><p>Ocean Encounters, el orgulloso propietario de cuatro barcos de buceo personalizados, ofrece viajes diarios de buceo en barco, que incluyen inmersiones por la ma\u00f1ana y por la tarde. Ya sea que sea un buceador individual, un buceador o parte de un grupo privado, estos barcos espaciosos y c\u00f3modos son perfectos para su aventura. <\/p><p>Para obtener m\u00e1s informaci\u00f3n y comenzar a planificar su pr\u00f3xima inmersi\u00f3n, visite CuracaoTodo.com, la fuente de informaci\u00f3n definitiva para los turistas en la isla. Sum\u00e9rgete en la belleza de Curazao con Ocean Encounters y crea recuerdos que durar\u00e1n toda la vida. <\/p>","protected":false},"excerpt":{"rendered":"<p>Curazao, conocida por sus impresionantes paisajes submarinos, ofrece una experiencia de buceo excepcional que no debes perderte. Entre las muchas aventuras disponibles, el buceo en barco de un tanque de Ocean Encounters se destaca como una opci\u00f3n perfecta para los buceadores y sus familias. Este viaje combina relajaci\u00f3n y aventura, asegurando un d\u00eda inolvidable en la costa sureste de Curazao.  <br data-mce-bogus=\"1\"><\/p>\n","protected":false},"featured_media":22660,"comment_status":"open","ping_status":"closed","template":"","meta":{"_acf_changed":false},"activity-source":[],"company-partner":[],"store":[],"product_brand":[],"product_cat":[466,2735],"product_tag":[4193],"class_list":{"0":"post-59964","1":"product","2":"type-product","3":"status-publish","4":"has-post-thumbnail","6":"product_cat-sin-categorizar","7":"product_cat-playa-del-mambo","8":"product_tag-oceanencounters-es","10":"first","11":"instock","12":"shipping-taxable","13":"purchasable","14":"product-type-simple"},"acf":[],"_links":{"self":[{"href":"https:\/\/staging.curacaotodo.com\/es\/wp-json\/wp\/v2\/product\/59964","targetHints":{"allow":["GET"]}}],"collection":[{"href":"https:\/\/staging.curacaotodo.com\/es\/wp-json\/wp\/v2\/product"}],"about":[{"href":"https:\/\/staging.curacaotodo.com\/es\/wp-json\/wp\/v2\/types\/product"}],"replies":[{"embeddable":true,"href":"https:\/\/staging.curacaotodo.com\/es\/wp-json\/wp\/v2\/comments?post=59964"}],"wp:featuredmedia":[{"embeddable":true,"href":"https:\/\/staging.curacaotodo.com\/es\/wp-json\/wp\/v2\/media\/22660"}],"wp:attachment":[{"href":"https:\/\/staging.curacaotodo.com\/es\/wp-json\/wp\/v2\/media?parent=59964"}],"wp:term":[{"taxonomy":"activity-source","embeddable":true,"href":"https:\/\/staging.curacaotodo.com\/es\/wp-json\/wp\/v2\/activity-source?post=59964"},{"taxonomy":"company-partner","embeddable":true,"href":"https:\/\/staging.curacaotodo.com\/es\/wp-json\/wp\/v2\/company-partner?post=59964"},{"taxonomy":"store","embeddable":true,"href":"https:\/\/staging.curacaotodo.com\/es\/wp-json\/wp\/v2\/store?post=59964"},{"taxonomy":"product_brand","embeddable":true,"href":"https:\/\/staging.curacaotodo.com\/es\/wp-json\/wp\/v2\/product_brand?post=59964"},{"taxonomy":"product_cat","embeddable":true,"href":"https:\/\/staging.curacaotodo.com\/es\/wp-json\/wp\/v2\/product_cat?post=59964"},{"taxonomy":"product_tag","embeddable":true,"href":"https:\/\/staging.curacaotodo.com\/es\/wp-json\/wp\/v2\/product_tag?post=59964"}],"curies":[{"name":"wp","href":"https:\/\/api.w.org\/{rel}","templated":true}]}}