{"id":59963,"date":"2024-06-14T07:34:51","date_gmt":"2024-06-14T07:34:51","guid":{"rendered":"https:\/\/curacaotodo.com\/activity\/descubre-los-mejores-sitios-de-snorkel-con-encuentros-en-el-oceano-en-curazao\/"},"modified":"2024-06-14T07:34:51","modified_gmt":"2024-06-14T11:34:51","slug":"descubre-los-mejores-sitios-de-snorkel-con-encuentros-en-el-oceano-en-curazao","status":"publish","type":"product","link":"https:\/\/staging.curacaotodo.com\/es\/actividad\/descubre-los-mejores-sitios-de-snorkel-con-encuentros-en-el-oceano-en-curazao\/","title":{"rendered":"Descubre los mejores sitios de snorkel con encuentros en el oc\u00e9ano en Curazao"},"content":{"rendered":"<h2>\u00bfPor qu\u00e9 hacer snorkel en Curazao?<\/h2><p>Curazao, una joya en el sur del Mar Caribe y parte del Reino de los Pa\u00edses Bajos, es un destino de ensue\u00f1o para los entusiastas del snorkel. La isla cuenta con m\u00e1s de 60 lugares para practicar snorkel y buceo, aguas cristalinas con una visibilidad de m\u00e1s de 30 metros y una temperatura del agua durante todo el a\u00f1o de alrededor de 27 grados cent\u00edgrados. El oleaje tranquilo y las corrientes d\u00e9biles lo hacen ideal para disfrutar de la vibrante vida marina.  <\/p><h2>Lo m\u00e1s destacado del viaje de snorkel por la tarde<\/h2><h3>Naufragio de remolcador de fama mundial<\/h3><p>A solo 20 minutos del puerto deportivo, encontrar\u00e1s el famoso naufragio del remolcador. Este sitio, ubicado en aguas poco profundas, es un para\u00edso para los coloridos peces caribe\u00f1os y diversas criaturas marinas, lo que lo convierte en una visita obligada tanto para los buceadores como para los buceadores. <\/p><h3>Bah\u00eda del Director Hist\u00f3rico<\/h3><p>A la vuelta de la esquina del naufragio del remolcador se encuentra Director&#8217;s Bay. Una vez que fue una playa privada para el director de la compa\u00f1\u00eda Royal Dutch Shell, este sitio es perfecto tanto para buceadores como para buceadores. Cuenta con una gran meseta con hermosas \u00e1reas poco profundas y una pared profunda para que los buceadores m\u00e1s experimentados exploren.  <\/p><h2>\u00bfQu\u00e9 incluye el viaje de snorkel?<\/h2><ul><li><strong>Equipo de snorkel:<\/strong> No hay necesidad de preocuparse por traer su propio equipo. Ocean Encounters proporciona todo el equipo de snorkel necesario. <\/li><li><strong>Lugares de recogida convenientes:<\/strong> El barco sale de los muelles de LionsDive Beach Resort y Sunscape Cura\u00e7ao Resort. Aseg\u00farese de estar listo 15 minutos antes de la salida. <\/li><li><strong>Opci\u00f3n de buzo certificado:<\/strong> Los buzos certificados pueden optar por agregar una inmersi\u00f3n durante el viaje de snorkel de la tarde (equipo no incluido).<\/li><\/ul><h2>\u00bfPor qu\u00e9 elegir Ocean Encounters?<\/h2><p>Ocean Encounters es conocido por brindar experiencias excepcionales de snorkel y <a href=\"https:\/\/staging.curacaotodo.com\/es\/buceo-en-curazao\/\">buceo en Curazao<\/a>. Sus viajes de snorkel por la tarde son perfectos para individuos y familias que buscan explorar los tesoros submarinos de la isla. Los gu\u00edas expertos se aseguran de que tenga un momento seguro y agradable, lo que lo convierte en una actividad ideal para todos los niveles de experiencia.  <\/p><h2>Planifique su aventura de snorkel<\/h2><h3>Detalles del viaje<\/h3><ul><li><strong>Duraci\u00f3n:<\/strong> 2 horas<\/li><li><strong>D\u00edas de salida:<\/strong> Lunes, martes y jueves por la tarde<\/li><li><strong>Costar:<\/strong> Desde $60 por persona<\/li><\/ul><h3>C\u00f3mo reservar<\/h3><p>Para reservar su viaje de snorkel por la tarde con Ocean Encounters, visite CuracaoTodo.com para obtener la informaci\u00f3n m\u00e1s completa sobre las <a href=\"https:\/\/staging.curacaotodo.com\/es\/actividades\/\">actividades<\/a> tur\u00edsticas en Curazao. CuracaoTodo es su fuente de referencia para planificar las vacaciones perfectas, ofreciendo informaci\u00f3n y consejos sobre las mejores actividades y experiencias que la isla tiene para ofrecer. <\/p><h2>Preguntas frecuentes<\/h2><h3>\u00bfPuedo unirme sin una certificaci\u00f3n de buceo?<\/h3><p>\u00a1Absolutamente! Los viajes de snorkel de la tarde est\u00e1n dise\u00f1ados para todos, independientemente de si tiene una certificaci\u00f3n de buceo. <\/p><h3>\u00bfLos tours son guiados?<\/h3><p>S\u00ed, todos los tours de snorkel e inmersiones con Ocean Encounters son guiados para garantizar la seguridad y mejorar su experiencia.<\/p><h3>\u00bfHay sombra en el barco?<\/h3><p>S\u00ed, el barco est\u00e1 equipado con zonas de sombra para que te sientas c\u00f3modo durante el viaje.<\/p><h3>\u00bfQu\u00e9 pasa si quiero probar el buceo?<\/h3><p>Si siempre has querido experimentar el buceo, considera la experiencia Discover Scuba Diving que ofrece Ocean Encounters. Este curso de introducci\u00f3n PADI o SSI est\u00e1 disponible en LionsDive Beach Resort o Sunscape Cura\u00e7ao Resort, Spa and Casino. Es una forma r\u00e1pida y f\u00e1cil de explorar el mundo submarino sin necesidad de experiencia previa en buceo.  <\/p><h2>Conclusi\u00f3n<\/h2><p>Un viaje de snorkel por la tarde con Ocean Encounters es una manera fant\u00e1stica de experimentar la belleza del mundo submarino de Curazao. Ya sea que est\u00e9 explorando el naufragio del remolcador o Director&#8217;s Bay, quedar\u00e1 hipnotizado por la vibrante vida marina y los impresionantes paisajes submarinos. Para obtener m\u00e1s informaci\u00f3n y reservar su aventura, visite CuracaoTodo.com, su gu\u00eda definitiva de las mejores actividades tur\u00edsticas en Curazao.  <\/p>","protected":false},"excerpt":{"rendered":"<p>\u00bfEst\u00e1s listo para una aventura de snorkel inolvidable en Curazao? \u00danase a Ocean Encounters para un viaje de snorkel por la tarde en bote, donde explorar\u00e1 algunos de los sitios submarinos m\u00e1s impresionantes de la isla, incluido el mundialmente famoso Tugboat Wreck y la hist\u00f3rica Director&#8217;s Bay. Ya sea que sea un buceador experimentado o una familia que busca una excursi\u00f3n divertida, este viaje ofrece una emocionante combinaci\u00f3n de exploraci\u00f3n marina y vistas panor\u00e1micas de la costa.  <\/p>\n","protected":false},"featured_media":22726,"comment_status":"open","ping_status":"closed","template":"","meta":{"_acf_changed":false},"activity-source":[],"company-partner":[],"store":[],"product_brand":[],"product_cat":[3278,3287,2735],"product_tag":[4193],"class_list":{"0":"post-59963","1":"product","2":"type-product","3":"status-publish","4":"has-post-thumbnail","6":"product_cat-buceo","7":"product_cat-cursos-de-buceo","8":"product_cat-playa-del-mambo","9":"product_tag-oceanencounters-es","11":"first","12":"instock","13":"shipping-taxable","14":"purchasable","15":"product-type-simple"},"acf":[],"_links":{"self":[{"href":"https:\/\/staging.curacaotodo.com\/es\/wp-json\/wp\/v2\/product\/59963","targetHints":{"allow":["GET"]}}],"collection":[{"href":"https:\/\/staging.curacaotodo.com\/es\/wp-json\/wp\/v2\/product"}],"about":[{"href":"https:\/\/staging.curacaotodo.com\/es\/wp-json\/wp\/v2\/types\/product"}],"replies":[{"embeddable":true,"href":"https:\/\/staging.curacaotodo.com\/es\/wp-json\/wp\/v2\/comments?post=59963"}],"wp:featuredmedia":[{"embeddable":true,"href":"https:\/\/staging.curacaotodo.com\/es\/wp-json\/wp\/v2\/media\/22726"}],"wp:attachment":[{"href":"https:\/\/staging.curacaotodo.com\/es\/wp-json\/wp\/v2\/media?parent=59963"}],"wp:term":[{"taxonomy":"activity-source","embeddable":true,"href":"https:\/\/staging.curacaotodo.com\/es\/wp-json\/wp\/v2\/activity-source?post=59963"},{"taxonomy":"company-partner","embeddable":true,"href":"https:\/\/staging.curacaotodo.com\/es\/wp-json\/wp\/v2\/company-partner?post=59963"},{"taxonomy":"store","embeddable":true,"href":"https:\/\/staging.curacaotodo.com\/es\/wp-json\/wp\/v2\/store?post=59963"},{"taxonomy":"product_brand","embeddable":true,"href":"https:\/\/staging.curacaotodo.com\/es\/wp-json\/wp\/v2\/product_brand?post=59963"},{"taxonomy":"product_cat","embeddable":true,"href":"https:\/\/staging.curacaotodo.com\/es\/wp-json\/wp\/v2\/product_cat?post=59963"},{"taxonomy":"product_tag","embeddable":true,"href":"https:\/\/staging.curacaotodo.com\/es\/wp-json\/wp\/v2\/product_tag?post=59963"}],"curies":[{"name":"wp","href":"https:\/\/api.w.org\/{rel}","templated":true}]}}