{"id":59962,"date":"2024-06-14T07:10:30","date_gmt":"2024-06-14T07:10:30","guid":{"rendered":"https:\/\/curacaotodo.com\/activity\/6-dias-de-buceo-en-barco-de-2-tanques-en-curazao-con-ocean-encounters\/"},"modified":"2024-06-14T07:10:30","modified_gmt":"2024-06-14T11:10:30","slug":"6-dias-de-buceo-en-barco-de-2-tanques-en-curazao-con-ocean-encounters","status":"publish","type":"product","link":"https:\/\/staging.curacaotodo.com\/es\/actividad\/6-dias-de-buceo-en-barco-de-2-tanques-en-curazao-con-ocean-encounters\/","title":{"rendered":"6 d\u00edas de buceo en barco de 2 tanques en Curazao con Ocean Encounters"},"content":{"rendered":"<h2>Explora los mejores sitios de buceo en Curazao<\/h2><p>Con salidas garantizadas todos los d\u00edas, Ocean Encounters ofrece dos inmersiones matutinas en barco a lo largo de la costa sureste de Curazao. Estas inmersiones son guiadas por un equipo de buceo altamente calificado y profesional, lo que garantiza que tenga la mejor experiencia bajo el agua. Los sitios de buceo se seleccionan para mostrar la vibrante vida marina y los impresionantes paisajes submarinos por los que Curazao es famoso.  <\/p><h3>\u00bfQu\u00e9 est\u00e1 incluido en el paquete?<\/h3><ul><li><strong>Pesas y dos inmersiones en barco por d\u00eda<\/strong>: Est\u00e1n disponibles conexiones DIN y Yugo.<\/li><li><strong>Recogida en LionsDive y Sunscape Resort<\/strong>: Recogida conveniente en el muelle en estos dos lugares.<\/li><li><strong>Inmersiones ilimitadas en la costa<\/strong>: El aire ilimitado para inmersiones en la costa est\u00e1 incluido en paquetes de 3 d\u00edas o m\u00e1s.<\/li><li><strong>Fotos y videos profesionales<\/strong>: im\u00e1genes y videos submarinos de alta calidad disponibles por una tarifa adicional.<\/li><\/ul><h2>Opciones de Alojamiento<\/h2><p>Para un \u00abPaquete de sue\u00f1o y buceo\u00bb completo, Ocean Encounters se asocia con LionsDive Beach Resort y Sunscape Curacao Resort, Spa and Casino. Estas instalaciones en el lugar aseguran que sus vacaciones de buceo sean lo m\u00e1s c\u00f3modas y convenientes posible. <\/p><h2>Bucea, Snorkel o Rel\u00e1jate<\/h2><p>Ya sea que sea un buceador individual, un buceador, una familia o un grupo privado, Ocean Encounters tiene algo para todos. Sus cuatro barcos de buceo personalizados son espaciosos, c\u00f3modos y est\u00e1n tripulados por algunos de los mejores equipos de buceo de Curazao. <\/p><h3>Salidas en barco garantizadas todas las ma\u00f1anas<\/h3><p>Ocean Encounters garantiza salidas en barco todas las ma\u00f1anas, lo que facilita la planificaci\u00f3n de su horario de buceo. Adem\u00e1s de las inmersiones en barco por la ma\u00f1ana, ofrecen viajes de buceo en barco por la tarde, viajes de snorkel y buceo en tierra. Tambi\u00e9n hay disponibles viajes personalizados, paquetes y charters privados.  <\/p><h2>Paquetes de buceo de varios d\u00edas<\/h2><p>Cuanto m\u00e1s bucee, m\u00e1s ahorrar\u00e1 con los paquetes de buceo de varios d\u00edas de Ocean Encounters. Reserve de 3 a 14 d\u00edas de paquetes de buceo en bote de 2 tanques que incluyen buceo ilimitado en la costa. <\/p><h3>Preguntas frecuentes<\/h3><h4>\u00bfPuedo bucear si no he buceado durante 2 a\u00f1os o m\u00e1s?<\/h4><p>Si tu \u00faltima inmersi\u00f3n fue hace m\u00e1s de 2 a\u00f1os, se recomienda realizar un curso de Actualizaci\u00f3n de Buceo. Este curso de 2-3 horas incluye una revisi\u00f3n te\u00f3rica, una revisi\u00f3n de habilidades y una inmersi\u00f3n en la costa con un instructor. Refrescar tus habilidades garantiza la seguridad y mejora tu experiencia de buceo.  <\/p><h4>\u00bfPuedo unirme a esta actividad sin una certificaci\u00f3n de buceo?<\/h4><p>Se requiere una certificaci\u00f3n de buceo para todas las <a href=\"https:\/\/staging.curacaotodo.com\/es\/actividades\/\">actividades<\/a> de buceo. Si no est\u00e1 certificado, Ocean Encounters ofrece experiencia PADI \/ SSI y programas de certificaci\u00f3n para prepararlo para sus inmersiones. <\/p><h4>\u00bfLas inmersiones son guiadas?<\/h4><p>S\u00ed, todas las inmersiones son guiadas por maestros de buceo profesionales para garantizar tu seguridad y ayudarte a aprovechar al m\u00e1ximo tu exploraci\u00f3n submarina.<\/p><h4>\u00bfCu\u00e1l es la profundidad media de las inmersiones?<\/h4><p>La profundidad promedio de las inmersiones var\u00eda seg\u00fan el sitio de buceo, pero el equipo de buceo profesional de Ocean Encounters se asegurar\u00e1 de que est\u00e9 bien informado y preparado para cada inmersi\u00f3n.<\/p><h4>\u00bfCu\u00e1l es la temperatura promedio del agua?<\/h4><p>Las aguas de Curazao son c\u00e1lidas y acogedoras, con temperaturas promedio que oscilan entre 78 \u00b0 F y 82 \u00b0 F (25 \u00b0 C a 28 \u00b0 C), lo que lo convierte en un destino de buceo perfecto durante todo el a\u00f1o.<\/p><h2>Planifica tu aventura de buceo<\/h2><p>Comience a planificar sus pr\u00f3ximas vacaciones de buceo en el Caribe hoy con Ocean Encounters. Visite CuracaoTodo.com para obtener m\u00e1s informaci\u00f3n sobre paquetes de buceo, alojamiento y otras actividades disponibles en la isla. CuracaoTodo es su sitio web de referencia para obtener la informaci\u00f3n m\u00e1s completa y actualizada para los turistas en Curazao. Ya sea que sea un buceador experimentado o un principiante, Ocean Encounters y CuracaoTodo tienen todo lo que necesita para una aventura de buceo inolvidable en el Caribe.   <\/p>","protected":false},"excerpt":{"rendered":"<p>Para una experiencia de buceo inolvidable en el Caribe, Ocean Encounters ofrece un paquete de 6 d\u00edas de buceo en bote de 2 tanques que incluye buceo ilimitado en la costa. Este paquete completo es perfecto para los buceadores que buscan explorar los mejores sitios de buceo en Curazao. <br data-mce-bogus=\"1\"><\/p>\n","protected":false},"featured_media":22625,"comment_status":"open","ping_status":"closed","template":"","meta":{"_acf_changed":false},"activity-source":[],"company-partner":[],"store":[],"product_brand":[],"product_cat":[3278,3287,2735],"product_tag":[4193],"class_list":{"0":"post-59962","1":"product","2":"type-product","3":"status-publish","4":"has-post-thumbnail","6":"product_cat-buceo","7":"product_cat-cursos-de-buceo","8":"product_cat-playa-del-mambo","9":"product_tag-oceanencounters-es","11":"first","12":"instock","13":"shipping-taxable","14":"purchasable","15":"product-type-simple"},"acf":[],"_links":{"self":[{"href":"https:\/\/staging.curacaotodo.com\/es\/wp-json\/wp\/v2\/product\/59962","targetHints":{"allow":["GET"]}}],"collection":[{"href":"https:\/\/staging.curacaotodo.com\/es\/wp-json\/wp\/v2\/product"}],"about":[{"href":"https:\/\/staging.curacaotodo.com\/es\/wp-json\/wp\/v2\/types\/product"}],"replies":[{"embeddable":true,"href":"https:\/\/staging.curacaotodo.com\/es\/wp-json\/wp\/v2\/comments?post=59962"}],"wp:featuredmedia":[{"embeddable":true,"href":"https:\/\/staging.curacaotodo.com\/es\/wp-json\/wp\/v2\/media\/22625"}],"wp:attachment":[{"href":"https:\/\/staging.curacaotodo.com\/es\/wp-json\/wp\/v2\/media?parent=59962"}],"wp:term":[{"taxonomy":"activity-source","embeddable":true,"href":"https:\/\/staging.curacaotodo.com\/es\/wp-json\/wp\/v2\/activity-source?post=59962"},{"taxonomy":"company-partner","embeddable":true,"href":"https:\/\/staging.curacaotodo.com\/es\/wp-json\/wp\/v2\/company-partner?post=59962"},{"taxonomy":"store","embeddable":true,"href":"https:\/\/staging.curacaotodo.com\/es\/wp-json\/wp\/v2\/store?post=59962"},{"taxonomy":"product_brand","embeddable":true,"href":"https:\/\/staging.curacaotodo.com\/es\/wp-json\/wp\/v2\/product_brand?post=59962"},{"taxonomy":"product_cat","embeddable":true,"href":"https:\/\/staging.curacaotodo.com\/es\/wp-json\/wp\/v2\/product_cat?post=59962"},{"taxonomy":"product_tag","embeddable":true,"href":"https:\/\/staging.curacaotodo.com\/es\/wp-json\/wp\/v2\/product_tag?post=59962"}],"curies":[{"name":"wp","href":"https:\/\/api.w.org\/{rel}","templated":true}]}}