{"id":59961,"date":"2024-06-14T07:32:08","date_gmt":"2024-06-14T07:32:08","guid":{"rendered":"https:\/\/curacaotodo.com\/activity\/experimente-la-aventura-de-buceo-con-pez-leon-en-curazao\/"},"modified":"2024-06-14T07:32:08","modified_gmt":"2024-06-14T11:32:08","slug":"experimente-la-aventura-de-buceo-con-pez-leon-en-curazao","status":"publish","type":"product","link":"https:\/\/staging.curacaotodo.com\/es\/actividad\/experimente-la-aventura-de-buceo-con-pez-leon-en-curazao\/","title":{"rendered":"Experimente la aventura de buceo con pez le\u00f3n en Curazao"},"content":{"rendered":"<h2>\u00bfPor qu\u00e9 cazar pez le\u00f3n en Curazao?<\/h2><h3>Entendiendo la invasi\u00f3n del pez le\u00f3n<\/h3><p>El pez le\u00f3n es una especie invasora que causa un da\u00f1o significativo a los arrecifes de coral del Caribe. Estos depredadores voraces superan a los peces nativos por la comida y consumen directamente peces nativos juveniles, lo que lleva a una disminuci\u00f3n dram\u00e1tica en las poblaciones locales de peces. Los estudios han demostrado que el pez le\u00f3n puede comer m\u00e1s de 70 especies de peces e invertebrados nativos, consumiendo hasta 460,000 peces por acre por a\u00f1o. La falta de depredadores naturales en el Caribe ha permitido que las poblaciones de pez le\u00f3n se disparen, convirti\u00e9ndolas en una amenaza cr\u00edtica para la biodiversidad marina.   <\/p><h3>El impacto en los arrecifes de Curazao<\/h3><p>En Curazao, el pez le\u00f3n ha alterado significativamente el ecosistema marino. Al participar en la Experiencia de Buceo con Pez Le\u00f3n, puedes ayudar a controlar esta especie invasora y proteger el delicado sistema de arrecifes de la isla. Esta inmersi\u00f3n no solo ofrece una actividad aventurera, sino que tambi\u00e9n apoya los esfuerzos de conservaci\u00f3n del medio ambiente.  <\/p><h2>La experiencia de buceo del pez le\u00f3n<\/h2><h3>Bucear con un prop\u00f3sito<\/h3><p>En Ocean Encounters, la experiencia de buceo con pez le\u00f3n est\u00e1 dise\u00f1ada para educar a los buzos sobre el impacto ecol\u00f3gico del pez le\u00f3n y capacitarlos en t\u00e9cnicas de caza seguras. Ya sea que se hospede en LionsDive Beach Resort, Sunscape Curacao Resort o cualquier otro alojamiento en la isla, esta experiencia es accesible y gratificante. <\/p><h3>Qu\u00e9 esperar<\/h3><p>La experiencia comienza con una breve presentaci\u00f3n sobre la invasi\u00f3n del pez le\u00f3n, seguida de pr\u00e1cticas de tiro para perfeccionar sus habilidades de caza. Despu\u00e9s de la sesi\u00f3n de entrenamiento, abordar\u00e1 uno de los botes de buceo personalizados de Ocean Encounters y se dirigir\u00e1 a los principales terrenos de caza. <\/p><h4>Incluido en el precio<\/h4><ul><li><strong>Presentaci\u00f3n y pr\u00e1ctica de tiro:<\/strong> Aprende sobre el pez le\u00f3n y mejora tu punter\u00eda con una lanza.<\/li><li><strong>Pesas y un tanque:<\/strong> Se proporciona para la inmersi\u00f3n, con conexiones DIN y yugo disponibles.<\/li><li><strong>Tr\u00e1nsito del resort:<\/strong> Conveniente recogida en LionsDive Beach Resort y Sunscape Curacao Resort.<\/li><\/ul><h3>A la caza<\/h3><p>Durante la inmersi\u00f3n, tendr\u00e1s la oportunidad de cazar pez le\u00f3n bajo la gu\u00eda de Dive Masters profesionales. El objetivo es eliminar la mayor cantidad posible de peces le\u00f3n, ayudando a proteger el arrecife mientras disfruta de una emocionante aventura submarina. <\/p><h3>Delicias post-buceo<\/h3><p>Despu\u00e9s de la inmersi\u00f3n, la tripulaci\u00f3n demostrar\u00e1 c\u00f3mo quitar de manera segura las espinas del pez le\u00f3n y prepararlo para el consumo. Disfrutar\u00e1s de sashimi fresco de pez le\u00f3n en el barco, lo que lo convertir\u00e1 en un final delicioso y satisfactorio para tu inmersi\u00f3n. <\/p><h2>Captura el momento<\/h2><h3>Fotograf\u00eda profesional<\/h3><p>Captura tu aventura submarina con fotos profesionales disponibles para su compra. Reserve con anticipaci\u00f3n para asegurarse de que un fot\u00f3grafo est\u00e9 disponible para documentar su inmersi\u00f3n tanto por encima como por debajo del agua. <\/p><h2>Reserva hoy tu aventura<\/h2><p>La experiencia de buceo con pez le\u00f3n es una actividad imprescindible para cualquier buceador que visite Curazao. No solo disfrutar\u00e1s de una emocionante inmersi\u00f3n, sino que tambi\u00e9n contribuir\u00e1s a la conservaci\u00f3n de los hermosos arrecifes de la isla. Visite CuracaoTodo.com para obtener m\u00e1s informaci\u00f3n y reservar su aventura de caza del pez le\u00f3n hoy. CuracaoTodo es su recurso de referencia para las mejores <a href=\"https:\/\/staging.curacaotodo.com\/es\/actividades\/\">actividades<\/a> y alojamientos de la isla, lo que garantiza que su viaje sea agradable y memorable.   <\/p><p>Sum\u00e9rgete en la acci\u00f3n y ten un impacto positivo en el medio ambiente marino de Curazao con la experiencia de buceo Lionfish Scuba Dive Experience. \u00a1Reserva ahora y s\u00e9 parte de la soluci\u00f3n! <\/p>","protected":false},"excerpt":{"rendered":"<p>Sum\u00e9rgete en una aventura inolvidable con la experiencia de buceo con pez le\u00f3n que ofrece Ocean Encounters en Curazao. Esta inmersi\u00f3n \u00fanica no solo ofrece una emocionante caza submarina, sino que tambi\u00e9n contribuye a la preservaci\u00f3n de los impresionantes arrecifes de Curazao. Descubra la emoci\u00f3n de cazar peces le\u00f3n, aprenda sobre su impacto en el ecosistema marino y disfrute de un sashimi fresco a bordo. CuracaoTodo.com, su gu\u00eda definitiva para todo en Curazao, brinda la informaci\u00f3n m\u00e1s completa sobre esta y otras actividades en la isla.   <br data-mce-bogus=\"1\"><\/p>\n","protected":false},"featured_media":22714,"comment_status":"open","ping_status":"closed","template":"","meta":{"_acf_changed":false},"activity-source":[],"company-partner":[],"store":[],"product_brand":[],"product_cat":[466,2735],"product_tag":[4193],"class_list":{"0":"post-59961","1":"product","2":"type-product","3":"status-publish","4":"has-post-thumbnail","6":"product_cat-sin-categorizar","7":"product_cat-playa-del-mambo","8":"product_tag-oceanencounters-es","10":"first","11":"instock","12":"shipping-taxable","13":"purchasable","14":"product-type-simple"},"acf":[],"_links":{"self":[{"href":"https:\/\/staging.curacaotodo.com\/es\/wp-json\/wp\/v2\/product\/59961","targetHints":{"allow":["GET"]}}],"collection":[{"href":"https:\/\/staging.curacaotodo.com\/es\/wp-json\/wp\/v2\/product"}],"about":[{"href":"https:\/\/staging.curacaotodo.com\/es\/wp-json\/wp\/v2\/types\/product"}],"replies":[{"embeddable":true,"href":"https:\/\/staging.curacaotodo.com\/es\/wp-json\/wp\/v2\/comments?post=59961"}],"wp:featuredmedia":[{"embeddable":true,"href":"https:\/\/staging.curacaotodo.com\/es\/wp-json\/wp\/v2\/media\/22714"}],"wp:attachment":[{"href":"https:\/\/staging.curacaotodo.com\/es\/wp-json\/wp\/v2\/media?parent=59961"}],"wp:term":[{"taxonomy":"activity-source","embeddable":true,"href":"https:\/\/staging.curacaotodo.com\/es\/wp-json\/wp\/v2\/activity-source?post=59961"},{"taxonomy":"company-partner","embeddable":true,"href":"https:\/\/staging.curacaotodo.com\/es\/wp-json\/wp\/v2\/company-partner?post=59961"},{"taxonomy":"store","embeddable":true,"href":"https:\/\/staging.curacaotodo.com\/es\/wp-json\/wp\/v2\/store?post=59961"},{"taxonomy":"product_brand","embeddable":true,"href":"https:\/\/staging.curacaotodo.com\/es\/wp-json\/wp\/v2\/product_brand?post=59961"},{"taxonomy":"product_cat","embeddable":true,"href":"https:\/\/staging.curacaotodo.com\/es\/wp-json\/wp\/v2\/product_cat?post=59961"},{"taxonomy":"product_tag","embeddable":true,"href":"https:\/\/staging.curacaotodo.com\/es\/wp-json\/wp\/v2\/product_tag?post=59961"}],"curies":[{"name":"wp","href":"https:\/\/api.w.org\/{rel}","templated":true}]}}