{"id":59960,"date":"2024-06-14T07:28:32","date_gmt":"2024-06-14T07:28:32","guid":{"rendered":"https:\/\/curacaotodo.com\/activity\/experimente-la-magia-del-buceo-nocturno-fluorescente-en-curazao\/"},"modified":"2024-06-14T07:28:32","modified_gmt":"2024-06-14T11:28:32","slug":"experimente-la-magia-del-buceo-nocturno-fluorescente-en-curazao","status":"publish","type":"product","link":"https:\/\/staging.curacaotodo.com\/es\/actividad\/experimente-la-magia-del-buceo-nocturno-fluorescente-en-curazao\/","title":{"rendered":"Experimente la magia del buceo nocturno fluorescente en Curazao"},"content":{"rendered":"<h2>\u00bfQu\u00e9 es el buceo nocturno fluorescente?<\/h2><p>El buceo nocturno fluorescente, tambi\u00e9n conocido como buceo fluorescente o buceo luminoso, es una experiencia extraordinaria en la que los buzos usan linternas UV y filtros de m\u00e1scara para observar la fluorescencia natural de las criaturas submarinas y los corales. A diferencia de la fosforescencia, que almacena y reemite luz con el tiempo, la fluorescencia absorbe la luz de alta energ\u00eda y la vuelve a emitir como luz de baja energ\u00eda, creando un brillo impresionante en varios tonos de rosa, verde y azul. <\/p><h2>La experiencia psicod\u00e9lica<\/h2><p>Imag\u00ednese nadar a trav\u00e9s de un mundo submarino que brilla en la oscuridad. Con luces de buceo UV \u00abazules\u00bb especiales y un filtro de m\u00e1scara amarillo, los corales, las criaturas marinas y los peces que te rodean se iluminar\u00e1n, ofreciendo una perspectiva completamente diferente a la de una inmersi\u00f3n nocturna tradicional. Esta experiencia psicod\u00e9lica es perfecta para los buceadores que se sienten c\u00f3modos con el buceo nocturno y buscan algo realmente alucinante.  <\/p><h2>\u00bfQui\u00e9n puede participar?<\/h2><p>El buceo nocturno fluorescente en Curazao est\u00e1 disponible para buzos certificados de todos los niveles de experiencia. Ya sea que se hospede en LionsDive Beach Resort o Sunscape Curacao Resort, esta aventura est\u00e1 abierta para usted. Sin embargo, los buzos deben tener una certificaci\u00f3n m\u00ednima de aguas abiertas y deben sentirse c\u00f3modos con el buceo nocturno.  <\/p><h3>Detalles de la inmersi\u00f3n<\/h3><ul><li><strong>Duraci\u00f3n:<\/strong> 2 horas (18:30 \u2013 20:30)<\/li><li><strong>Requisitos:<\/strong> M\u00ednimo 2 buzos, certificaci\u00f3n Open Water<\/li><li><strong>Incluido en el precio:<\/strong><ul><li>Pesos y tanque (tanques DIN y Yugo disponibles)<\/li><li>Filtro y luz de buceo UV<\/li><li>Tr\u00e1nsito desde Lions Dive y Sunscape Resort<\/li><li>Fotos y videos profesionales (disponibles a pedido por una tarifa adicional)<\/li><\/ul><\/li><\/ul><h2>\u00bfPor qu\u00e9 probar el buceo nocturno con fluorescentes?<\/h2><h3>Experiencia \u00fanica<\/h3><p>El buceo nocturno fluorescente no es solo otra inmersi\u00f3n; Es un viaje a un mundo donde las escenas submarinas familiares se transforman en un pa\u00eds de las maravillas vibrante y brillante. Es una visita obligada para aquellos que buscan agregar una nueva dimensi\u00f3n a sus aventuras de buceo. <\/p><h3>Todos los niveles son bienvenidos<\/h3><p>Siempre que seas un buceador certificado y te sientas c\u00f3modo con las inmersiones nocturnas, puedes unirte a esta incre\u00edble experiencia. La inmersi\u00f3n est\u00e1 dise\u00f1ada para todos los niveles de experiencia, lo que garantiza que todos puedan disfrutar del m\u00e1gico resplandor submarino. <\/p><h3>Orientaci\u00f3n y equipo de expertos<\/h3><p>Su inmersi\u00f3n ser\u00e1 guiada por el experimentado equipo de buceo de OE, quien le brindar\u00e1 recomendaciones y se asegurar\u00e1 de que tenga todo el equipo especializado necesario para una inmersi\u00f3n segura y agradable. Desde linternas UV hasta filtros de m\u00e1scaras, todo est\u00e1 cubierto. <\/p><h2>Reserva tu inmersi\u00f3n hoy<\/h2><p>\u00bfListo para experimentar la magia submarina del buceo nocturno fluorescente? Visite CuracaoTodo.com para obtener la informaci\u00f3n m\u00e1s completa sobre esta y otras <a href=\"https:\/\/staging.curacaotodo.com\/es\/actividades\/\">actividades<\/a> emocionantes en Curazao. \u00a1Reserva tu inmersi\u00f3n ahora y prep\u00e1rate para sorprenderte!  <\/p><h2>Preguntas Frecuentes<\/h2><h3>\u00bfNecesito una certificaci\u00f3n de buceo nocturno?<\/h3><p>Si bien no es obligatorio, el entrenamiento adecuado mejorar\u00e1 su primera inmersi\u00f3n nocturna. El curso de especialidad PADI Night Diver se recomienda para aquellos que se inician en el buceo nocturno. <\/p><h3>\u00bfEst\u00e1 incluida la linterna de buceo?<\/h3><p>S\u00ed, el precio incluye una luz de buceo UV y un filtro de m\u00e1scara, lo que garantiza que tenga el mejor equipo para su inmersi\u00f3n.<\/p><h3>\u00bfQu\u00e9 hace diferente al buceo nocturno con fluorescencia?<\/h3><p>El buceo nocturno fluorescente utiliza luz ultravioleta para revelar el brillo natural de las criaturas submarinas y los corales, ofreciendo una experiencia \u00fanica y visualmente impresionante a diferencia de cualquier otra inmersi\u00f3n nocturna.<\/p><p>\u00a1Sum\u00e9rgete en lo extraordinario con el buceo nocturno fluorescente en Curazao y deja que CuracaoTodo.com sea tu gu\u00eda de las mejores actividades tur\u00edsticas de la isla!<\/p>","protected":false},"excerpt":{"rendered":"<p>CuracaoTodo.com, su sitio web de referencia para obtener la mejor informaci\u00f3n tur\u00edstica en la isla de Curazao, lo invita a sumergirse en un mundo submarino completamente nuevo con el buceo nocturno fluorescente. Esta experiencia \u00fanica y psicod\u00e9lica te dejar\u00e1 asombrado mientras presencias los impresionantes colores y la incre\u00edble belleza del oc\u00e9ano por la noche. <br data-mce-bogus=\"1\"><\/p>\n","protected":false},"featured_media":22702,"comment_status":"open","ping_status":"closed","template":"","meta":{"_acf_changed":false},"activity-source":[],"company-partner":[],"store":[],"product_brand":[],"product_cat":[3278,3287,2735],"product_tag":[4193],"class_list":{"0":"post-59960","1":"product","2":"type-product","3":"status-publish","4":"has-post-thumbnail","6":"product_cat-buceo","7":"product_cat-cursos-de-buceo","8":"product_cat-playa-del-mambo","9":"product_tag-oceanencounters-es","11":"first","12":"instock","13":"shipping-taxable","14":"purchasable","15":"product-type-simple"},"acf":[],"_links":{"self":[{"href":"https:\/\/staging.curacaotodo.com\/es\/wp-json\/wp\/v2\/product\/59960","targetHints":{"allow":["GET"]}}],"collection":[{"href":"https:\/\/staging.curacaotodo.com\/es\/wp-json\/wp\/v2\/product"}],"about":[{"href":"https:\/\/staging.curacaotodo.com\/es\/wp-json\/wp\/v2\/types\/product"}],"replies":[{"embeddable":true,"href":"https:\/\/staging.curacaotodo.com\/es\/wp-json\/wp\/v2\/comments?post=59960"}],"wp:featuredmedia":[{"embeddable":true,"href":"https:\/\/staging.curacaotodo.com\/es\/wp-json\/wp\/v2\/media\/22702"}],"wp:attachment":[{"href":"https:\/\/staging.curacaotodo.com\/es\/wp-json\/wp\/v2\/media?parent=59960"}],"wp:term":[{"taxonomy":"activity-source","embeddable":true,"href":"https:\/\/staging.curacaotodo.com\/es\/wp-json\/wp\/v2\/activity-source?post=59960"},{"taxonomy":"company-partner","embeddable":true,"href":"https:\/\/staging.curacaotodo.com\/es\/wp-json\/wp\/v2\/company-partner?post=59960"},{"taxonomy":"store","embeddable":true,"href":"https:\/\/staging.curacaotodo.com\/es\/wp-json\/wp\/v2\/store?post=59960"},{"taxonomy":"product_brand","embeddable":true,"href":"https:\/\/staging.curacaotodo.com\/es\/wp-json\/wp\/v2\/product_brand?post=59960"},{"taxonomy":"product_cat","embeddable":true,"href":"https:\/\/staging.curacaotodo.com\/es\/wp-json\/wp\/v2\/product_cat?post=59960"},{"taxonomy":"product_tag","embeddable":true,"href":"https:\/\/staging.curacaotodo.com\/es\/wp-json\/wp\/v2\/product_tag?post=59960"}],"curies":[{"name":"wp","href":"https:\/\/api.w.org\/{rel}","templated":true}]}}