{"id":59959,"date":"2024-06-14T07:03:36","date_gmt":"2024-06-14T07:03:36","guid":{"rendered":"https:\/\/curacaotodo.com\/activity\/4-dias-de-buceo-en-barco-de-2-tanques-en-curazao-con-ocean-encounters\/"},"modified":"2024-06-14T07:03:36","modified_gmt":"2024-06-14T11:03:36","slug":"4-dias-de-buceo-en-barco-de-2-tanques-en-curazao-con-ocean-encounters","status":"publish","type":"product","link":"https:\/\/staging.curacaotodo.com\/es\/actividad\/4-dias-de-buceo-en-barco-de-2-tanques-en-curazao-con-ocean-encounters\/","title":{"rendered":"4 d\u00edas de buceo en barco de 2 tanques en Curazao con Ocean Encounters"},"content":{"rendered":"<h2>Explora los mejores sitios de buceo en Curazao<\/h2><h3>Inmersiones diarias garantizadas en barco<\/h3><p>Todos los d\u00edas, Ocean Encounters ofrece salidas garantizadas para dos inmersiones matutinas en barco a lo largo de la hermosa costa sureste de Curazao. Guiado por un equipo de buceo altamente calificado y profesional, explorar\u00e1 vibrantes arrecifes de coral, encontrar\u00e1 diversa vida marina y experimentar\u00e1 la emoci\u00f3n del buceo en el Caribe. <\/p><h3>Buceo en tierra ilimitado<\/h3><p>Adem\u00e1s de las inmersiones matutinas en barco, el paquete incluye buceo ilimitado en tierra. Esto significa que puedes bucear a tu propio ritmo, explorando impresionantes paisajes submarinos cuando quieras. <\/p><h2>Paquetes de alojamiento y buceo<\/h2><h3>LionsDive Beach Resort y Sunscape Curacao Resort<\/h3><p>El Ocean Encounters ofrece instalaciones en LionsDive Beach Resort y Sunscape Curacao Resort, Spa and Casino. Sus \u00abPaquetes de sue\u00f1o y buceo\u00bb est\u00e1n dise\u00f1ados para ofrecer la experiencia de vacaciones de buceo de la m\u00e1s alta calidad, combinando un alojamiento c\u00f3modo con buceo de clase mundial. <\/p><h3>Inclusiones del paquete<\/h3><ul><li><strong>Pesas y dos inmersiones en barco por d\u00eda<\/strong>: conexiones DIN y Yugo disponibles.<\/li><li><strong>Recogida<\/strong> en el resort: Conveniente recogida en LionsDive y Sunscape Resorts, con barcos que salen del muelle en estos lugares.<\/li><li><strong>Inmersiones ilimitadas en la costa<\/strong>: Disfrute de aire ilimitado para inmersiones en tierra incluidas en paquetes de tres d\u00edas o m\u00e1s.<\/li><li><strong>Fotos y videos profesionales<\/strong>: Capture sus recuerdos de buceo con im\u00e1genes y videos de alta calidad de un equipo especializado de fot\u00f3grafos submarinos.<\/li><\/ul><h2>Bucea con los mejores<\/h2><h3>Barcos de buceo personalizados<\/h3><p>Ocean Encounters cuenta con cuatro barcos de buceo personalizados equipados para mayor comodidad y seguridad. Ya sea que sea un buceador solo, parte de una familia o un grupo privado, estos espaciosos barcos garantizan un viaje placentero a los mejores sitios de buceo. <\/p><h3>Equipo de buceo calificado<\/h3><p>El equipo de buceo de Ocean Encounters incluye capitanes de barcos comerciales con licencia que tambi\u00e9n son buzos experimentados, lo que garantiza que su experiencia de buceo sea segura y agradable.<\/p><h2>Opciones de buceo flexibles<\/h2><h3>Viajes personalizados y charters privados<\/h3><p>Adem\u00e1s de las inmersiones diarias en barco, Ocean Encounters ofrece viajes de buceo en barco por la tarde, viajes de snorkel y buceo en la costa. Los viajes personalizados, los paquetes y los vuelos ch\u00e1rter privados est\u00e1n disponibles para satisfacer sus necesidades y preferencias espec\u00edficas. <\/p><h3>Cursos de Certificaci\u00f3n y Actualizaci\u00f3n de Buceo<\/h3><p>Se requiere una certificaci\u00f3n de buceo para todas las <a href=\"https:\/\/staging.curacaotodo.com\/es\/actividades\/\">actividades<\/a> de buceo. Si no ha buceado en m\u00e1s de dos a\u00f1os, Ocean Encounters recomienda tomar un curso de actualizaci\u00f3n de buceo. Este curso incluye revisi\u00f3n te\u00f3rica, ensayo de habilidades y una inmersi\u00f3n en la costa con un instructor, lo que garantiza que est\u00e9 completamente preparado para su aventura de buceo.  <\/p><h2>Reserve su aventura de buceo hoy<\/h2><h3>Ahorre m\u00e1s con paquetes de varios d\u00edas<\/h3><p>\u00a1Cuanto m\u00e1s buceas, m\u00e1s ahorras! Ocean Encounters ofrece paquetes de buceo de varios d\u00edas que van de tres a catorce d\u00edas, todos los cuales incluyen buceo ilimitado en la costa. <\/p><p>Para obtener la mejor informaci\u00f3n sobre el <a href=\"https:\/\/staging.curacaotodo.com\/es\/buceo-en-curazao\/\">buceo en Curazao<\/a> y planificar sus pr\u00f3ximas vacaciones de buceo en el Caribe, visite CuracaoTodo.com. Este sitio web de blogs de viajes proporciona gu\u00edas detalladas y consejos para turistas, lo que lo convierte en su recurso de referencia para todo lo relacionado con Curazao. <\/p><h2>Preguntas frecuentes<\/h2><h3>\u00bfPuedo ir a bucear si no he buceado en m\u00e1s de dos a\u00f1os?<\/h3><p>S\u00ed, pero se recomienda un curso de actualizaci\u00f3n de buceo para refrescar tus habilidades y garantizar una experiencia segura y agradable.<\/p><h3>\u00bfNecesito una certificaci\u00f3n de buceo?<\/h3><p>S\u00ed, se requiere una certificaci\u00f3n de buceo v\u00e1lida para unirse a las inmersiones.<\/p><h3>\u00bfCu\u00e1ntos buceadores por Dive Master?<\/h3><p>Ocean Encounters mantiene grupos peque\u00f1os para una experiencia de buceo m\u00e1s personalizada y segura.<\/p><h3>\u00bfLas inmersiones son guiadas?<\/h3><p>S\u00ed, todas las inmersiones son guiadas por Dive Masters experimentados.<\/p><h3>\u00bfHay computadoras de buceo disponibles para alquilar?<\/h3><p>S\u00ed, los ordenadores de buceo est\u00e1n disponibles para alquilar para mejorar tu seguridad en el buceo.<\/p><h3>\u00bfCu\u00e1l es la profundidad media de las inmersiones?<\/h3><p>La profundidad promedio var\u00eda seg\u00fan el sitio de buceo, pero generalmente oscila entre 40 y 100 pies.<\/p><h3>\u00bfCu\u00e1l es la temperatura promedio del agua?<\/h3><p>La temperatura del agua en Curazao promedia entre 78-84 \u00b0 F (25-29 \u00b0 C).<\/p><h3>\u00bfHay vestuarios seguros para el equipo de buceo?<\/h3><p>S\u00ed, hay vestuarios seguros disponibles para guardar su equipo de buceo.<\/p><p>\u00a1Reserve su paquete de buceo en barco de 4 d\u00edas de 2 tanques con Ocean Encounters hoy y experimente lo mejor del buceo en el Caribe! Para obtener m\u00e1s detalles, visite CuracaoTodo.com. <\/p>","protected":false},"excerpt":{"rendered":"<p>Sum\u00e9rgete en una aventura submarina inolvidable con el paquete de buceo en barco de 4 d\u00edas de 2 tanques de Ocean Encounters. Esta emocionante oferta incluye dos inmersiones matutinas en barco y buceo en tierra ilimitado, mostrando algunos de los mejores sitios de buceo en el Caribe. Para obtener la informaci\u00f3n m\u00e1s completa y actualizada sobre el buceo y otras actividades en Curazao, visite CuracaoTodo.com.  <br data-mce-bogus=\"1\"><\/p>\n","protected":false},"featured_media":22595,"comment_status":"open","ping_status":"closed","template":"","meta":{"_acf_changed":false},"activity-source":[],"company-partner":[],"store":[],"product_brand":[],"product_cat":[466,2735],"product_tag":[4193],"class_list":{"0":"post-59959","1":"product","2":"type-product","3":"status-publish","4":"has-post-thumbnail","6":"product_cat-sin-categorizar","7":"product_cat-playa-del-mambo","8":"product_tag-oceanencounters-es","10":"first","11":"instock","12":"shipping-taxable","13":"purchasable","14":"product-type-simple"},"acf":[],"_links":{"self":[{"href":"https:\/\/staging.curacaotodo.com\/es\/wp-json\/wp\/v2\/product\/59959","targetHints":{"allow":["GET"]}}],"collection":[{"href":"https:\/\/staging.curacaotodo.com\/es\/wp-json\/wp\/v2\/product"}],"about":[{"href":"https:\/\/staging.curacaotodo.com\/es\/wp-json\/wp\/v2\/types\/product"}],"replies":[{"embeddable":true,"href":"https:\/\/staging.curacaotodo.com\/es\/wp-json\/wp\/v2\/comments?post=59959"}],"wp:featuredmedia":[{"embeddable":true,"href":"https:\/\/staging.curacaotodo.com\/es\/wp-json\/wp\/v2\/media\/22595"}],"wp:attachment":[{"href":"https:\/\/staging.curacaotodo.com\/es\/wp-json\/wp\/v2\/media?parent=59959"}],"wp:term":[{"taxonomy":"activity-source","embeddable":true,"href":"https:\/\/staging.curacaotodo.com\/es\/wp-json\/wp\/v2\/activity-source?post=59959"},{"taxonomy":"company-partner","embeddable":true,"href":"https:\/\/staging.curacaotodo.com\/es\/wp-json\/wp\/v2\/company-partner?post=59959"},{"taxonomy":"store","embeddable":true,"href":"https:\/\/staging.curacaotodo.com\/es\/wp-json\/wp\/v2\/store?post=59959"},{"taxonomy":"product_brand","embeddable":true,"href":"https:\/\/staging.curacaotodo.com\/es\/wp-json\/wp\/v2\/product_brand?post=59959"},{"taxonomy":"product_cat","embeddable":true,"href":"https:\/\/staging.curacaotodo.com\/es\/wp-json\/wp\/v2\/product_cat?post=59959"},{"taxonomy":"product_tag","embeddable":true,"href":"https:\/\/staging.curacaotodo.com\/es\/wp-json\/wp\/v2\/product_tag?post=59959"}],"curies":[{"name":"wp","href":"https:\/\/api.w.org\/{rel}","templated":true}]}}