{"id":59958,"date":"2024-06-14T07:25:40","date_gmt":"2024-06-14T07:25:40","guid":{"rendered":"https:\/\/curacaotodo.com\/activity\/experimente-la-emocion-de-una-inmersion-nocturna-en-barco-en-curazao\/"},"modified":"2024-06-14T07:25:40","modified_gmt":"2024-06-14T11:25:40","slug":"experimente-la-emocion-de-una-inmersion-nocturna-en-barco-en-curazao","status":"publish","type":"product","link":"https:\/\/staging.curacaotodo.com\/es\/actividad\/experimente-la-emocion-de-una-inmersion-nocturna-en-barco-en-curazao\/","title":{"rendered":"Experimente la emoci\u00f3n de una inmersi\u00f3n nocturna en barco en Curazao"},"content":{"rendered":"<h2>\u00bfPor qu\u00e9 elegir una inmersi\u00f3n nocturna en barco?<\/h2><p>El encanto del buceo nocturno radica en la transformaci\u00f3n del entorno submarino. Por la noche, los arrecifes de coral de Curazao cobran vida con criaturas que rara vez se ven durante el d\u00eda. Los colores vibrantes y los comportamientos fascinantes de la vida marina nocturna brindan una perspectiva completamente diferente de la belleza del oc\u00e9ano.  <\/p><h2>La experiencia de buceo nocturno<\/h2><h3>Horario y salida<\/h3><p>\u00danase a la inmersi\u00f3n nocturna en barco al famoso naufragio del remolcador todos los mi\u00e9rcoles por la noche. El barco sale a las 6:30 p.m. de los muelles de LionsDive Beach Resort y Sunscape Curacao Resort, y regresa a las 8:30 p.m. Aseg\u00farese de llegar 15 minutos antes de la salida para prepararse para su aventura. La experiencia dura aproximadamente 2,5 horas, ofreciendo tiempo suficiente para explorar y disfrutar del mundo submarino nocturno.   <\/p><h3>Qu\u00e9 esperar<\/h3><p>Tu dive master comenzar\u00e1 con una sesi\u00f3n informativa completa sobre los procedimientos de buceo nocturno, incluidas se\u00f1ales especiales de buceo con tu linterna de buceo. Aprender\u00e1s habilidades esenciales para <a href=\"https:\/\/staging.curacaotodo.com\/es\/actividades-acuaticas\/sailing\/\">navegar<\/a> en la oscuridad y consejos sobre d\u00f3nde encontrar las criaturas nocturnas m\u00e1s intrigantes. <\/p><p><strong>Requisitos:<\/strong><\/p><ul><li>Certificaci\u00f3n PADI o SSI<\/li><li>Todos los niveles de experiencia son bienvenidos, pero la certificaci\u00f3n es obligatoria<\/li><li>Abierto a buceadores certificados a partir de 12 a\u00f1os<\/li><\/ul><h2>Qu\u00e9 est\u00e1 incluido<\/h2><p>Ocean Encounters garantiza que tenga todo lo necesario para una inmersi\u00f3n segura y agradable:<\/p><ul><li>Pesas y un tanque (con conexiones DIN y yugo disponibles)<\/li><li>Tr\u00e1nsito de cortes\u00eda desde LionsDive y Sunscape Resorts<\/li><\/ul><p><strong>Complementos opcionales:<\/strong><\/p><ul><li><strong>Linterna de buceo de alquiler:<\/strong> $15<\/li><li><strong>Fotos o videos profesionales:<\/strong> Desde $20 (reserva con anticipaci\u00f3n para garantizar disponibilidad)<\/li><\/ul><h2>Descubre la vida nocturna \u00fanica del arrecife<\/h2><p>El buceo nocturno en Curazao ofrece una visi\u00f3n de la vida nocturna del oc\u00e9ano. A medida que las criaturas diurnas se retiran, emergen organismos nocturnos como pulpos, langostas y plancton bioluminiscente, creando una exhibici\u00f3n m\u00e1gica. Los corales tambi\u00e9n se ven diferentes bajo el resplandor de su luz de buceo, con muchas especies que exhiben impresionantes colores fluorescentes.  <\/p><h3>Preguntas frecuentes<\/h3><p><strong>\u00bfNecesito una certificaci\u00f3n de buceo nocturno?<\/strong><br \/>Si bien los buceadores de aguas abiertas pueden participar en inmersiones nocturnas, tener un entrenamiento adecuado, como el curso de especialidad PADI Night Diver, mejora la experiencia. Este curso te ense\u00f1a a navegar y encontrar las criaturas nocturnas m\u00e1s fascinantes, garantizando una inmersi\u00f3n segura y agradable. <\/p><p><strong>\u00bfEst\u00e1 incluida la linterna de buceo?<\/strong><br \/>No, la linterna de buceo de alquiler es un complemento opcional por $ 15.<\/p><h2>Reserva tu buceo nocturno en barco<\/h2><p>\u00bfListo para explorar el mundo submarino de Curazao por la noche? Reserve su buceo nocturno en barco con Ocean Encounters hoy. Visite CuracaoTodo.com para obtener la informaci\u00f3n m\u00e1s completa y actualizada sobre esta y otras <a href=\"https:\/\/staging.curacaotodo.com\/es\/actividades\/\">actividades<\/a> emocionantes en Curazao. CuracaoTodo es su gu\u00eda definitiva de las mejores experiencias que la isla tiene para ofrecer.   <\/p><p>\u00a1Emb\u00e1rcate en este extraordinario viaje y ve los arrecifes de coral de Curazao bajo una luz completamente nueva!<\/p>","protected":false},"excerpt":{"rendered":"<p>Sum\u00e9rgete en el encantador mundo submarino de Curazao despu\u00e9s del atardecer con la inmersi\u00f3n nocturna en barco de Ocean Encounters. Esta experiencia de buceo \u00fanica revela los misterios del oc\u00e9ano al amparo de la oscuridad, ofreciendo a los buceadores certificados una aventura inolvidable. <br data-mce-bogus=\"1\"><\/p>\n","protected":false},"featured_media":22689,"comment_status":"open","ping_status":"closed","template":"","meta":{"_acf_changed":false},"activity-source":[],"company-partner":[],"store":[],"product_brand":[],"product_cat":[3278,3287,2735],"product_tag":[4193],"class_list":{"0":"post-59958","1":"product","2":"type-product","3":"status-publish","4":"has-post-thumbnail","6":"product_cat-buceo","7":"product_cat-cursos-de-buceo","8":"product_cat-playa-del-mambo","9":"product_tag-oceanencounters-es","11":"first","12":"instock","13":"shipping-taxable","14":"purchasable","15":"product-type-simple"},"acf":[],"_links":{"self":[{"href":"https:\/\/staging.curacaotodo.com\/es\/wp-json\/wp\/v2\/product\/59958","targetHints":{"allow":["GET"]}}],"collection":[{"href":"https:\/\/staging.curacaotodo.com\/es\/wp-json\/wp\/v2\/product"}],"about":[{"href":"https:\/\/staging.curacaotodo.com\/es\/wp-json\/wp\/v2\/types\/product"}],"replies":[{"embeddable":true,"href":"https:\/\/staging.curacaotodo.com\/es\/wp-json\/wp\/v2\/comments?post=59958"}],"wp:featuredmedia":[{"embeddable":true,"href":"https:\/\/staging.curacaotodo.com\/es\/wp-json\/wp\/v2\/media\/22689"}],"wp:attachment":[{"href":"https:\/\/staging.curacaotodo.com\/es\/wp-json\/wp\/v2\/media?parent=59958"}],"wp:term":[{"taxonomy":"activity-source","embeddable":true,"href":"https:\/\/staging.curacaotodo.com\/es\/wp-json\/wp\/v2\/activity-source?post=59958"},{"taxonomy":"company-partner","embeddable":true,"href":"https:\/\/staging.curacaotodo.com\/es\/wp-json\/wp\/v2\/company-partner?post=59958"},{"taxonomy":"store","embeddable":true,"href":"https:\/\/staging.curacaotodo.com\/es\/wp-json\/wp\/v2\/store?post=59958"},{"taxonomy":"product_brand","embeddable":true,"href":"https:\/\/staging.curacaotodo.com\/es\/wp-json\/wp\/v2\/product_brand?post=59958"},{"taxonomy":"product_cat","embeddable":true,"href":"https:\/\/staging.curacaotodo.com\/es\/wp-json\/wp\/v2\/product_cat?post=59958"},{"taxonomy":"product_tag","embeddable":true,"href":"https:\/\/staging.curacaotodo.com\/es\/wp-json\/wp\/v2\/product_tag?post=59958"}],"curies":[{"name":"wp","href":"https:\/\/api.w.org\/{rel}","templated":true}]}}