{"id":59957,"date":"2024-06-14T07:00:06","date_gmt":"2024-06-14T07:00:06","guid":{"rendered":"https:\/\/curacaotodo.com\/activity\/experimente-la-mejor-aventura-de-buceo-en-curazao-con-ocean-encounters\/"},"modified":"2024-06-14T07:00:06","modified_gmt":"2024-06-14T11:00:06","slug":"experimente-la-mejor-aventura-de-buceo-en-curazao-con-ocean-encounters","status":"publish","type":"product","link":"https:\/\/staging.curacaotodo.com\/es\/actividad\/experimente-la-mejor-aventura-de-buceo-en-curazao-con-ocean-encounters\/","title":{"rendered":"Experimente la mejor aventura de buceo en Curazao con Ocean Encounters"},"content":{"rendered":"<h2>Sum\u00e9rgete en los mejores sitios de Curazao<\/h2><h3>Descubre los mejores sitios de buceo en Curazao<\/h3><p>Ocean Encounters garantiza salidas diarias para dos inmersiones en barco por la ma\u00f1ana, lo que garantiza que tenga la oportunidad de explorar los mejores sitios de <a href=\"https:\/\/staging.curacaotodo.com\/es\/buceo-en-curazao\/\">buceo en Curazao<\/a>. Cada inmersi\u00f3n es guiada por un equipo de buceo altamente calificado y profesional, lo que hace que su aventura submarina sea segura y memorable. <\/p><h3>Las vacaciones de buceo perfectas<\/h3><p>\u00bfBuscas unas vacaciones de buceo completas? Ocean Encounters ofrece \u00abPaquetes de sue\u00f1o y buceo\u00bb con instalaciones en el lugar en LionsDive Beach Resort y Sunscape Curacao Resort, Spa y Casino. Estos paquetes est\u00e1n dise\u00f1ados para brindarle la experiencia de vacaciones de buceo de la m\u00e1s alta calidad, combinando un alojamiento c\u00f3modo con emocionantes aventuras de buceo.  <\/p><h3>Buceo en tierra ilimitado<\/h3><p>Adem\u00e1s de las inmersiones matutinas en barco, este paquete incluye buceo ilimitado en la costa. Bucea a tu propio ritmo y explora la rica vida marina frente a la costa. Con aire ilimitado para inmersiones desde la costa, puede aprovechar al m\u00e1ximo su tiempo en el agua.  <\/p><h2>Detalles e inclusiones del paquete<\/h2><h3>\u00bfQu\u00e9 est\u00e1 incluido en el paquete de buceo en barco de 3 d\u00edas?<\/h3><p>Ocean Encounters te asegura tener todo lo que necesitas para una experiencia de buceo inolvidable:<\/p><ul><li><strong>Pesas y dos inmersiones en barco por d\u00eda:<\/strong> Est\u00e1n disponibles conexiones DIN y Yoke.<\/li><li><strong>Recogida en el resort:<\/strong> Conveniente recogida en LionsDive y Sunscape Resorts. Est\u00e9 listo 15 minutos antes de la salida. <\/li><li><strong>Inmersiones ilimitadas en la costa:<\/strong> Incluido para paquetes de 3 d\u00edas o m\u00e1s.<\/li><li><strong>Fotos y videos profesionales:<\/strong> Captura tu aventura submarina con im\u00e1genes y videos de alta calidad de fot\u00f3grafos y vide\u00f3grafos submarinos especializados. Reserve con anticipaci\u00f3n para garantizar la disponibilidad. <\/li><\/ul><h3>Experimente el mejor buceo en barco en Curazao<\/h3><p>Ocean Encounters cuenta con una flota de cuatro barcos de buceo personalizados, perfectamente equipados para transportarte a algunos de los mejores sitios de buceo del Caribe. Ya sea que sea un buceador individual, un buceador, una familia o un grupo privado, estos barcos espaciosos y c\u00f3modos, tripulados por equipos de buceo experimentados, le brindar\u00e1n una experiencia de buceo de primer nivel. <\/p><h3>Sitios de buceo y viajes personalizados<\/h3><p>Explore sitios de buceo de renombre como Mushroom Forest y Blue Room, o emprenda un viaje privado a <a href=\"https:\/\/staging.curacaotodo.com\/es\/klein-curacao\/\">Klein Cura\u00e7ao<\/a>. Con salidas en barco garantizadas todas las ma\u00f1anas, viajes de buceo en barco por la tarde, viajes de snorkel y buceo en tierra disponibles, tiene infinitas posibilidades para explorar la belleza submarina de Curazao. <\/p><h2>Preguntas frecuentes<\/h2><h3>Preguntas frecuentes sobre el paquete de buceo en barco de 3 d\u00edas<\/h3><p><strong>P: \u00bfPuedo ir a bucear si no he buceado durante dos o m\u00e1s a\u00f1os?<\/strong><br \/>R: S\u00ed, pero recomendamos tomar un curso de actualizaci\u00f3n de buceo si su \u00faltima inmersi\u00f3n fue hace m\u00e1s de dos a\u00f1os. Este curso incluye revisi\u00f3n te\u00f3rica, revisi\u00f3n de habilidades y una inmersi\u00f3n en la costa con un instructor. <\/p><p><strong>P: \u00bfPuedo unirme a esta actividad sin una certificaci\u00f3n de buceo?<\/strong><br \/>R: No, se requiere una certificaci\u00f3n de buceo para todas las <a href=\"https:\/\/staging.curacaotodo.com\/es\/actividades\/\">actividades<\/a> de buceo. Si no est\u00e1 certificado, Ocean Encounters ofrece experiencia y programas de certificaci\u00f3n PADI \/ SSI. <\/p><p><strong>P: \u00bfCu\u00e1ntos buceadores por Dive Master?<\/strong><br \/>R: El n\u00famero de buzos por Dive Master var\u00eda, pero Ocean Encounters garantiza grupos peque\u00f1os para una atenci\u00f3n personalizada.<\/p><p><strong>P: \u00bfLas inmersiones son guiadas?<\/strong><br \/>R: S\u00ed, todas las inmersiones son guiadas por Dive Masters profesionales.<\/p><p><strong>P: \u00bfHay computadoras de buceo disponibles para alquilar?<\/strong><br \/>R: S\u00ed, las computadoras de buceo est\u00e1n disponibles para alquilar.<\/p><p><strong>P: \u00bfCu\u00e1l es la profundidad promedio de las inmersiones?<\/strong><br \/>R: La profundidad promedio var\u00eda seg\u00fan el sitio de buceo, pero generalmente oscila entre 10 y 30 metros (33 a 98 pies).<\/p><p><strong>P: \u00bfCu\u00e1l es la temperatura promedio del agua?<\/strong><br \/>R: La temperatura del agua en Curazao promedia entre 26 \u00b0 C y 28 \u00b0 C (79 \u00b0 F a 82 \u00b0 F) durante todo el a\u00f1o.<\/p><p><strong>P: \u00bfHay vestuarios seguros para el equipo de buceo?<\/strong><br \/>R: S\u00ed, hay vestuarios seguros disponibles para guardar su equipo de buceo.<\/p><h3>Reserva hoy tu aventura de buceo<\/h3><p>\u00bfListo para embarcarse en una aventura de buceo inolvidable en Curazao? Visite CuracaoTodo.com para obtener m\u00e1s informaci\u00f3n sobre el paquete de buceo en barco de 3 d\u00edas de 2 tanques y otras emocionantes oportunidades de buceo. CuracaoTodo es su fuente de referencia para obtener la informaci\u00f3n m\u00e1s completa y actualizada sobre el buceo y otras actividades tur\u00edsticas en Curazao.  <\/p><p>No pierdas la oportunidad de sumergirte en las aguas cristalinas de Curazao y explorar su impresionante mundo submarino con Ocean Encounters. \u00a1Reserve su paquete de buceo hoy y comience a planificar sus pr\u00f3ximas vacaciones de buceo en el Caribe! <\/p>","protected":false},"excerpt":{"rendered":"<p>\u00bfEst\u00e1s listo para explorar las maravillas submarinas de Curazao? No busque m\u00e1s all\u00e1 del paquete de buceo en barco de 3 d\u00edas de 2 tanques de Ocean Encounters, una experiencia de buceo incomparable que ofrece dos inmersiones en barco por la ma\u00f1ana cada d\u00eda, adem\u00e1s de buceo en tierra ilimitado. Descubra la vibrante vida marina, los impresionantes arrecifes de coral y los sitios de buceo de primer nivel a lo largo de la costa sureste de Curazao.  <\/p>\n","protected":false},"featured_media":22577,"comment_status":"open","ping_status":"closed","template":"","meta":{"_acf_changed":false},"activity-source":[],"company-partner":[],"store":[],"product_brand":[],"product_cat":[3278,466,3287,2735],"product_tag":[4193],"class_list":{"0":"post-59957","1":"product","2":"type-product","3":"status-publish","4":"has-post-thumbnail","6":"product_cat-buceo","7":"product_cat-sin-categorizar","8":"product_cat-cursos-de-buceo","9":"product_cat-playa-del-mambo","10":"product_tag-oceanencounters-es","12":"first","13":"instock","14":"shipping-taxable","15":"purchasable","16":"product-type-simple"},"acf":[],"_links":{"self":[{"href":"https:\/\/staging.curacaotodo.com\/es\/wp-json\/wp\/v2\/product\/59957","targetHints":{"allow":["GET"]}}],"collection":[{"href":"https:\/\/staging.curacaotodo.com\/es\/wp-json\/wp\/v2\/product"}],"about":[{"href":"https:\/\/staging.curacaotodo.com\/es\/wp-json\/wp\/v2\/types\/product"}],"replies":[{"embeddable":true,"href":"https:\/\/staging.curacaotodo.com\/es\/wp-json\/wp\/v2\/comments?post=59957"}],"wp:featuredmedia":[{"embeddable":true,"href":"https:\/\/staging.curacaotodo.com\/es\/wp-json\/wp\/v2\/media\/22577"}],"wp:attachment":[{"href":"https:\/\/staging.curacaotodo.com\/es\/wp-json\/wp\/v2\/media?parent=59957"}],"wp:term":[{"taxonomy":"activity-source","embeddable":true,"href":"https:\/\/staging.curacaotodo.com\/es\/wp-json\/wp\/v2\/activity-source?post=59957"},{"taxonomy":"company-partner","embeddable":true,"href":"https:\/\/staging.curacaotodo.com\/es\/wp-json\/wp\/v2\/company-partner?post=59957"},{"taxonomy":"store","embeddable":true,"href":"https:\/\/staging.curacaotodo.com\/es\/wp-json\/wp\/v2\/store?post=59957"},{"taxonomy":"product_brand","embeddable":true,"href":"https:\/\/staging.curacaotodo.com\/es\/wp-json\/wp\/v2\/product_brand?post=59957"},{"taxonomy":"product_cat","embeddable":true,"href":"https:\/\/staging.curacaotodo.com\/es\/wp-json\/wp\/v2\/product_cat?post=59957"},{"taxonomy":"product_tag","embeddable":true,"href":"https:\/\/staging.curacaotodo.com\/es\/wp-json\/wp\/v2\/product_tag?post=59957"}],"curies":[{"name":"wp","href":"https:\/\/api.w.org\/{rel}","templated":true}]}}