{"id":59279,"date":"2024-06-13T14:45:52","date_gmt":"2024-06-13T14:45:52","guid":{"rendered":"https:\/\/curacaotodo.com\/activity\/descubre-el-mejor-equipo-y-equipo-de-kitesurf-en-curazao\/"},"modified":"2024-06-13T14:45:52","modified_gmt":"2024-06-13T18:45:52","slug":"descubre-el-mejor-equipo-y-equipo-de-kitesurf-en-curazao","status":"publish","type":"product","link":"https:\/\/staging.curacaotodo.com\/es\/actividad\/descubre-el-mejor-equipo-y-equipo-de-kitesurf-en-curazao\/","title":{"rendered":"Descubre el mejor equipo y equipo de kitesurf en Curazao"},"content":{"rendered":"<h2>La importancia de un equipo de kitesurf de calidad<\/h2><p>El <a href=\"https:\/\/staging.curacaotodo.com\/es\/actividades-acuaticas\/kitesurf-curazao\/\">kitesurf<\/a> es un deporte emocionante que requiere el equipo adecuado para garantizar la seguridad, el rendimiento y el disfrute. Tanto si eres nuevo en el kitesurf como si quieres mejorar tu equipo, nuestra escuela de kitesurf de primera categor\u00eda en Curazao ofrece una gama de equipos de alta calidad dise\u00f1ados para mejorar tu experiencia en el agua. <\/p><h3>Equipo de kitesurf premium<\/h3><p>Nuestra escuela de kitesurf est\u00e1 equipada con lo \u00faltimo y lo mejor para que su proceso de aprendizaje sea lo m\u00e1s fluido y agradable posible. Aqu\u00ed hay un vistazo m\u00e1s de cerca a algunos de los equipos que ofrecemos: <\/p><h4>Peter Lynn Swell V4<\/h4><p>La Peter Lynn Swell V4 es una cometa que sobresale en todas las condiciones, ya sea que el clima sea favorable o desafiante. Su forma equilibrada Hybrid\/SLE proporciona estabilidad, manejo preciso y capacidad de respuesta que exigen tanto los cargadores de olas como los freeriders. Esta cometa vers\u00e1til es una de las favoritas entre los kitesurfistas por su rendimiento y confiabilidad.  <\/p><h4>Auriculares BBTalkin<\/h4><p>La comunicaci\u00f3n clara es crucial durante las clases de kitesurf, y nuestros auriculares BBTalkin garantizan precisamente eso. Estas radios bidireccionales ofrecen una comunicaci\u00f3n clara durante todo el curso, lo que mejora la seguridad y acelera su curva de aprendizaje. Adem\u00e1s, el sombrero de surf proporciona una protecci\u00f3n UV esencial, manteni\u00e9ndote seguro bajo el sol.  <\/p><h4>Tablero impresionante de Lieuwe<\/h4><p>Al iniciarse en el kitesurf, es esencial contar con una tabla que ofrezca un extra de volumen y estabilidad. La tabla Lieuwe Awesome proporciona el equilibrio perfecto, ayud\u00e1ndote a mantenerte a flote y a ce\u00f1ir con facilidad. Su c\u00f3modo paseo te har\u00e1 sentir como el rey del mundo, aumentando tu confianza en el agua.  <\/p><h4>Arn\u00e9s h\u00edbrido Mystic Star<\/h4><p>El arn\u00e9s h\u00edbrido Mystic Star representa una nueva era en el dise\u00f1o de arneses de kitesurf. Ligero, sencillo y con una libertad de movimiento sin igual, este arn\u00e9s garantiza una experiencia c\u00f3moda y sin erupciones, incluso cuando se usa con pantalones cortos. Su acolchado de espuma extra suave y sus l\u00edneas elegantes proporcionan una transferencia de carga ideal a tu cuerpo, haciendo que tus sesiones de kitesurf sean m\u00e1s agradables.  <\/p><h2>\u00bfTrae su propio equipo? Te tenemos cubierto <\/h2><p>Si prefieres usar tu propio equipo de kitesurf, puedes llevarlo. Ofrecemos precios reducidos para las lecciones si usa su equipo, lo que garantiza que obtenga el mejor valor mientras disfruta de nuestra instrucci\u00f3n experta. <\/p><h2>\u00bfPor qu\u00e9 elegir Curazao para practicar kitesurf?<\/h2><p>Curazao es famosa por sus impresionantes playas, vientos alisios constantes y aguas c\u00e1lidas, lo que la convierte en un destino ideal para practicar kitesurf. La isla ofrece una variedad de lugares de kitesurf adecuados para todos los niveles, desde bah\u00edas tranquilas para principiantes hasta desafiantes lugares de olas para riders avanzados. <\/p><h3>Aprende con los mejores<\/h3><p>Nuestros instructores experimentados est\u00e1n dedicados a brindar instrucci\u00f3n personalizada adaptada a su nivel de habilidad. Con la ayuda de nuestro equipo de alta calidad y sistemas de radio de \u00faltima generaci\u00f3n, estar\u00e1 listo y montando en poco tiempo. Ya sea que est\u00e9 buscando aprender los conceptos b\u00e1sicos o dominar trucos avanzados, nuestra escuela de kitesurf en Curazao es el lugar perfecto para comenzar.  <\/p><h2>Conclusi\u00f3n<\/h2><p>El kitesurf en Curazao es una experiencia inolvidable, y tener el equipo adecuado marca la diferencia. En CuracaoTodo.com, estamos aqu\u00ed para guiarte en cada paso del camino, brind\u00e1ndote la informaci\u00f3n m\u00e1s reciente sobre el mejor equipo y lecciones de kitesurf disponibles en la isla. \u00a1Visita nuestro sitio web para obtener m\u00e1s detalles y prep\u00e1rate para embarcarte en una emocionante aventura de kitesurf en Curazao!  <\/p><p>Para obtener la informaci\u00f3n m\u00e1s completa sobre el kitesurf y otras <a href=\"https:\/\/staging.curacaotodo.com\/es\/actividades\/\">actividades<\/a> en Curazao, aseg\u00farese de explorar CuracaoTodo.com, su gu\u00eda de viaje definitiva a la isla.<\/p>","protected":false},"excerpt":{"rendered":"<p>\u00bfEst\u00e1s listo para llevar tus habilidades de kitesurf al siguiente nivel? En CuracaoTodo.com, nos dedicamos a brindarle la informaci\u00f3n m\u00e1s reciente y las mejores experiencias en la isla de Curazao. Hoy, nos sumergimos en el apasionante mundo del equipo y el equipo de kitesurf, destacando por qu\u00e9 Curazao es el destino perfecto tanto para principiantes como para riders experimentados.  <br data-mce-bogus=\"1\"><\/p>\n","protected":false},"featured_media":22013,"comment_status":"open","ping_status":"closed","template":"","meta":{"_acf_changed":false},"activity-source":[],"company-partner":[],"store":[],"product_brand":[],"product_cat":[466,3288],"product_tag":[4204],"class_list":{"0":"post-59279","1":"product","2":"type-product","3":"status-publish","4":"has-post-thumbnail","6":"product_cat-sin-categorizar","7":"product_cat-kitesurf","8":"product_tag-awasalukiteboardingcuracao-es","10":"first","11":"instock","12":"shipping-taxable","13":"product-type-simple"},"acf":[],"_links":{"self":[{"href":"https:\/\/staging.curacaotodo.com\/es\/wp-json\/wp\/v2\/product\/59279","targetHints":{"allow":["GET"]}}],"collection":[{"href":"https:\/\/staging.curacaotodo.com\/es\/wp-json\/wp\/v2\/product"}],"about":[{"href":"https:\/\/staging.curacaotodo.com\/es\/wp-json\/wp\/v2\/types\/product"}],"replies":[{"embeddable":true,"href":"https:\/\/staging.curacaotodo.com\/es\/wp-json\/wp\/v2\/comments?post=59279"}],"wp:featuredmedia":[{"embeddable":true,"href":"https:\/\/staging.curacaotodo.com\/es\/wp-json\/wp\/v2\/media\/22013"}],"wp:attachment":[{"href":"https:\/\/staging.curacaotodo.com\/es\/wp-json\/wp\/v2\/media?parent=59279"}],"wp:term":[{"taxonomy":"activity-source","embeddable":true,"href":"https:\/\/staging.curacaotodo.com\/es\/wp-json\/wp\/v2\/activity-source?post=59279"},{"taxonomy":"company-partner","embeddable":true,"href":"https:\/\/staging.curacaotodo.com\/es\/wp-json\/wp\/v2\/company-partner?post=59279"},{"taxonomy":"store","embeddable":true,"href":"https:\/\/staging.curacaotodo.com\/es\/wp-json\/wp\/v2\/store?post=59279"},{"taxonomy":"product_brand","embeddable":true,"href":"https:\/\/staging.curacaotodo.com\/es\/wp-json\/wp\/v2\/product_brand?post=59279"},{"taxonomy":"product_cat","embeddable":true,"href":"https:\/\/staging.curacaotodo.com\/es\/wp-json\/wp\/v2\/product_cat?post=59279"},{"taxonomy":"product_tag","embeddable":true,"href":"https:\/\/staging.curacaotodo.com\/es\/wp-json\/wp\/v2\/product_tag?post=59279"}],"curies":[{"name":"wp","href":"https:\/\/api.w.org\/{rel}","templated":true}]}}