{"id":59278,"date":"2024-06-13T14:40:57","date_gmt":"2024-06-13T14:40:57","guid":{"rendered":"https:\/\/curacaotodo.com\/activity\/clases-de-kiteboarding-para-ninos-en-curacao\/"},"modified":"2024-06-13T14:40:57","modified_gmt":"2024-06-13T18:40:57","slug":"clases-de-kiteboarding-para-ninos-en-curacao","status":"publish","type":"product","link":"https:\/\/staging.curacaotodo.com\/es\/actividad\/clases-de-kiteboarding-para-ninos-en-curacao\/","title":{"rendered":"Clases de Kiteboarding para ni\u00f1os en Cura\u00e7ao"},"content":{"rendered":"<h2>\u00bfPor qu\u00e9 elegir clases de kitesurf para ni\u00f1os?<\/h2><h3>Ambiente de aprendizaje divertido y seguro<\/h3><p>El <a href=\"https:\/\/staging.curacaotodo.com\/es\/actividades-acuaticas\/kitesurf-curazao\/\">kitesurf<\/a> es un deporte acu\u00e1tico emocionante, y los ni\u00f1os pueden aprender r\u00e1pidamente lo b\u00e1sico mientras se divierten. La escuela de kitesurf Awa Salu se especializa en lecciones de kitesurf para ni\u00f1os, asegurando que cada ni\u00f1o reciba el cuidado y la atenci\u00f3n adicionales que necesita. El \u00e9nfasis est\u00e1 en \u00abdivertirse\u00bb y las lecciones est\u00e1n dise\u00f1adas para ser agradables y atractivas para los ni\u00f1os.  <\/p><h3>La seguridad es lo primero: cascos, chalecos y radios<\/h3><p>La seguridad es una prioridad en Awa Salu. Durante las lecciones de kitesurf para ni\u00f1os, los ni\u00f1os usan cascos y chalecos de impacto para protegerlos mientras aprenden. La escuela utiliza sistemas cortos de depower y t\u00e9rminos amigables para los ni\u00f1os para que el proceso de aprendizaje sea simple y comprensible. Adem\u00e1s, las radios BbTALKIN se utilizan para proporcionar instrucciones en tiempo real, lo que ayuda a los ni\u00f1os a aprender m\u00e1s r\u00e1pido y mantenerse seguros.   <\/p><h2>Requisitos para las clases de kitesurf para ni\u00f1os<\/h2><h3>Edad y habilidades de nataci\u00f3n<\/h3><p>Para unirse a las lecciones de kitesurf para ni\u00f1os, los ni\u00f1os deben ser nadadores seguros. El requisito de edad m\u00ednima es de 8 a\u00f1os. Si su hijo tiene poco menos de 8 a\u00f1os, puede comunicarse con Awa Salu para analizar posibles opciones. Las lecciones est\u00e1n disponibles en varios idiomas, lo que las hace accesibles para ni\u00f1os de diferentes or\u00edgenes.   <\/p><h3>Reservas y precios<\/h3><p>En la escuela de kitesurf Awa Salu Kiteboarding, puedes reservar clases online para asegurar una plaza para tu hijo. Las lecciones tienen un precio competitivo, con lecciones individuales que cuestan \u0192 225,- | $125,- | 90 \u20ac por 1,5 a 2 horas. Para grupos de ni\u00f1os, es mejor comunicarse directamente con la escuela para discutir las posibilidades.  <\/p><h2>Beneficios del kitesurf para ni\u00f1os<\/h2><h3>Desarrollar confianza y aptitud f\u00edsica<\/h3><p>El kitesurf no solo es divertido, sino tambi\u00e9n beneficioso para la condici\u00f3n f\u00edsica y la confianza de su hijo. El deporte mejora el equilibrio, la coordinaci\u00f3n y la fuerza, al mismo tiempo que ense\u00f1a a los ni\u00f1os a manejar los desaf\u00edos y mantenerse concentrados. <\/p><h3>Creando recuerdos duraderos<\/h3><p>Aprender a hacer kitesurf en las impresionantes aguas de Curazao es una experiencia que su hijo nunca olvidar\u00e1. Las lecciones est\u00e1n dise\u00f1adas para ser memorables, dando a los ni\u00f1os una sensaci\u00f3n de logro a medida que dominan nuevas habilidades y disfrutan del hermoso entorno. <\/p><h2>\u00bfPor qu\u00e9 CuracaoTodo.com?<\/h2><p>CuracaoTodo.com es su sitio web de referencia para obtener la informaci\u00f3n m\u00e1s completa y actualizada sobre las <a href=\"https:\/\/staging.curacaotodo.com\/es\/actividades\/\">actividades<\/a> tur\u00edsticas en Curazao. Desde deportes acu\u00e1ticos como el kitesurf hasta explorar la belleza natural y el patrimonio cultural de la isla, lo tenemos cubierto. Nuestras gu\u00edas y art\u00edculos detallados lo ayudan a planificar las vacaciones perfectas, asegur\u00e1ndose de que no se pierda ninguna de las emocionantes actividades que Curazao tiene para ofrecer.  <\/p><h3>Planifique su viaje hoy<\/h3><p>\u00bfListo para darle a tu hijo una experiencia inolvidable de kitesurf? Visite CuracaoTodo.com para obtener m\u00e1s informaci\u00f3n y comience a planificar su aventura hoy. Reserva tus clases de kitesurf para ni\u00f1os con la escuela de kitesurf Awa Salu Kiteboarding y observa a tu hijo disfrutar de la emoci\u00f3n del kitesurf en un ambiente seguro y divertido.  <\/p><p>Para obtener m\u00e1s detalles y reservar sus lecciones, visite CuracaoTodo.com. \u00a1Feliz kitesurf! <\/p>","protected":false},"excerpt":{"rendered":"<p>Bienvenido a CuracaoTodo.com, el recurso definitivo para los turistas en la hermosa isla de Curazao. Hoy, nos sumergimos en una emocionante actividad que promete diversi\u00f3n y aventura para sus peque\u00f1os: lecciones de kitesurf para ni\u00f1os. En la Escuela de Kitesurf Awa Salu Kiteboarding, los ni\u00f1os pueden aprender kitesurf en un ambiente seguro y l\u00fadico.  <\/p>\n","protected":false},"featured_media":21983,"comment_status":"open","ping_status":"closed","template":"","meta":{"_acf_changed":false},"activity-source":[],"company-partner":[],"store":[],"product_brand":[],"product_cat":[3288,3292],"product_tag":[4204,4231,4230],"class_list":{"0":"post-59278","1":"product","2":"type-product","3":"status-publish","4":"has-post-thumbnail","6":"product_cat-kitesurf","7":"product_cat-ninos","8":"product_tag-awasalukiteboardingcuracao-es","9":"product_tag-ninos-es","10":"product_tag-ninos","12":"first","13":"instock","14":"shipping-taxable","15":"product-type-simple"},"acf":[],"_links":{"self":[{"href":"https:\/\/staging.curacaotodo.com\/es\/wp-json\/wp\/v2\/product\/59278","targetHints":{"allow":["GET"]}}],"collection":[{"href":"https:\/\/staging.curacaotodo.com\/es\/wp-json\/wp\/v2\/product"}],"about":[{"href":"https:\/\/staging.curacaotodo.com\/es\/wp-json\/wp\/v2\/types\/product"}],"replies":[{"embeddable":true,"href":"https:\/\/staging.curacaotodo.com\/es\/wp-json\/wp\/v2\/comments?post=59278"}],"wp:featuredmedia":[{"embeddable":true,"href":"https:\/\/staging.curacaotodo.com\/es\/wp-json\/wp\/v2\/media\/21983"}],"wp:attachment":[{"href":"https:\/\/staging.curacaotodo.com\/es\/wp-json\/wp\/v2\/media?parent=59278"}],"wp:term":[{"taxonomy":"activity-source","embeddable":true,"href":"https:\/\/staging.curacaotodo.com\/es\/wp-json\/wp\/v2\/activity-source?post=59278"},{"taxonomy":"company-partner","embeddable":true,"href":"https:\/\/staging.curacaotodo.com\/es\/wp-json\/wp\/v2\/company-partner?post=59278"},{"taxonomy":"store","embeddable":true,"href":"https:\/\/staging.curacaotodo.com\/es\/wp-json\/wp\/v2\/store?post=59278"},{"taxonomy":"product_brand","embeddable":true,"href":"https:\/\/staging.curacaotodo.com\/es\/wp-json\/wp\/v2\/product_brand?post=59278"},{"taxonomy":"product_cat","embeddable":true,"href":"https:\/\/staging.curacaotodo.com\/es\/wp-json\/wp\/v2\/product_cat?post=59278"},{"taxonomy":"product_tag","embeddable":true,"href":"https:\/\/staging.curacaotodo.com\/es\/wp-json\/wp\/v2\/product_tag?post=59278"}],"curies":[{"name":"wp","href":"https:\/\/api.w.org\/{rel}","templated":true}]}}