{"id":59277,"date":"2024-06-14T19:55:59","date_gmt":"2024-06-14T19:55:59","guid":{"rendered":"https:\/\/curacaotodo.com\/activity\/experimenta-la-emocion-del-wingfoiling-en-curazao\/"},"modified":"2024-06-14T19:55:59","modified_gmt":"2024-06-14T23:55:59","slug":"experimenta-la-emocion-del-wingfoiling-en-curazao","status":"publish","type":"product","link":"https:\/\/staging.curacaotodo.com\/es\/actividad\/experimenta-la-emocion-del-wingfoiling-en-curazao\/","title":{"rendered":"Experimenta la emoci\u00f3n del wingfoiling en Curazao"},"content":{"rendered":"<h2>\u00bfQu\u00e9 es el Wingfoiling?<\/h2><p>El wingfoiling, tambi\u00e9n conocido como wing-surf o wing-boarding, es un deporte acu\u00e1tico de r\u00e1pido crecimiento que combina elementos de <a href=\"https:\/\/staging.curacaotodo.com\/es\/actividades-acuaticas\/windsurfing\/\">windsurf<\/a>, <a href=\"https:\/\/staging.curacaotodo.com\/es\/actividades-acuaticas\/kitesurf-curazao\/\">kitesurf<\/a> y foiling. Esta emocionante actividad consiste en sujetarse a un ala inflable de mano mientras se est\u00e1 de pie sobre una tabla de hidroala. Al aprovechar el poder del viento, puede elevarse por encima de la superficie del agua, creando una sensaci\u00f3n de volar sobre las olas.  <\/p><h2>\u00bfPor qu\u00e9 elegir Surfspot Cura\u00e7ao para tus clases de wingfoil?<\/h2><p>En Surfspot Cura\u00e7ao, nos enorgullecemos de ofrecer lecciones completas y accesibles de wingfoil adaptadas a todos los niveles de habilidad. Nuestros instructores certificados est\u00e1n dedicados a ayudarte a dominar el deporte, asegur\u00e1ndote de que progreses al ritmo que m\u00e1s te convenga. Aqu\u00ed hay un desglose de lo que puede esperar de nuestras lecciones:  <\/p><h3>Paso 1: Dominar el ala en una tabla de windsurf estable<\/h3><p>Nuestras lecciones comienzan en una tabla de windsurf grande y estable con un ala adjunta. Este paso inicial te permite familiarizarte con la sujeci\u00f3n y el control del ala mientras mantienes el equilibrio sobre la tabla. Nuestros instructores expertos te ense\u00f1ar\u00e1n t\u00e9cnicas esenciales, como ce\u00f1ir y realizar giros suaves, sentando una base s\u00f3lida para tu viaje de wingfoiling.  <\/p><h3>Paso 2: Aprender a hacer foil detr\u00e1s del barco en tablas de foil s\u00faper estables<\/h3><p>Una vez que hayas dominado los conceptos b\u00e1sicos de la tabla de windsurf, te introducir\u00e1s en el apasionante mundo del hidroala. Bajo la gu\u00eda de nuestros instructores, aprender\u00e1s a hacer foil detr\u00e1s de un barco en nuestras tablas de foil s\u00faper estables. Esta etapa implica controlar su velocidad, mantener el equilibrio y <a href=\"https:\/\/staging.curacaotodo.com\/es\/actividades-acuaticas\/sailing\/\">navegar<\/a> por el agua, todo mientras se desliza sin esfuerzo sobre la superficie.  <\/p><h2>\u00a1Reserva tu clase de Wingfoil hoy mismo!<\/h2><p>\u00bfEst\u00e1s listo para embarcarte en una aventura inolvidable y explorar el mundo del wingfoiling? No pierdas la oportunidad de aprender de los mejores en Surfspot Cura\u00e7ao. Nuestros apasionados instructores est\u00e1n ansiosos por compartir sus conocimientos y ayudarlo a desbloquear todo su potencial en el agua.  <\/p><h3>Precios<\/h3><p><strong>Por cabeza:<\/strong><\/p><ul><li><strong>Lecci\u00f3n INTRO WING (1 PAX):<\/strong> NAF 275 \/ USD 158 (2 horas)<\/li><li><strong>Lecci\u00f3n de alas INTRO DUO (precio por persona):<\/strong> NAF 225 \/ USD 129 (2 horas)<\/li><li><strong>INTRO 3+ Clase de alas (precio por persona):<\/strong> NAF 175 \/ USD 100 (2 horas)<\/li><li><strong>Paquete de lecciones de ala (3 sesiones, 1 PAX):<\/strong> NAF 743 \/ USD 425 (2 horas cada uno)<\/li><li><strong>Paquete de lecciones de ala (3 sesiones, 2 PAX, precio por persona):<\/strong> NAF 608 \/ USD 348 (2 horas cada uno)<\/li><li><strong>Paquete de lecciones de ala (3 sesiones, 3+ PAX, precio por persona):<\/strong> NAF 473 \/ USD 270 (2 horas cada uno)<\/li><\/ul><h3>Contacta con nosotros<\/h3><p>Para reservar tu clase de wingfoil u obtener m\u00e1s informaci\u00f3n sobre nuestras ofertas, ponte en contacto con Surfspot Cura\u00e7ao hoy mismo. \u00a1El viento est\u00e1 llamando y tu aventura te espera! <\/p><p>Para obtener m\u00e1s informaci\u00f3n sobre <a href=\"https:\/\/staging.curacaotodo.com\/es\/actividades\/\">actividades<\/a> y los mejores consejos para turistas en Curazao, visite CuracaoTodo.com.<\/p>","protected":false},"excerpt":{"rendered":"<p>\u00a1Descubre el emocionante mundo del wingfoiling en Surfspot Cura\u00e7ao y deja que el viento te gu\u00ede en el viaje de tu vida! Tanto si eres un entusiasta de los deportes acu\u00e1ticos como si eres un principiante, esta actividad promete una aventura inolvidable. Visite CuracaoTodo.com para obtener la informaci\u00f3n m\u00e1s completa y mejor para los turistas que exploran la hermosa isla de Curazao.  <\/p>\n","protected":false},"featured_media":23605,"comment_status":"open","ping_status":"closed","template":"","meta":{"_acf_changed":false},"activity-source":[],"company-partner":[],"store":[],"product_brand":[],"product_cat":[466,3288],"product_tag":[],"class_list":{"0":"post-59277","1":"product","2":"type-product","3":"status-publish","4":"has-post-thumbnail","6":"product_cat-sin-categorizar","7":"product_cat-kitesurf","9":"first","10":"instock","11":"shipping-taxable","12":"product-type-simple"},"acf":[],"_links":{"self":[{"href":"https:\/\/staging.curacaotodo.com\/es\/wp-json\/wp\/v2\/product\/59277","targetHints":{"allow":["GET"]}}],"collection":[{"href":"https:\/\/staging.curacaotodo.com\/es\/wp-json\/wp\/v2\/product"}],"about":[{"href":"https:\/\/staging.curacaotodo.com\/es\/wp-json\/wp\/v2\/types\/product"}],"replies":[{"embeddable":true,"href":"https:\/\/staging.curacaotodo.com\/es\/wp-json\/wp\/v2\/comments?post=59277"}],"wp:featuredmedia":[{"embeddable":true,"href":"https:\/\/staging.curacaotodo.com\/es\/wp-json\/wp\/v2\/media\/23605"}],"wp:attachment":[{"href":"https:\/\/staging.curacaotodo.com\/es\/wp-json\/wp\/v2\/media?parent=59277"}],"wp:term":[{"taxonomy":"activity-source","embeddable":true,"href":"https:\/\/staging.curacaotodo.com\/es\/wp-json\/wp\/v2\/activity-source?post=59277"},{"taxonomy":"company-partner","embeddable":true,"href":"https:\/\/staging.curacaotodo.com\/es\/wp-json\/wp\/v2\/company-partner?post=59277"},{"taxonomy":"store","embeddable":true,"href":"https:\/\/staging.curacaotodo.com\/es\/wp-json\/wp\/v2\/store?post=59277"},{"taxonomy":"product_brand","embeddable":true,"href":"https:\/\/staging.curacaotodo.com\/es\/wp-json\/wp\/v2\/product_brand?post=59277"},{"taxonomy":"product_cat","embeddable":true,"href":"https:\/\/staging.curacaotodo.com\/es\/wp-json\/wp\/v2\/product_cat?post=59277"},{"taxonomy":"product_tag","embeddable":true,"href":"https:\/\/staging.curacaotodo.com\/es\/wp-json\/wp\/v2\/product_tag?post=59277"}],"curies":[{"name":"wp","href":"https:\/\/api.w.org\/{rel}","templated":true}]}}