{"id":59276,"date":"2024-06-13T14:37:57","date_gmt":"2024-06-13T14:37:57","guid":{"rendered":"https:\/\/curacaotodo.com\/activity\/experimente-la-comodidad-con-el-servicio-de-recogida-y-devolucion-para-el-kitesurf-en-curazao\/"},"modified":"2024-06-13T14:37:57","modified_gmt":"2024-06-13T18:37:57","slug":"experimente-la-comodidad-con-el-servicio-de-recogida-y-devolucion-para-el-kitesurf-en-curazao","status":"publish","type":"product","link":"https:\/\/staging.curacaotodo.com\/es\/actividad\/experimente-la-comodidad-con-el-servicio-de-recogida-y-devolucion-para-el-kitesurf-en-curazao\/","title":{"rendered":"Experimente la comodidad con el servicio de recogida y devoluci\u00f3n para el kitesurf en Curazao"},"content":{"rendered":"<h2>Transporte sin complicaciones a las clases de kitesurf<\/h2><h3>\u00bfQu\u00e9 es el servicio de recogida y devoluci\u00f3n?<\/h3><p>Awa Salu Kiteboarding Cura\u00e7ao entiende que ir y venir de los lugares de <a href=\"https:\/\/staging.curacaotodo.com\/es\/actividades-acuaticas\/kitesurf-curazao\/\">kitesurf<\/a> a veces puede ser un desaf\u00edo, especialmente para los turistas que no est\u00e1n familiarizados con la isla. Para abordar esto, ofrecen un servicio de recogida y devoluci\u00f3n, que lo recoge de su alojamiento y lo lleva a la lecci\u00f3n de kitesurf, y luego lo deja una vez que se completa la lecci\u00f3n. <\/p><h3>\u00c1reas cubiertas por el servicio<\/h3><p>Si se hospeda en alguna de las \u00e1reas populares del lado este de Curazao, puede aprovechar este conveniente servicio. Los lugares de recogida incluyen: <\/p><ul><li><strong>Playa de <a href=\"https:\/\/staging.curacaotodo.com\/es\/areas\/jan-thiel\/\">Jan Thiel<\/a><\/strong><\/li><li><strong>El Seaquarium<\/strong><\/li><li><strong>Morena Eco Resort<\/strong><\/li><li><strong>Complejo Chogogo<\/strong><\/li><li><strong>Papagayo Beach Resort<\/strong><\/li><li><strong>Livingstone Jan Thiel Resort<\/strong><\/li><li><strong>Boca Gentil Hotel &amp; Villas Curacao<\/strong><\/li><li><strong><a href=\"https:\/\/staging.curacaotodo.com\/es\/areas\/mambo-beach-curacao\/\">Playa Mambo<\/a><\/strong><\/li><li><strong>Finca de Santa B\u00e1rbara<\/strong><\/li><li><strong>La Quinta Villas<\/strong><\/li><li><strong>Brakkeput<\/strong><\/li><li><strong>Jan Sofat<\/strong><\/li><li><strong>Punda<\/strong><\/li><\/ul><h3>Precios flexibles<\/h3><p>El costo del servicio de recogida y devoluci\u00f3n es variable, dependiendo de su ubicaci\u00f3n. Con una capacidad m\u00e1xima de tres personas por viaje, puede compartir f\u00e1cilmente el costo con amigos o familiares. Para obtener el precio exacto, simplemente informe a Awa Salu Kiteboarding Cura\u00e7ao d\u00f3nde se hospeda y le proporcionar\u00e1n una cotizaci\u00f3n.  <\/p><h3>Reservar su servicio<\/h3><p>No dejes que la falta de transporte te impida disfrutar de una emocionante lecci\u00f3n de kitesurf. Reservar el servicio de recogida y devoluci\u00f3n es simple y directo. P\u00f3ngase en contacto con Awa Salu Kiteboarding Cura\u00e7ao para organizar su recogida y estar\u00e1 listo para lanzarse al agua sin estr\u00e9s.  <\/p><h2>\u00bfPor qu\u00e9 elegir Awa Salu Kiteboarding Cura\u00e7ao?<\/h2><p>Awa Salu Kiteboarding Cura\u00e7ao es reconocido por sus instructores profesionales, equipo de \u00faltima generaci\u00f3n y el compromiso de brindar una experiencia de kitesurf inolvidable. Tanto si eres un principiante como un kitesurfista experimentado, sus lecciones est\u00e1n dise\u00f1adas para satisfacer tu nivel de habilidad y garantizar que pases un rato seguro y divertido en el agua. <\/p><h2>Descubre m\u00e1s con CuracaoTodo<\/h2><p>Para obtener la mejor y m\u00e1s completa informaci\u00f3n sobre las <a href=\"https:\/\/staging.curacaotodo.com\/es\/actividades\/\">actividades<\/a> tur\u00edsticas en Curazao, visite CuracaoTodo.com. Este sitio web es su gu\u00eda de referencia para todo lo que necesita saber sobre la exploraci\u00f3n de la isla, desde deportes acu\u00e1ticos y actividades de aventura hasta opciones gastron\u00f3micas y de alojamiento. Deje que CuracaoTodo lo ayude a planificar el itinerario perfecto para sus vacaciones en Curazao.  <\/p>","protected":false},"excerpt":{"rendered":"<p>Curazao es un para\u00edso para los entusiastas de los deportes acu\u00e1ticos, y el kitesurf es una de las actividades m\u00e1s emocionantes para experimentar en la isla. Para aquellos que se alojan en el East Side de Curazao, el desaf\u00edo de organizar el transporte a los lugares de kitesurf puede ser una molestia. Afortunadamente, Awa Salu Kiteboarding Cura\u00e7ao ofrece un servicio \u00fanico de recogida y devoluci\u00f3n, lo que garantiza que pueda disfrutar de sus lecciones sin preocuparse por el transporte. Deja que CuracaoTodo te gu\u00ede a trav\u00e9s de este conveniente servicio, dise\u00f1ado para mejorar tu aventura de kitesurf.   <br data-mce-bogus=\"1\"><\/p>\n","protected":false},"featured_media":21971,"comment_status":"open","ping_status":"closed","template":"","meta":{"_acf_changed":false},"activity-source":[],"company-partner":[],"store":[],"product_brand":[],"product_cat":[466,3288],"product_tag":[4204],"class_list":{"0":"post-59276","1":"product","2":"type-product","3":"status-publish","4":"has-post-thumbnail","6":"product_cat-sin-categorizar","7":"product_cat-kitesurf","8":"product_tag-awasalukiteboardingcuracao-es","10":"first","11":"instock","12":"shipping-taxable","13":"product-type-simple"},"acf":[],"_links":{"self":[{"href":"https:\/\/staging.curacaotodo.com\/es\/wp-json\/wp\/v2\/product\/59276","targetHints":{"allow":["GET"]}}],"collection":[{"href":"https:\/\/staging.curacaotodo.com\/es\/wp-json\/wp\/v2\/product"}],"about":[{"href":"https:\/\/staging.curacaotodo.com\/es\/wp-json\/wp\/v2\/types\/product"}],"replies":[{"embeddable":true,"href":"https:\/\/staging.curacaotodo.com\/es\/wp-json\/wp\/v2\/comments?post=59276"}],"wp:featuredmedia":[{"embeddable":true,"href":"https:\/\/staging.curacaotodo.com\/es\/wp-json\/wp\/v2\/media\/21971"}],"wp:attachment":[{"href":"https:\/\/staging.curacaotodo.com\/es\/wp-json\/wp\/v2\/media?parent=59276"}],"wp:term":[{"taxonomy":"activity-source","embeddable":true,"href":"https:\/\/staging.curacaotodo.com\/es\/wp-json\/wp\/v2\/activity-source?post=59276"},{"taxonomy":"company-partner","embeddable":true,"href":"https:\/\/staging.curacaotodo.com\/es\/wp-json\/wp\/v2\/company-partner?post=59276"},{"taxonomy":"store","embeddable":true,"href":"https:\/\/staging.curacaotodo.com\/es\/wp-json\/wp\/v2\/store?post=59276"},{"taxonomy":"product_brand","embeddable":true,"href":"https:\/\/staging.curacaotodo.com\/es\/wp-json\/wp\/v2\/product_brand?post=59276"},{"taxonomy":"product_cat","embeddable":true,"href":"https:\/\/staging.curacaotodo.com\/es\/wp-json\/wp\/v2\/product_cat?post=59276"},{"taxonomy":"product_tag","embeddable":true,"href":"https:\/\/staging.curacaotodo.com\/es\/wp-json\/wp\/v2\/product_tag?post=59276"}],"curies":[{"name":"wp","href":"https:\/\/api.w.org\/{rel}","templated":true}]}}