{"id":59275,"date":"2024-06-13T15:00:55","date_gmt":"2024-06-13T15:00:55","guid":{"rendered":"https:\/\/curacaotodo.com\/activity\/descubre-la-emocion-de-las-clases-de-kitesurf-en-curazao\/"},"modified":"2024-06-13T15:00:55","modified_gmt":"2024-06-13T19:00:55","slug":"descubre-la-emocion-de-las-clases-de-kitesurf-en-curazao","status":"publish","type":"product","link":"https:\/\/staging.curacaotodo.com\/es\/actividad\/descubre-la-emocion-de-las-clases-de-kitesurf-en-curazao\/","title":{"rendered":"Descubre la emoci\u00f3n de las clases de kitesurf en Curazao"},"content":{"rendered":"<h2>Curso de actualizaci\u00f3n de kitesurf de 1 d\u00eda<\/h2><h3>Lo que actualizar\u00e1s<\/h3><ul><li>T\u00e9cnicas de auto-rescate<\/li><li>T\u00e9cnicas de autolanzamiento<\/li><li>Puesta a punto de su equipo<\/li><li>Cualquier habilidad espec\u00edfica que le gustar\u00eda mejorar<\/li><\/ul><p><strong>Duraci\u00f3n y precio:<\/strong><\/p><ul><li>1 hora = 85 \u20ac \/ 90 $ \/ 160 NAF (1 persona)<\/li><\/ul><p>\u00a1No esperes, vamos a hacer kite! Este curso de actualizaci\u00f3n es perfecto para aquellos que tienen algo de experiencia pero necesitan repasar sus habilidades. Los instructores profesionales se aseguran de que aproveches al m\u00e1ximo tu sesi\u00f3n.  <\/p><h2>Curso de descubrimiento de kitesurf de 1 d\u00eda<\/h2><h3>Lo que aprender\u00e1s<\/h3><ul><li>Configuraci\u00f3n b\u00e1sica de la cometa<\/li><li>Sistemas de seguridad<\/li><li>Control de cometas<\/li><li>Iniciar el arrastre del cuerpo<\/li><li>Jarcia<\/li><\/ul><p><strong>Duraci\u00f3n y precio:<\/strong><\/p><ul><li>2 horas = 160 \u20ac \/ 170 $ \/ 300 ANG (1 persona)<\/li><li>3 horas = 265 \u20ac \/ 280 $ \/ 500 ANG (2 personas)<\/li><\/ul><p>Comienza tu viaje de <a href=\"https:\/\/staging.curacaotodo.com\/es\/actividades-acuaticas\/kitesurf-curazao\/\">kitesurf<\/a> con este curso introductorio. Aprende los fundamentos y prueba el emocionante deporte del kitesurf en Sint Joris Baai. <\/p><h2>Recorrido de 1 d\u00eda<\/h2><h3>Lo que aprender\u00e1s<\/h3><ul><li>Navegando contra el viento<\/li><li>Transiciones<\/li><li>Saltar\u00edn<\/li><li>Retroceso<\/li><li>Cualquier otra habilidad que quieras dominar<\/li><\/ul><p><strong>Duraci\u00f3n y precio:<\/strong><\/p><ul><li>2 horas = 165 \u20ac \/ 175 $ \/ 320 NAF (1 persona)<\/li><\/ul><p>Vuela con el curso Ride Along donde el instructor navega a tu lado, ofreciendo orientaci\u00f3n y demostraciones en tiempo real a trav\u00e9s de un auricular.<\/p><h2>Curso de kitesurf de 2 d\u00edas: siente el poder<\/h2><h3>Lo que aprender\u00e1s<\/h3><ul><li>Todo del Curso Discovery<\/li><li>Arrastre del cuerpo con la tabla<\/li><li>Arranque de agua (a veces)<\/li><li>Jarcia<\/li><\/ul><p><strong>Duraci\u00f3n y precio:<\/strong><\/p><ul><li>2 horas = 300 \u20ac \/ 320 $ \/ 575 NAF (1 persona)<\/li><li>3 horas = 520 \u20ac \/ 550 $ \/ 990 NAF (2 personas)<\/li><\/ul><p>Marque la brisa y reserve ahora para ganar m\u00e1s confianza y habilidades durante dos d\u00edas intensivos.<\/p><h2>Curso de kitesurf de 3 d\u00edas: ponte a montar<\/h2><h3>Lo que aprender\u00e1s<\/h3><ul><li>Todo del curso de 2 d\u00edas<\/li><li>Configuraci\u00f3n independiente de la cometa<\/li><li>Primer arranque de agua<\/li><li>Primeros metros de navegaci\u00f3n<\/li><\/ul><p><strong>Duraci\u00f3n y precio:<\/strong><\/p><ul><li>2 horas = 440 \u20ac \/ 460 $ \/ 825 ANG (1 persona)<\/li><li>3 horas = 710 \u20ac \/ 750 $ \/ 1340 ANG (2 personas)<\/li><\/ul><p>S\u00fabete a bordo y comienza a conducir de forma independiente con este completo curso de 3 d\u00edas.<\/p><h2>Curso de kitesurf de 4 d\u00edas: mejorando<\/h2><h3>Lo que aprender\u00e1s<\/h3><ul><li>Todo del curso de 3 d\u00edas<\/li><li>Arranque de agua mejorado<\/li><li>M\u00e1s metros de navegaci\u00f3n<\/li><li>Aparejo independiente<\/li><\/ul><p><strong>Duraci\u00f3n y precio:<\/strong><\/p><ul><li>2 horas = 580 \u20ac \/ 610 $ \/ 1100 NAF (1 persona)<\/li><li>3 horas = 945 \u20ac \/ 1000 $ \/ NAF 1785 (2 personas)<\/li><\/ul><p>\u00a1No dejes que el viento espere! Mejora tus habilidades significativamente con este curso extendido. <\/p><h2>Curso de kitesurf de 5 d\u00edas: \u00a1ah\u00ed tienes!<\/h2><h3>Lo que aprender\u00e1s<\/h3><ul><li>Todo del curso de 4 d\u00edas<\/li><li>Domina la ce\u00f1ida<\/li><li>Hacer muchos metros<\/li><\/ul><p><strong>Duraci\u00f3n y precio:<\/strong><\/p><ul><li>2 horas = 730 \u20ac \/ 760 $ \/ 1375 ANG (1 persona)<\/li><li>3 horas = 1195 \u20ac \/ 1260 $ \/ 2275 ANG (2 personas)<\/li><\/ul><p>Hagamos viento y aprovechemos al m\u00e1ximo las condiciones del kitesurf con este completo curso de 5 d\u00edas.<\/p><h2>Curso avanzado de kitesurf de 6 d\u00edas<\/h2><h3>Lo que aprender\u00e1s<\/h3><ul><li>Todo del curso de 5 d\u00edas<\/li><li>Transiciones avanzadas<\/li><li>Hacer muchos m\u00e1s metros<\/li><\/ul><p><strong>Duraci\u00f3n y precio:<\/strong><\/p><ul><li>2 horas = 785 \u20ac \/ 830 $ \/ 1490 NAF (1 persona)<\/li><li>3 horas = 1275 \u20ac \/ 1350 $ \/ NAF 2430 (2 personas)<\/li><\/ul><p>\u00a1Preparados, listos, cometa! Lleva tu kitesurf al siguiente nivel con este curso avanzado dise\u00f1ado para entusiastas serios. <\/p><h2>Descuentos y ofertas<\/h2><ul><li><strong>Descuento para estudiantes:<\/strong> 10% de descuento con una tarjeta de estudiante v\u00e1lida<\/li><li><strong>Descuento en equipo propio:<\/strong> 10% de descuento si traes tu propio equipo de kitesurf (solo se aplica un descuento por lecci\u00f3n)<\/li><\/ul><h3>Conclusi\u00f3n<\/h3><p>Curazao es un para\u00edso para los kitesurfistas, que ofrece cursos para todos los niveles e intereses. Visita CuracaoTodo.com para obtener la informaci\u00f3n m\u00e1s completa y actualizada sobre las clases y cursos de kitesurf en la isla. Ya sea que est\u00e9s buscando refrescar tus habilidades, descubrir los conceptos b\u00e1sicos o avanzar a nuevas alturas, CuracaoTodo.com tiene todo lo que necesitas para que tu experiencia de kitesurf sea inolvidable.  <\/p>","protected":false},"excerpt":{"rendered":"<p>Curazao, con sus impresionantes playas y sus perfectas condiciones de viento, es un destino ideal para los entusiastas del kitesurf de todos los niveles. Tanto si eres un principiante como un kitesurfista experimentado que busca dominar nuevos trucos, CuracaoTodo.com es tu recurso de referencia para las mejores clases y cursos de kitesurf de la isla. Exploremos las emocionantes oportunidades de kitesurf que te esperan en Curazao.  <br data-mce-bogus=\"1\"><\/p>\n","protected":false},"featured_media":22073,"comment_status":"open","ping_status":"closed","template":"","meta":{"_acf_changed":false},"activity-source":[],"company-partner":[],"store":[],"product_brand":[],"product_cat":[466,3288],"product_tag":[4205],"class_list":{"0":"post-59275","1":"product","2":"type-product","3":"status-publish","4":"has-post-thumbnail","6":"product_cat-sin-categorizar","7":"product_cat-kitesurf","8":"product_tag-gustykiting-es","10":"first","11":"instock","12":"shipping-taxable","13":"product-type-simple"},"acf":[],"_links":{"self":[{"href":"https:\/\/staging.curacaotodo.com\/es\/wp-json\/wp\/v2\/product\/59275","targetHints":{"allow":["GET"]}}],"collection":[{"href":"https:\/\/staging.curacaotodo.com\/es\/wp-json\/wp\/v2\/product"}],"about":[{"href":"https:\/\/staging.curacaotodo.com\/es\/wp-json\/wp\/v2\/types\/product"}],"replies":[{"embeddable":true,"href":"https:\/\/staging.curacaotodo.com\/es\/wp-json\/wp\/v2\/comments?post=59275"}],"wp:featuredmedia":[{"embeddable":true,"href":"https:\/\/staging.curacaotodo.com\/es\/wp-json\/wp\/v2\/media\/22073"}],"wp:attachment":[{"href":"https:\/\/staging.curacaotodo.com\/es\/wp-json\/wp\/v2\/media?parent=59275"}],"wp:term":[{"taxonomy":"activity-source","embeddable":true,"href":"https:\/\/staging.curacaotodo.com\/es\/wp-json\/wp\/v2\/activity-source?post=59275"},{"taxonomy":"company-partner","embeddable":true,"href":"https:\/\/staging.curacaotodo.com\/es\/wp-json\/wp\/v2\/company-partner?post=59275"},{"taxonomy":"store","embeddable":true,"href":"https:\/\/staging.curacaotodo.com\/es\/wp-json\/wp\/v2\/store?post=59275"},{"taxonomy":"product_brand","embeddable":true,"href":"https:\/\/staging.curacaotodo.com\/es\/wp-json\/wp\/v2\/product_brand?post=59275"},{"taxonomy":"product_cat","embeddable":true,"href":"https:\/\/staging.curacaotodo.com\/es\/wp-json\/wp\/v2\/product_cat?post=59275"},{"taxonomy":"product_tag","embeddable":true,"href":"https:\/\/staging.curacaotodo.com\/es\/wp-json\/wp\/v2\/product_tag?post=59275"}],"curies":[{"name":"wp","href":"https:\/\/api.w.org\/{rel}","templated":true}]}}