{"id":59274,"date":"2024-06-13T14:32:44","date_gmt":"2024-06-13T14:32:44","guid":{"rendered":"https:\/\/curacaotodo.com\/activity\/descubre-la-emocion-del-kitesurf-con-awa-salu-kiteboarding-en-curazao\/"},"modified":"2024-06-13T14:32:44","modified_gmt":"2024-06-13T18:32:44","slug":"descubre-la-emocion-del-kitesurf-con-awa-salu-kiteboarding-en-curazao","status":"publish","type":"product","link":"https:\/\/staging.curacaotodo.com\/es\/actividad\/descubre-la-emocion-del-kitesurf-con-awa-salu-kiteboarding-en-curazao\/","title":{"rendered":"Descubre la emoci\u00f3n del kitesurf con Awa Salu Kiteboarding en Curazao"},"content":{"rendered":"<h2>\u00bfPor qu\u00e9 elegir el kitesurf Awa Sal\u00fa?<\/h2><p>Ubicado en el impresionante lado este de la isla, Awa Salu Kiteboarding ofrece un entorno ideal tanto para aprender como para perfeccionar tus habilidades de <a href=\"https:\/\/staging.curacaotodo.com\/es\/actividades-acuaticas\/kitesurf-curazao\/\">kitesurf<\/a>. Sus instructores experimentados, su equipo bien mantenido y sus servicios personalizados los convierten en la mejor opci\u00f3n para los entusiastas del kitesurf. Adem\u00e1s, sus planes de lecciones flexibles se adaptan a diferentes niveles de habilidad y horarios, lo que garantiza que todos, desde principiantes hasta jinetes avanzados, puedan encontrar el curso perfecto.  <\/p><h2>Clases de kitesurf en Awa Salu<\/h2><p>Awa Salu ofrece una variedad de lecciones de kitesurf dise\u00f1adas para satisfacer tus necesidades. Tanto si eres un aventurero en solitario como si quieres aprender con un amigo, hay cursos disponibles para diferentes tama\u00f1os y duraciones de grupos. <\/p><h3>1 Estudiante Clases de Kiteboarding<\/h3><h4>Curso de 1 d\u00eda<\/h4><ul><li><strong>Duraci\u00f3n:<\/strong> 2 horas<\/li><li><strong>Precio:<\/strong> \u20ac160 \/ $170 \/ \u0192300<\/li><\/ul><h4>Curso de kitesurf de 3 d\u00edas<\/h4><ul><li><strong>Duraci\u00f3n:<\/strong> 6 horas<\/li><li><strong>Precio:<\/strong> \u20ac440 \/ $460 \/ \u0192825<\/li><\/ul><h4>Curso de kitesurf de 4 d\u00edas<\/h4><ul><li><strong>Duraci\u00f3n:<\/strong> 8 horas<\/li><li><strong>Precio:<\/strong> \u20ac 585 \/ $ 615 \/ \u0192 1,100<\/li><\/ul><h4>Curso de kitesurf de 5 d\u00edas<\/h4><ul><li><strong>Duraci\u00f3n:<\/strong> 10 horas<\/li><li><strong>Precio:<\/strong> \u20ac730 \/ $760 \/ \u01921,375<\/li><\/ul><h4>Curso de kitesurf de 7 d\u00edas<\/h4><ul><li><strong>Duraci\u00f3n:<\/strong> 14 horas<\/li><li><strong>Precio:<\/strong> \u20ac 915 \/ $ 975 \/ \u0192 1,750<\/li><\/ul><h3>2 Estudiantes Clases de Kiteboarding<\/h3><h4>Curso de 1 d\u00eda<\/h4><ul><li><strong>Duraci\u00f3n:<\/strong> 3 horas<\/li><li><strong>Precio:<\/strong> \u20ac270 \/ $280 \/ \u0192500<\/li><\/ul><h4>Curso de kitesurf de 3 d\u00edas<\/h4><ul><li><strong>Duraci\u00f3n:<\/strong> 9 horas<\/li><li><strong>Precio:<\/strong> \u20ac710 \/ $750 \/ \u01921,340<\/li><\/ul><h4>Curso de kitesurf de 4 d\u00edas<\/h4><ul><li><strong>Duraci\u00f3n:<\/strong> 12 horas<\/li><li><strong>Precio:<\/strong> \u20ac945 \/ $1,000 \/ \u01921,785<\/li><\/ul><h4>Curso de kitesurf de 5 d\u00edas<\/h4><ul><li><strong>Duraci\u00f3n:<\/strong> 15 horas<\/li><li><strong>Precio:<\/strong> \u20ac1,195 \/ $1,260 \/ \u01922,275<\/li><\/ul><h4>Curso de kitesurf de 7 d\u00edas<\/h4><ul><li><strong>Duraci\u00f3n:<\/strong> 21 horas<\/li><li><strong>Precio:<\/strong> \u20ac1,635 \/ $1,740 \/ \u01923,125<\/li><\/ul><h2>Alquiler de equipo de kitesurf<\/h2><p>Para aquellos que ya dominan el kitesurf y quieren alquilar equipo, Awa Salu ofrece precios competitivos y equipos de alta calidad. Tenga en cuenta que los alquileres solo est\u00e1n disponibles para kiters que puedan aterrizar saltos decentes. <\/p><h3>Tarifas de alquiler de equipo<\/h3><ul><li><p><strong>Set completo de kitesurf (tabla, cometa, barra, arn\u00e9s):<\/strong><\/p><ul><li><strong>Duraci\u00f3n:<\/strong> 2 horas<\/li><li><strong>Precio:<\/strong> \u20ac70 \/ $80 \/ \u0192150<\/li><\/ul><\/li><li><p><strong>Solo tablero:<\/strong><\/p><ul><li><strong>Duraci\u00f3n:<\/strong> 2 horas<\/li><li><strong>Precio:<\/strong> \u20ac25 \/ $25 \/ \u019250<\/li><\/ul><\/li><li><p><strong>Solo arn\u00e9s:<\/strong><\/p><ul><li><strong>Duraci\u00f3n:<\/strong> 2 horas<\/li><li><strong>Precio:<\/strong> 15 \u20ac \/ 10 $ \/ \u019220<\/li><\/ul><\/li><li><p><strong>Evaluaci\u00f3n de habilidades (ce\u00f1ida, transiciones, autorrescate, informaci\u00f3n puntual):<\/strong><\/p><ul><li><strong>Duraci\u00f3n:<\/strong> 30 minutos<\/li><li><strong>Precio:<\/strong> 30 \u20ac \/ 35 $ \/ \u019265<\/li><\/ul><\/li><li><p><strong>Hora adicional de alquiler de equipo:<\/strong><\/p><ul><li><strong>Precio:<\/strong> \u20ac30 \/ $35 \/ \u019266<\/li><\/ul><\/li><\/ul><h2>Conveniencia en su m\u00e1xima expresi\u00f3n: servicio de recogida y devoluci\u00f3n<\/h2><p>Awa Salu Kiteboarding mejora su experiencia al ofrecer un conveniente servicio de recogida y devoluci\u00f3n para aquellos que se alojan en el lado este de la isla (Bandariba). Esto significa que no tienes que preocuparte por organizar tu propio transporte para disfrutar de tu aventura de kitesurf. <\/p><h2>Alquiler de equipo posterior al curso<\/h2><p>Despu\u00e9s de completar tu curso de kitesurf, puedes seguir practicando de forma independiente con el equipo de alquiler de Awa Salu a un precio reducido. Esta opci\u00f3n garantiza que pueda seguir perfeccionando sus habilidades y disfrutando del deporte sin la necesidad de comprar su propio equipo de inmediato. <\/p><h2>\u00a1Reserva tu aventura de kitesurf hoy!<\/h2><p>\u00bfListo para experimentar la emoci\u00f3n del kitesurf en Curazao? Dir\u00edgete a CuracaoTodo.com para reservar tus clases y alquiler de equipo con Awa Salu Kiteboarding. Como el sitio web l\u00edder de informaci\u00f3n tur\u00edstica en Curazao, CuracaoTodo.com proporciona todos los detalles que necesita para planificar su aventura perfecta en la isla.  <\/p><p>Tanto si eres un principiante que busca tomar tu primera lecci\u00f3n como si eres un kiter experimentado que necesita equipo de calidad, Awa Salu Kiteboarding te tiene cubierto. No te pierdas esta emocionante actividad: reserva tu experiencia de kitesurf hoy y crea recuerdos inolvidables en las hermosas aguas de Curazao. <\/p>","protected":false},"excerpt":{"rendered":"<p>CuracaoTodo.com es su recurso de referencia para las mejores actividades y atracciones en la hermosa isla de Curazao. Entre las muchas actividades emocionantes disponibles, el kitesurf se destaca como una aventura emocionante que promete emoci\u00f3n y desarrollo de habilidades. Uno de los principales lugares para esta actividad es Awa Salu Kiteboarding, donde tanto los principiantes como los kitesurfistas experimentados pueden disfrutar de lecciones y alquiler de equipos de primer nivel. Profundicemos en los detalles de sus ofertas y en c\u00f3mo puedes aprovechar al m\u00e1ximo tu experiencia de kitesurf en Curazao.   <br data-mce-bogus=\"1\"><\/p>\n","protected":false},"featured_media":21953,"comment_status":"open","ping_status":"closed","template":"","meta":{"_acf_changed":false},"activity-source":[],"company-partner":[],"store":[],"product_brand":[],"product_cat":[466,3288],"product_tag":[4204],"class_list":{"0":"post-59274","1":"product","2":"type-product","3":"status-publish","4":"has-post-thumbnail","6":"product_cat-sin-categorizar","7":"product_cat-kitesurf","8":"product_tag-awasalukiteboardingcuracao-es","10":"first","11":"instock","12":"shipping-taxable","13":"product-type-simple"},"acf":[],"_links":{"self":[{"href":"https:\/\/staging.curacaotodo.com\/es\/wp-json\/wp\/v2\/product\/59274","targetHints":{"allow":["GET"]}}],"collection":[{"href":"https:\/\/staging.curacaotodo.com\/es\/wp-json\/wp\/v2\/product"}],"about":[{"href":"https:\/\/staging.curacaotodo.com\/es\/wp-json\/wp\/v2\/types\/product"}],"replies":[{"embeddable":true,"href":"https:\/\/staging.curacaotodo.com\/es\/wp-json\/wp\/v2\/comments?post=59274"}],"wp:featuredmedia":[{"embeddable":true,"href":"https:\/\/staging.curacaotodo.com\/es\/wp-json\/wp\/v2\/media\/21953"}],"wp:attachment":[{"href":"https:\/\/staging.curacaotodo.com\/es\/wp-json\/wp\/v2\/media?parent=59274"}],"wp:term":[{"taxonomy":"activity-source","embeddable":true,"href":"https:\/\/staging.curacaotodo.com\/es\/wp-json\/wp\/v2\/activity-source?post=59274"},{"taxonomy":"company-partner","embeddable":true,"href":"https:\/\/staging.curacaotodo.com\/es\/wp-json\/wp\/v2\/company-partner?post=59274"},{"taxonomy":"store","embeddable":true,"href":"https:\/\/staging.curacaotodo.com\/es\/wp-json\/wp\/v2\/store?post=59274"},{"taxonomy":"product_brand","embeddable":true,"href":"https:\/\/staging.curacaotodo.com\/es\/wp-json\/wp\/v2\/product_brand?post=59274"},{"taxonomy":"product_cat","embeddable":true,"href":"https:\/\/staging.curacaotodo.com\/es\/wp-json\/wp\/v2\/product_cat?post=59274"},{"taxonomy":"product_tag","embeddable":true,"href":"https:\/\/staging.curacaotodo.com\/es\/wp-json\/wp\/v2\/product_tag?post=59274"}],"curies":[{"name":"wp","href":"https:\/\/api.w.org\/{rel}","templated":true}]}}