{"id":59273,"date":"2024-06-13T14:53:05","date_gmt":"2024-06-13T14:53:05","guid":{"rendered":"https:\/\/curacaotodo.com\/activity\/alquiler-de-equipo-de-kitesurf-en-curazao-con-gusty-kiting\/"},"modified":"2024-06-13T14:53:05","modified_gmt":"2024-06-13T18:53:05","slug":"alquiler-de-equipo-de-kitesurf-en-curazao-con-gusty-kiting","status":"publish","type":"product","link":"https:\/\/staging.curacaotodo.com\/es\/actividad\/alquiler-de-equipo-de-kitesurf-en-curazao-con-gusty-kiting\/","title":{"rendered":"Alquiler de equipo de kitesurf en Curazao con Gusty Kiting"},"content":{"rendered":"<h2>Experimente la emoci\u00f3n del kitesurf en Curazao<\/h2><p>Curazao es famosa por sus impresionantes playas, aguas cristalinas y condiciones de viento perfectas, lo que la convierte en un para\u00edso para los kitesurfistas. Tanto si eres un kitesurfista experimentado como si eres un entusiasta que busca experimentar la emoci\u00f3n del <a href=\"https:\/\/staging.curacaotodo.com\/es\/actividades-acuaticas\/kitesurf-curazao\/\">kitesurf<\/a> en uno de los mejores lugares del mundo, Gusty Kiting te tiene cubierto con un equipo de primera categor\u00eda. <\/p><h2>Equipo de kitesurf de alta calidad<\/h2><p>Gusty Kiting se asegura de que todo su equipo de kitesurf sea moderno y de excelente calidad, d\u00e1ndote la confianza para surcar las olas de forma segura y eficaz. Aqu\u00ed hay un desglose de los equipos disponibles para alquilar: <\/p><h3>Juego completo de cometas (RRD)<\/h3><ul><li><strong>Precio:<\/strong> $80 \/ 2 horas<\/li><li>Incluye todo lo que necesitas para una emocionante sesi\u00f3n de kitesurf.<\/li><\/ul><h3>Cometa + Barra (RRD)<\/h3><ul><li><strong>Precio:<\/strong> $70 \/ 2 horas<\/li><li>Perfecto para aquellos que ya tienen una tabla pero necesitan una cometa y una barra.<\/li><\/ul><h3>Bar (4 l\u00edneas)<\/h3><ul><li><strong>Precio:<\/strong> $20 \/ 2 horas<\/li><li>Alquila solo el bar si tienes el resto de tu equipo.<\/li><\/ul><h3>Tabla<\/h3><ul><li><strong>Precio:<\/strong> $20 \/ 2 horas<\/li><li>Tablas de alta calidad que garantizan una conducci\u00f3n suave.<\/li><\/ul><h3>Trapecio (cadera)<\/h3><ul><li><strong>Precio:<\/strong> $15 \/ 2 horas<\/li><li>Trapecio c\u00f3modo y seguro para un rendimiento m\u00e1ximo.<\/li><\/ul><h3>Casco<\/h3><ul><li><strong>Precio:<\/strong> $10 \/ 2 horas<\/li><li>\u00a1La seguridad es lo primero! Aseg\u00farese de que su cabeza est\u00e9 protegida con un casco confiable. <\/li><\/ul><h2>Reserva y responsabilidad<\/h2><p>Para alquilar el equipo de kitesurf, Gusty Kiting requiere un dep\u00f3sito de $ 200. Este dep\u00f3sito garantiza que todo el equipo se devuelva en buenas condiciones y ayuda a mantener la alta calidad del equipo proporcionado. <\/p><p>Para hacer una reserva, puede descargar el Formulario de responsabilidad del equipo de kitesurf del sitio web de Gusty Kiting, completarlo y asegurar su equipo con anticipaci\u00f3n. Esto asegura que el equipo que necesita estar\u00e1 listo y esper\u00e1ndolo cuando llegue. <\/p><h2>\u00bfPor qu\u00e9 elegir Racout Kiting?<\/h2><p>Gusty Kiting se dedica a brindar a los kitesurfistas la mejor experiencia posible. Su moderno equipo, su f\u00e1cil proceso de reserva y su compromiso con la calidad los convierten en la opci\u00f3n preferida para el alquiler de equipos de kitesurf en Curazao. <\/p><h2>Explora Curazao con CurazaoTodo<\/h2><p>Para obtener m\u00e1s informaci\u00f3n sobre el kitesurf y otras <a href=\"https:\/\/staging.curacaotodo.com\/es\/actividades\/\">actividades<\/a> emocionantes en Curazao, visite CuracaoTodo. Nuestro sitio web est\u00e1 repleto de gu\u00edas detalladas, consejos y recomendaciones para ayudarlo a aprovechar al m\u00e1ximo su visita a esta impresionante isla. Desde buceo y <a href=\"https:\/\/staging.curacaotodo.com\/es\/esnorquel\/\">esn\u00f3rquel<\/a> hasta explorar la vibrante cultura y cocina, CuracaoTodo es su fuente \u00fanica para todo lo relacionado con Curazao.  <\/p><p>Entonces, si est\u00e1 listo para golpear las olas y experimentar la mejor aventura de kitesurf, dir\u00edjase a Gusty Kiting para todas sus necesidades de equipo y aseg\u00farese de visitar CuracaoTodo para obtener los mejores consejos de viaje y actividades en la isla. \u00a1Feliz kitesurf! <\/p>","protected":false},"excerpt":{"rendered":"<p>Bienvenido a CuracaoTodo, su fuente definitiva de la mejor informaci\u00f3n y actividades de viaje en la hermosa isla de Curazao. Si eres un kitesurfista avanzado que busca equipo de alta calidad sin necesidad de clases, Gusty Kiting ofrece un servicio de alquiler de equipos de kitesurf de primer nivel que es perfecto para ti. <br data-mce-bogus=\"1\"><\/p>\n","protected":false},"featured_media":22054,"comment_status":"open","ping_status":"closed","template":"","meta":{"_acf_changed":false},"activity-source":[],"company-partner":[],"store":[],"product_brand":[],"product_cat":[466,3288],"product_tag":[4205],"class_list":{"0":"post-59273","1":"product","2":"type-product","3":"status-publish","4":"has-post-thumbnail","6":"product_cat-sin-categorizar","7":"product_cat-kitesurf","8":"product_tag-gustykiting-es","10":"first","11":"instock","12":"shipping-taxable","13":"purchasable","14":"product-type-simple"},"acf":[],"_links":{"self":[{"href":"https:\/\/staging.curacaotodo.com\/es\/wp-json\/wp\/v2\/product\/59273","targetHints":{"allow":["GET"]}}],"collection":[{"href":"https:\/\/staging.curacaotodo.com\/es\/wp-json\/wp\/v2\/product"}],"about":[{"href":"https:\/\/staging.curacaotodo.com\/es\/wp-json\/wp\/v2\/types\/product"}],"replies":[{"embeddable":true,"href":"https:\/\/staging.curacaotodo.com\/es\/wp-json\/wp\/v2\/comments?post=59273"}],"wp:featuredmedia":[{"embeddable":true,"href":"https:\/\/staging.curacaotodo.com\/es\/wp-json\/wp\/v2\/media\/22054"}],"wp:attachment":[{"href":"https:\/\/staging.curacaotodo.com\/es\/wp-json\/wp\/v2\/media?parent=59273"}],"wp:term":[{"taxonomy":"activity-source","embeddable":true,"href":"https:\/\/staging.curacaotodo.com\/es\/wp-json\/wp\/v2\/activity-source?post=59273"},{"taxonomy":"company-partner","embeddable":true,"href":"https:\/\/staging.curacaotodo.com\/es\/wp-json\/wp\/v2\/company-partner?post=59273"},{"taxonomy":"store","embeddable":true,"href":"https:\/\/staging.curacaotodo.com\/es\/wp-json\/wp\/v2\/store?post=59273"},{"taxonomy":"product_brand","embeddable":true,"href":"https:\/\/staging.curacaotodo.com\/es\/wp-json\/wp\/v2\/product_brand?post=59273"},{"taxonomy":"product_cat","embeddable":true,"href":"https:\/\/staging.curacaotodo.com\/es\/wp-json\/wp\/v2\/product_cat?post=59273"},{"taxonomy":"product_tag","embeddable":true,"href":"https:\/\/staging.curacaotodo.com\/es\/wp-json\/wp\/v2\/product_tag?post=59273"}],"curies":[{"name":"wp","href":"https:\/\/api.w.org\/{rel}","templated":true}]}}