{"id":59272,"date":"2024-06-13T14:30:12","date_gmt":"2024-06-13T14:30:12","guid":{"rendered":"https:\/\/curacaotodo.com\/activity\/aprende-a-hacer-kitesurf-en-5-dias-en-curazao\/"},"modified":"2024-06-13T14:30:12","modified_gmt":"2024-06-13T18:30:12","slug":"aprende-a-hacer-kitesurf-en-5-dias-en-curazao","status":"publish","type":"product","link":"https:\/\/staging.curacaotodo.com\/es\/actividad\/aprende-a-hacer-kitesurf-en-5-dias-en-curazao\/","title":{"rendered":"Aprende a hacer kitesurf en 5 d\u00edas en Curazao"},"content":{"rendered":"<h2>\u00bfPor qu\u00e9 elegir un curso de kitesurf en Curazao?<\/h2><p>El <a href=\"https:\/\/staging.curacaotodo.com\/es\/actividades-acuaticas\/kitesurf-curazao\/\">kitesurf<\/a> en Curazao ofrece condiciones perfectas con vientos alisios constantes, aguas c\u00e1lidas e impresionantes paisajes costeros. Aprender en un entorno tan ideal garantiza que aproveches al m\u00e1ximo tus sesiones de entrenamiento. Con instructores expertos y equipos de primer nivel, estar\u00e1 preparado para el \u00e9xito desde el primer d\u00eda.  <\/p><h2>Descripci\u00f3n general del curso<\/h2><h3>D\u00eda 1: Introducci\u00f3n al Kiteboarding<\/h3><p>Su primer d\u00eda se trata de sentirse c\u00f3modo con el equipo y comprender los conceptos b\u00e1sicos. Empezar\u00e1s con: <\/p><ul><li><strong>Configuraci\u00f3n de la cometa<\/strong>: Aprende a configurar tu cometa de forma segura.<\/li><li><strong>Teor\u00eda del viento<\/strong>: Comprende c\u00f3mo afecta el viento a tu kitesurf.<\/li><li><strong>Sistemas de seguridad<\/strong>: Familiar\u00edcese con los procedimientos de seguridad esenciales.<\/li><li><strong>Control de la cometa<\/strong>: Practica el control de la cometa en la playa.<\/li><li><strong>Golpes de potencia<\/strong>: Familiar\u00edzate con la generaci\u00f3n de potencia con la cometa.<\/li><\/ul><h3>D\u00eda 2: Construyendo sobre lo b\u00e1sico<\/h3><p>El segundo d\u00eda refuerza lo aprendido e introduce nuevas habilidades:<\/p><ul><li><strong>Verificaci\u00f3n de recuerdo<\/strong>: Revise la configuraci\u00f3n de la cometa y los sistemas de seguridad.<\/li><li><strong>Control de la cometa<\/strong>: Mejora tus habilidades de manejo de la cometa.<\/li><li><strong>Powerstrokes<\/strong>: Perfecciona tus golpes de potencia.<\/li><li><strong>Body Drag<\/strong>: Aprende a hacer body drag en el agua, una habilidad esencial para recuperar tu tabla.<\/li><\/ul><h3>D\u00eda 3: Salida en el agua y navegaci\u00f3n a favor del viento<\/h3><p>Al tercer d\u00eda, estar\u00e1s listo para meterte en el agua con tu tabla:<\/p><ul><li><strong>Lanzamiento y aterrizaje<\/strong>: Practica el lanzamiento y aterrizaje de tu cometa de forma segura.<\/li><li><strong>Water Start<\/strong>: Aprende la t\u00e9cnica para subirte a tu tabla.<\/li><li><strong>Conducci\u00f3n a favor del viento<\/strong>: Comience a <a href=\"https:\/\/staging.curacaotodo.com\/es\/actividades-acuaticas\/sailing\/\">navegar<\/a> a favor del viento con control.<\/li><\/ul><h3>D\u00eda 4: Cabalgando con viento cruzado<\/h3><p>El cuarto d\u00eda se centra en mejorar tu t\u00e9cnica de conducci\u00f3n:<\/p><ul><li><strong>Inicio de agua<\/strong>: Contin\u00fae perfeccionando su inicio de agua.<\/li><li><strong>Montar con viento cruzado<\/strong>: Aprende a navegar a trav\u00e9s del viento, una habilidad clave para la conducci\u00f3n independiente.<\/li><\/ul><h3>D\u00eda 5: Cabalgando contra el viento y auto-rescate<\/h3><p>El \u00faltimo d\u00eda, abordar\u00e1s las t\u00e9cnicas avanzadas necesarias para conducir de forma independiente:<\/p><ul><li><strong>Cabalgar contra el viento<\/strong>: Domina la habilidad de navegar contra el viento.<\/li><li><strong>Autorescate<\/strong>: Aprenda a realizar un auto-rescate si es necesario.<\/li><\/ul><h2>Inclusiones del curso<\/h2><p>El curso incluye todo lo que necesitas para empezar:<\/p><ul><li>Set completo de kitesurf<\/li><li>Radios BBTalkin para una comunicaci\u00f3n clara con su instructor<\/li><li>Zapatos para el agua, camisa UV y protector solar<\/li><li>An\u00e1lisis opcional de lecciones en video para comentarios personalizados<\/li><li>Servicio de recogida y devoluci\u00f3n disponible<\/li><\/ul><h2>Reservar su curso<\/h2><p>\u00bfListo para comenzar tu aventura de kitesurf? Reservar es f\u00e1cil: <\/p><ol><li>Visite CuracaoTodo.com y haga clic en el bot\u00f3n &#8216;Reservar ahora&#8217;.<\/li><li>Elija su curso preferido y cont\u00e1ctenos para discutir sus fechas disponibles.<\/li><li>Configura la fecha y la hora de tus clases, \u00a1y ya est\u00e1 todo listo!<\/li><\/ol><h2>Despu\u00e9s del curso<\/h2><p>Al completar el curso, estar\u00e1 equipado para:<\/p><ul><li>Configura y usa tu cometa de forma independiente.<\/li><li>Recuperar un tablero perdido.<\/li><li>Relanza tu cometa desde el agua.<\/li><li>Realice el autorrescate si es necesario.<\/li><li>Conc\u00e9ntrate en refinar tus giros y t\u00e9cnicas de lanzamiento terrestre.<\/li><\/ul><p>El kitesurf es un deporte emocionante que ofrece una forma \u00fanica de explorar las aguas de Curazao. Con el curso completo de kitesurf para principiantes de 5 d\u00edas, ganar\u00e1s las habilidades y la confianza para disfrutar de este deporte por tu cuenta. Para obtener la mejor y m\u00e1s completa informaci\u00f3n sobre todas las <a href=\"https:\/\/staging.curacaotodo.com\/es\/actividades\/\">actividades<\/a> en Curazao, aseg\u00farese de visitar CuracaoTodo.com. \u00a1Reserva tu curso hoy y emb\u00e1rcate en una aventura inolvidable!   <\/p>","protected":false},"excerpt":{"rendered":"<p>Curazao es un para\u00edso para los entusiastas de los deportes acu\u00e1ticos, y el kitesurf es una de las actividades m\u00e1s emocionantes que puedes experimentar en la isla. Tanto si eres un adicto a la adrenalina como si simplemente buscas probar algo nuevo, CuracaoTodo.com tiene la informaci\u00f3n m\u00e1s completa sobre los mejores cursos de kitesurf disponibles. Uno de los programas mejor calificados es el curso completo de kitesurf para principiantes de 5 d\u00edas, dise\u00f1ado para llevarlo de un novato completo a un rider independiente.  <\/p>\n","protected":false},"featured_media":21946,"comment_status":"open","ping_status":"closed","template":"","meta":{"_acf_changed":false},"activity-source":[],"company-partner":[],"store":[],"product_brand":[],"product_cat":[466,3288],"product_tag":[4204],"class_list":{"0":"post-59272","1":"product","2":"type-product","3":"status-publish","4":"has-post-thumbnail","6":"product_cat-sin-categorizar","7":"product_cat-kitesurf","8":"product_tag-awasalukiteboardingcuracao-es","10":"first","11":"instock","12":"shipping-taxable","13":"product-type-simple"},"acf":[],"_links":{"self":[{"href":"https:\/\/staging.curacaotodo.com\/es\/wp-json\/wp\/v2\/product\/59272","targetHints":{"allow":["GET"]}}],"collection":[{"href":"https:\/\/staging.curacaotodo.com\/es\/wp-json\/wp\/v2\/product"}],"about":[{"href":"https:\/\/staging.curacaotodo.com\/es\/wp-json\/wp\/v2\/types\/product"}],"replies":[{"embeddable":true,"href":"https:\/\/staging.curacaotodo.com\/es\/wp-json\/wp\/v2\/comments?post=59272"}],"wp:featuredmedia":[{"embeddable":true,"href":"https:\/\/staging.curacaotodo.com\/es\/wp-json\/wp\/v2\/media\/21946"}],"wp:attachment":[{"href":"https:\/\/staging.curacaotodo.com\/es\/wp-json\/wp\/v2\/media?parent=59272"}],"wp:term":[{"taxonomy":"activity-source","embeddable":true,"href":"https:\/\/staging.curacaotodo.com\/es\/wp-json\/wp\/v2\/activity-source?post=59272"},{"taxonomy":"company-partner","embeddable":true,"href":"https:\/\/staging.curacaotodo.com\/es\/wp-json\/wp\/v2\/company-partner?post=59272"},{"taxonomy":"store","embeddable":true,"href":"https:\/\/staging.curacaotodo.com\/es\/wp-json\/wp\/v2\/store?post=59272"},{"taxonomy":"product_brand","embeddable":true,"href":"https:\/\/staging.curacaotodo.com\/es\/wp-json\/wp\/v2\/product_brand?post=59272"},{"taxonomy":"product_cat","embeddable":true,"href":"https:\/\/staging.curacaotodo.com\/es\/wp-json\/wp\/v2\/product_cat?post=59272"},{"taxonomy":"product_tag","embeddable":true,"href":"https:\/\/staging.curacaotodo.com\/es\/wp-json\/wp\/v2\/product_tag?post=59272"}],"curies":[{"name":"wp","href":"https:\/\/api.w.org\/{rel}","templated":true}]}}