{"id":59271,"date":"2024-06-13T14:26:57","date_gmt":"2024-06-13T14:26:57","guid":{"rendered":"https:\/\/curacaotodo.com\/activity\/curso-de-kitesurf-para-principiantes-en-curazao-tu-aventura-de-3-dias\/"},"modified":"2024-06-13T14:26:57","modified_gmt":"2024-06-13T18:26:57","slug":"curso-de-kitesurf-para-principiantes-en-curazao-tu-aventura-de-3-dias","status":"publish","type":"product","link":"https:\/\/staging.curacaotodo.com\/es\/actividad\/curso-de-kitesurf-para-principiantes-en-curazao-tu-aventura-de-3-dias\/","title":{"rendered":"Curso de kitesurf para principiantes en Curazao: tu aventura de 3 d\u00edas"},"content":{"rendered":"<h2>Introducci\u00f3n al Kiteboarding en Curazao<\/h2><p>Curazao es un para\u00edso para los entusiastas de los deportes acu\u00e1ticos, y el <a href=\"https:\/\/staging.curacaotodo.com\/es\/actividades-acuaticas\/kitesurf-curazao\/\">kitesurf<\/a> no es una excepci\u00f3n. Con vientos alisios constantes, aguas c\u00e1lidas y playas pintorescas, es el destino perfecto para aprender y dominar el kitesurf. En CuracaoTodo.com, te proporcionamos la informaci\u00f3n m\u00e1s completa sobre <a href=\"https:\/\/staging.curacaotodo.com\/es\/actividades\/\">actividades<\/a> y atracciones de la isla, para que tengas una experiencia inolvidable.  <\/p><h2>Descripci\u00f3n general del curso<\/h2><p>Nuestro curso de kitesurf para principiantes de 3 d\u00edas est\u00e1 meticulosamente dise\u00f1ado para garantizar que aproveches al m\u00e1ximo tu tiempo en el agua. Esto es lo que puede esperar: <\/p><h3>D\u00eda 1: Una introducci\u00f3n divertida y salada<\/h3><ul><li><strong>Teor\u00eda del viento<\/strong>: Comprender los fundamentos de c\u00f3mo el viento afecta al kitesurf.<\/li><li><strong>Configuraci\u00f3n de la cometa<\/strong>: Aprende los pasos esenciales para configurar tu cometa.<\/li><li><strong>Sistema de seguridad<\/strong>: familiar\u00edcese con los mecanismos de seguridad cruciales.<\/li><li><strong>Control de la cometa<\/strong>: Domina los conceptos b\u00e1sicos de maniobrar tu cometa.<\/li><li><strong>Golpes de potencia<\/strong>: Practique las t\u00e9cnicas para aprovechar la energ\u00eda e\u00f3lica de manera efectiva.<\/li><\/ul><h3>D\u00eda 2: Progreso y pr\u00e1ctica<\/h3><ul><li><strong>Control de la cometa<\/strong>: Refina tu control sobre la cometa.<\/li><li><strong>Relanzamiento acu\u00e1tico<\/strong>: Aprende a relanzar tu cometa desde el agua.<\/li><li><strong>Golpes de potencia<\/strong>: Contin\u00fae practicando golpes de potencia con m\u00e1s precisi\u00f3n.<\/li><li><strong>Body Drag<\/strong>: Domina la t\u00e9cnica de body drag para maniobrar sin la tabla.<\/li><li><strong>Boardstarts<\/strong>: Comienza tu viaje para subir a la tabla.<\/li><\/ul><h3>D\u00eda 3: Cabalgando las olas<\/h3><ul><li><strong>Auto-Rescate: Aprenda<\/strong> t\u00e9cnicas esenciales de auto-rescate.<\/li><li><strong>Golpes de potencia<\/strong>: Perfecciona tus golpes de potencia.<\/li><li><strong>Boardstarts<\/strong>: Practica y mejora tus boardstarts.<\/li><li><strong>Kiteboard<\/strong>: Comienza a recorrer distancias cortas, prepar\u00e1ndote para avanzar a\u00fan m\u00e1s en tus habilidades.<\/li><\/ul><h2>Inclusiones del curso y extras opcionales<\/h2><p>Nuestro curso garantiza que est\u00e9 bien equipado y c\u00f3modo durante toda su experiencia de aprendizaje. Esto es lo que est\u00e1 incluido: <\/p><ul><li><strong>Set completo de kitesurf<\/strong><\/li><li><strong>BBTalkin Radio<\/strong><\/li><li><strong>Zapatos de agua<\/strong><\/li><li><strong>Camisa UV<\/strong><\/li><li><strong>Protector solar<\/strong><\/li><\/ul><h3>Extras opcionales:<\/h3><ul><li><strong>Servicio de recogida y devoluci\u00f3n<\/strong><\/li><li><strong>An\u00e1lisis de lecciones en video<\/strong><\/li><\/ul><h2>Reserva tu curso de kitesurf<\/h2><p>Reservar tu aventura de kitesurf es sencillo. Decide el curso que te entusiasma, toca el bot\u00f3n \u00abReservar ahora\u00bb y elige tu medio de contacto preferido. Despu\u00e9s de contactarnos, discutiremos los detalles del curso y configuraremos sus lecciones.  <\/p><h3>Precios:<\/h3><ul><li><strong>1 alumno<\/strong>: 3 x 2 horas | 440 \u20ac | $460 | \u0192825<\/li><li><strong>2 estudiantes<\/strong>: 3 x 3 horas | 710 \u20ac | $750 | \u01921,340<\/li><\/ul><h2>Despu\u00e9s del curso<\/h2><p>Al final del curso, podr\u00e1s configurar y controlar la cometa como un profesional, subirte a la tabla y recorrer distancias cortas. El siguiente paso es refinar tu t\u00e9cnica para cambiar de direcci\u00f3n y detenerte con control. <\/p><h2>\u00bfPor qu\u00e9 elegir CuracaoTodo.com?<\/h2><p>CuracaoTodo.com es su recurso de referencia para todo lo relacionado con Curazao. Desde gu\u00edas de viaje detalladas hasta las mejores recomendaciones de actividades, nos aseguramos de que su viaje est\u00e9 lleno de experiencias memorables. Visite nuestro sitio web para obtener la informaci\u00f3n m\u00e1s precisa y completa sobre las atracciones de Curazao.  <\/p><h2>\u00a1Reserva ahora y comienza tu viaje de kitesurf!<\/h2><p>\u00bfListo para embarcarte en una emocionante aventura de kitesurf en Curazao? Reserva tu curso de kitesurf para principiantes hoy y prep\u00e1rate para una experiencia \u00fanica en la vida. Divi\u00e9rtete, mantente seguro y deja que CuracaoTodo.com sea tu compa\u00f1ero de viaje de confianza.  <\/p><p><strong>\u00a1RESERVA AHORA!<\/strong><\/p><p>Para obtener m\u00e1s informaci\u00f3n y reservas, visite CuracaoTodo.com.<\/p>","protected":false},"excerpt":{"rendered":"<p>\u00a1Bienvenido a la gu\u00eda definitiva de kitesurf en Curazao! Tanto si eres un completo novato como si has incursionado en este deporte, nuestro curso de kitesurf para principiantes de 3 d\u00edas est\u00e1 dise\u00f1ado para convertir tus aspiraciones en realidad. Sum\u00e9rgete en el apasionante mundo del kitesurf con la gu\u00eda de expertos, las impresionantes aguas del Caribe y los mejores consejos de viaje de CuracaoTodo.com.  <\/p>\n","protected":false},"featured_media":21935,"comment_status":"open","ping_status":"closed","template":"","meta":{"_acf_changed":false},"activity-source":[],"company-partner":[],"store":[],"product_brand":[],"product_cat":[466,3288],"product_tag":[4204],"class_list":{"0":"post-59271","1":"product","2":"type-product","3":"status-publish","4":"has-post-thumbnail","6":"product_cat-sin-categorizar","7":"product_cat-kitesurf","8":"product_tag-awasalukiteboardingcuracao-es","10":"first","11":"instock","12":"shipping-taxable","13":"product-type-simple"},"acf":[],"_links":{"self":[{"href":"https:\/\/staging.curacaotodo.com\/es\/wp-json\/wp\/v2\/product\/59271","targetHints":{"allow":["GET"]}}],"collection":[{"href":"https:\/\/staging.curacaotodo.com\/es\/wp-json\/wp\/v2\/product"}],"about":[{"href":"https:\/\/staging.curacaotodo.com\/es\/wp-json\/wp\/v2\/types\/product"}],"replies":[{"embeddable":true,"href":"https:\/\/staging.curacaotodo.com\/es\/wp-json\/wp\/v2\/comments?post=59271"}],"wp:featuredmedia":[{"embeddable":true,"href":"https:\/\/staging.curacaotodo.com\/es\/wp-json\/wp\/v2\/media\/21935"}],"wp:attachment":[{"href":"https:\/\/staging.curacaotodo.com\/es\/wp-json\/wp\/v2\/media?parent=59271"}],"wp:term":[{"taxonomy":"activity-source","embeddable":true,"href":"https:\/\/staging.curacaotodo.com\/es\/wp-json\/wp\/v2\/activity-source?post=59271"},{"taxonomy":"company-partner","embeddable":true,"href":"https:\/\/staging.curacaotodo.com\/es\/wp-json\/wp\/v2\/company-partner?post=59271"},{"taxonomy":"store","embeddable":true,"href":"https:\/\/staging.curacaotodo.com\/es\/wp-json\/wp\/v2\/store?post=59271"},{"taxonomy":"product_brand","embeddable":true,"href":"https:\/\/staging.curacaotodo.com\/es\/wp-json\/wp\/v2\/product_brand?post=59271"},{"taxonomy":"product_cat","embeddable":true,"href":"https:\/\/staging.curacaotodo.com\/es\/wp-json\/wp\/v2\/product_cat?post=59271"},{"taxonomy":"product_tag","embeddable":true,"href":"https:\/\/staging.curacaotodo.com\/es\/wp-json\/wp\/v2\/product_tag?post=59271"}],"curies":[{"name":"wp","href":"https:\/\/api.w.org\/{rel}","templated":true}]}}