{"id":59270,"date":"2024-06-13T14:24:37","date_gmt":"2024-06-13T14:24:37","guid":{"rendered":"https:\/\/curacaotodo.com\/activity\/introduccion-al-kitesurf-en-curazao\/"},"modified":"2024-06-13T14:24:37","modified_gmt":"2024-06-13T18:24:37","slug":"introduccion-al-kitesurf-en-curazao","status":"publish","type":"product","link":"https:\/\/staging.curacaotodo.com\/es\/actividad\/introduccion-al-kitesurf-en-curazao\/","title":{"rendered":"Introducci\u00f3n al kitesurf en Curazao"},"content":{"rendered":"<h2>Qu\u00e9 esperar de tu clase de kitesurf<\/h2><h3>Orientaci\u00f3n al Kiteboarding<\/h3><p>La lecci\u00f3n de iniciaci\u00f3n al <a href=\"https:\/\/staging.curacaotodo.com\/es\/actividades-acuaticas\/kitesurf-curazao\/\">kitesurf<\/a> est\u00e1 dise\u00f1ada para principiantes absolutos. El objetivo de esta lecci\u00f3n es familiarizarte con los conceptos b\u00e1sicos del control de cometas, asegurando una experiencia divertida y segura. Esto es lo que puede esperar:  <\/p><h4>Configuraci\u00f3n de cometas y sistemas de seguridad<\/h4><p>Aprender a configurar la cometa y comprender los sistemas de seguridad es crucial. Se te guiar\u00e1 a trav\u00e9s del proceso de preparaci\u00f3n de tu equipo de kitesurf, asegur\u00e1ndote de que todo est\u00e9 seguro y listo para la acci\u00f3n. <\/p><h4>Control b\u00e1sico de la cometa<\/h4><p>Dominar el control b\u00e1sico de la cometa es la base del kitesurf. Durante la lecci\u00f3n, practicar\u00e1s el uso de los sistemas de seguridad, el relanzamiento de la cometa despu\u00e9s de un choque y el control de la potencia de la cometa a trav\u00e9s de varias maniobras. <\/p><h4>Relanzamiento en el agua y golpes de potencia<\/h4><p>Una de las partes emocionantes de la lecci\u00f3n es aprender a relanzar la cometa desde el agua. Tambi\u00e9n practicar\u00e1s golpes de potencia, una t\u00e9cnica para generar la fuerza necesaria para levantarte sobre la tabla. <\/p><h3>Experiencia de aprendizaje divertida y atractiva<\/h3><p>La lecci\u00f3n de iniciaci\u00f3n al kitesurf promete un gran factor de diversi\u00f3n. Cada estudiante aprende a su propio ritmo, lo que hace que la experiencia sea agradable y sin estr\u00e9s. Con configuraciones individuales o en grupos peque\u00f1os, se garantiza una atenci\u00f3n personalizada.  <\/p><h2>Detalles y precios del curso<\/h2><h3>Clases individuales y grupales<\/h3><ul><li><strong>1 alumno<\/strong>: 2 horas | 160 \u20ac | $170 | \u0192300<\/li><li><strong>2 estudiantes<\/strong>: 3 horas | 265 \u20ac | $280 | \u0192500<\/li><\/ul><h3>Inclusiones<\/h3><p>Tu clase de kitesurf incluye:<\/p><ul><li>Set completo de kitesurf<\/li><li>BBTalkin Radio para la comunicaci\u00f3n<\/li><li>Zapatos de agua<\/li><li>Camiseta UV<\/li><li>Protector solar<\/li><\/ul><p>Los servicios opcionales, como la recogida y devoluci\u00f3n y el an\u00e1lisis de lecciones en video, tambi\u00e9n est\u00e1n disponibles para mejorar su experiencia de aprendizaje.<\/p><h3>Despu\u00e9s del curso<\/h3><p>Al final de la lecci\u00f3n, podr\u00e1s configurar y usar la cometa con confianza. El siguiente paso ser\u00e1 perfeccionar tu t\u00e9cnica para usar la tabla de kitesurf de manera efectiva. <\/p><h2>Reserva tu clase de kitesurf<\/h2><p>Reservar tu clase de kitesurf es f\u00e1cil con CuracaoTodo.com. Sigue estos sencillos pasos: <\/p><ol><li>Elija el curso que le interese y haga clic en el bot\u00f3n &#8216;Reservar ahora&#8217;.<\/li><li>Seleccione su m\u00e9todo de contacto preferido.<\/li><li>Discuta su selecci\u00f3n de cursos y fechas disponibles con el instructor.<\/li><li>Una vez confirmada la fecha y la hora, estar\u00e1s listo para una experiencia de kitesurf inolvidable.<\/li><\/ol><h2>Conclusi\u00f3n<\/h2><p>El kitesurf en Curazao ofrece una aventura inigualable en uno de los escenarios m\u00e1s bellos del Caribe. Visite CuracaoTodo.com para obtener la mejor y m\u00e1s completa informaci\u00f3n sobre esta y otras <a href=\"https:\/\/staging.curacaotodo.com\/es\/actividades\/\">actividades<\/a> emocionantes en la isla. \u00a1Reserva tu lecci\u00f3n de iniciaci\u00f3n al kitesurf hoy y comienza tu viaje al emocionante mundo del kitesurf!  <\/p>","protected":false},"excerpt":{"rendered":"<p>\u00bfEst\u00e1s listo para embarcarte en una emocionante aventura en las impresionantes aguas de Curazao? En CuracaoTodo.com, tu gu\u00eda definitiva de la isla, te traemos la mejor y m\u00e1s completa informaci\u00f3n sobre emocionantes actividades y atracciones. Una de las mejores experiencias que recomendamos es la Lecci\u00f3n de Introducci\u00f3n al Kiteboarding, un comienzo perfecto para los principiantes ansiosos por sumergirse en el emocionante mundo del kitesurf.  <br data-mce-bogus=\"1\"><\/p>\n","protected":false},"featured_media":21923,"comment_status":"open","ping_status":"closed","template":"","meta":{"_acf_changed":false},"activity-source":[],"company-partner":[],"store":[],"product_brand":[],"product_cat":[466,3288],"product_tag":[4204],"class_list":{"0":"post-59270","1":"product","2":"type-product","3":"status-publish","4":"has-post-thumbnail","6":"product_cat-sin-categorizar","7":"product_cat-kitesurf","8":"product_tag-awasalukiteboardingcuracao-es","10":"first","11":"instock","12":"shipping-taxable","13":"product-type-simple"},"acf":[],"_links":{"self":[{"href":"https:\/\/staging.curacaotodo.com\/es\/wp-json\/wp\/v2\/product\/59270","targetHints":{"allow":["GET"]}}],"collection":[{"href":"https:\/\/staging.curacaotodo.com\/es\/wp-json\/wp\/v2\/product"}],"about":[{"href":"https:\/\/staging.curacaotodo.com\/es\/wp-json\/wp\/v2\/types\/product"}],"replies":[{"embeddable":true,"href":"https:\/\/staging.curacaotodo.com\/es\/wp-json\/wp\/v2\/comments?post=59270"}],"wp:featuredmedia":[{"embeddable":true,"href":"https:\/\/staging.curacaotodo.com\/es\/wp-json\/wp\/v2\/media\/21923"}],"wp:attachment":[{"href":"https:\/\/staging.curacaotodo.com\/es\/wp-json\/wp\/v2\/media?parent=59270"}],"wp:term":[{"taxonomy":"activity-source","embeddable":true,"href":"https:\/\/staging.curacaotodo.com\/es\/wp-json\/wp\/v2\/activity-source?post=59270"},{"taxonomy":"company-partner","embeddable":true,"href":"https:\/\/staging.curacaotodo.com\/es\/wp-json\/wp\/v2\/company-partner?post=59270"},{"taxonomy":"store","embeddable":true,"href":"https:\/\/staging.curacaotodo.com\/es\/wp-json\/wp\/v2\/store?post=59270"},{"taxonomy":"product_brand","embeddable":true,"href":"https:\/\/staging.curacaotodo.com\/es\/wp-json\/wp\/v2\/product_brand?post=59270"},{"taxonomy":"product_cat","embeddable":true,"href":"https:\/\/staging.curacaotodo.com\/es\/wp-json\/wp\/v2\/product_cat?post=59270"},{"taxonomy":"product_tag","embeddable":true,"href":"https:\/\/staging.curacaotodo.com\/es\/wp-json\/wp\/v2\/product_tag?post=59270"}],"curies":[{"name":"wp","href":"https:\/\/api.w.org\/{rel}","templated":true}]}}