{"id":59264,"date":"2021-05-17T15:22:40","date_gmt":"2021-05-17T15:22:40","guid":{"rendered":"https:\/\/curacaotodo.com\/activity\/leccion-para-principiantes-4-arranque-y-conduccion-en-el-agua\/"},"modified":"2021-05-17T15:22:40","modified_gmt":"2021-05-17T19:22:40","slug":"leccion-para-principiantes-4-arranque-y-conduccion-en-el-agua","status":"publish","type":"product","link":"https:\/\/staging.curacaotodo.com\/es\/actividad\/leccion-para-principiantes-4-arranque-y-conduccion-en-el-agua\/","title":{"rendered":"Lecci\u00f3n para principiantes 4 \u2013 Arranque y conducci\u00f3n en el agua"},"content":{"rendered":"<p>\u00a1Subirse a la tabla es una cosa, mantenerse arriba es otra muy distinta! Lo guiaremos a trav\u00e9s de esta complicada etapa con una supervisi\u00f3n experta y astuta, asegur\u00e1ndonos de que obtenga esa carrera de una milla de largo, \u00a1incluso si Venezuela es la pr\u00f3xima parada! La instrucci\u00f3n incluye:<\/p>\n<p>La relaci\u00f3n entre la direcci\u00f3n y la velocidad de la tabla.<br \/>\nEquilibrio y distribuci\u00f3n del peso.<br \/>\nPosici\u00f3n.<br \/>\nPosici\u00f3n de la cometa y golpes de potencia. Qu\u00e9 hacer con tu cometa para seguir navegando. <\/p>\n","protected":false},"excerpt":{"rendered":"<p>\u00a1Subirse a la tabla es una cosa, mantenerse arriba es otra muy distinta! Lo guiaremos a trav\u00e9s de esta complicada etapa con una supervisi\u00f3n experta y astuta, asegur\u00e1ndonos de que obtenga esa carrera de una milla de largo, \u00a1incluso si Venezuela es la pr\u00f3xima parada! La instrucci\u00f3n incluye: La relaci\u00f3n entre la direcci\u00f3n y la [&hellip;]<\/p>\n","protected":false},"featured_media":17095,"comment_status":"open","ping_status":"closed","template":"","meta":{"_acf_changed":false},"activity-source":[],"company-partner":[],"store":[],"product_brand":[],"product_cat":[466,3288],"product_tag":[],"class_list":{"0":"post-59264","1":"product","2":"type-product","3":"status-publish","4":"has-post-thumbnail","6":"product_cat-sin-categorizar","7":"product_cat-kitesurf","9":"first","10":"instock","11":"virtual","12":"sold-individually","13":"product-type-simple"},"acf":[],"_links":{"self":[{"href":"https:\/\/staging.curacaotodo.com\/es\/wp-json\/wp\/v2\/product\/59264","targetHints":{"allow":["GET"]}}],"collection":[{"href":"https:\/\/staging.curacaotodo.com\/es\/wp-json\/wp\/v2\/product"}],"about":[{"href":"https:\/\/staging.curacaotodo.com\/es\/wp-json\/wp\/v2\/types\/product"}],"replies":[{"embeddable":true,"href":"https:\/\/staging.curacaotodo.com\/es\/wp-json\/wp\/v2\/comments?post=59264"}],"wp:featuredmedia":[{"embeddable":true,"href":"https:\/\/staging.curacaotodo.com\/es\/wp-json\/wp\/v2\/media\/17095"}],"wp:attachment":[{"href":"https:\/\/staging.curacaotodo.com\/es\/wp-json\/wp\/v2\/media?parent=59264"}],"wp:term":[{"taxonomy":"activity-source","embeddable":true,"href":"https:\/\/staging.curacaotodo.com\/es\/wp-json\/wp\/v2\/activity-source?post=59264"},{"taxonomy":"company-partner","embeddable":true,"href":"https:\/\/staging.curacaotodo.com\/es\/wp-json\/wp\/v2\/company-partner?post=59264"},{"taxonomy":"store","embeddable":true,"href":"https:\/\/staging.curacaotodo.com\/es\/wp-json\/wp\/v2\/store?post=59264"},{"taxonomy":"product_brand","embeddable":true,"href":"https:\/\/staging.curacaotodo.com\/es\/wp-json\/wp\/v2\/product_brand?post=59264"},{"taxonomy":"product_cat","embeddable":true,"href":"https:\/\/staging.curacaotodo.com\/es\/wp-json\/wp\/v2\/product_cat?post=59264"},{"taxonomy":"product_tag","embeddable":true,"href":"https:\/\/staging.curacaotodo.com\/es\/wp-json\/wp\/v2\/product_tag?post=59264"}],"curies":[{"name":"wp","href":"https:\/\/api.w.org\/{rel}","templated":true}]}}