{"id":59263,"date":"2020-02-26T20:35:24","date_gmt":"2020-02-26T20:35:24","guid":{"rendered":"https:\/\/curacaotodo.com\/activity\/leccion-para-principiantes-1-conceptos-basicos-de-vuelo-de-cometas\/"},"modified":"2020-02-26T20:35:24","modified_gmt":"2020-02-27T00:35:24","slug":"leccion-para-principiantes-1-conceptos-basicos-de-vuelo-de-cometas","status":"publish","type":"product","link":"https:\/\/staging.curacaotodo.com\/es\/actividad\/leccion-para-principiantes-1-conceptos-basicos-de-vuelo-de-cometas\/","title":{"rendered":"Lecci\u00f3n para principiantes 1 \u2013 Conceptos b\u00e1sicos de vuelo de cometas"},"content":{"rendered":"<p>Su primera lecci\u00f3n comienza en tierra con una peque\u00f1a cometa de entrenamiento y avanza hasta la playa donde explicamos c\u00f3mo montar tu cometa. Dependiendo de lo bien que domines los diversos ejercicios de vuelo de cometas en tierra, incluso puedes probar una cometa de <a href=\"https:\/\/staging.curacaotodo.com\/es\/actividades-acuaticas\/kitesurf-curazao\/\">kitesurf<\/a> de cuatro l\u00edneas en el agua. Cubierto en esta lecci\u00f3n:  <\/p><p>Teor\u00eda<\/p><p>La ventana de viento y la terminolog\u00eda de la cometa de ce\u00f1ida \/ downwind<br \/>de Power Zone<\/p><p>Pr\u00e1ctico<\/p><p>C\u00f3mo controlar la cometa.<br \/>Posiciones del reloj.<br \/>Figura 8 y variaciones.<br \/>Ca\u00eddas de energ\u00eda.<br \/>Presentamos el arn\u00e9s y el control de la cometa con una sola mano.<br \/>Aparejo de la cometa.<\/p>","protected":false},"excerpt":{"rendered":"<p>Su primera lecci\u00f3n comienza en tierra con una peque\u00f1a cometa de entrenamiento y avanza hasta la playa donde explicamos c\u00f3mo montar tu cometa. Dependiendo de lo bien que domines los diversos ejercicios de vuelo de cometas en tierra, incluso puedes probar una cometa de kitesurf de cuatro l\u00edneas en el agua. Cubierto en esta lecci\u00f3n: [&hellip;]<\/p>\n","protected":false},"featured_media":17072,"comment_status":"open","ping_status":"closed","template":"","meta":{"_acf_changed":false},"activity-source":[],"company-partner":[],"store":[],"product_brand":[],"product_cat":[466,3288],"product_tag":[],"class_list":{"0":"post-59263","1":"product","2":"type-product","3":"status-publish","4":"has-post-thumbnail","6":"product_cat-sin-categorizar","7":"product_cat-kitesurf","9":"first","10":"instock","11":"virtual","12":"sold-individually","13":"product-type-simple"},"acf":[],"_links":{"self":[{"href":"https:\/\/staging.curacaotodo.com\/es\/wp-json\/wp\/v2\/product\/59263","targetHints":{"allow":["GET"]}}],"collection":[{"href":"https:\/\/staging.curacaotodo.com\/es\/wp-json\/wp\/v2\/product"}],"about":[{"href":"https:\/\/staging.curacaotodo.com\/es\/wp-json\/wp\/v2\/types\/product"}],"replies":[{"embeddable":true,"href":"https:\/\/staging.curacaotodo.com\/es\/wp-json\/wp\/v2\/comments?post=59263"}],"wp:featuredmedia":[{"embeddable":true,"href":"https:\/\/staging.curacaotodo.com\/es\/wp-json\/"}],"wp:attachment":[{"href":"https:\/\/staging.curacaotodo.com\/es\/wp-json\/wp\/v2\/media?parent=59263"}],"wp:term":[{"taxonomy":"activity-source","embeddable":true,"href":"https:\/\/staging.curacaotodo.com\/es\/wp-json\/wp\/v2\/activity-source?post=59263"},{"taxonomy":"company-partner","embeddable":true,"href":"https:\/\/staging.curacaotodo.com\/es\/wp-json\/wp\/v2\/company-partner?post=59263"},{"taxonomy":"store","embeddable":true,"href":"https:\/\/staging.curacaotodo.com\/es\/wp-json\/wp\/v2\/store?post=59263"},{"taxonomy":"product_brand","embeddable":true,"href":"https:\/\/staging.curacaotodo.com\/es\/wp-json\/wp\/v2\/product_brand?post=59263"},{"taxonomy":"product_cat","embeddable":true,"href":"https:\/\/staging.curacaotodo.com\/es\/wp-json\/wp\/v2\/product_cat?post=59263"},{"taxonomy":"product_tag","embeddable":true,"href":"https:\/\/staging.curacaotodo.com\/es\/wp-json\/wp\/v2\/product_tag?post=59263"}],"curies":[{"name":"wp","href":"https:\/\/api.w.org\/{rel}","templated":true}]}}