{"id":59261,"date":"2019-05-23T00:11:23","date_gmt":"2019-05-23T00:11:23","guid":{"rendered":"https:\/\/curacaotodo.com\/activity\/leccion-para-principiantes-2-habilidades-basicas\/"},"modified":"2019-05-23T00:11:23","modified_gmt":"2019-05-23T04:11:23","slug":"leccion-para-principiantes-2-habilidades-basicas","status":"publish","type":"product","link":"https:\/\/staging.curacaotodo.com\/es\/actividad\/leccion-para-principiantes-2-habilidades-basicas\/","title":{"rendered":"Lecci\u00f3n para principiantes 2 \u2013 Habilidades b\u00e1sicas"},"content":{"rendered":"<p>Esta lecci\u00f3n y todas las posteriores son en el agua con una cometa. Es de naturaleza predominantemente pr\u00e1ctica, aunque tambi\u00e9n discutimos un poco sobre los peligros potenciales, la ubicaci\u00f3n y las condiciones. Esta lecci\u00f3n se centra en tus habilidades esenciales de kite, asegur\u00e1ndote de que puedas relanzar tu cometa con confianza y volver a tu tabla antes de comenzar a hacer carreras. Incluido en la lecci\u00f3n:   <\/p>\n<p>Lanzamiento de la cometa desde la playa.<br \/>\nDemostraci\u00f3n de c\u00f3mo funciona la cometa y c\u00f3mo tirar\/empujar la barra afecta al comportamiento de la cometa.<br \/>\nControl general de la cometa: las posiciones del reloj y el control de la cometa con una sola mano.<br \/>\nRelanzar la cometa desde el agua. Qu\u00e9 hacer en m\u00faltiples escenarios y fuerzas del viento.<br \/>\nArrastre del cuerpo en ce\u00f1ida: volver a tu tabla.<br \/>\nArrastre corporal a favor del viento: recuperaci\u00f3n de tablas y autorrescate. <\/p>\n","protected":false},"excerpt":{"rendered":"<p>Esta lecci\u00f3n y todas las posteriores son en el agua con una cometa. Es de naturaleza predominantemente pr\u00e1ctica, aunque tambi\u00e9n discutimos un poco sobre los peligros potenciales, la ubicaci\u00f3n y las condiciones. Esta lecci\u00f3n se centra en tus habilidades esenciales de kite, asegur\u00e1ndote de que puedas relanzar tu cometa con confianza y volver a tu [&hellip;]<\/p>\n","protected":false},"featured_media":17079,"comment_status":"open","ping_status":"closed","template":"","meta":{"_acf_changed":false},"activity-source":[],"company-partner":[],"store":[],"product_brand":[],"product_cat":[466,3288],"product_tag":[],"class_list":{"0":"post-59261","1":"product","2":"type-product","3":"status-publish","4":"has-post-thumbnail","6":"product_cat-sin-categorizar","7":"product_cat-kitesurf","9":"first","10":"instock","11":"virtual","12":"sold-individually","13":"product-type-simple"},"acf":[],"_links":{"self":[{"href":"https:\/\/staging.curacaotodo.com\/es\/wp-json\/wp\/v2\/product\/59261","targetHints":{"allow":["GET"]}}],"collection":[{"href":"https:\/\/staging.curacaotodo.com\/es\/wp-json\/wp\/v2\/product"}],"about":[{"href":"https:\/\/staging.curacaotodo.com\/es\/wp-json\/wp\/v2\/types\/product"}],"replies":[{"embeddable":true,"href":"https:\/\/staging.curacaotodo.com\/es\/wp-json\/wp\/v2\/comments?post=59261"}],"wp:featuredmedia":[{"embeddable":true,"href":"https:\/\/staging.curacaotodo.com\/es\/wp-json\/"}],"wp:attachment":[{"href":"https:\/\/staging.curacaotodo.com\/es\/wp-json\/wp\/v2\/media?parent=59261"}],"wp:term":[{"taxonomy":"activity-source","embeddable":true,"href":"https:\/\/staging.curacaotodo.com\/es\/wp-json\/wp\/v2\/activity-source?post=59261"},{"taxonomy":"company-partner","embeddable":true,"href":"https:\/\/staging.curacaotodo.com\/es\/wp-json\/wp\/v2\/company-partner?post=59261"},{"taxonomy":"store","embeddable":true,"href":"https:\/\/staging.curacaotodo.com\/es\/wp-json\/wp\/v2\/store?post=59261"},{"taxonomy":"product_brand","embeddable":true,"href":"https:\/\/staging.curacaotodo.com\/es\/wp-json\/wp\/v2\/product_brand?post=59261"},{"taxonomy":"product_cat","embeddable":true,"href":"https:\/\/staging.curacaotodo.com\/es\/wp-json\/wp\/v2\/product_cat?post=59261"},{"taxonomy":"product_tag","embeddable":true,"href":"https:\/\/staging.curacaotodo.com\/es\/wp-json\/wp\/v2\/product_tag?post=59261"}],"curies":[{"name":"wp","href":"https:\/\/api.w.org\/{rel}","templated":true}]}}