{"id":58946,"date":"2022-03-20T15:00:49","date_gmt":"2022-03-20T15:00:49","guid":{"rendered":"https:\/\/curacaotodo.com\/activity\/excursion-buggy-este\/"},"modified":"2022-03-20T15:00:49","modified_gmt":"2022-03-20T19:00:49","slug":"excursion-buggy-este","status":"publish","type":"product","link":"https:\/\/staging.curacaotodo.com\/es\/actividad\/excursion-buggy-este\/","title":{"rendered":"Excursi\u00f3n Buggy Este"},"content":{"rendered":"<p>Hay muchas cosas que hacer en Cura\u00e7ao, pero una excursi\u00f3n de 3 horas en quad o buggy por el este de la isla ser\u00e1 una verdadera sorpresa para tus amigos o familiares.<br \/>Esta excursi\u00f3n te ofrece la oportunidad de verlo todo. Iremos a Seru Cocori, una monta\u00f1a donde podr\u00e1s contemplar vistas panor\u00e1micas de la encantadora isla de Cura\u00e7ao. Luego visitaremos la extensa Plantaci\u00f3n de Aloe Vera, donde podr\u00e1s obtener un 20% de descuento en productos y mucho m\u00e1s. La bah\u00eda de Sint Joris es la siguiente parada, donde podr\u00e1s ver d\u00f3nde se practica el mejor <a href=\"https:\/\/staging.curacaotodo.com\/es\/actividades-acuaticas\/kitesurf-curazao\/\">kitesurf<\/a> y <a href=\"https:\/\/staging.curacaotodo.com\/es\/actividades-acuaticas\/windsurfing\/\">windsurf<\/a> de la isla. All\u00ed tambi\u00e9n visitaremos la cueva de un antiguo volc\u00e1n inactivo. A continuaci\u00f3n, conduciremos por el lado de una antigua pista de carreras que recorre parte de la costa durante una milla que nos llevar\u00e1 a Boka Tabla, tambi\u00e9n conocida como bah\u00eda de \u00abHoutjes\u00bb, donde podr\u00e1s ver antiguas caba\u00f1as tradicionales de madera. Por \u00faltimo, conduciremos dos millas junto a las enormes turbinas e\u00f3licas costeras que generan electricidad para la isla hasta Playa Canoa. En Playa Canoa podr\u00e1s disfrutar de un refrescante ba\u00f1o durante unos 30 minutos y comprar bebidas. Despu\u00e9s de salir de Playa Canoa tardaremos 15 minutos en volver a la tienda.        <\/p><p>Aviso: La 5\u00aa y 6\u00aa persona al reservar son s\u00f3lo para un Buggy de 6 plazas. Si quieres m\u00e1s conductores, por favor, reserva m\u00e1s plazas. <\/p>","protected":false},"excerpt":{"rendered":"<p>Hay muchas cosas que hacer en Cura\u00e7ao, pero una excursi\u00f3n de 3 horas en quad o buggy por el este de la isla ser\u00e1 una verdadera sorpresa para tus amigos o familiares.Esta excursi\u00f3n te ofrece la oportunidad de verlo todo. Iremos a Seru Cocori, una monta\u00f1a donde podr\u00e1s contemplar vistas panor\u00e1micas de la encantadora isla [&hellip;]<\/p>\n","protected":false},"featured_media":17156,"comment_status":"open","ping_status":"closed","template":"","meta":{"_acf_changed":false},"activity-source":[],"company-partner":[],"store":[],"product_brand":[],"product_cat":[3267,466],"product_tag":[4188],"class_list":{"0":"post-58946","1":"product","2":"type-product","3":"status-publish","4":"has-post-thumbnail","6":"product_cat-adrenalina-extrema","7":"product_cat-sin-categorizar","8":"product_tag-excursiones-en-quad-y-buggy","10":"first","11":"instock","12":"virtual","13":"sold-individually","14":"product-type-simple"},"acf":[],"_links":{"self":[{"href":"https:\/\/staging.curacaotodo.com\/es\/wp-json\/wp\/v2\/product\/58946","targetHints":{"allow":["GET"]}}],"collection":[{"href":"https:\/\/staging.curacaotodo.com\/es\/wp-json\/wp\/v2\/product"}],"about":[{"href":"https:\/\/staging.curacaotodo.com\/es\/wp-json\/wp\/v2\/types\/product"}],"replies":[{"embeddable":true,"href":"https:\/\/staging.curacaotodo.com\/es\/wp-json\/wp\/v2\/comments?post=58946"}],"wp:featuredmedia":[{"embeddable":true,"href":"https:\/\/staging.curacaotodo.com\/es\/wp-json\/wp\/v2\/media\/17156"}],"wp:attachment":[{"href":"https:\/\/staging.curacaotodo.com\/es\/wp-json\/wp\/v2\/media?parent=58946"}],"wp:term":[{"taxonomy":"activity-source","embeddable":true,"href":"https:\/\/staging.curacaotodo.com\/es\/wp-json\/wp\/v2\/activity-source?post=58946"},{"taxonomy":"company-partner","embeddable":true,"href":"https:\/\/staging.curacaotodo.com\/es\/wp-json\/wp\/v2\/company-partner?post=58946"},{"taxonomy":"store","embeddable":true,"href":"https:\/\/staging.curacaotodo.com\/es\/wp-json\/wp\/v2\/store?post=58946"},{"taxonomy":"product_brand","embeddable":true,"href":"https:\/\/staging.curacaotodo.com\/es\/wp-json\/wp\/v2\/product_brand?post=58946"},{"taxonomy":"product_cat","embeddable":true,"href":"https:\/\/staging.curacaotodo.com\/es\/wp-json\/wp\/v2\/product_cat?post=58946"},{"taxonomy":"product_tag","embeddable":true,"href":"https:\/\/staging.curacaotodo.com\/es\/wp-json\/wp\/v2\/product_tag?post=58946"}],"curies":[{"name":"wp","href":"https:\/\/api.w.org\/{rel}","templated":true}]}}