{"id":58945,"date":"2020-08-28T06:53:04","date_gmt":"2020-08-28T06:53:04","guid":{"rendered":"https:\/\/curacaotodo.com\/activity\/recorrido-por-el-oeste-en-calesa\/"},"modified":"2020-08-28T06:53:04","modified_gmt":"2020-08-28T10:53:04","slug":"recorrido-por-el-oeste-en-calesa","status":"publish","type":"product","link":"https:\/\/staging.curacaotodo.com\/es\/actividad\/recorrido-por-el-oeste-en-calesa\/","title":{"rendered":"Recorrido por el Oeste en calesa"},"content":{"rendered":"<p>Hay muchas cosas que hacer en Cura\u00e7ao, pero una excursi\u00f3n de medio d\u00eda en quad o buggy por el lado oeste de la isla ser\u00e1 una aut\u00e9ntica sorpresa para tus amigos o familiares.<br \/>Nuestra primera parada tras salir de la tienda y dirigirnos hacia el aeropuerto nos llevar\u00e1 a ver una fuente de agua de manantial natural. A continuaci\u00f3n nos dirigiremos a San Pedro Vlakte, nombre que recibe porque este terreno es completamente llano, donde nos dirigiremos a la Cueva di Bos di San Antonio. En esta cueva podr\u00e1s pedir un deseo, ya que recibe el nombre de Cueva de los Deseos de San Antonio. La Cueva de Fudu es la siguiente parada y tambi\u00e9n la mayor de las muchas cuevas de la isla. Desde aqu\u00ed nos dirigiremos hacia el norte, a lo largo de la l\u00ednea costera y las turbinas e\u00f3licas, hacia la Bah\u00eda de Madera. Nos detendremos unos diez minutos para que puedas pasear, disfrutar del paisaje y hacer fotograf\u00edas de la bah\u00eda. Landhuis Ascencion ser\u00e1 nuestra siguiente parada, donde podr\u00e1s ver las tortugas peque\u00f1as y grandes que se sabe que hay en esta zona, as\u00ed como ver un gran agujero soplador. A continuaci\u00f3n, cruzaremos la isla hacia el lado sur hasta Daaibooi Baai, donde podr\u00e1s tomarte un descanso de una hora y ba\u00f1arte en la playa o comer y beber algo por tu cuenta. Tras el descanso nos dirigiremos a Bullenbaai para ver los dep\u00f3sitos de petr\u00f3leo y despu\u00e9s a Blue Bay. Por \u00faltimo, conduciremos por <a href=\"https:\/\/staging.curacaotodo.com\/es\/areas\/willemstad\/otrobanda\/\">Otrobanda<\/a> y tomaremos el puente Juliana (el puente grande) hasta Nieuwehaven y volveremos a la tienda.         <\/p>","protected":false},"excerpt":{"rendered":"<p>Hay muchas cosas que hacer en Cura\u00e7ao, pero una excursi\u00f3n de medio d\u00eda en quad o buggy por el lado oeste de la isla ser\u00e1 una aut\u00e9ntica sorpresa para tus amigos o familiares.Nuestra primera parada tras salir de la tienda y dirigirnos hacia el aeropuerto nos llevar\u00e1 a ver una fuente de agua de manantial [&hellip;]<\/p>\n","protected":false},"featured_media":18745,"comment_status":"open","ping_status":"closed","template":"","meta":{"_acf_changed":false},"activity-source":[],"company-partner":[],"store":[],"product_brand":[],"product_cat":[3267,466],"product_tag":[4188],"class_list":{"0":"post-58945","1":"product","2":"type-product","3":"status-publish","4":"has-post-thumbnail","6":"product_cat-adrenalina-extrema","7":"product_cat-sin-categorizar","8":"product_tag-excursiones-en-quad-y-buggy","10":"first","11":"instock","12":"virtual","13":"sold-individually","14":"product-type-simple"},"acf":[],"_links":{"self":[{"href":"https:\/\/staging.curacaotodo.com\/es\/wp-json\/wp\/v2\/product\/58945","targetHints":{"allow":["GET"]}}],"collection":[{"href":"https:\/\/staging.curacaotodo.com\/es\/wp-json\/wp\/v2\/product"}],"about":[{"href":"https:\/\/staging.curacaotodo.com\/es\/wp-json\/wp\/v2\/types\/product"}],"replies":[{"embeddable":true,"href":"https:\/\/staging.curacaotodo.com\/es\/wp-json\/wp\/v2\/comments?post=58945"}],"wp:featuredmedia":[{"embeddable":true,"href":"https:\/\/staging.curacaotodo.com\/es\/wp-json\/"}],"wp:attachment":[{"href":"https:\/\/staging.curacaotodo.com\/es\/wp-json\/wp\/v2\/media?parent=58945"}],"wp:term":[{"taxonomy":"activity-source","embeddable":true,"href":"https:\/\/staging.curacaotodo.com\/es\/wp-json\/wp\/v2\/activity-source?post=58945"},{"taxonomy":"company-partner","embeddable":true,"href":"https:\/\/staging.curacaotodo.com\/es\/wp-json\/wp\/v2\/company-partner?post=58945"},{"taxonomy":"store","embeddable":true,"href":"https:\/\/staging.curacaotodo.com\/es\/wp-json\/wp\/v2\/store?post=58945"},{"taxonomy":"product_brand","embeddable":true,"href":"https:\/\/staging.curacaotodo.com\/es\/wp-json\/wp\/v2\/product_brand?post=58945"},{"taxonomy":"product_cat","embeddable":true,"href":"https:\/\/staging.curacaotodo.com\/es\/wp-json\/wp\/v2\/product_cat?post=58945"},{"taxonomy":"product_tag","embeddable":true,"href":"https:\/\/staging.curacaotodo.com\/es\/wp-json\/wp\/v2\/product_tag?post=58945"}],"curies":[{"name":"wp","href":"https:\/\/api.w.org\/{rel}","templated":true}]}}