{"id":58653,"date":"2024-06-13T13:34:58","date_gmt":"2024-06-13T13:34:58","guid":{"rendered":"https:\/\/curacaotodo.com\/activity\/vive-la-magia-de-una-excursion-en-velero-al-atardecer-en-curacao\/"},"modified":"2024-06-13T13:34:58","modified_gmt":"2024-06-13T17:34:58","slug":"vive-la-magia-de-una-excursion-en-velero-al-atardecer-en-curacao","status":"publish","type":"product","link":"https:\/\/staging.curacaotodo.com\/es\/actividad\/vive-la-magia-de-una-excursion-en-velero-al-atardecer-en-curacao\/","title":{"rendered":"Vive la magia de una excursi\u00f3n en velero al atardecer en Cura\u00e7ao"},"content":{"rendered":"<h2>Descubre la Belleza de la Costa de Cura\u00e7ao<\/h2><h3>Una tarde de viernes perfecta<\/h3><p>Todos los viernes a las 17:30, BlueFinn Charters zarpa de Mood Beach, en <a href=\"https:\/\/staging.curacaotodo.com\/es\/areas\/mambo-beach-curacao\/\">Mambo Boulevard<\/a>. Este espectacular viaje te lleva por la impresionante costa este de Cura\u00e7ao, incluyendo la bah\u00eda de Caracas, la bah\u00eda de Fuik y la vibrante zona de Spanish Water. El crucero ofrece una mezcla perfecta de relajaci\u00f3n y emoci\u00f3n, permiti\u00e9ndote desconectar mientras descubres la animada vida frente al mar.  <\/p><h3>Itinerario detallado<\/h3><p><strong>Registro: 17:15<\/strong><br \/>Aseg\u00farate de llegar a tiempo para una salida r\u00e1pida y sin problemas.<\/p><p><strong>Salida: 17:30 h en punto<\/strong><br \/>La aventura comienza cuando zarpamos precisamente a las 17:30 h.<\/p><p><strong>Regreso: 20:00<\/strong><br \/>Atracamos de vuelta en Mood Beach a las 20:00, dej\u00e1ndote maravillosos recuerdos y la mente relajada.<\/p><h2>Disfruta de servicios de primera a bordo<\/h2><h3>Qu\u00e9 incluye<\/h3><ul><li><strong>Barra libre Premium<\/strong> (18+): Disfruta de una selecci\u00f3n de bebidas alcoh\u00f3licas. Recuerda que es posible que te pidan una identificaci\u00f3n. <\/li><li><strong>Bocados variados<\/strong>: Del\u00e9itate con una variedad de aperitivos que complementan a la perfecci\u00f3n la hermosa puesta de sol y la agradable m\u00fasica.<\/li><\/ul><p><em>Nota<\/em>: No est\u00e1 permitido llevar tu propia comida ni bebida, a menos que sea por razones m\u00e9dicas. Si tienes alguna alergia alimentaria o alg\u00fan requisito diet\u00e9tico, informa a BlueFinn Charters con al menos 24 horas de antelaci\u00f3n. Su chef estar\u00e1 encantado de satisfacer tus necesidades.  <\/p><h2>Una puesta de sol para recordar<\/h2><p>Cuando el sol se ponga en el horizonte, te cautivar\u00e1n los impresionantes colores y el ambiente sereno. La combinaci\u00f3n de buena m\u00fasica, estupendas bebidas y deliciosos bocados crea un ambiente perfecto para relajarse y disfrutar. Tanto si est\u00e1s con amigos, en familia o viajas solo, esta Excursi\u00f3n en Velero al <a href=\"https:\/\/staging.curacaotodo.com\/es\/actividades-acuaticas\/sunset-boat-trips\/\">Atardecer<\/a> es una actividad imprescindible.  <\/p><h2>Reserva hoy tu excursi\u00f3n en velero al atardecer<\/h2><p>No te pierdas esta extraordinaria experiencia. Visita CuracaoTodo.com para obtener m\u00e1s informaci\u00f3n y reservar tu plaza en la Excursi\u00f3n en Velero al Atardecer. CuracaoTodo.com proporciona la mejor y m\u00e1s detallada informaci\u00f3n para turistas, asegur\u00e1ndote una estancia incre\u00edble en la isla de Curazao. \u00a1Descubre todo lo que Curazao puede ofrecerte y haz que tus vacaciones sean realmente inolvidables!   <\/p>","protected":false},"excerpt":{"rendered":"<p>\u00bfBuscas una experiencia \u00fanica e inolvidable durante tu estancia en Cura\u00e7ao? No busque m\u00e1s. La excursi\u00f3n en velero al atardecer de BlueFinn Charters es la forma perfecta de terminar el d\u00eda con unas vistas impresionantes, deliciosos bocados y una gran compa\u00f1\u00eda. CuracaoTodo.com es tu sitio web de referencia para obtener la informaci\u00f3n m\u00e1s completa sobre \u00e9sta y otras fant\u00e1sticas actividades en la isla. <\/p>\n","protected":false},"featured_media":57763,"comment_status":"open","ping_status":"closed","template":"","meta":{"_acf_changed":false},"activity-source":[],"company-partner":[],"store":[],"product_brand":[],"product_cat":[3333],"product_tag":[4200],"class_list":{"0":"post-58653","1":"product","2":"type-product","3":"status-publish","4":"has-post-thumbnail","6":"product_cat-paseos-en-barco-al-atardecer","7":"product_tag-bluefinncharters-es","9":"first","10":"instock","11":"sale","12":"shipping-taxable","13":"purchasable","14":"product-type-simple"},"acf":[],"_links":{"self":[{"href":"https:\/\/staging.curacaotodo.com\/es\/wp-json\/wp\/v2\/product\/58653","targetHints":{"allow":["GET"]}}],"collection":[{"href":"https:\/\/staging.curacaotodo.com\/es\/wp-json\/wp\/v2\/product"}],"about":[{"href":"https:\/\/staging.curacaotodo.com\/es\/wp-json\/wp\/v2\/types\/product"}],"replies":[{"embeddable":true,"href":"https:\/\/staging.curacaotodo.com\/es\/wp-json\/wp\/v2\/comments?post=58653"}],"wp:featuredmedia":[{"embeddable":true,"href":"https:\/\/staging.curacaotodo.com\/es\/wp-json\/wp\/v2\/media\/57763"}],"wp:attachment":[{"href":"https:\/\/staging.curacaotodo.com\/es\/wp-json\/wp\/v2\/media?parent=58653"}],"wp:term":[{"taxonomy":"activity-source","embeddable":true,"href":"https:\/\/staging.curacaotodo.com\/es\/wp-json\/wp\/v2\/activity-source?post=58653"},{"taxonomy":"company-partner","embeddable":true,"href":"https:\/\/staging.curacaotodo.com\/es\/wp-json\/wp\/v2\/company-partner?post=58653"},{"taxonomy":"store","embeddable":true,"href":"https:\/\/staging.curacaotodo.com\/es\/wp-json\/wp\/v2\/store?post=58653"},{"taxonomy":"product_brand","embeddable":true,"href":"https:\/\/staging.curacaotodo.com\/es\/wp-json\/wp\/v2\/product_brand?post=58653"},{"taxonomy":"product_cat","embeddable":true,"href":"https:\/\/staging.curacaotodo.com\/es\/wp-json\/wp\/v2\/product_cat?post=58653"},{"taxonomy":"product_tag","embeddable":true,"href":"https:\/\/staging.curacaotodo.com\/es\/wp-json\/wp\/v2\/product_tag?post=58653"}],"curies":[{"name":"wp","href":"https:\/\/api.w.org\/{rel}","templated":true}]}}