{"id":58649,"date":"2024-06-14T07:14:13","date_gmt":"2024-06-14T11:14:13","guid":{"rendered":"https:\/\/curacaotodo.com\/activity\/aventura-de-pesca-de-wahoo-en-curacao\/"},"modified":"2024-06-14T07:14:13","modified_gmt":"2024-06-14T11:14:13","slug":"aventura-de-pesca-de-wahoo-en-curacao","status":"publish","type":"product","link":"https:\/\/staging.curacaotodo.com\/es\/actividad\/aventura-de-pesca-de-wahoo-en-curacao\/","title":{"rendered":"Aventura de pesca de Wahoo en Cura\u00e7ao"},"content":{"rendered":"<h2>El Peto: Un depredador veloz<\/h2>\n<h3>\u00bfQu\u00e9 es un Wahoo?<\/h3>\n<p>El peto, conocido localmente como \u00abMula\u00bb, es el segundo pez m\u00e1s r\u00e1pido de los oc\u00e9anos del mundo, capaz de alcanzar velocidades de hasta 100 kil\u00f3metros por hora. Este feroz depredador se reconoce por su cuerpo alargado cubierto de peque\u00f1as escamas apenas visibles. El dorso del peto es de un azul iridiscente, mientras que sus costados son plateados con barras azules verticales que se desvanecen r\u00e1pidamente tras la muerte. Estas caracter\u00edsticas hacen del peto una captura llamativa e impresionante.   <\/p>\n<h3>Caracter\u00edsticas f\u00edsicas<\/h3>\n<p>Los wahoos pueden crecer r\u00e1pidamente: algunos ejemplares alcanzan los 2,5 metros (8 pies) de longitud y pesan hasta 83 kilogramos (180 libras). Su ritmo de crecimiento es asombroso; un ejemplar marcado pas\u00f3 de 5 kilos (11 libras) a 15 kilos (33 libras) en s\u00f3lo un a\u00f1o. La gran boca y las afiladas mand\u00edbulas del peto lo diferencian de especies similares como el jurel o la caballa espa\u00f1ola.  <\/p>\n<h2>La emoci\u00f3n de pescar petos en Cura\u00e7ao<\/h2>\n<h3>\u00bfPor qu\u00e9 pescar petos?<\/h3>\n<p>Pescar petos en Cura\u00e7ao es una experiencia llena de adrenalina. Conocidos por su incre\u00edble velocidad y fuerza, sabr\u00e1s cuando un wahoo golpea tu cebo ya que la primera carrera es superr\u00e1pida. Los golpes dobles o incluso triples del wahoo son habituales, lo que provoca un caos absoluto en la cubierta y garantiza una aventura de pesca inolvidable.  <\/p>\n<h3>Mejor \u00e9poca para pescar petos<\/h3>\n<p>Aunque el peto se puede pescar durante todo el a\u00f1o, la mejor \u00e9poca para la pesca del peto en Cura\u00e7ao es durante diciembre y enero. Durante este periodo, las posibilidades de capturar estos magn\u00edficos peces son m\u00e1ximas. <\/p>\n<h2>Wahoo Fish Charters<\/h2>\n<h3>Qu\u00e9 esperar<\/h3>\n<p>En un charter de pesca de wahoo en Cura\u00e7ao, tendr\u00e1s la oportunidad de capturar el pez deportivo de caza mayor m\u00e1s com\u00fan de la zona. La carne del peto es blanca, delicada y muy apreciada por muchos. Las faldas de at\u00fan al curric\u00e1n r\u00e1pido o los atunes listados enteros son sus cebos favoritos, lo que aumenta tus posibilidades de \u00e9xito en la captura.  <\/p>\n<h3>Capturas que baten r\u00e9cords<\/h3>\n<p>Nuestro r\u00e9cord de wahoo m\u00e1s grande capturado es de unos impresionantes 31 kg, capturado en febrero de 2015. Con las condiciones adecuadas, podr\u00edas establecer un nuevo r\u00e9cord durante tu viaje de pesca. <\/p>\n<h2>Planifica tu viaje de pesca del peto<\/h2>\n<p>\u00bfListo para vivir la emoci\u00f3n de la pesca del wahoo en Cura\u00e7ao? Visita CuracaoTodo.com, el mejor y m\u00e1s completo recurso para turistas en la isla. Nuestro sitio web ofrece informaci\u00f3n detallada sobre charters de pesca, las mejores horas para pescar y todo lo que necesitas saber para vivir una aventura inolvidable.  <\/p>\n<h3>Reserva tu aventura<\/h3>\n<p>Tanto si eres un pescador experimentado como un novato que quiere probar algo nuevo, la pesca del wahoo en Cura\u00e7ao promete una experiencia estimulante. Reserva hoy mismo tu charter de pesca en Cura\u00e7aoTodo.com y prep\u00e1rate para pescar la pieza de tu vida. <\/p>\n","protected":false},"excerpt":{"rendered":"<p>Bienvenido a otra emocionante aventura en Cura\u00e7aoTodo.com, tu gu\u00eda definitiva de las mejores actividades y experiencias en la hermosa isla de Cura\u00e7ao. Hoy nos sumergimos en el estimulante mundo de la pesca del wahoo, una actividad imprescindible para los aficionados a la pesca que visitan nuestra isla. <br data-mce-bogus=\"1\"><\/p>\n","protected":false},"featured_media":22648,"comment_status":"open","ping_status":"closed","template":"","meta":{"_acf_changed":false},"activity-source":[],"company-partner":[],"store":[],"product_brand":[],"product_cat":[466,3289],"product_tag":[4211],"class_list":{"0":"post-58649","1":"product","2":"type-product","3":"status-publish","4":"has-post-thumbnail","6":"product_cat-sin-categorizar","7":"product_cat-pesca","8":"product_tag-fishchartercuracao-es","10":"first","11":"instock","12":"featured","13":"shipping-taxable","14":"product-type-simple"},"acf":[],"_links":{"self":[{"href":"https:\/\/staging.curacaotodo.com\/es\/wp-json\/wp\/v2\/product\/58649","targetHints":{"allow":["GET"]}}],"collection":[{"href":"https:\/\/staging.curacaotodo.com\/es\/wp-json\/wp\/v2\/product"}],"about":[{"href":"https:\/\/staging.curacaotodo.com\/es\/wp-json\/wp\/v2\/types\/product"}],"replies":[{"embeddable":true,"href":"https:\/\/staging.curacaotodo.com\/es\/wp-json\/wp\/v2\/comments?post=58649"}],"wp:featuredmedia":[{"embeddable":true,"href":"https:\/\/staging.curacaotodo.com\/es\/wp-json\/wp\/v2\/media\/22648"}],"wp:attachment":[{"href":"https:\/\/staging.curacaotodo.com\/es\/wp-json\/wp\/v2\/media?parent=58649"}],"wp:term":[{"taxonomy":"activity-source","embeddable":true,"href":"https:\/\/staging.curacaotodo.com\/es\/wp-json\/wp\/v2\/activity-source?post=58649"},{"taxonomy":"company-partner","embeddable":true,"href":"https:\/\/staging.curacaotodo.com\/es\/wp-json\/wp\/v2\/company-partner?post=58649"},{"taxonomy":"store","embeddable":true,"href":"https:\/\/staging.curacaotodo.com\/es\/wp-json\/wp\/v2\/store?post=58649"},{"taxonomy":"product_brand","embeddable":true,"href":"https:\/\/staging.curacaotodo.com\/es\/wp-json\/wp\/v2\/product_brand?post=58649"},{"taxonomy":"product_cat","embeddable":true,"href":"https:\/\/staging.curacaotodo.com\/es\/wp-json\/wp\/v2\/product_cat?post=58649"},{"taxonomy":"product_tag","embeddable":true,"href":"https:\/\/staging.curacaotodo.com\/es\/wp-json\/wp\/v2\/product_tag?post=58649"}],"curies":[{"name":"wp","href":"https:\/\/api.w.org\/{rel}","templated":true}]}}