{"id":58645,"date":"2024-06-14T07:20:41","date_gmt":"2024-06-14T11:20:41","guid":{"rendered":"https:\/\/curacaotodo.com\/activity\/aventura-de-pesca-de-atun-en-curacao\/"},"modified":"2024-06-14T07:20:41","modified_gmt":"2024-06-14T11:20:41","slug":"aventura-de-pesca-de-atun-en-curacao","status":"publish","type":"product","link":"https:\/\/staging.curacaotodo.com\/es\/actividad\/aventura-de-pesca-de-atun-en-curacao\/","title":{"rendered":"Aventura de pesca de at\u00fan en Cura\u00e7ao"},"content":{"rendered":"<h2>Sobre la pesca del at\u00fan en Cura\u00e7ao<\/h2><h3>El at\u00fan de aleta amarilla<\/h3><p>El at\u00fan de aleta amarilla es uno de los peces de caza m\u00e1s codiciados del mundo, conocido por su velocidad, fuerza y tama\u00f1o. Estos peces de cuerpo pesado pueden medir hasta nueve pies de largo y pesar hasta 400 libras. Su distintivo lomo negro azulado, el vientre manchado de blanco y las aletas dorsal y anal de color amarillo brillante facilitan su identificaci\u00f3n. Son una captura apreciada por su palatabilidad y su capacidad de lucha, lo que los convierte en favoritos de los pescadores deportivos.   <\/p><h3>Cu\u00e1ndo y d\u00f3nde pescar at\u00fan<\/h3><p>El at\u00fan de aleta amarilla visita las aguas que rodean Cura\u00e7ao principalmente durante los meses de invierno. El mejor lugar para pescar atunes en Cura\u00e7ao est\u00e1 cerca de <a href=\"https:\/\/staging.curacaotodo.com\/es\/klein-curacao\/\">Klein Cura\u00e7ao<\/a>, donde a menudo se puede ver a estos peces aliment\u00e1ndose en la superficie. Busca se\u00f1ales de perturbaci\u00f3n en la superficie y aves marinas, que suelen indicar la presencia de bancos de rabil. El at\u00fan suele picar mejor en condiciones de poca luz, por lo que el final de la tarde es el momento ideal para salir.   <\/p><h2>C\u00f3mo preparar tu aventura de pesca del at\u00fan<\/h2><h3>Equipo y cebos esenciales<\/h3><p>Para enfrentarte al feroz at\u00fan de aleta amarilla, necesitar\u00e1s un equipo de pesca robusto. En Fish Charter Cura\u00e7ao, recomendamos utilizar un carrete de curric\u00e1n de dos velocidades de 50 libras, una ca\u00f1a resistente y sedal de entre 25 y 50 libras. Para el cebo, utiliza anzuelos grandes (n\u00ba 9 o n\u00ba 10) cebados con calamar, listado, caballa, ballyhoo u otros peces de cebo. A las rayas tambi\u00e9n les atraen los se\u00f1uelos artificiales, sobre todo los calamares de pl\u00e1stico detr\u00e1s de un se\u00f1uelo en forma de p\u00e1jaro.   <\/p><h3>T\u00e9cnicas para pescar at\u00fan de aleta amarilla<\/h3><p>Hay dos m\u00e9todos populares para pescar at\u00fan de aleta amarilla en Cura\u00e7ao: la pesca a la deriva y el curric\u00e1n. La pesca a la deriva consiste en utilizar cebo cortado y crear una \u00abl\u00ednea de carnada\u00bb para atraer al at\u00fan. El cebo vivo tambi\u00e9n puede ser eficaz, sobre todo cuando se engancha por el morro o las aletas. Otro m\u00e9todo eficaz es la pesca al curric\u00e1n a baja velocidad (5-9 mph) con cebo vivo o se\u00f1uelos artificiales. Cuando un rabil ataca, lo hace con fuerza y rapidez, as\u00ed que prep\u00e1rate para una batalla intensa.    <\/p><h2>Desembarcar y disfrutar de tu captura<\/h2><h3>Traer al Grande<\/h3><p>Cuando un rabil ataca, a menudo se engancha a s\u00ed mismo, tirando r\u00e1pidamente del sedal. Mant\u00e9n el sedal tenso y enrolla r\u00e1pidamente el sedal flojo. Prep\u00e1rate para un combate largo, ya que los atunes grandes pueden luchar durante horas. Utiliza un garfio para subir el pez a bordo si es demasiado grande para levantarlo a mano. Los atunes de aleta amarilla son conocidos por su fuerza, por lo que puede ser necesario trabajar en equipo para conseguir una captura especialmente grande.    <\/p><h3>Preparaci\u00f3n y cocci\u00f3n del at\u00fan claro<\/h3><p>El at\u00fan de aleta amarilla es apreciado por su carne firme y de color rojo oscuro y su fuerte sabor. Cuando hayas pescado el at\u00fan, ponlo inmediatamente en hielo para mantenerlo fresco. Si piensas comerte la captura, desangra el pescado haci\u00e9ndole hendiduras a ambos lados y dejando que drene la sangre. El at\u00fan de aleta amarilla es vers\u00e1til y puede prepararse de muchas maneras, como a la plancha, frito, al horno e incluso crudo como sashimi o sushi. Para saborear el verdadero sabor del mar, prueba a preparar un plato poke hawaiano con tus capturas frescas.    <\/p><h2>Planifica hoy tu viaje de pesca de at\u00fan<\/h2><p>Para vivir la mejor experiencia de pesca de at\u00fan en Cura\u00e7ao, reserva tu aventura con Fish Charter Cura\u00e7ao. Y para m\u00e1s informaci\u00f3n sobre la pesca y otras emocionantes <a href=\"https:\/\/staging.curacaotodo.com\/es\/actividades\/\">actividades<\/a> en la isla, visita CuracaoTodo.com, tu fuente de informaci\u00f3n tur\u00edstica m\u00e1s completa y actualizada de Cura\u00e7ao. \u00a1Emb\u00e1rcate en una aventura de pesca de at\u00fan y crea recuerdos inolvidables en las bellas aguas de Cura\u00e7ao!  <\/p>","protected":false},"excerpt":{"rendered":"<p>CuracaoTodo.com, la gu\u00eda definitiva para turistas en Cura\u00e7ao, presenta una estimulante aventura para los entusiastas de la pesca: \u00a1la pesca del at\u00fan! Esta gu\u00eda te proporcionar\u00e1 todos los detalles que necesitas saber sobre esta emocionante actividad, desde la mejor \u00e9poca para pescar atunes hasta el equipo que necesitar\u00e1s y consejos para capturar estos poderosos peces. Tanto si eres un pescador experimentado como un principiante, Cura\u00e7ao te ofrece una emocionante experiencia de pesca del at\u00fan que no querr\u00e1s perderte.  <\/p>\n","protected":false},"featured_media":22677,"comment_status":"open","ping_status":"closed","template":"","meta":{"_acf_changed":false},"activity-source":[],"company-partner":[],"store":[],"product_brand":[],"product_cat":[3294,466,3289],"product_tag":[4211],"class_list":{"0":"post-58645","1":"product","2":"type-product","3":"status-publish","4":"has-post-thumbnail","6":"product_cat-alquila-un-barco","7":"product_cat-sin-categorizar","8":"product_cat-pesca","9":"product_tag-fishchartercuracao-es","11":"first","12":"instock","13":"featured","14":"shipping-taxable","15":"product-type-simple"},"acf":[],"_links":{"self":[{"href":"https:\/\/staging.curacaotodo.com\/es\/wp-json\/wp\/v2\/product\/58645","targetHints":{"allow":["GET"]}}],"collection":[{"href":"https:\/\/staging.curacaotodo.com\/es\/wp-json\/wp\/v2\/product"}],"about":[{"href":"https:\/\/staging.curacaotodo.com\/es\/wp-json\/wp\/v2\/types\/product"}],"replies":[{"embeddable":true,"href":"https:\/\/staging.curacaotodo.com\/es\/wp-json\/wp\/v2\/comments?post=58645"}],"wp:featuredmedia":[{"embeddable":true,"href":"https:\/\/staging.curacaotodo.com\/es\/wp-json\/wp\/v2\/media\/22677"}],"wp:attachment":[{"href":"https:\/\/staging.curacaotodo.com\/es\/wp-json\/wp\/v2\/media?parent=58645"}],"wp:term":[{"taxonomy":"activity-source","embeddable":true,"href":"https:\/\/staging.curacaotodo.com\/es\/wp-json\/wp\/v2\/activity-source?post=58645"},{"taxonomy":"company-partner","embeddable":true,"href":"https:\/\/staging.curacaotodo.com\/es\/wp-json\/wp\/v2\/company-partner?post=58645"},{"taxonomy":"store","embeddable":true,"href":"https:\/\/staging.curacaotodo.com\/es\/wp-json\/wp\/v2\/store?post=58645"},{"taxonomy":"product_brand","embeddable":true,"href":"https:\/\/staging.curacaotodo.com\/es\/wp-json\/wp\/v2\/product_brand?post=58645"},{"taxonomy":"product_cat","embeddable":true,"href":"https:\/\/staging.curacaotodo.com\/es\/wp-json\/wp\/v2\/product_cat?post=58645"},{"taxonomy":"product_tag","embeddable":true,"href":"https:\/\/staging.curacaotodo.com\/es\/wp-json\/wp\/v2\/product_tag?post=58645"}],"curies":[{"name":"wp","href":"https:\/\/api.w.org\/{rel}","templated":true}]}}