{"id":58643,"date":"2024-06-14T07:16:41","date_gmt":"2024-06-14T11:16:41","guid":{"rendered":"https:\/\/curacaotodo.com\/activity\/pesca-de-marlin-en-curacao-la-mejor-experiencia-de-pesca-deportiva-en-alta-mar\/"},"modified":"2024-06-14T07:16:41","modified_gmt":"2024-06-14T11:16:41","slug":"pesca-de-marlin-en-curacao-la-mejor-experiencia-de-pesca-deportiva-en-alta-mar","status":"publish","type":"product","link":"https:\/\/staging.curacaotodo.com\/es\/actividad\/pesca-de-marlin-en-curacao-la-mejor-experiencia-de-pesca-deportiva-en-alta-mar\/","title":{"rendered":"Pesca de Marlin en Cura\u00e7ao: La mejor experiencia de pesca deportiva en alta mar"},"content":{"rendered":"<h2>\u00bfQu\u00e9 hace especial a la pesca del marlin?<\/h2><h3>La cumbre de la pesca deportiva en alta mar<\/h3><p>La pesca del marl\u00edn suele considerarse la cumbre de la pesca deportiva en alta mar, debido al tama\u00f1o y la potencia de estas magn\u00edficas criaturas. En Cura\u00e7ao, los marlines azules, de unos 90 kg de media, son el objetivo principal. La emoci\u00f3n de enfrentarse a un pez tan formidable es incomparable, y requiere habilidad y paciencia. Hist\u00f3ricamente, capturar un marl\u00edn era una haza\u00f1a que exig\u00eda una habilidad excepcional, y a\u00fan hoy sigue siendo un preciado reto para los pescadores.   <\/p><h3>El equipo y las t\u00e9cnicas<\/h3><h4>Equipo de pesca<\/h4><p>En Cura\u00e7ao, el equipo m\u00e1s utilizado incluye carretes de 50 lbs y ca\u00f1as de 50\/80 lbs. Estos aparejos son lo bastante robustos para soportar la fuerza y velocidad de los marlines azules. La elecci\u00f3n del equipo y la t\u00e9cnica pueden influir significativamente en tu tasa de \u00e9xito.  <\/p><h4>Se\u00f1uelos artificiales<\/h4><p>Uno de los m\u00e9todos m\u00e1s populares para pescar marlines es utilizar se\u00f1uelos artificiales. Estos se\u00f1uelos imitan el movimiento y la apariencia de las presas, atrayendo a los marlines con su chapoteo, su estela de burbujas y sus vibrantes colores. Originaria de Hawai, esta t\u00e9cnica ha ganado popularidad en todo el mundo. Los se\u00f1uelos modernos vienen en varias formas, tama\u00f1os y colores, elaborados tanto por grandes fabricantes como por fabricantes a medida.   <\/p><p>Un se\u00f1uelo marl\u00edn t\u00edpico tiene una cabeza de pl\u00e1stico o metal perfilada con un fald\u00f3n de pl\u00e1stico incorporado. El dise\u00f1o de la cabeza del se\u00f1uelo, especialmente su cara, determina su acci\u00f3n en el agua. Los se\u00f1uelos pueden nadar de lado a lado, empujar el agua agresivamente en la superficie o seguir una l\u00ednea recta con un rastro de burbujas. Los pescadores pueden afinar estos se\u00f1uelos para conseguir la acci\u00f3n deseada, adapt\u00e1ndose a las distintas condiciones del mar.   <\/p><p>Los se\u00f1uelos se currican normalmente a velocidades de 7,5 a 9 nudos, lo que permite cubrir zonas considerables en un d\u00eda de pesca. Normalmente, se lanzan cuatro o m\u00e1s se\u00f1uelos detr\u00e1s de la embarcaci\u00f3n a distancias variables, directamente desde la punta de la ca\u00f1a (\u00abl\u00edneas planas\u00bb) o desde los tangones. <\/p><h4>Cebos naturales<\/h4><p>Los cebos naturales aparejados se utilizan desde la d\u00e9cada de 1930 y siguen siendo populares entre los pescadores deportivos. En Cura\u00e7ao se suelen utilizar el pez volador y el ballyhoo. Estos cebos pueden combinarse con se\u00f1uelos artificiales para crear \u00abcebos con fald\u00f3n\u00bb o \u00abcombinaciones de cebo y se\u00f1uelo\u00bb, lo que aumenta su atractivo para los marlines.  <\/p><h4>Cebo vivo<\/h4><p>La pesca con cebo vivo, utilizando especies peque\u00f1as de at\u00fan como el listado, es otro m\u00e9todo eficaz. Esta t\u00e9cnica suele emplearse cerca de boyas de dispositivos de concentraci\u00f3n de peces (DCP) y salientes submarinos escarpados, donde es probable que cacen los marlines. Dado que los cebos vivos deben arrastrarse lentamente para mantenerse vivos, este m\u00e9todo es el m\u00e1s adecuado para zonas de pesca peque\u00f1as.  <\/p><h2>Por qu\u00e9 Cura\u00e7ao es un destino privilegiado para la pesca del marlin<\/h2><p>Las transparentes aguas azules de Cura\u00e7ao, su abundante vida marina y su excelente infraestructura pesquera la convierten en un destino de primera para la pesca del marlin. Tanto si eres un pescador experimentado como un principiante, la isla ofrece una amplia gama de charters de pesca y excursiones guiadas para ayudarte a aprovechar al m\u00e1ximo tu experiencia. Visita CuracaoTodo.com para obtener informaci\u00f3n detallada sobre la reserva de viajes de pesca, la normativa local y consejos de pescadores experimentados.  <\/p><h3>Planifica tu viaje<\/h3><p>Para asegurarte una aventura de pesca de marlin satisfactoria y agradable, ten en cuenta los siguientes consejos:<\/p><ul><li><strong>Reserva un ch\u00e1rter:<\/strong> Los ch\u00e1rteres de pesca profesionales proporcionan el equipo necesario, los conocimientos locales y el apoyo para mejorar tu experiencia de pesca.<\/li><li><strong>Elige la temporada adecuada:<\/strong> La pesca del marlin es m\u00e1s productiva en determinadas \u00e9pocas del a\u00f1o. Consulta a los expertos locales para saber cu\u00e1les son las mejores temporadas. <\/li><li><strong>Prep\u00e1rate para el desaf\u00edo:<\/strong> La pesca del marlin requiere resistencia y destreza. Prep\u00e1rate para una experiencia f\u00edsicamente exigente pero gratificante. <\/li><\/ul><h2>Conclusi\u00f3n<\/h2><p>La pesca del marlin en Cura\u00e7ao es algo m\u00e1s que un deporte; es una aventura que combina habilidad, paciencia y la emoci\u00f3n de la persecuci\u00f3n. Con el equipo, las t\u00e9cnicas y los conocimientos locales adecuados, puedes experimentar la m\u00e1xima emoci\u00f3n de la pesca deportiva. Para obtener la informaci\u00f3n m\u00e1s completa y actualizada sobre la pesca del marlin y otras <a href=\"https:\/\/staging.curacaotodo.com\/es\/actividades\/\">actividades<\/a> en Cura\u00e7ao, visita CuracaoTodo.com, tu fuente de referencia para todo lo relacionado con los viajes y el turismo en la isla. \u00a1Feliz pesca!   <\/p>","protected":false},"excerpt":{"rendered":"<p>Cura\u00e7ao, famosa por sus playas v\u00edrgenes y su vibrante vida marina, ofrece una experiencia inigualable a los pescadores deportivos que buscan la emoci\u00f3n de la pesca del marlin. En Cura\u00e7aoTodo.com encontrar\u00e1s informaci\u00f3n exhaustiva para aprovechar al m\u00e1ximo tu aventura de pesca en esta hermosa isla. En esta gu\u00eda, nos sumergiremos en el mundo de la pesca del marl\u00edn en Cura\u00e7ao, explorando las t\u00e9cnicas, los aparejos y los conocimientos locales que hacen que este deporte sea tan desafiante como estimulante.  <br data-mce-bogus=\"1\"><\/p>\n","protected":false},"featured_media":22654,"comment_status":"open","ping_status":"closed","template":"","meta":{"_acf_changed":false},"activity-source":[],"company-partner":[],"store":[],"product_brand":[],"product_cat":[3294,466,3289],"product_tag":[4211],"class_list":{"0":"post-58643","1":"product","2":"type-product","3":"status-publish","4":"has-post-thumbnail","6":"product_cat-alquila-un-barco","7":"product_cat-sin-categorizar","8":"product_cat-pesca","9":"product_tag-fishchartercuracao-es","11":"first","12":"instock","13":"featured","14":"shipping-taxable","15":"product-type-simple"},"acf":[],"_links":{"self":[{"href":"https:\/\/staging.curacaotodo.com\/es\/wp-json\/wp\/v2\/product\/58643","targetHints":{"allow":["GET"]}}],"collection":[{"href":"https:\/\/staging.curacaotodo.com\/es\/wp-json\/wp\/v2\/product"}],"about":[{"href":"https:\/\/staging.curacaotodo.com\/es\/wp-json\/wp\/v2\/types\/product"}],"replies":[{"embeddable":true,"href":"https:\/\/staging.curacaotodo.com\/es\/wp-json\/wp\/v2\/comments?post=58643"}],"wp:featuredmedia":[{"embeddable":true,"href":"https:\/\/staging.curacaotodo.com\/es\/wp-json\/wp\/v2\/media\/22654"}],"wp:attachment":[{"href":"https:\/\/staging.curacaotodo.com\/es\/wp-json\/wp\/v2\/media?parent=58643"}],"wp:term":[{"taxonomy":"activity-source","embeddable":true,"href":"https:\/\/staging.curacaotodo.com\/es\/wp-json\/wp\/v2\/activity-source?post=58643"},{"taxonomy":"company-partner","embeddable":true,"href":"https:\/\/staging.curacaotodo.com\/es\/wp-json\/wp\/v2\/company-partner?post=58643"},{"taxonomy":"store","embeddable":true,"href":"https:\/\/staging.curacaotodo.com\/es\/wp-json\/wp\/v2\/store?post=58643"},{"taxonomy":"product_brand","embeddable":true,"href":"https:\/\/staging.curacaotodo.com\/es\/wp-json\/wp\/v2\/product_brand?post=58643"},{"taxonomy":"product_cat","embeddable":true,"href":"https:\/\/staging.curacaotodo.com\/es\/wp-json\/wp\/v2\/product_cat?post=58643"},{"taxonomy":"product_tag","embeddable":true,"href":"https:\/\/staging.curacaotodo.com\/es\/wp-json\/wp\/v2\/product_tag?post=58643"}],"curies":[{"name":"wp","href":"https:\/\/api.w.org\/{rel}","templated":true}]}}