{"id":58642,"date":"2024-06-14T09:18:06","date_gmt":"2024-06-14T09:18:06","guid":{"rendered":"https:\/\/curacaotodo.com\/activity\/inolvidable-experiencia-de-charter-privado-en-curacao\/"},"modified":"2024-06-14T09:18:06","modified_gmt":"2024-06-14T13:18:06","slug":"inolvidable-experiencia-de-charter-privado-en-curacao","status":"publish","type":"product","link":"https:\/\/staging.curacaotodo.com\/es\/actividad\/inolvidable-experiencia-de-charter-privado-en-curacao\/","title":{"rendered":"Inolvidable Experiencia de Charter Privado en Cura\u00e7ao"},"content":{"rendered":"<h2>\u00bfPor qu\u00e9 elegir un ch\u00e1rter privado?<\/h2><p>Un alquiler de barco privado te permite conocer la isla a tu propio ritmo, con libertad para explorar calas ocultas, vibrantes arrecifes de coral y playas v\u00edrgenes. Con un capit\u00e1n y una tripulaci\u00f3n dedicados a bordo, tu grupo puede disfrutar de un servicio personalizado, deliciosa comida, refrescantes bebidas y equipo de snorkel de primera categor\u00eda, lo que lo convierte en una aventura sin complicaciones. <\/p><h2>Duraci\u00f3n e inclusiones<\/h2><h3>Marcos temporales personalizables<\/h3><p>Elige entre un ch\u00e1rter de 4 u 8 horas para adaptarlo a tus horarios y preferencias. Tanto si optas por una excursi\u00f3n de medio d\u00eda como de un d\u00eda entero, tendr\u00e1s tiempo de sobra para explorar las aguas cristalinas y el impresionante paisaje costero de Cura\u00e7ao. <\/p><h3>Experiencia Todo Incluido<\/h3><ul><li><strong>Bebidas<\/strong>: Disfruta de una selecci\u00f3n de bebidas alcoh\u00f3licas y no alcoh\u00f3licas para mantenerte refrescado durante todo el d\u00eda.<\/li><li><strong>Comida<\/strong>: Saborea deliciosas comidas y tentempi\u00e9s preparados por la tripulaci\u00f3n de a bordo, adaptados a los gustos y necesidades diet\u00e9ticas de tu grupo.<\/li><li><strong>Equipo de snorkel<\/strong>: Sum\u00e9rgete en las aguas turquesas con el equipo de snorkel de alta calidad que te proporcionamos para vivir una aventura submarina inolvidable.<\/li><\/ul><h2>Aspectos destacados de la Carta Privada<\/h2><h3>Itinerario personalizado<\/h3><p>Una de las mayores ventajas de un ch\u00e1rter privado es la posibilidad de personalizar tu itinerario. Visita playas solitarias, practica snorkel en vibrantes arrecifes de coral y explora las joyas ocultas de Cura\u00e7ao inaccesibles por tierra. <\/p><h3>Equipo profesional<\/h3><p>Con un capit\u00e1n y una tripulaci\u00f3n experimentados a tu servicio, podr\u00e1s relajarte y disfrutar del viaje. El conocimiento local y la experiencia de la tripulaci\u00f3n garantizan una experiencia segura y agradable, gui\u00e1ndote a los mejores lugares y compartiendo fascinantes conocimientos sobre la isla. <\/p><h3>Privacidad exclusiva<\/h3><p>Un ch\u00e1rter privado ofrece lo \u00faltimo en privacidad y comodidad. Pasa tiempo de calidad con tu familia o amigos sin las multitudes, haciendo que la experiencia sea realmente especial e \u00edntima. <\/p><h2>C\u00f3mo reservar tu ch\u00e1rter privado<\/h2><p>Reservar tu ch\u00e1rter privado es f\u00e1cil con CuracaoTodo.com. Como sitio web l\u00edder en informaci\u00f3n tur\u00edstica sobre la isla, CuracaoTodo.com ofrece descripciones detalladas, rese\u00f1as y opciones de reserva para las mejores <a href=\"https:\/\/staging.curacaotodo.com\/es\/actividades\/\">actividades<\/a> de Cura\u00e7ao. <\/p><h3>Pasos para reservar<\/h3><ol><li><strong>Visita CuracaoTodo.com<\/strong>: Navega hasta la secci\u00f3n de vuelos ch\u00e1rter privados para obtener informaci\u00f3n detallada y conocer la disponibilidad.<\/li><li><strong>Selecciona tu fecha<\/strong>: Elige la fecha que prefieras en el calendario.<\/li><li><strong>Enviar consulta<\/strong>: Rellena el formulario de consulta con tus datos y cualquier petici\u00f3n especial.<\/li><li><strong>Confirmaci\u00f3n<\/strong>: Recibe una confirmaci\u00f3n de tu reserva junto con todos los detalles necesarios para tu viaje.<\/li><\/ol><h2>Conclusi\u00f3n<\/h2><p>Embarcarse en un alquiler de barcos privados en Cura\u00e7ao es una forma excepcional de explorar la belleza natural de la isla y disfrutar de una aventura inolvidable con tu grupo. Con la comodidad de los servicios con todo incluido y la experiencia de una tripulaci\u00f3n profesional, tu d\u00eda en el agua ser\u00e1 uno de los momentos culminantes de tu viaje. Para obtener la informaci\u00f3n m\u00e1s completa y fiable, visita Cura\u00e7aoTodo.com, tu fuente de consulta para las mejores actividades y atracciones tur\u00edsticas de Cura\u00e7ao. \u00a1Reserva hoy tu ch\u00e1rter privado y zarpa hacia una experiencia extraordinaria!   <\/p>","protected":false},"excerpt":{"rendered":"<p>Cuando se trata de explorar la impresionante belleza de Cura\u00e7ao, nada supera la experiencia de alquilar un barco privado. Tanto si buscas un d\u00eda de relax en el agua como una excursi\u00f3n llena de aventuras, alquilar un barco con un grupo privado ofrece una forma exclusiva y memorable de disfrutar de la isla. CuracaoTodo.com, el recurso definitivo para los turistas, ofrece informaci\u00f3n completa sobre las mejores actividades y atracciones de Cura\u00e7ao, para que tengas el itinerario perfecto para tu visita.  <br data-mce-bogus=\"1\"><\/p>\n","protected":false},"featured_media":23086,"comment_status":"open","ping_status":"closed","template":"","meta":{"_acf_changed":false},"activity-source":[],"company-partner":[],"store":[],"product_brand":[],"product_cat":[3294,3270],"product_tag":[4213],"class_list":{"0":"post-58642","1":"product","2":"type-product","3":"status-publish","4":"has-post-thumbnail","6":"product_cat-alquila-un-barco","7":"product_cat-paseos-en-barco","8":"product_tag-watertaxicuracao-es","10":"first","11":"instock","12":"shipping-taxable","13":"purchasable","14":"product-type-simple"},"acf":[],"_links":{"self":[{"href":"https:\/\/staging.curacaotodo.com\/es\/wp-json\/wp\/v2\/product\/58642","targetHints":{"allow":["GET"]}}],"collection":[{"href":"https:\/\/staging.curacaotodo.com\/es\/wp-json\/wp\/v2\/product"}],"about":[{"href":"https:\/\/staging.curacaotodo.com\/es\/wp-json\/wp\/v2\/types\/product"}],"replies":[{"embeddable":true,"href":"https:\/\/staging.curacaotodo.com\/es\/wp-json\/wp\/v2\/comments?post=58642"}],"wp:featuredmedia":[{"embeddable":true,"href":"https:\/\/staging.curacaotodo.com\/es\/wp-json\/wp\/v2\/media\/23086"}],"wp:attachment":[{"href":"https:\/\/staging.curacaotodo.com\/es\/wp-json\/wp\/v2\/media?parent=58642"}],"wp:term":[{"taxonomy":"activity-source","embeddable":true,"href":"https:\/\/staging.curacaotodo.com\/es\/wp-json\/wp\/v2\/activity-source?post=58642"},{"taxonomy":"company-partner","embeddable":true,"href":"https:\/\/staging.curacaotodo.com\/es\/wp-json\/wp\/v2\/company-partner?post=58642"},{"taxonomy":"store","embeddable":true,"href":"https:\/\/staging.curacaotodo.com\/es\/wp-json\/wp\/v2\/store?post=58642"},{"taxonomy":"product_brand","embeddable":true,"href":"https:\/\/staging.curacaotodo.com\/es\/wp-json\/wp\/v2\/product_brand?post=58642"},{"taxonomy":"product_cat","embeddable":true,"href":"https:\/\/staging.curacaotodo.com\/es\/wp-json\/wp\/v2\/product_cat?post=58642"},{"taxonomy":"product_tag","embeddable":true,"href":"https:\/\/staging.curacaotodo.com\/es\/wp-json\/wp\/v2\/product_tag?post=58642"}],"curies":[{"name":"wp","href":"https:\/\/api.w.org\/{rel}","templated":true}]}}