{"id":58637,"date":"2024-06-16T12:38:19","date_gmt":"2024-06-16T12:38:19","guid":{"rendered":"https:\/\/curacaotodo.com\/activity\/alquiler-de-barcos-privados-en-curacao-snorkel-buceo-y-puesta-de-sol-magica\/"},"modified":"2024-06-16T12:38:19","modified_gmt":"2024-06-16T16:38:19","slug":"alquiler-de-barcos-privados-en-curacao-snorkel-buceo-y-puesta-de-sol-magica","status":"publish","type":"product","link":"https:\/\/staging.curacaotodo.com\/es\/actividad\/alquiler-de-barcos-privados-en-curacao-snorkel-buceo-y-puesta-de-sol-magica\/","title":{"rendered":"Alquiler de barcos privados en Cura\u00e7ao: Snorkel, Buceo y Puesta de Sol M\u00e1gica"},"content":{"rendered":"<h2>Esn\u00f3rquel: Sum\u00e9rgete en aguas vibrantes<\/h2><h3>Explora el Para\u00edso Submarino<\/h3><p>Cura\u00e7ao es famosa por sus aguas cristalinas y su abundante vida marina. Cuando eliges un alquiler de barco privado con Coral Divers, tienes la libertad de explorar a tu ritmo algunos de los mejores lugares de buceo con tubo de la isla. Desde el famoso pecio del Remolcador hasta los coloridos arrecifes de <a href=\"https:\/\/staging.curacaotodo.com\/es\/klein-curacao\/\">Klein Cura\u00e7ao<\/a>, encontrar\u00e1s un caleidoscopio de peces tropicales, vibrantes formaciones coralinas y puede que incluso una o dos simp\u00e1ticas tortugas marinas.  <\/p><h4>Lo mejor del snorkel en Cura\u00e7ao:<\/h4><ul><li><strong>Pecio del Remolcador<\/strong>: Un lugar poco profundo y de f\u00e1cil acceso, perfecto para todos los niveles.<\/li><li><strong><a href=\"https:\/\/staging.curacaotodo.com\/es\/klein-curacao\/\">Klein Cura\u00e7ao<\/a><\/strong>: Una excursi\u00f3n de un d\u00eda a esta isla deshabitada ofrece aguas pr\u00edstinas y una incre\u00edble visibilidad submarina.<\/li><li><strong>Habitaci\u00f3n Azul<\/strong>: Una joya oculta donde la luz del sol crea un m\u00e1gico resplandor azul en el interior de una cueva sumergida.<\/li><\/ul><h2>Bucear: Descubre las profundidades del Caribe<\/h2><h3>Sum\u00e9rgete en la aventura<\/h3><p>Para los que buscan una aventura m\u00e1s profunda, los alquileres de barcos privados de Coral Divers ofrecen acceso a algunos de los lugares de buceo m\u00e1s famosos de Cura\u00e7ao. Tanto si eres un principiante como un buceador experimentado, el mundo submarino de la isla est\u00e1 esperando a ser explorado. Sum\u00e9rgete en las profundidades del pecio Superior Producer, avent\u00farate por las dram\u00e1ticas ca\u00eddas del Bosque de los Hongos o descubre la diversa vida marina de Porto Marie.  <\/p><h4>Puntos de inmersi\u00f3n de visita obligada:<\/h4><ul><li><strong>Pecio del Productor Superior<\/strong>: Una de las mejores inmersiones en pecios del Caribe, rebosante de vida marina.<\/li><li><strong>Bosque de Setas<\/strong>: Conocido por sus singulares formaciones coralinas parecidas a setas.<\/li><li><strong>Porto Marie<\/strong>: Un sistema de doble arrecife que ofrece una gran variedad de especies marinas y una excelente visibilidad.<\/li><\/ul><h2>Magia al atardecer: Rel\u00e1jate y Desconecta<\/h2><h3>Un final sereno para tu d\u00eda<\/h3><p>Cuando el d\u00eda se acaba, no hay mejor forma de relajarse que con un crucero al <a href=\"https:\/\/staging.curacaotodo.com\/es\/actividades-acuaticas\/sunset-boat-trips\/\">atardecer<\/a>. Los charters privados de Coral Divers ofrecen el escenario perfecto para relajarse y disfrutar de la belleza natural de Cura\u00e7ao. Observa c\u00f3mo el cielo se transforma en un lienzo de vibrantes colores, reflej\u00e1ndose en las tranquilas aguas. Tanto si celebras una ocasi\u00f3n especial como si simplemente saboreas un momento de paz, un crucero al atardecer es la forma ideal de terminar tu d\u00eda en el para\u00edso.   <\/p><h4>Por qu\u00e9 elegir un crucero al atardecer:<\/h4><ul><li><strong>Atm\u00f3sfera rom\u00e1ntica<\/strong>: Perfecto para parejas que buscan crear recuerdos duraderos.<\/li><li><strong>El sue\u00f1o del fot\u00f3grafo<\/strong>: Capta fotos impresionantes de la puesta de sol y de la costa de la isla.<\/li><li><strong>Relajaci\u00f3n<\/strong>: Una experiencia tranquila y serena para concluir tu d\u00eda lleno de aventuras.<\/li><\/ul><h2>Personaliza tu experiencia de ch\u00e1rter<\/h2><h3>A la medida de tus preferencias<\/h3><p>Uno de los mejores aspectos de los alquileres de barcos privados de Coral Divers es la posibilidad de personalizar tu experiencia. Si quieres pasar todo el d\u00eda haciendo snorkel, bucear o simplemente disfrutar de un tranquilo crucero, t\u00fa eliges. La experimentada tripulaci\u00f3n se asegurar\u00e1 de que tu viaje sea seguro y memorable, y te proporcionar\u00e1 informaci\u00f3n sobre los secretos mejor guardados y las joyas ocultas de la isla.  <\/p><h3>Planifica tu d\u00eda perfecto con CuracaoTodo.com<\/h3><p>Para aprovechar al m\u00e1ximo tu experiencia de alquiler de barcos privados en Cura\u00e7ao, visita CuracaoTodo.com para obtener gu\u00edas completas, consejos de expertos y toda la informaci\u00f3n que necesitas para planificar tu d\u00eda perfecto en el agua. Como principal recurso tur\u00edstico de la isla, CuracaoTodo.com te ofrece informaci\u00f3n sobre las mejores <a href=\"https:\/\/staging.curacaotodo.com\/es\/actividades\/\">actividades<\/a>, restaurantes y alojamientos, para que tu viaje sea extraordinario. <\/p><p>Emb\u00e1rcate en el viaje de tu vida con los alquileres de barcos privados de Coral Divers, y descubre la incomparable belleza de las aguas de Cura\u00e7ao. Ya sea haciendo snorkel, buceando o simplemente disfrutando de una impresionante puesta de sol, tu aventura te espera. Reserva tu ch\u00e1rter hoy mismo y deja que la magia de Cura\u00e7ao cautive tu coraz\u00f3n.  <\/p>","protected":false},"excerpt":{"rendered":"<p>Imagina un d\u00eda perfecto en el agua, a la medida de tus deseos. Los alquileres de barcos privados de Coral Divers en Cura\u00e7ao ofrecen una experiencia \u00fanica y personalizable, tanto si eres un entusiasta del snorkel, un aficionado al buceo o simplemente buscas un tranquilo crucero al atardecer. Como tu gu\u00eda de viaje, te llevar\u00e9 por los aspectos m\u00e1s destacados de este viaje inolvidable. Para obtener informaci\u00f3n m\u00e1s detallada y consejos sobre la planificaci\u00f3n de tu viaje a Cura\u00e7ao, visita CuracaoTodo.com, el recurso de referencia para todas tus necesidades de viaje a esta impresionante isla.   <\/p>\n","protected":false},"featured_media":23921,"comment_status":"open","ping_status":"closed","template":"","meta":{"_acf_changed":false},"activity-source":[],"company-partner":[],"store":[],"product_brand":[],"product_cat":[3294,466,3270,3333],"product_tag":[4219],"class_list":{"0":"post-58637","1":"product","2":"type-product","3":"status-publish","4":"has-post-thumbnail","6":"product_cat-alquila-un-barco","7":"product_cat-sin-categorizar","8":"product_cat-paseos-en-barco","9":"product_cat-paseos-en-barco-al-atardecer","10":"product_tag-coraldivers-es","12":"first","13":"instock","14":"shipping-taxable","15":"product-type-simple"},"acf":[],"_links":{"self":[{"href":"https:\/\/staging.curacaotodo.com\/es\/wp-json\/wp\/v2\/product\/58637","targetHints":{"allow":["GET"]}}],"collection":[{"href":"https:\/\/staging.curacaotodo.com\/es\/wp-json\/wp\/v2\/product"}],"about":[{"href":"https:\/\/staging.curacaotodo.com\/es\/wp-json\/wp\/v2\/types\/product"}],"replies":[{"embeddable":true,"href":"https:\/\/staging.curacaotodo.com\/es\/wp-json\/wp\/v2\/comments?post=58637"}],"wp:featuredmedia":[{"embeddable":true,"href":"https:\/\/staging.curacaotodo.com\/es\/wp-json\/wp\/v2\/media\/23921"}],"wp:attachment":[{"href":"https:\/\/staging.curacaotodo.com\/es\/wp-json\/wp\/v2\/media?parent=58637"}],"wp:term":[{"taxonomy":"activity-source","embeddable":true,"href":"https:\/\/staging.curacaotodo.com\/es\/wp-json\/wp\/v2\/activity-source?post=58637"},{"taxonomy":"company-partner","embeddable":true,"href":"https:\/\/staging.curacaotodo.com\/es\/wp-json\/wp\/v2\/company-partner?post=58637"},{"taxonomy":"store","embeddable":true,"href":"https:\/\/staging.curacaotodo.com\/es\/wp-json\/wp\/v2\/store?post=58637"},{"taxonomy":"product_brand","embeddable":true,"href":"https:\/\/staging.curacaotodo.com\/es\/wp-json\/wp\/v2\/product_brand?post=58637"},{"taxonomy":"product_cat","embeddable":true,"href":"https:\/\/staging.curacaotodo.com\/es\/wp-json\/wp\/v2\/product_cat?post=58637"},{"taxonomy":"product_tag","embeddable":true,"href":"https:\/\/staging.curacaotodo.com\/es\/wp-json\/wp\/v2\/product_tag?post=58637"}],"curies":[{"name":"wp","href":"https:\/\/api.w.org\/{rel}","templated":true}]}}