{"id":58636,"date":"2024-06-14T07:18:51","date_gmt":"2024-06-14T11:18:51","guid":{"rendered":"https:\/\/curacaotodo.com\/activity\/aventura-de-pesca-de-barracudas-en-curacao\/"},"modified":"2024-06-14T07:18:51","modified_gmt":"2024-06-14T11:18:51","slug":"aventura-de-pesca-de-barracudas-en-curacao","status":"publish","type":"product","link":"https:\/\/staging.curacaotodo.com\/es\/actividad\/aventura-de-pesca-de-barracudas-en-curacao\/","title":{"rendered":"Aventura de pesca de barracudas en Cura\u00e7ao"},"content":{"rendered":"<h2>La Poderosa Barracuda<\/h2>\n<h3>Caracter\u00edsticas y aspecto<\/h3>\n<p>Las barracudas son peces de aletas rayadas con un aspecto caracter\u00edstico. Sus cuerpos son largos y bastante comprimidos, cubiertos de peque\u00f1as escamas lisas. Estos formidables depredadores pueden alcanzar hasta 1,8 metros de longitud y 30 cent\u00edmetros de anchura, aunque en aguas de Cura\u00e7ao son m\u00e1s comunes las barracudas de alrededor de 1 metro de longitud. La parte superior de su cuerpo suele ser verde oscuro, azul oscuro o gris, con los costados plateados y el vientre blanco calc\u00e1reo. Algunas especies presentan manchas negras irregulares o barras transversales m\u00e1s oscuras en los costados, y sus aletas pueden ser amarillentas o oscuras.    <\/p>\n<h3>H\u00e1bitat y comportamiento<\/h3>\n<p>Aunque viven principalmente en el oc\u00e9ano, algunas especies de barracudas, como la Gran Barracuda, tambi\u00e9n pueden prosperar en aguas salobres. En los arrecifes de Cura\u00e7ao, las barracudas son los principales depredadores y dominan la cadena alimentaria. Se sienten atra\u00eddas por los cebos de at\u00fan fresco, sobre todo cuando se pescan al curric\u00e1n a baja velocidad y cerca de la orilla, lo que las convierte en un objetivo apasionante para los pescadores.  <\/p>\n<h2>Barracuda Charters de Pesca<\/h2>\n<h3>Emprender una aventura de pesca<\/h3>\n<p>Varios charters de pesca en Cura\u00e7ao est\u00e1n especializados en la pesca de barracudas. Estas empresas proporcionan todo el equipo y los conocimientos necesarios para que consigas la captura de tu vida. Los gu\u00edas te llevar\u00e1n a los mejores lugares de pesca de la isla, asegur\u00e1ndote un emocionante y exitoso viaje de pesca.  <\/p>\n<h3>Qu\u00e9 esperar<\/h3>\n<p>En una t\u00edpica excursi\u00f3n de pesca de barracudas, te dirigir\u00e1s a los vibrantes arrecifes de Cura\u00e7ao, donde acechan estos depredadores. La expectaci\u00f3n aumenta a medida que pescas atunes frescos, esperando el tir\u00f3n revelador de una barracuda. Una vez enganchados, estos peces oponen una fuerte resistencia, poniendo a prueba tus habilidades como pescador y proporcion\u00e1ndote una experiencia llena de adrenalina.  <\/p>\n<h2>Barracuda en el men\u00fa<\/h2>\n<h3>Una delicia culinaria<\/h3>\n<p>En muchas partes del mundo, la barracuda no se consume debido a la presencia de bacterias en el pescado. Sin embargo, Cura\u00e7ao es una excepci\u00f3n. Aqu\u00ed, la barracuda est\u00e1 libre de bacterias da\u00f1inas y es un plato popular en los restaurantes locales. Tras tu aventura de pesca, puedes disfrutar de los frutos de tu trabajo en uno de los restaurantes de la isla, saboreando barracuda fresca y preparada por expertos.   <\/p>\n<h3>D\u00f3nde cenar<\/h3>\n<p>Cura\u00e7ao ofrece una gran variedad de opciones gastron\u00f3micas donde degustar este delicioso pescado. Desde chabolas frente a la playa hasta restaurantes de lujo, el panorama culinario de la isla es diverso y emocionante. No dejes de consultar Cura\u00e7aoTodo.com para obtener recomendaciones sobre los mejores lugares para disfrutar de la barracuda y otras delicias locales.  <\/p>\n<h2>Planifica tu viaje de pesca de barracudas<\/h2>\n<p>Para quienes deseen experimentar la emoci\u00f3n de pescar barracudas en Cura\u00e7ao, visitar Cura\u00e7aoTodo.com es el punto de partida perfecto. El sitio web ofrece informaci\u00f3n detallada sobre charters de pesca, gu\u00edas y consejos para que tu viaje sea emocionante y exitoso. Sum\u00e9rgete en la aventura y descubre por qu\u00e9 Cura\u00e7ao es un destino de primera para los aficionados a la pesca.  <\/p>\n","protected":false},"excerpt":{"rendered":"<p>Cura\u00e7ao, con sus aguas cristalinas y su vibrante vida marina, ofrece una experiencia estimulante para los aficionados a la pesca: la pesca de barracudas. Conocidas por su gran tama\u00f1o y temible aspecto, las barracudas son una captura muy buscada por los pescadores que visitan la isla. En Cura\u00e7aoTodo.com encontrar\u00e1s la mejor y m\u00e1s completa informaci\u00f3n sobre esta emocionante actividad, para que tu aventura de pesca sea inolvidable.  <\/p>\n","protected":false},"featured_media":22666,"comment_status":"open","ping_status":"closed","template":"","meta":{"_acf_changed":false},"activity-source":[],"company-partner":[],"store":[],"product_brand":[],"product_cat":[3294,466,3289],"product_tag":[4211],"class_list":{"0":"post-58636","1":"product","2":"type-product","3":"status-publish","4":"has-post-thumbnail","6":"product_cat-alquila-un-barco","7":"product_cat-sin-categorizar","8":"product_cat-pesca","9":"product_tag-fishchartercuracao-es","11":"first","12":"instock","13":"shipping-taxable","14":"product-type-simple"},"acf":[],"_links":{"self":[{"href":"https:\/\/staging.curacaotodo.com\/es\/wp-json\/wp\/v2\/product\/58636","targetHints":{"allow":["GET"]}}],"collection":[{"href":"https:\/\/staging.curacaotodo.com\/es\/wp-json\/wp\/v2\/product"}],"about":[{"href":"https:\/\/staging.curacaotodo.com\/es\/wp-json\/wp\/v2\/types\/product"}],"replies":[{"embeddable":true,"href":"https:\/\/staging.curacaotodo.com\/es\/wp-json\/wp\/v2\/comments?post=58636"}],"wp:featuredmedia":[{"embeddable":true,"href":"https:\/\/staging.curacaotodo.com\/es\/wp-json\/wp\/v2\/media\/22666"}],"wp:attachment":[{"href":"https:\/\/staging.curacaotodo.com\/es\/wp-json\/wp\/v2\/media?parent=58636"}],"wp:term":[{"taxonomy":"activity-source","embeddable":true,"href":"https:\/\/staging.curacaotodo.com\/es\/wp-json\/wp\/v2\/activity-source?post=58636"},{"taxonomy":"company-partner","embeddable":true,"href":"https:\/\/staging.curacaotodo.com\/es\/wp-json\/wp\/v2\/company-partner?post=58636"},{"taxonomy":"store","embeddable":true,"href":"https:\/\/staging.curacaotodo.com\/es\/wp-json\/wp\/v2\/store?post=58636"},{"taxonomy":"product_brand","embeddable":true,"href":"https:\/\/staging.curacaotodo.com\/es\/wp-json\/wp\/v2\/product_brand?post=58636"},{"taxonomy":"product_cat","embeddable":true,"href":"https:\/\/staging.curacaotodo.com\/es\/wp-json\/wp\/v2\/product_cat?post=58636"},{"taxonomy":"product_tag","embeddable":true,"href":"https:\/\/staging.curacaotodo.com\/es\/wp-json\/wp\/v2\/product_tag?post=58636"}],"curies":[{"name":"wp","href":"https:\/\/api.w.org\/{rel}","templated":true}]}}