{"id":57871,"date":"2021-07-10T22:01:16","date_gmt":"2021-07-10T22:01:16","guid":{"rendered":"https:\/\/curacaotodo.com\/activity\/viaje-a-klein-curacao\/"},"modified":"2021-07-10T22:01:16","modified_gmt":"2021-07-11T02:01:16","slug":"viaje-a-klein-curacao","status":"publish","type":"product","link":"https:\/\/staging.curacaotodo.com\/es\/actividad\/viaje-a-klein-curacao\/","title":{"rendered":"Viaje a Klein Cura\u00e7ao"},"content":{"rendered":"<p>A un par de kil\u00f3metros al sureste de Cura\u00e7ao se encuentra la hermosa isla de<a href=\"https:\/\/staging.curacaotodo.com\/es\/klein-curacao\/\">\u00abKlein Cura\u00e7ao<\/a>\u00ab.<\/p><ul><li>Playas de arena blanca<\/li><li>Hermosos arrecifes de <a href=\"https:\/\/staging.curacaotodo.com\/es\/esnorquel\/\">esn\u00f3rquel<\/a><\/li><li>Relajanteun entorno muy tranquilo<\/li><li>Nadie que viva en la Isla<\/li><\/ul><p>El viaje puede ser un poco duro debido a las aguas agitadas.<br \/>Es aconsejable llevar equipo de pesca, puede que pesquemos alg\u00fan Dorado, At\u00fan o Wahoo, y asaremos nuestra pesca fresca del d\u00eda en <a href=\"https:\/\/staging.curacaotodo.com\/es\/klein-curacao\/\">Klein Curacao<\/a>.<\/p>","protected":false},"excerpt":{"rendered":"<p>A un par de kil\u00f3metros al sureste de Cura\u00e7ao se encuentra la hermosa isla de\u00abKlein Cura\u00e7ao\u00ab.Playas de arena blancaHermosos arrecifes de esn\u00f3rquelRelajanteun entorno muy tranquiloNadie que viva en la IslaEl viaje puede ser un poco duro debido a las aguas agitadas.Es aconsejable llevar equipo de pesca, puede que pesquemos alg\u00fan Dorado, At\u00fan o Wahoo, y [&hellip;]<\/p>\n","protected":false},"featured_media":17871,"comment_status":"open","ping_status":"closed","template":"","meta":{"_acf_changed":false},"activity-source":[],"company-partner":[],"store":[],"product_brand":[],"product_cat":[3275],"product_tag":[4229],"class_list":{"0":"post-57871","1":"product","2":"type-product","3":"status-publish","4":"has-post-thumbnail","6":"product_cat-klein-curacao-es","7":"product_tag-klein-curazao","9":"first","10":"instock","11":"virtual","12":"sold-individually","13":"product-type-simple"},"acf":[],"_links":{"self":[{"href":"https:\/\/staging.curacaotodo.com\/es\/wp-json\/wp\/v2\/product\/57871","targetHints":{"allow":["GET"]}}],"collection":[{"href":"https:\/\/staging.curacaotodo.com\/es\/wp-json\/wp\/v2\/product"}],"about":[{"href":"https:\/\/staging.curacaotodo.com\/es\/wp-json\/wp\/v2\/types\/product"}],"replies":[{"embeddable":true,"href":"https:\/\/staging.curacaotodo.com\/es\/wp-json\/wp\/v2\/comments?post=57871"}],"wp:featuredmedia":[{"embeddable":true,"href":"https:\/\/staging.curacaotodo.com\/es\/wp-json\/wp\/v2\/media\/17871"}],"wp:attachment":[{"href":"https:\/\/staging.curacaotodo.com\/es\/wp-json\/wp\/v2\/media?parent=57871"}],"wp:term":[{"taxonomy":"activity-source","embeddable":true,"href":"https:\/\/staging.curacaotodo.com\/es\/wp-json\/wp\/v2\/activity-source?post=57871"},{"taxonomy":"company-partner","embeddable":true,"href":"https:\/\/staging.curacaotodo.com\/es\/wp-json\/wp\/v2\/company-partner?post=57871"},{"taxonomy":"store","embeddable":true,"href":"https:\/\/staging.curacaotodo.com\/es\/wp-json\/wp\/v2\/store?post=57871"},{"taxonomy":"product_brand","embeddable":true,"href":"https:\/\/staging.curacaotodo.com\/es\/wp-json\/wp\/v2\/product_brand?post=57871"},{"taxonomy":"product_cat","embeddable":true,"href":"https:\/\/staging.curacaotodo.com\/es\/wp-json\/wp\/v2\/product_cat?post=57871"},{"taxonomy":"product_tag","embeddable":true,"href":"https:\/\/staging.curacaotodo.com\/es\/wp-json\/wp\/v2\/product_tag?post=57871"}],"curies":[{"name":"wp","href":"https:\/\/api.w.org\/{rel}","templated":true}]}}