{"id":56361,"date":"2024-09-05T09:31:26","date_gmt":"2024-09-05T13:31:26","guid":{"rendered":"https:\/\/curacaotodo.com\/activity\/cursos-de-buceo-recreativo-en-curacao\/"},"modified":"2024-09-05T09:31:26","modified_gmt":"2024-09-05T13:31:26","slug":"cursos-de-buceo-recreativo-en-curacao","status":"publish","type":"product","link":"https:\/\/staging.curacaotodo.com\/es\/actividad\/cursos-de-buceo-recreativo-en-curacao\/","title":{"rendered":"Cursos de buceo recreativo en Cura\u00e7ao"},"content":{"rendered":"<h2>Explora los mejores cursos de buceo de Cura\u00e7ao: La aventura te espera bajo el agua<\/h2><p>Cura\u00e7ao es el destino de buceo por excelencia, ya que ofrece una mezcla perfecta de lugares de inmersi\u00f3n de categor\u00eda mundial, experiencias de lujo y <a href=\"https:\/\/staging.curacaotodo.com\/es\/buceo-en-curazao\/dive-courses\/\">cursos de buceo<\/a> personalizados. Tanto si eres un principiante deseoso de explorar el mundo submarino como un buceador avanzado que busca mejorar sus habilidades, los cursos de buceo recreativo de Cura\u00e7ao se adaptan a todos los niveles. He aqu\u00ed por qu\u00e9 destacan nuestros cursos de buceo:  <\/p><h3>\u00bfPor qu\u00e9 elegir cursos de buceo recreativo en Cura\u00e7ao?<\/h3><p>Cura\u00e7ao no s\u00f3lo es famosa por sus impresionantes playas y su vibrante cultura, sino tambi\u00e9n por sus espectaculares condiciones de buceo. Con aguas tranquilas y c\u00e1lidas y una visibilidad excepcional, la isla ofrece el entorno perfecto para que los buceadores aprendan y exploren con seguridad. Nuestros cursos est\u00e1n dirigidos por instructores titulados, apasionados del mundo submarino y dedicados a proporcionar una experiencia segura y agradable.  <\/p><p>Tendr\u00e1s la oportunidad de explorar la diversa vida marina de Cura\u00e7ao, que incluye vibrantes arrecifes de coral, peces tropicales e incluso alguna que otra tortuga o raya. La isla alberga algunos de los mejores lugares de buceo del Caribe, como el famoso Pecio del Remolcador y el Bosque de los Hongos, que ofrecen impresionantes paisajes submarinos. <\/p><h3>Qu\u00e9 ofrecemos<\/h3><p>En Unique Diving Cura\u00e7ao, ofrecemos una gama de cursos de buceo recreativo dise\u00f1ados para adaptarse a tus necesidades y nivel de experiencia:<\/p><ul><li><strong>Descubre el buceo con escafandra aut\u00f3noma:<\/strong> Perfecto para principiantes, este curso introductorio te har\u00e1 sentir c\u00f3modo con los fundamentos del buceo en un entorno seguro y controlado.<\/li><li><strong>Certificaci\u00f3n de Buceador de Aguas Abiertas:<\/strong> Este curso, reconocido internacionalmente, te permite bucear hasta 18 metros y te abre las puertas a innumerables aventuras submarinas por todo el mundo.<\/li><li><strong>Buceador Avanzado de Aguas Abiertas:<\/strong> Para aquellos que buscan llevar sus habilidades al siguiente nivel, este curso profundizar\u00e1 tus conocimientos de buceo y te introducir\u00e1 en entornos de inmersi\u00f3n m\u00e1s desafiantes.<\/li><li><strong>Cursos de Especialidades de Buceo:<\/strong> Desde fotograf\u00eda submarina hasta buceo en pecios, nuestros cursos de especialidad te permiten centrarte en \u00e1reas de inter\u00e9s y mejorar tus habilidades de forma divertida y atractiva.<\/li><\/ul><h3>Experiencias personalizadas en entornos de lujo<\/h3><p>Nos enorgullecemos de ofrecer grupos reducidos y atenci\u00f3n personalizada, garantizando que cada alumno aproveche al m\u00e1ximo su experiencia de buceo. Nuestro enfoque orientado al lujo garantiza que puedas aprender a tu propio ritmo mientras disfrutas de instalaciones, equipo y servicio de primera categor\u00eda. Desde viajes en barco privado hasta lugares de inmersi\u00f3n exclusivos, vamos m\u00e1s all\u00e1 para que tu viaje de buceo sea lo m\u00e1s memorable posible.  <\/p><p>Una de nuestras felices turistas, Sarah, de los Pa\u00edses Bajos, comparti\u00f3 su experiencia:<\/p><p><em>\u201cHacer el curso de buceo en aguas abiertas con Unique Diving Cura\u00e7ao fue lo mejor de mi viaje. Los instructores fueron incre\u00edblemente pacientes, y los lugares de inmersi\u00f3n eran absolutamente impresionantes. Nunca hab\u00eda visto arrecifes de coral tan coloridos, y me sent\u00ed completamente segura todo el tiempo. Es una experiencia que nunca olvidar\u00e9, y estoy deseando volver a por m\u00e1s.\u201d<\/em><\/p><h3>\u00bfPor qu\u00e9 bucear en Cura\u00e7ao?<\/h3><p>Hay muchas razones para elegir Cura\u00e7ao para tu pr\u00f3ximo viaje de buceo:<\/p><ul><li><strong>Buceo durante todo el a\u00f1o:<\/strong> La isla ofrece excelentes condiciones para bucear en cualquier \u00e9poca del a\u00f1o, con temperaturas medias del agua de entre 26\u00b0C y 29\u00b0C.<\/li><li><strong>Vida marina diversa:<\/strong> Cura\u00e7ao alberga m\u00e1s de 65 puntos de inmersi\u00f3n distintos, cada uno de los cuales ofrece paisajes submarinos y vida salvaje \u00fanicos.<\/li><li><strong>Facilidad de acceso:<\/strong> La mayor\u00eda de los puntos de inmersi\u00f3n son accesibles directamente desde la orilla, lo que permite una experiencia de buceo sin complicaciones.<\/li><li><strong>Seguridad y comodidad:<\/strong> Con instructores de buceo altamente cualificados y equipos en buen estado, puedes confiar en tu seguridad durante cada inmersi\u00f3n.<\/li><\/ul><h3>Reserva hoy tu aventura de buceo<\/h3><p>Vive la magia del mundo submarino de Cura\u00e7ao con nosotros. En Unique Diving Cura\u00e7ao ofrecemos los mejores cursos y <a href=\"https:\/\/staging.curacaotodo.com\/es\/actividades\/\">actividades<\/a> de buceo de la isla, para que te lleves recuerdos inolvidables. Tanto si quieres descubrir el submarinismo por primera vez como obtener una nueva titulaci\u00f3n, tenemos el curso perfecto para ti. Deja que nos ocupemos de los detalles mientras disfrutas de una aventura de buceo de primera clase.   <\/p><h2>Preguntas frecuentes sobre los cursos de buceo recreativo en Cura\u00e7ao<\/h2><h3><strong>\u00bfCu\u00e1l es la mejor \u00e9poca del a\u00f1o para bucear en Cura\u00e7ao?<\/strong><\/h3><p>Una de las muchas ventajas del buceo en Cura\u00e7ao es que es una actividad que se puede practicar todo el a\u00f1o. La isla disfruta de un clima tropical c\u00e1lido, con temperaturas del agua que oscilan entre 26 \u00b0C y 29 \u00b0C (79 \u00b0F y 84 \u00b0F) durante todo el a\u00f1o. Aunque las condiciones para bucear son excelentes todo el a\u00f1o, la \u00e9poca m\u00e1s popular para visitar la isla es durante la estaci\u00f3n seca, de diciembre a abril. Durante estos meses, la isla experimenta menos precipitaciones, ofreciendo cielos soleados y mares tranquilos, lo que la hace ideal para bucear.   <\/p><h3><strong>\u00bfNecesito experiencia previa para hacer un curso de buceo recreativo?<\/strong><\/h3><p>No se requiere experiencia previa de buceo para los cursos de buceo para principiantes en Cura\u00e7ao. Si nunca has buceado, nuestro curso <strong>Discover Scuba Diving<\/strong> est\u00e1 dise\u00f1ado espec\u00edficamente para principiantes. Este curso introductorio te ense\u00f1a los fundamentos del buceo, incluidos los procedimientos de seguridad y c\u00f3mo utilizar el equipo de buceo. Tras una breve sesi\u00f3n en aguas poco profundas, estar\u00e1s listo para explorar algunos de los impresionantes lugares de buceo de Cura\u00e7ao bajo la direcci\u00f3n de nuestros instructores profesionales.   <\/p><p>Para los que tienen algo de experiencia, ofrecemos cursos como el <strong>de certificaci\u00f3n de buceador de aguas abiertas<\/strong> y el <strong>de buceador avanzado de aguas abiertas<\/strong>, en los que puedes ampliar tus conocimientos.<\/p><h3><strong>\u00bfHasta qu\u00e9 punto son seguros los cursos de buceo recreativo?<\/strong><\/h3><p>La seguridad es nuestra m\u00e1xima prioridad en Unique Diving Cura\u00e7ao. Todos nuestros instructores est\u00e1n altamente cualificados y cuentan con la certificaci\u00f3n PADI, lo que garantiza que cada curso de buceo se realice con los m\u00e1s altos niveles de seguridad. Antes de cada inmersi\u00f3n, realizamos comprobaciones exhaustivas de la seguridad del equipo y proporcionamos instrucciones claras para garantizar que todos los participantes se sientan seguros y confiados. Adem\u00e1s, las aguas tranquilas y claras de Cura\u00e7ao proporcionan un entorno ideal para inmersiones seguras y c\u00f3modas, especialmente para los principiantes.   <\/p><h3><strong>\u00bfCu\u00e1nto tiempo se tarda en obtener el t\u00edtulo de Buceador de Aguas Abiertas?<\/strong><\/h3><p>El curso de <strong>Certificaci\u00f3n de Buceador de Aguas<\/strong> Abiertas suele durar de 3 a 4 d\u00edas. El curso consta de clases te\u00f3ricas, inmersiones en aguas confinadas para practicar las destrezas, e inmersiones en aguas abiertas donde aplicar\u00e1s lo aprendido en condiciones reales de inmersi\u00f3n. Ofrecemos horarios flexibles para adaptarnos a tus planes de vacaciones, y recibir\u00e1s atenci\u00f3n personalizada a lo largo del curso para garantizar un ritmo c\u00f3modo de aprendizaje.  <\/p><h3><strong>\u00bfQu\u00e9 debo llevar para el curso de buceo?<\/strong><\/h3><p>Proporcionamos todo el equipo de buceo necesario, por lo que no es necesario que traigas el tuyo. Sin embargo, es posible que quieras traer lo siguiente: <\/p><ul><li>Un ba\u00f1ador<\/li><li>Una toalla<\/li><li>Protector solar (seguro para los arrecifes)<\/li><li>Una botella de agua para hidratarte<\/li><li>Aperitivos para despu\u00e9s de la inmersi\u00f3n<\/li><li>Tu tarjeta de certificaci\u00f3n de buceo si te inscribes en cursos avanzados<\/li><\/ul><p>Si tienes equipo personal, como m\u00e1scara o aletas, y prefieres usarlo t\u00fa, no dudes en traerlo.<\/p><h3><strong>\u00bfLos cursos de buceo son aptos para familias?<\/strong><\/h3><p>S\u00ed, muchos de nuestros cursos de buceo son adecuados para familias, especialmente el curso <strong>Discover Scuba Diving<\/strong>, abierto a ni\u00f1os de hasta 10 a\u00f1os. Es una forma fant\u00e1stica de introducir a los j\u00f3venes aventureros en el mundo submarino en un entorno seguro y divertido. Tambi\u00e9n ofrecemos viajes privados de buceo en familia para que todos puedan disfrutar juntos de la experiencia, creando recuerdos duraderos en tus vacaciones en Cura\u00e7ao.  <\/p><h3><strong>\u00bfQu\u00e9 hace que los lugares de buceo de Cura\u00e7ao sean \u00fanicos?<\/strong><\/h3><p>Los lugares de buceo de Cura\u00e7ao son famosos por su f\u00e1cil accesibilidad y variedad. A muchos de los mejores lugares se puede llegar desde la costa, lo que significa que no siempre es necesario coger un barco para llegar a incre\u00edbles puntos de inmersi\u00f3n. El mundo submarino de la isla presenta de todo, desde arrecifes poco profundos perfectos para principiantes hasta profundas paredes y pecios para buceadores m\u00e1s avanzados. Algunos de los lugares m\u00e1s populares son:   <\/p><ul><li><strong>Pecio del Remolcador:<\/strong> Una inmersi\u00f3n poco profunda perfecta para principiantes, en la que podr\u00e1s explorar un remolcador hundido repleto de vida marina.<\/li><li><strong>Bosque de Setas:<\/strong> Famoso por sus formaciones coralinas parecidas a setas gigantes, este lugar es una visita obligada para los buceadores avanzados.<\/li><li><strong>Pecio del Productor Superior:<\/strong> Una de las inmersiones en pecio m\u00e1s famosas del Caribe, apta para buceadores m\u00e1s experimentados.<\/li><\/ul><h3><strong>\u00bfC\u00f3mo reservo un curso de buceo recreativo en Cura\u00e7ao?<\/strong><\/h3><p>Reservar tu curso de buceo con nosotros es muy sencillo. Puedes reservar f\u00e1cilmente un curso en l\u00ednea a trav\u00e9s de nuestro sitio web o ponerte en contacto con nosotros directamente. Recomendamos reservar con antelaci\u00f3n, especialmente durante la temporada alta de viajes, para garantizar la disponibilidad. Una vez que hayas reservado, nos ocuparemos de todos los detalles, desde el equipo hasta el transporte, para que puedas centrarte en disfrutar de tu aventura de buceo.   <\/p>","protected":false},"excerpt":{"rendered":"<p>Cura\u00e7ao, un para\u00edso tropical en el Caribe, es un destino de renombre para los entusiastas del submarinismo. La isla presume de aguas cristalinas, vibrantes arrecifes de coral y abundante vida marina, lo que la convierte en un lugar ideal tanto para buceadores principiantes como experimentados. Tanto si quieres explorar pecios submarinos, descubrir especies de peces de colores o simplemente disfrutar de la tranquilidad del oc\u00e9ano, Cura\u00e7ao lo tiene todo. Los cursos de buceo recreativo en Cura\u00e7ao est\u00e1n dise\u00f1ados para ofrecerte una experiencia subacu\u00e1tica \u00fanica, permiti\u00e9ndote explorar los mejores lugares de buceo de la isla mientras aprendes las t\u00e9cnicas de buceo esenciales. Con aguas c\u00e1lidas y excelente visibilidad todo el a\u00f1o, bucear en Cura\u00e7ao es una actividad obligada para cualquiera que visite esta impresionante isla.    <\/p>\n","protected":false},"featured_media":56362,"comment_status":"open","ping_status":"closed","template":"","meta":{"_acf_changed":false},"activity-source":[],"company-partner":[],"store":[],"product_brand":[],"product_cat":[466],"product_tag":[4234],"class_list":{"0":"post-56361","1":"product","2":"type-product","3":"status-publish","4":"has-post-thumbnail","6":"product_cat-sin-categorizar","7":"product_tag-unique-diving-es","9":"first","10":"instock","11":"shipping-taxable","12":"product-type-simple"},"acf":[],"_links":{"self":[{"href":"https:\/\/staging.curacaotodo.com\/es\/wp-json\/wp\/v2\/product\/56361","targetHints":{"allow":["GET"]}}],"collection":[{"href":"https:\/\/staging.curacaotodo.com\/es\/wp-json\/wp\/v2\/product"}],"about":[{"href":"https:\/\/staging.curacaotodo.com\/es\/wp-json\/wp\/v2\/types\/product"}],"replies":[{"embeddable":true,"href":"https:\/\/staging.curacaotodo.com\/es\/wp-json\/wp\/v2\/comments?post=56361"}],"wp:featuredmedia":[{"embeddable":true,"href":"https:\/\/staging.curacaotodo.com\/es\/wp-json\/wp\/v2\/media\/56362"}],"wp:attachment":[{"href":"https:\/\/staging.curacaotodo.com\/es\/wp-json\/wp\/v2\/media?parent=56361"}],"wp:term":[{"taxonomy":"activity-source","embeddable":true,"href":"https:\/\/staging.curacaotodo.com\/es\/wp-json\/wp\/v2\/activity-source?post=56361"},{"taxonomy":"company-partner","embeddable":true,"href":"https:\/\/staging.curacaotodo.com\/es\/wp-json\/wp\/v2\/company-partner?post=56361"},{"taxonomy":"store","embeddable":true,"href":"https:\/\/staging.curacaotodo.com\/es\/wp-json\/wp\/v2\/store?post=56361"},{"taxonomy":"product_brand","embeddable":true,"href":"https:\/\/staging.curacaotodo.com\/es\/wp-json\/wp\/v2\/product_brand?post=56361"},{"taxonomy":"product_cat","embeddable":true,"href":"https:\/\/staging.curacaotodo.com\/es\/wp-json\/wp\/v2\/product_cat?post=56361"},{"taxonomy":"product_tag","embeddable":true,"href":"https:\/\/staging.curacaotodo.com\/es\/wp-json\/wp\/v2\/product_tag?post=56361"}],"curies":[{"name":"wp","href":"https:\/\/api.w.org\/{rel}","templated":true}]}}