{"id":56359,"date":"2024-09-05T09:39:11","date_gmt":"2024-09-05T13:39:11","guid":{"rendered":"https:\/\/curacaotodo.com\/activity\/buceo-vip-en-curacao-la-mejor-experiencia-de-buceo\/"},"modified":"2024-09-05T09:39:11","modified_gmt":"2024-09-05T13:39:11","slug":"buceo-vip-en-curacao-la-mejor-experiencia-de-buceo","status":"publish","type":"product","link":"https:\/\/staging.curacaotodo.com\/es\/actividad\/buceo-vip-en-curacao-la-mejor-experiencia-de-buceo\/","title":{"rendered":"Buceo VIP en Cura\u00e7ao: La mejor experiencia de buceo"},"content":{"rendered":"<h2>Experimenta el lujo del buceo VIP en Cura\u00e7ao<\/h2><p>En VIP Diving Cura\u00e7ao, ofrecemos una experiencia de buceo realmente \u00fanica, dise\u00f1ada para satisfacer las necesidades de los buceadores que aprecian la calidad, la comodidad y la atenci\u00f3n personalizada. Nuestros paquetes de buceo a medida son perfectos para quienes desean explorar la belleza submarina de Cura\u00e7ao en un entorno relajado y sin estr\u00e9s. Disfrutar\u00e1s de un tratamiento VIP completo desde el momento en que llegues, garantizando que tu inmersi\u00f3n no sea una excursi\u00f3n m\u00e1s, sino una aventura inolvidable y lujosa.  <\/p><h3>\u00bfPor qu\u00e9 elegir VIP Diving Cura\u00e7ao?<\/h3><p>Cura\u00e7ao alberga m\u00e1s de 60 impresionantes puntos de inmersi\u00f3n, desde arrecifes de coral poco profundos hasta profundos acantilados submarinos, todos rebosantes de vibrante vida marina. Sin embargo, lo que realmente diferencia a VIP Diving Cura\u00e7ao es la experiencia personalizada y exclusiva que ofrecemos. Nuestro equipo de instructores profesionales te guiar\u00e1 por algunos de los puntos de inmersi\u00f3n m\u00e1s ocultos y pr\u00edstinos, asegur\u00e1ndose de que tu viaje bajo el mar sea tan m\u00e1gico como la propia isla.  <\/p><p>He aqu\u00ed por qu\u00e9 VIP Diving Cura\u00e7ao es la mejor opci\u00f3n para los buceadores exigentes:<\/p><ul><li><strong>Sesiones de buceo privadas:<\/strong> No formar\u00e1s parte de un grupo grande e impersonal. En lugar de eso, disfruta de sesiones de inmersi\u00f3n \u00edntimas s\u00f3lo contigo y tu grupo, lo que garantiza una inmersi\u00f3n m\u00e1s relajada y agradable. <\/li><li><strong>Paquetes de buceo a medida:<\/strong> Tanto si eres un principiante que quiere hacer su primera inmersi\u00f3n como un buceador experimentado que busca algo especial, crearemos un paquete de buceo a tu medida.<\/li><li><strong>Gu\u00edas locales expertos:<\/strong> Nuestros experimentados maestros de buceo conocen cada rinc\u00f3n de las aguas de Cura\u00e7ao, proporcionando informaci\u00f3n privilegiada sobre los mejores lugares para explorar.<\/li><li><strong>Equipo de alta gama:<\/strong> Proporcionamos equipo de buceo de alta gama, garantizando tu comodidad y seguridad durante toda la experiencia.<\/li><li><strong>Buceo de lujo desde barco y desde costa:<\/strong> Tanto si prefieres bucear en barco en lugares remotos como si prefieres una inmersi\u00f3n serena desde la costa, tenemos las mejores opciones disponibles para ti.<\/li><\/ul><p>En VIP Diving Cura\u00e7ao, damos prioridad a tu comodidad y experiencia. Nuestro objetivo no es s\u00f3lo mostrarte la belleza submarina de Cura\u00e7ao, sino hacer de todo tu viaje de buceo una experiencia extraordinaria. Como dijo una de nuestras hu\u00e9spedes recientes, Anna, de los Pa\u00edses Bajos:  <\/p><p><em>\u201cBucear con VIP Diving Cura\u00e7ao fue lo mejor de nuestro viaje. Los instructores estaban muy bien informados y pudimos ver partes de la isla que otras excursiones ni siquiera mencionan. Fue como si descubri\u00e9ramos un tesoro escondido cada vez que entr\u00e1bamos en el agua. Vali\u00f3 la pena cada c\u00e9ntimo\u201d.<\/em><\/p><h3>Una aventura de buceo sin igual<\/h3><p>El diverso ecosistema marino de Cura\u00e7ao ofrece algo para cada buceador. Encontrar\u00e1s una gran variedad de vida marina, desde curiosas tortugas marinas y elegantes rayas hasta coloridos peces loro y barracudas. Las c\u00e1lidas aguas de la isla y sus suaves corrientes hacen que bucear aqu\u00ed sea accesible para todos, y con VIP Diving Cura\u00e7ao tendr\u00e1s la oportunidad de explorar tanto lugares de buceo conocidos como joyas menos conocidas.  <\/p><p>\u00bfNo sabes por d\u00f3nde empezar? Aqu\u00ed tienes algunos puntos de inmersi\u00f3n que te recomendamos para vivir una experiencia inolvidable: <\/p><ul><li><strong>Pecio del Remolcador:<\/strong> Uno de los lugares m\u00e1s famosos de Cura\u00e7ao, ideal tanto para principiantes como para buceadores experimentados.<\/li><li><strong>Watamula:<\/strong> Para los buceadores m\u00e1s experimentados, este lugar ofrece una explosi\u00f3n de coral y un caleidoscopio de vida marina.<\/li><li><strong><a href=\"https:\/\/staging.curacaotodo.com\/es\/klein-curacao\/\">Klein Cura\u00e7ao<\/a>:<\/strong> Una isla remota y deshabitada, perfecta para una inmersi\u00f3n en barco privado y una exploraci\u00f3n exclusiva de arrecifes de coral v\u00edrgenes.<\/li><\/ul><p>Al elegir VIP Diving Cura\u00e7ao, no s\u00f3lo est\u00e1s reservando una inmersi\u00f3n, sino que est\u00e1s invirtiendo en una experiencia memorable de alto nivel que combina aventura y lujo. Deja que nos ocupemos de los detalles mientras t\u00fa te centras en explorar las maravillas bajo el mar. <\/p><h2>Preguntas frecuentes sobre VIP Diving Cura\u00e7ao<\/h2><p>Entendemos que el buceo, especialmente en un destino nuevo como Cura\u00e7ao, conlleva muchas preguntas. A continuaci\u00f3n, hemos recopilado las respuestas a algunas de las preguntas m\u00e1s frecuentes que nos hacen nuestros hu\u00e9spedes sobre la experiencia VIP Diving Cura\u00e7ao. Tanto si eres un buceador experimentado como si acabas de empezar, esperamos que esta informaci\u00f3n te ayude a sentirte m\u00e1s seguro y entusiasmado con tu pr\u00f3xima aventura.  <\/p><h3><strong>\u00bfQu\u00e9 es VIP Diving Cura\u00e7ao?<\/strong><\/h3><p>VIP Diving Cura\u00e7ao es un servicio de buceo premium que ofrece experiencias de buceo personalizadas y de lujo en la isla. A diferencia de las excursiones de buceo tradicionales, nuestros paquetes se personalizan para satisfacer tus necesidades y preferencias espec\u00edficas. Ofrecemos sesiones de buceo privadas, equipos de alta calidad y gu\u00edas locales expertos para garantizar que saques el m\u00e1ximo partido a tu aventura submarina. Tanto si prefieres bucear desde tierra como desde barco, nuestro objetivo es proporcionar una experiencia exclusiva e \u00edntima a cada hu\u00e9sped.   <\/p><h3><strong>\u00bfNecesito experiencia previa en buceo para disfrutar de VIP Diving Cura\u00e7ao?<\/strong><\/h3><p>\u00a1En absoluto! VIP Diving Cura\u00e7ao atiende a buceadores de todos los niveles. Si eres nuevo en el buceo, nuestros instructores te proporcionar\u00e1n una formaci\u00f3n exhaustiva y te guiar\u00e1n en cada paso, asegur\u00e1ndose de que te sientas c\u00f3modo y seguro durante toda la inmersi\u00f3n. Para los buceadores experimentados, ofrecemos lugares de inmersi\u00f3n avanzados y recomendaciones personalizadas para desafiarte e inspirarte. Nuestro equipo adaptar\u00e1 la experiencia a tu nivel de habilidad, para que puedas disfrutar del mundo submarino a tu propio ritmo.    <\/p><h3><strong>\u00bfQu\u00e9 tipo de vida marina puedo esperar ver buceando en Cura\u00e7ao?<\/strong><\/h3><p>Las aguas de Cura\u00e7ao rebosan de vida marina diversa. Encontrar\u00e1s vibrantes arrecifes de coral, coloridos peces tropicales, tortugas marinas, rayas y, a veces, incluso especies m\u00e1s grandes como tiburones y delfines, dependiendo del lugar de inmersi\u00f3n. Algunas de las especies comunes que puedes avistar son:  <\/p><ul><li>Pez loro, pez \u00e1ngel y pez mariposa<\/li><li>Barracudas y morenas<\/li><li>Tortugas marinas y rayas<\/li><li>Pulpos y langostas<\/li><li>Un conjunto de corales blandos y duros<\/li><\/ul><p>Con VIP Diving Cura\u00e7ao, tus gu\u00edas te llevar\u00e1n a los mejores lugares donde abunda la vida marina y el paisaje submarino es inolvidable.<\/p><h3><strong>\u00bfCu\u00e1l es la mejor \u00e9poca del a\u00f1o para bucear en Cura\u00e7ao?<\/strong><\/h3><p>Cura\u00e7ao disfruta de excelentes condiciones para bucear durante todo el a\u00f1o, gracias a su c\u00e1lido clima tropical. La temperatura media del agua de la isla oscila entre 26 \u00b0C y 30 \u00b0C, por lo que resulta c\u00f3modo bucear en cualquier \u00e9poca del a\u00f1o. Sin embargo, el periodo de abril a noviembre suele considerarse la mejor \u00e9poca para bucear, debido a que el mar est\u00e1 algo m\u00e1s tranquilo y la visibilidad es \u00f3ptima, pudiendo alcanzar hasta 30 metros (100 pies) en un buen d\u00eda.  <\/p><h3><strong>\u00bfEn qu\u00e9 se diferencia VIP Diving Cura\u00e7ao de otros servicios de buceo de la isla?<\/strong><\/h3><p>Lo que diferencia a VIP Diving Cura\u00e7ao es nuestro enfoque en el lujo, la personalizaci\u00f3n y la atenci\u00f3n al detalle. Mientras que la mayor\u00eda de las excursiones de buceo acogen a grupos grandes, nosotros ofrecemos inmersiones privadas y en grupos peque\u00f1os, garantizando que cada hu\u00e9sped reciba instrucci\u00f3n y atenci\u00f3n personalizadas. Proporcionamos equipos de buceo de alta gama, horarios flexibles y paquetes de buceo a medida. Tanto si buscas una inmersi\u00f3n tranquila como una experiencia aventurera en aguas profundas, VIP Diving Cura\u00e7ao te garantiza una inmersi\u00f3n \u00fanica e inolvidable en las pr\u00edstinas aguas de Cura\u00e7ao.   <\/p><h3><strong>\u00bfC\u00f3mo puedo reservar una experiencia de buceo VIP?<\/strong><\/h3><p>Reservar una experiencia VIP Diving Cura\u00e7ao es muy sencillo. Puedes visitar nuestro sitio web para explorar nuestros diversos paquetes de inmersi\u00f3n, que pueden personalizarse seg\u00fan tus preferencias. Tambi\u00e9n puedes ponerte en contacto con nosotros directamente para hablar de tus necesidades, y nuestro equipo crear\u00e1 un itinerario de inmersi\u00f3n a tu medida. Recomendamos reservar con antelaci\u00f3n, especialmente en temporada alta, para garantizar la disponibilidad.   <\/p><h3><strong>\u00bfQu\u00e9 debo llevar para mi viaje de buceo?<\/strong><\/h3><p>Cuando buceas con VIP Diving Cura\u00e7ao, te proporcionamos todo el equipo de buceo necesario, incluidos trajes de neopreno, m\u00e1scaras, aletas y botellas. Sin embargo, te recomendamos que traigas los siguientes art\u00edculos para mejorar tu experiencia: <\/p><ul><li>Traje de ba\u00f1o<\/li><li>Toalla y protecci\u00f3n solar<\/li><li>C\u00e1mara acu\u00e1tica (si quieres capturar recuerdos bajo el agua)<\/li><li>Tarjeta de certificaci\u00f3n de buceo (si est\u00e1s certificado)<\/li><li>Cualquier equipo personal que prefieras (aunque proporcionamos equipo de alta calidad)<\/li><\/ul><p>Con VIP Diving Cura\u00e7ao, nos ocupamos de los detalles, para que puedas centrarte en la incre\u00edble experiencia de explorar el mundo submarino.<\/p><h3><strong>\u00bfPueden unirse al viaje personas que no buceen?<\/strong><\/h3><p>Por supuesto. Si tienes amigos o familiares que no est\u00e1n interesados en bucear, pueden acompa\u00f1arte en el paseo en barco o relajarse en la orilla. Tambi\u00e9n ofrecemos oportunidades de snorkel para los no buceadores, lo que les permite disfrutar de las bellas aguas de Cura\u00e7ao desde la superficie mientras t\u00fa exploras las profundidades.  <\/p>","protected":false},"excerpt":{"rendered":"<p>Cura\u00e7ao es famosa por sus impresionantes lugares de buceo, donde los vibrantes arrecifes de coral, la colorida vida marina y las aguas cristalinas crean el entorno ideal para buceadores de todos los niveles. VIP Diving Cura\u00e7ao lleva esta experiencia a un nivel completamente nuevo, ofreciendo una experiencia de buceo personalizada y lujosa, adaptada a tus deseos espec\u00edficos. Tanto si eres un buceador experimentado como un principiante, el enfoque VIP garantiza que explorar\u00e1s los impresionantes paisajes submarinos de Cura\u00e7ao con comodidad, seguridad y estilo.  <\/p>\n","protected":false},"featured_media":22689,"comment_status":"open","ping_status":"closed","template":"","meta":{"_acf_changed":false},"activity-source":[],"company-partner":[],"store":[],"product_brand":[],"product_cat":[466],"product_tag":[4234],"class_list":{"0":"post-56359","1":"product","2":"type-product","3":"status-publish","4":"has-post-thumbnail","6":"product_cat-sin-categorizar","7":"product_tag-unique-diving-es","9":"first","10":"instock","11":"shipping-taxable","12":"product-type-simple"},"acf":[],"_links":{"self":[{"href":"https:\/\/staging.curacaotodo.com\/es\/wp-json\/wp\/v2\/product\/56359","targetHints":{"allow":["GET"]}}],"collection":[{"href":"https:\/\/staging.curacaotodo.com\/es\/wp-json\/wp\/v2\/product"}],"about":[{"href":"https:\/\/staging.curacaotodo.com\/es\/wp-json\/wp\/v2\/types\/product"}],"replies":[{"embeddable":true,"href":"https:\/\/staging.curacaotodo.com\/es\/wp-json\/wp\/v2\/comments?post=56359"}],"wp:featuredmedia":[{"embeddable":true,"href":"https:\/\/staging.curacaotodo.com\/es\/wp-json\/wp\/v2\/media\/22689"}],"wp:attachment":[{"href":"https:\/\/staging.curacaotodo.com\/es\/wp-json\/wp\/v2\/media?parent=56359"}],"wp:term":[{"taxonomy":"activity-source","embeddable":true,"href":"https:\/\/staging.curacaotodo.com\/es\/wp-json\/wp\/v2\/activity-source?post=56359"},{"taxonomy":"company-partner","embeddable":true,"href":"https:\/\/staging.curacaotodo.com\/es\/wp-json\/wp\/v2\/company-partner?post=56359"},{"taxonomy":"store","embeddable":true,"href":"https:\/\/staging.curacaotodo.com\/es\/wp-json\/wp\/v2\/store?post=56359"},{"taxonomy":"product_brand","embeddable":true,"href":"https:\/\/staging.curacaotodo.com\/es\/wp-json\/wp\/v2\/product_brand?post=56359"},{"taxonomy":"product_cat","embeddable":true,"href":"https:\/\/staging.curacaotodo.com\/es\/wp-json\/wp\/v2\/product_cat?post=56359"},{"taxonomy":"product_tag","embeddable":true,"href":"https:\/\/staging.curacaotodo.com\/es\/wp-json\/wp\/v2\/product_tag?post=56359"}],"curies":[{"name":"wp","href":"https:\/\/api.w.org\/{rel}","templated":true}]}}