{"id":56356,"date":"2024-09-05T09:28:28","date_gmt":"2024-09-05T13:28:28","guid":{"rendered":"https:\/\/curacaotodo.com\/activity\/hazte-buceador-en-curacao\/"},"modified":"2024-09-05T09:28:28","modified_gmt":"2024-09-05T13:28:28","slug":"hazte-buceador-en-curacao","status":"publish","type":"product","link":"https:\/\/staging.curacaotodo.com\/es\/actividad\/hazte-buceador-en-curacao\/","title":{"rendered":"Hazte buceador en Cura\u00e7ao"},"content":{"rendered":"<h2>Por qu\u00e9 Cura\u00e7ao es el Destino de Buceo Definitivo<\/h2><h3>Condiciones perfectas para principiantes y expertos<\/h3><p>Cura\u00e7ao cuenta con algunas de las condiciones m\u00e1s favorables para el buceo, lo que la convierte en el destino preferido de buceadores de todos los niveles. Con m\u00e1s de 65 puntos de inmersi\u00f3n \u00fanicos, la isla ofrece un abanico de experiencias de buceo que van desde tranquilas aguas poco profundas, ideales para principiantes, hasta desafiantes inmersiones en aguas profundas para buceadores m\u00e1s avanzados. La temperatura constante y c\u00e1lida del agua, con una media de 27\u00b0C (80\u00b0F) todo el a\u00f1o, garantiza que bucear sea siempre una experiencia c\u00f3moda y agradable.  <\/p><p>Uno de los aspectos m\u00e1s destacados del buceo en Cura\u00e7ao es la excelente visibilidad, que a menudo supera los 30 metros (100 pies), lo que permite a los buceadores apreciar plenamente el paisaje submarino. La diversa vida marina de la isla incluye vibrantes arrecifes de coral, bancos de peces tropicales, caballitos de mar y especies marinas de mayor tama\u00f1o, como rayas y tortugas marinas. <\/p><h3>Sum\u00e9rgete en una aventura de categor\u00eda mundial<\/h3><p>En Unique Diving, ofrecemos las mejores experiencias de buceo en Cura\u00e7ao. Nuestros expertos instructores se dedican a garantizar que cada buceador, ya sea un completo principiante o un profesional experimentado, tenga una experiencia de buceo segura e inolvidable. Al centrarnos en grupos reducidos, la atenci\u00f3n personalizada y el compromiso de preservar el entorno subacu\u00e1tico, garantizamos una experiencia de primer nivel de principio a fin.  <\/p><p>He aqu\u00ed algunas razones por las que deber\u00edas elegir a Unique Diving para tu aventura de buceo en Cura\u00e7ao:<\/p><ul><li><strong><a href=\"https:\/\/staging.curacaotodo.com\/es\/buceo-en-curazao\/dive-courses\/\">Cursos de buceo<\/a> personalizados:<\/strong> Desde cursos para principiantes hasta certificaciones avanzadas, nuestros expertos instructores se adaptan a tu nivel de experiencia.<\/li><li><strong>Bucea en lugares emblem\u00e1ticos:<\/strong> Explora los famosos puntos de inmersi\u00f3n \u201cBosque de setas\u201d, \u201cRemolcador\u201d y \u201cSala Azul\u201d, por nombrar s\u00f3lo algunos.<\/li><li><strong>Equipo de \u00faltima generaci\u00f3n:<\/strong> Te proporcionamos todo el equipo que necesites, garantizando comodidad y seguridad durante tus inmersiones.<\/li><li><strong>Pr\u00e1cticas de buceo sostenibles:<\/strong> Nos enorgullecemos de promover el buceo ecol\u00f3gico, ayudando a preservar el ecosistema submarino para las generaciones futuras.<\/li><\/ul><p>Una de nuestras buceadoras recientes, Anna, de los Pa\u00edses Bajos, comparti\u00f3 su experiencia: \u201cNunca hab\u00eda buceado antes, pero el equipo de Unique Diving me hizo sentir muy c\u00f3moda. Me guiaron en todo momento y, al final de la semana, \u00a1ten\u00eda mi certificaci\u00f3n Open Water! Bucear en Cura\u00e7ao fue una experiencia inolvidable, \u00a1no puedo esperar a volver!\u201d<\/p><h3>Consejos para una experiencia de buceo inolvidable en Cura\u00e7ao<\/h3><ul><li><strong>Empieza con un curso de repaso<\/strong> si hace tiempo de tu \u00faltima inmersi\u00f3n o si es la primera vez que buceas. Nuestros instructores te guiar\u00e1n por los conceptos b\u00e1sicos y se asegurar\u00e1n de que est\u00e9s totalmente preparado. <\/li><li><strong>Planifica tus inmersiones<\/strong> al principio de tus vacaciones para aprovechar las mejores condiciones meteorol\u00f3gicas.<\/li><li>No <strong>te pierdas el buceo nocturno<\/strong> para obtener una perspectiva completamente distinta del mundo submarino de Cura\u00e7ao.<\/li><\/ul><h2>Preguntas frecuentes sobre el buceo en Cura\u00e7ao<\/h2><h3>\u00bfNecesito experiencia previa para empezar a bucear en Cura\u00e7ao?<\/h3><p>No, no se requiere experiencia previa. Tanto si eres principiante como si quieres mejorar tus habilidades, Cura\u00e7ao ofrece cursos para todos los niveles. En Unique Diving, ofrecemos cursos introductorios para buceadores principiantes y certificaci\u00f3n avanzada para quienes buscan mejorar sus habilidades.  <\/p><h3>\u00bfCu\u00e1les son las mejores \u00e9pocas del a\u00f1o para bucear en Cura\u00e7ao?<\/h3><p>Cura\u00e7ao es un destino de buceo durante todo el a\u00f1o gracias a sus aguas siempre c\u00e1lidas y su clima templado. Sin embargo, las mejores condiciones para bucear suelen darse entre diciembre y mayo, cuando el mar est\u00e1 en calma y la visibilidad es m\u00e1xima. <\/p><h3>\u00bfCu\u00e1nto tiempo se tarda en obtener el certificado?<\/h3><p>Una certificaci\u00f3n est\u00e1ndar de Buceador de Aguas Abiertas puede completarse en tan s\u00f3lo 3-4 d\u00edas. Este curso incluye clases te\u00f3ricas e inmersiones pr\u00e1cticas para garantizar que est\u00e1s totalmente preparado para bucear con seguridad y confianza. <\/p><h3>\u00bfQu\u00e9 debo llevar conmigo?<\/h3><p>\u00a1S\u00f3lo tienes que traer tu sentido de la aventura! En Unique Diving te proporcionamos todo el equipo necesario, incluidos trajes de neopreno, m\u00e1scaras, aletas y botellas. Sin embargo, quiz\u00e1 quieras traer ba\u00f1ador, crema solar y una toalla para estar c\u00f3modo durante las inmersiones.  <\/p><p>Convertirse en buceador en Cura\u00e7ao es algo m\u00e1s que un pasatiempo: es una oportunidad incre\u00edble de explorar uno de los entornos submarinos m\u00e1s bellos del mundo. \u00danete a nosotros en Unique Diving y descubre por qu\u00e9 Cura\u00e7ao es uno de los mejores destinos de buceo. <\/p>","protected":false},"excerpt":{"rendered":"<p>Cura\u00e7ao, con sus aguas pr\u00edstinas e impresionantes arrecifes de coral, ofrece una experiencia de buceo sin igual para quienes buscan explorar las maravillas submarinas del Caribe. Conocida por su visibilidad cristalina, su diversa vida marina y sus aguas c\u00e1lidas todo el a\u00f1o, Cura\u00e7ao es el destino perfecto tanto para buceadores principiantes como avanzados. Convertirse en buceador en Cura\u00e7ao es algo m\u00e1s que una actividad vacacional: es una aventura que te sumergir\u00e1 en un vibrante ecosistema submarino lleno de peces de colores, tortugas marinas y fascinantes formaciones coralinas.  <br data-mce-bogus=\"1\"><\/p>\n","protected":false},"featured_media":56357,"comment_status":"open","ping_status":"closed","template":"","meta":{"_acf_changed":false},"activity-source":[],"company-partner":[],"store":[],"product_brand":[],"product_cat":[466],"product_tag":[4234],"class_list":{"0":"post-56356","1":"product","2":"type-product","3":"status-publish","4":"has-post-thumbnail","6":"product_cat-sin-categorizar","7":"product_tag-unique-diving-es","9":"first","10":"instock","11":"shipping-taxable","12":"product-type-simple"},"acf":[],"_links":{"self":[{"href":"https:\/\/staging.curacaotodo.com\/es\/wp-json\/wp\/v2\/product\/56356","targetHints":{"allow":["GET"]}}],"collection":[{"href":"https:\/\/staging.curacaotodo.com\/es\/wp-json\/wp\/v2\/product"}],"about":[{"href":"https:\/\/staging.curacaotodo.com\/es\/wp-json\/wp\/v2\/types\/product"}],"replies":[{"embeddable":true,"href":"https:\/\/staging.curacaotodo.com\/es\/wp-json\/wp\/v2\/comments?post=56356"}],"wp:featuredmedia":[{"embeddable":true,"href":"https:\/\/staging.curacaotodo.com\/es\/wp-json\/wp\/v2\/media\/56357"}],"wp:attachment":[{"href":"https:\/\/staging.curacaotodo.com\/es\/wp-json\/wp\/v2\/media?parent=56356"}],"wp:term":[{"taxonomy":"activity-source","embeddable":true,"href":"https:\/\/staging.curacaotodo.com\/es\/wp-json\/wp\/v2\/activity-source?post=56356"},{"taxonomy":"company-partner","embeddable":true,"href":"https:\/\/staging.curacaotodo.com\/es\/wp-json\/wp\/v2\/company-partner?post=56356"},{"taxonomy":"store","embeddable":true,"href":"https:\/\/staging.curacaotodo.com\/es\/wp-json\/wp\/v2\/store?post=56356"},{"taxonomy":"product_brand","embeddable":true,"href":"https:\/\/staging.curacaotodo.com\/es\/wp-json\/wp\/v2\/product_brand?post=56356"},{"taxonomy":"product_cat","embeddable":true,"href":"https:\/\/staging.curacaotodo.com\/es\/wp-json\/wp\/v2\/product_cat?post=56356"},{"taxonomy":"product_tag","embeddable":true,"href":"https:\/\/staging.curacaotodo.com\/es\/wp-json\/wp\/v2\/product_tag?post=56356"}],"curies":[{"name":"wp","href":"https:\/\/api.w.org\/{rel}","templated":true}]}}