{"id":56353,"date":"2024-09-05T09:36:07","date_gmt":"2024-09-05T13:36:07","guid":{"rendered":"https:\/\/curacaotodo.com\/activity\/cursos-de-buceo-profesional-curacao\/"},"modified":"2024-09-05T09:36:07","modified_gmt":"2024-09-05T13:36:07","slug":"cursos-de-buceo-profesional-curacao","status":"publish","type":"product","link":"https:\/\/staging.curacaotodo.com\/es\/actividad\/cursos-de-buceo-profesional-curacao\/","title":{"rendered":"Cursos de buceo profesional Cura\u00e7ao"},"content":{"rendered":"<h2>Sum\u00e9rgete en la excelencia: Por qu\u00e9 elegir cursos de buceo profesional en Cura\u00e7ao<\/h2><p>Cura\u00e7ao no es s\u00f3lo un para\u00edso tropical: es un destino de categor\u00eda mundial para los amantes del submarinismo. El rico paisaje submarino de la isla cuenta con impresionantes arrecifes de coral, pecios y una vibrante vida marina, lo que la convierte en el escenario ideal para los <a href=\"https:\/\/staging.curacaotodo.com\/es\/buceo-en-curazao\/dive-courses\/\">Cursos de Buceo<\/a> Profesional en Cura\u00e7ao. Tanto si quieres convertirte en instructor de buceo titulado como si quieres dominar t\u00e9cnicas avanzadas, Cura\u00e7ao ofrece una combinaci\u00f3n excepcional de formaci\u00f3n profesional, aguas pr\u00edstinas y lugares de inmersi\u00f3n \u00fanicos.  <\/p><p>En Unique Diving Cura\u00e7ao, nos enorgullecemos de ofrecer el m\u00e1s alto nivel de formaci\u00f3n para buceadores profesionales. Nuestros experimentados instructores, muchos de los cuales cuentan con d\u00e9cadas de conocimientos locales, garantizan que cada curso se adapte a los m\u00e1s altos est\u00e1ndares del sector. Nuestros cursos abarcan desde la Formaci\u00f3n de Divemaster hasta los Cursos de Desarrollo de Instructores (IDC) y las Certificaciones de Instructor Especializado. Cada curso est\u00e1 dise\u00f1ado para dotarte de las habilidades, la confianza y las cualificaciones necesarias para bucear o ense\u00f1ar en cualquier parte del mundo.   <\/p><h3>\u00bfPor qu\u00e9 elegir Unique Diving Cura\u00e7ao?<\/h3><ul><li><strong>Instructores expertos<\/strong>: Todos nuestros instructores tienen una gran experiencia y un profundo conocimiento de los lugares y las condiciones de inmersi\u00f3n de Cura\u00e7ao.<\/li><li><strong>Instalaciones de primera clase<\/strong>: Nuestras instalaciones de \u00faltima generaci\u00f3n garantizan que tengas todo lo que necesitas para sobresalir.<\/li><li><strong>Diversos puntos de inmersi\u00f3n<\/strong>: Desde el famoso Pecio del Remolcador hasta las deslumbrantes formaciones coralinas de <a href=\"https:\/\/staging.curacaotodo.com\/es\/playas\/playa-kalki\/\">Playa Kalki<\/a>, cada punto de inmersi\u00f3n ofrece oportunidades de aprendizaje \u00fanicas.<\/li><li><strong>Entrenamiento personalizado<\/strong>: Los grupos reducidos y las clases personalizadas garantizan que aproveches al m\u00e1ximo tu experiencia de entrenamiento.<\/li><\/ul><h3>Qu\u00e9 puedes esperar de nuestros cursos de buceo profesional<\/h3><p>Cuando te inscribes en un curso de buceo profesional en Unique Diving Cura\u00e7ao, no s\u00f3lo aprendes a bucear, sino que te embarcas en un viaje transformador. Imagina sumergirte en uno de los impresionantes pecios de Cura\u00e7ao, rodeado de coloridos bancos de peces, mientras adquieres la confianza y las habilidades que necesitas para convertirte en un l\u00edder del buceo. Una de nuestras estudiantes recientes, Lisa, de Holanda, comparti\u00f3 su experiencia:  <\/p><blockquote><p>\u201cCompletar mi certificaci\u00f3n de Divemaster en Unique Diving Cura\u00e7ao fue una experiencia que me cambi\u00f3 la vida. Los instructores ten\u00edan unos conocimientos y un apoyo incre\u00edbles, y los lugares de inmersi\u00f3n eran sencillamente impresionantes. Estoy deseando volver a Cura\u00e7ao para explorar a\u00fan m\u00e1s las maravillas submarinas de la isla.\u201d<\/p><\/blockquote><p>Nuestros cursos tambi\u00e9n incluyen una completa formaci\u00f3n en seguridad, que garantiza que est\u00e9s preparado para cualquier situaci\u00f3n. Tanto si gu\u00edas a un grupo de buceo como si impartes tu propia clase, tendr\u00e1s los conocimientos y la experiencia necesarios para dirigir con confianza. <\/p><h3>Consejos para aprovechar al m\u00e1ximo tu curso de buceo<\/h3><ul><li><strong>Empieza con una base s\u00f3lida<\/strong>: Si eres nuevo en el buceo, empieza con cursos b\u00e1sicos como <strong>Rescue Diver<\/strong> o <strong>Advanced Open Water Diver<\/strong> antes de progresar hacia certificaciones de nivel profesional.<\/li><li><strong>Explora distintos lugares de inmersi\u00f3n<\/strong>: Aprovecha la variedad de lugares de inmersi\u00f3n de Cura\u00e7ao. Cada lugar ofrece caracter\u00edsticas submarinas \u00fanicas que mejorar\u00e1n tu experiencia de aprendizaje. <\/li><li><strong>La pr\u00e1ctica hace al maestro<\/strong>: Cuanto m\u00e1s bucees, mejor lo har\u00e1s. Aseg\u00farate de aprovechar las condiciones de buceo de Cura\u00e7ao durante todo el a\u00f1o para practicar todo lo posible. <\/li><\/ul><p>Elegir Cura\u00e7ao como destino para tu curso de buceo profesional significa que te est\u00e1s preparando para el \u00e9xito en uno de los entornos de buceo m\u00e1s bellos y diversos del mundo. En Unique Diving Cura\u00e7ao, nos aseguramos de que tu formaci\u00f3n sea educativa e inolvidable. <\/p><h2>Preguntas frecuentes sobre los cursos de buceo profesional en Cura\u00e7ao<\/h2><h3>\u00bfCu\u00e1l es la mejor \u00e9poca del a\u00f1o para hacer un curso de buceo profesional en Cura\u00e7ao?<\/h3><p>Una de las mayores ventajas de bucear en Cura\u00e7ao es que es un destino para todo el a\u00f1o. La isla disfruta de temperaturas c\u00e1lidas y mar en calma durante todo el a\u00f1o, lo que la hace ideal para cursos de buceo. Sin embargo, las mejores condiciones suelen darse entre diciembre y mayo, cuando el agua est\u00e1 m\u00e1s clara y la visibilidad puede alcanzar hasta 30 metros. Este periodo es perfecto para quienes buscan maximizar su entrenamiento subacu\u00e1tico en condiciones \u00f3ptimas. Dicho esto, los meses m\u00e1s tranquilos entre junio y noviembre tambi\u00e9n ofrecen excelentes inmersiones con menos turistas.    <\/p><h3>\u00bfCu\u00e1nto tiempo se tarda en completar un curso de buceo profesional?<\/h3><p>La duraci\u00f3n de un Curso de Buceo Profesional en Cura\u00e7ao depende del nivel de certificaci\u00f3n que persigas. Por ejemplo: <\/p><ul><li><strong>Curso de Divemaster<\/strong>: Este es el primer paso para convertirse en buceador profesional, y suele tardar entre dos y cuatro semanas en completarse, dependiendo de tu ritmo y experiencia previa.<\/li><li><strong>Curso de Desarrollo de Instructores (IDC)<\/strong>: Si quieres convertirte en instructor de buceo titulado, este curso dura <strong>entre 10 y 14 d\u00edas<\/strong>. Incluye formaci\u00f3n te\u00f3rica y pr\u00e1ctica, seguida de un examen. <\/li><li><strong>Cursos de Instructor Especializado<\/strong>: Var\u00edan en duraci\u00f3n, pero suelen durar entre dos y cuatro d\u00edas, y se centran en \u00e1reas espec\u00edficas como el buceo profundo, el buceo en pecios o la fotograf\u00eda submarina.<\/li><\/ul><p>Muchos alumnos optan por completar estos cursos durante una estancia prolongada, lo que les permite explorar los lugares de buceo de Cura\u00e7ao mientras progresan en su formaci\u00f3n.<\/p><h3>\u00bfQu\u00e9 titulaci\u00f3n necesito para iniciar un curso de buceo profesional?<\/h3><p>Para matricularte en un Curso de Buceo Profesional en Cura\u00e7ao<strong>,<\/strong> primero debes cumplir ciertos requisitos previos, dependiendo del curso:<\/p><ul><li>Para el <strong>Curso de Divemaster<\/strong>, necesitas ser<strong>Buceador de<\/strong> Rescate y haber realizado un m\u00ednimo de 40 inmersiones. Tambi\u00e9n debes tener una certificaci\u00f3n v\u00e1lida de Primeros Auxilios y RCP. <\/li><li>Para el <strong>Curso de Desarrollo de Instructores (IDC<\/strong>), necesitas haber obtenido ya la certificaci\u00f3n de Divemaster y haber realizado al menos 100 inmersiones. Adem\u00e1s, deber\u00e1s realizar un Examen de Instructor (EI) despu\u00e9s del curso para obtener tu certificaci\u00f3n. <\/li><\/ul><p>Si eres nuevo en el buceo y quieres iniciar tu viaje, se recomienda empezar con una certificaci\u00f3n de Aguas Abiertas, seguida de los cursos de Aguas Abiertas Avanzadas y Buceador de Rescate antes de pasar a los niveles profesionales.<\/p><h3>\u00bfHay opciones flexibles para los cursos de buceo profesional?<\/h3><p>Absolutamente. En Unique Diving Cura\u00e7ao, entendemos que los horarios pueden variar, y ofrecemos programas de formaci\u00f3n personalizados que se adaptan a tus necesidades. Tanto si visitas Cura\u00e7ao durante unas semanas como si lo haces durante varios meses, podemos dise\u00f1ar un programa de cursos que te permita aprender a tu propio ritmo. Nuestros instructores son flexibles y se comprometen a proporcionar una experiencia de formaci\u00f3n personalizada.   <\/p><h3>\u00bfQu\u00e9 tipos de entornos de inmersi\u00f3n puedo esperar en Cura\u00e7ao?<\/h3><p>Cura\u00e7ao ofrece una amplia gama de entornos de inmersi\u00f3n, perfectos para la formaci\u00f3n profesional:<\/p><ul><li><strong>Arrecifes de coral<\/strong>: La isla es conocida por sus saludables arrecifes de coral, llenos de una gran variedad de vida marina, como tortugas, anguilas y peces tropicales.<\/li><li><strong>Buceo<\/strong> en <strong>Pecios<\/strong>: El pecio m\u00e1s famoso de Cura\u00e7ao, el Remolcador, es un lugar ideal para practicar el buceo en pecios y las habilidades de navegaci\u00f3n submarina.<\/li><li><strong>Inmersiones<\/strong> en <strong>paredes<\/strong>: Las paredes verticales de arrecife como las de Playa Kalki ofrecen excelentes oportunidades para practicar t\u00e9cnicas de buceo profundo.<\/li><li><strong>Inmersiones desde la costa<\/strong>: Los tranquilos y accesibles puntos de <a href=\"https:\/\/staging.curacaotodo.com\/es\/buceo-en-curazao\/buceo-costa-curazao\/\">buceo desde la costa<\/a> de Cura\u00e7ao son perfectos para practicar las habilidades b\u00e1sicas y realizar sesiones informativas de buceo.<\/li><\/ul><h3>\u00bfPor qu\u00e9 elegir Cura\u00e7ao para una formaci\u00f3n profesional de buceo?<\/h3><p>Cura\u00e7ao es famosa por su diverso ecosistema marino, su f\u00e1cil acceso a los puntos de inmersi\u00f3n y sus aguas c\u00e1lidas todo el a\u00f1o. Tanto si buceas desde tierra como desde barco, la isla ofrece algunas de las mejores condiciones para aprender y perfeccionar habilidades de buceo de nivel profesional. Adem\u00e1s, en Unique Diving Cura\u00e7ao, combinamos una ense\u00f1anza de alta calidad con un profundo conocimiento del entorno de buceo local, lo que garantiza que tu curso no sea s\u00f3lo educativo, sino tambi\u00e9n una experiencia verdaderamente inmersiva en los mejores paisajes submarinos del Caribe.  <\/p><p>Al elegir realizar tus Cursos de Buceo Profesional en Cura\u00e7ao, no s\u00f3lo obtienes una titulaci\u00f3n, sino que adquieres experiencia pr\u00e1ctica en uno de los mejores destinos de buceo del mundo, prepar\u00e1ndote para una carrera gratificante o una pasi\u00f3n en el mundo del buceo.<\/p>","protected":false},"excerpt":{"rendered":"<p>Cura\u00e7ao ofrece una experiencia de buceo sin parang\u00f3n, tanto para los profesionales experimentados como para los que quieren iniciarse en su viaje submarino. Con sus aguas cristalinas, su vibrante vida marina y sus diversos puntos de inmersi\u00f3n, la isla es un para\u00edso para los buceadores. Los Cursos de Buceo Profesional en Cura\u00e7ao ofrecen la oportunidad perfecta para mejorar tus habilidades y llevar tu buceo al siguiente nivel. Tanto si quieres convertirte en instructor de buceo, como si quieres especializarte en determinadas \u00e1reas del buceo, Cura\u00e7ao ofrece un entorno ideal para una formaci\u00f3n completa. Sum\u00e9rgete en la belleza del Caribe y convi\u00e9rtete en un profesional certificado en uno de los mejores destinos de buceo del mundo.    <br data-mce-bogus=\"1\"><\/p>\n","protected":false},"featured_media":56354,"comment_status":"open","ping_status":"closed","template":"","meta":{"_acf_changed":false},"activity-source":[],"company-partner":[],"store":[],"product_brand":[],"product_cat":[466],"product_tag":[4234],"class_list":{"0":"post-56353","1":"product","2":"type-product","3":"status-publish","4":"has-post-thumbnail","6":"product_cat-sin-categorizar","7":"product_tag-unique-diving-es","9":"first","10":"instock","11":"shipping-taxable","12":"product-type-simple"},"acf":[],"_links":{"self":[{"href":"https:\/\/staging.curacaotodo.com\/es\/wp-json\/wp\/v2\/product\/56353","targetHints":{"allow":["GET"]}}],"collection":[{"href":"https:\/\/staging.curacaotodo.com\/es\/wp-json\/wp\/v2\/product"}],"about":[{"href":"https:\/\/staging.curacaotodo.com\/es\/wp-json\/wp\/v2\/types\/product"}],"replies":[{"embeddable":true,"href":"https:\/\/staging.curacaotodo.com\/es\/wp-json\/wp\/v2\/comments?post=56353"}],"wp:featuredmedia":[{"embeddable":true,"href":"https:\/\/staging.curacaotodo.com\/es\/wp-json\/wp\/v2\/media\/56354"}],"wp:attachment":[{"href":"https:\/\/staging.curacaotodo.com\/es\/wp-json\/wp\/v2\/media?parent=56353"}],"wp:term":[{"taxonomy":"activity-source","embeddable":true,"href":"https:\/\/staging.curacaotodo.com\/es\/wp-json\/wp\/v2\/activity-source?post=56353"},{"taxonomy":"company-partner","embeddable":true,"href":"https:\/\/staging.curacaotodo.com\/es\/wp-json\/wp\/v2\/company-partner?post=56353"},{"taxonomy":"store","embeddable":true,"href":"https:\/\/staging.curacaotodo.com\/es\/wp-json\/wp\/v2\/store?post=56353"},{"taxonomy":"product_brand","embeddable":true,"href":"https:\/\/staging.curacaotodo.com\/es\/wp-json\/wp\/v2\/product_brand?post=56353"},{"taxonomy":"product_cat","embeddable":true,"href":"https:\/\/staging.curacaotodo.com\/es\/wp-json\/wp\/v2\/product_cat?post=56353"},{"taxonomy":"product_tag","embeddable":true,"href":"https:\/\/staging.curacaotodo.com\/es\/wp-json\/wp\/v2\/product_tag?post=56353"}],"curies":[{"name":"wp","href":"https:\/\/api.w.org\/{rel}","templated":true}]}}