{"id":56350,"date":"2024-09-05T09:25:40","date_gmt":"2024-09-05T13:25:40","guid":{"rendered":"https:\/\/curacaotodo.com\/activity\/hazte-freediver-en-curacao\/"},"modified":"2024-09-05T09:25:40","modified_gmt":"2024-09-05T13:25:40","slug":"hazte-freediver-en-curacao","status":"publish","type":"product","link":"https:\/\/staging.curacaotodo.com\/es\/actividad\/hazte-freediver-en-curacao\/","title":{"rendered":"Hazte Freediver en Cura\u00e7ao"},"content":{"rendered":"<h2>Por qu\u00e9 bucear a pulm\u00f3n en Cura\u00e7ao es una experiencia imprescindible<\/h2><p>La apnea en Cura\u00e7ao es una experiencia inolvidable que combina la belleza del Caribe con la tranquilidad del mundo submarino. La isla es famosa por sus aguas pr\u00edstinas, que la convierten en uno de los mejores lugares del mundo para aprender y practicar la apnea. Con una visibilidad que a menudo supera los 30 metros y temperaturas c\u00e1lidas del agua durante todo el a\u00f1o, no es de extra\u00f1ar que Cura\u00e7ao se haya convertido en un centro neur\u00e1lgico para apne\u00edstas de todo el mundo.  <\/p><h3>El entorno perfecto para la apnea<\/h3><p>El paisaje submarino de Cura\u00e7ao ofrece algo para cada apne\u00edsta. Tanto si acabas de empezar como si quieres perfeccionar tus habilidades, las bah\u00edas protegidas de la isla y su diversa vida marina constituyen un tel\u00f3n de fondo ideal. Imag\u00ednate desliz\u00e1ndote sin esfuerzo por aguas cristalinas, rodeado de vibrantes arrecifes de coral y bancos de peces tropicales. La serenidad y el silencio de la apnea te permiten experimentar el oc\u00e9ano en su forma m\u00e1s pura, sin el ruido del equipo de buceo.   <\/p><p>Lugares populares de apnea como Playa Remolcador, <a href=\"https:\/\/staging.curacaotodo.com\/es\/playas\/playa-piscado\/\">Playa Piskado<\/a> y <a href=\"https:\/\/staging.curacaotodo.com\/es\/playas\/playa-lagun\/\">Playa Lagun<\/a> muestran la incre\u00edble biodiversidad submarina de la isla, que incluye tortugas, rayas y una gran variedad de coloridas especies de peces. Estos lugares son perfectos para los apne\u00edstas que deseen explorar las profundidades del oc\u00e9ano de Cura\u00e7ao mientras disfrutan de unas aguas tranquilas y transparentes ideales para todos los niveles. <\/p><h3>\u00bfPor qu\u00e9 elegir Unique Diving Cura\u00e7ao?<\/h3><p>En Unique Diving Cura\u00e7ao, ofrecemos cursos de apnea de primer nivel que se adaptan a todos los niveles de experiencia, desde principiantes hasta profesionales experimentados. Nuestros instructores titulados te guiar\u00e1n en cada paso de tu viaje en apnea, garantizando una experiencia segura y agradable. Con grupos reducidos, instrucci\u00f3n personalizada y el uso de equipos de primera calidad, pretendemos que tu aventura de apnea en Cura\u00e7ao no s\u00f3lo sea educativa, sino tambi\u00e9n profundamente memorable.  <\/p><p>Nuestros cursos de apnea ense\u00f1an t\u00e9cnicas esenciales como la contenci\u00f3n de la respiraci\u00f3n, la ecualizaci\u00f3n y el buceo profundo, al tiempo que hacen hincapi\u00e9 en la relajaci\u00f3n y la seguridad. A medida que progreses, aprender\u00e1s a bucear m\u00e1s profundo y durante m\u00e1s tiempo, todo ello manteniendo la calma y el control. La belleza del mundo submarino de Cura\u00e7ao te mantendr\u00e1 motivado, ya que cada inmersi\u00f3n ofrece un nuevo y emocionante descubrimiento.  <\/p><blockquote><p><em>\u201cMi experiencia de apnea con Unique Diving Cura\u00e7ao fue nada menos que m\u00e1gica. Nunca hab\u00eda imaginado que podr\u00eda bucear a tanta profundidad sin ning\u00fan equipo, pero los instructores me hicieron sentir completamente segura y confiada. Ver las tortugas de cerca y los vibrantes arrecifes de coral fue un sue\u00f1o hecho realidad. La apnea me ha dado un nuevo aprecio por el oc\u00e9ano y su incre\u00edble belleza.\u201d<\/em> \u2013 Emily, una clienta satisfecha<\/p><\/blockquote><h3>Ventajas adicionales de elegir Unique Diving Cura\u00e7ao<\/h3><ul><li><strong>Instructores expertos<\/strong>: Nuestro equipo est\u00e1 formado por apne\u00edstas experimentados que conocen los mejores lugares de la isla.<\/li><li><strong>Formaci\u00f3n completa<\/strong>: Aprende desde t\u00e9cnicas b\u00e1sicas de contenci\u00f3n de la respiraci\u00f3n hasta habilidades avanzadas de apnea.<\/li><li><strong>Ubicaci\u00f3n inmejorable<\/strong>: Cura\u00e7ao ofrece algunas de las mejores condiciones de apnea del mundo.<\/li><li><strong>Enfoque personalizado<\/strong>: Los grupos reducidos y los cursos a medida garantizan que cada buceador reciba la atenci\u00f3n que necesita.<\/li><li><strong>Servicio de lujo<\/strong>: Nuestros cursos est\u00e1n dise\u00f1ados pensando en el viajero de lujo, y ofrecen equipamiento de alta gama e instrucci\u00f3n de primera clase.<\/li><\/ul><p>Al elegir Unique Diving Cura\u00e7ao, no s\u00f3lo te apuntas a un curso de apnea, sino que te embarcas en un viaje que cambiar\u00e1 tu forma de conectar con el oc\u00e9ano. Tanto si buscas aventura, relajaci\u00f3n o un conocimiento m\u00e1s profundo del mundo submarino, Cura\u00e7ao te ofrece el mejor tel\u00f3n de fondo para tu experiencia de apnea. <\/p><h3>Consejos para tu aventura de apnea<\/h3><ul><li><strong>Mantente hidratado<\/strong>: La apnea puede ser f\u00edsicamente exigente, as\u00ed que bebe mucha agua antes y despu\u00e9s de tus inmersiones.<\/li><li><strong>Practica<\/strong> la <strong>contenci\u00f3n de la resp<\/strong>iraci\u00f3n: Para prolongar tu tiempo bajo el agua, intenta practicar ejercicios de contenci\u00f3n de la respiraci\u00f3n en un entorno seguro.<\/li><li><strong>Rel\u00e1jate y disfruta<\/strong>: La apnea tiene tanto que ver con la relajaci\u00f3n como con la t\u00e9cnica. Conc\u00e9ntrate en mantener la calma y disfrutar del apacible mundo submarino. <\/li><li><strong>Elige el equipo adecuado<\/strong>: Llevar traje de neopreno y aletas puede hacer que tus inmersiones sean m\u00e1s c\u00f3modas y eficaces.<\/li><\/ul><p><br data-mce-bogus=\"1\"><\/p><h2>Preguntas frecuentes sobre la apnea en Cura\u00e7ao<\/h2><h3>\u00bfQu\u00e9 es la apnea y en qu\u00e9 se diferencia del submarinismo?<\/h3><p>La apnea es una forma de buceo subacu\u00e1tico que se basa \u00fanicamente en contener la respiraci\u00f3n, en lugar de utilizar aparatos respiratorios como en el submarinismo. Esto te permite experimentar el mundo submarino de una forma m\u00e1s natural y tranquila. A diferencia del submarinismo, en el que se utilizan botellas y equipos para respirar bajo el agua, la apnea consiste en controlar la respiraci\u00f3n, relajarse y fundirse con el oc\u00e9ano. Proporciona una sensaci\u00f3n de libertad y requiere dominar t\u00e9cnicas como la contenci\u00f3n de la respiraci\u00f3n, la ecualizaci\u00f3n y el control de la flotabilidad. La experiencia del silencio y la ingravidez hacen de la apnea una actividad meditativa adem\u00e1s de f\u00edsica.    <\/p><h3>\u00bfEs segura la apnea en Cura\u00e7ao para los principiantes?<\/h3><p>\u00a1Por supuesto! La apnea en Cura\u00e7ao es ideal para principiantes debido a las aguas tranquilas y c\u00e1lidas de la isla y a su excelente visibilidad. En Unique Diving Cura\u00e7ao, nos aseguramos de que todos los participantes est\u00e9n bien preparados con instrucciones exhaustivas y directrices de seguridad antes incluso de entrar en el agua. Nuestros cursos de apnea para principiantes est\u00e1n dise\u00f1ados para ense\u00f1arte los fundamentos de la apnea en un entorno controlado y seguro. Nuestros instructores expertos te guiar\u00e1n paso a paso, desde el dominio del control de la respiraci\u00f3n hasta la comprensi\u00f3n de c\u00f3mo igualar la presi\u00f3n a medida que profundizas. Con nuestros grupos reducidos y atenci\u00f3n personalizada, te sentir\u00e1s seguro y confiado mientras exploras los impresionantes paisajes submarinos de Cura\u00e7ao.     <\/p><h3>\u00bfCu\u00e1les son los requisitos de edad y salud para la apnea?<\/h3><p>La apnea es adecuada para la mayor\u00eda de las personas sanas mayores de 12 a\u00f1os, siempre que tengan un nivel razonable de forma f\u00edsica y no padezcan enfermedades preexistentes que puedan afectar a su capacidad para bucear. Antes de empezar un curso de apnea, se pide a los participantes que rellenen un cuestionario m\u00e9dico para asegurarse de que son aptos para la actividad. Afecciones como el asma, problemas card\u00edacos o respiratorios pueden requerir consideraciones especiales, y siempre es mejor consultar con un m\u00e9dico si tienes alguna duda. En Unique Diving Cura\u00e7ao, damos prioridad a la seguridad y nos aseguraremos de que est\u00e9s f\u00edsicamente preparado para la experiencia.   <\/p><h3>\u00bfCu\u00e1nto tiempo puedes permanecer bajo el agua en apnea?<\/h3><p>El tiempo que puedes permanecer bajo el agua depende de varios factores, como tu forma f\u00edsica, experiencia y capacidad de aguantar la respiraci\u00f3n. Los principiantes suelen empezar con tiempos de inmersi\u00f3n m\u00e1s cortos (normalmente de 30 segundos a 1 minuto), pero con la pr\u00e1ctica, los apne\u00edstas pueden aguantar la respiraci\u00f3n durante mucho m\u00e1s tiempo. La clave es permanecer relajado, conservar el ox\u00edgeno y mejorar gradualmente tu capacidad de aguantar la respiraci\u00f3n. Nuestros cursos de apnea te ense\u00f1an a prolongar con seguridad tus tiempos de inmersi\u00f3n mediante t\u00e9cnicas de respiraci\u00f3n y ejercicios de relajaci\u00f3n. Por t\u00e9rmino medio, los apne\u00edstas experimentados pueden aguantar la respiraci\u00f3n de 1 a 3 minutos, pero esto var\u00eda seg\u00fan las personas.    <\/p><h3>\u00bfQu\u00e9 debo llevar para mi curso de apnea en Cura\u00e7ao?<\/h3><p>Cuando te prepares para tu curso de apnea en Cura\u00e7ao, hay algunos elementos esenciales que querr\u00e1s llevar para asegurarte una experiencia c\u00f3moda y agradable:<\/p><ul><li><strong>Ba\u00f1ador<\/strong>: Un ba\u00f1ador c\u00f3modo es imprescindible para la apnea.<\/li><li><strong>Protector solar<\/strong>: Protege tu piel del fuerte sol caribe\u00f1o, pero aseg\u00farate de utilizar un protector solar seguro para los arrecifes de coral de Cura\u00e7ao.<\/li><li><strong>Toalla y botella de agua<\/strong>: Mantenerse hidratado es clave para el \u00e9xito de la apnea, as\u00ed que aseg\u00farate de llevar agua en abundancia.<\/li><li><strong>Traje de neopreno y aletas<\/strong>: Si tienes tu propio equipo, no dudes en traerlo, aunque proporcionamos equipo de alta calidad como parte de nuestros cursos.<\/li><\/ul><h3>\u00bfQu\u00e9 vida marina puedo esperar ver buceando en apnea en Cura\u00e7ao?<\/h3><p>Cura\u00e7ao alberga un ecosistema marino diverso y vibrante. Mientras buceas en apnea, es probable que encuentres coloridos arrecifes de coral, peces tropicales, tortugas marinas, rayas e incluso criaturas marinas de mayor tama\u00f1o, como barracudas y rayas \u00e1guila. Las aguas tranquilas y transparentes de Cura\u00e7ao facilitan la observaci\u00f3n de estas maravillas submarinas, y los numerosos puntos de inmersi\u00f3n de la isla ofrecen cada uno su propio conjunto de vida marina. Para los principiantes, los jardines de coral poco profundos constituyen una impresionante introducci\u00f3n al mundo submarino de Cura\u00e7ao, mientras que los apne\u00edstas m\u00e1s experimentados pueden explorar arrecifes m\u00e1s profundos y descensos repletos de vida.   <\/p><h3>\u00bfC\u00f3mo reservo un curso de apnea en Cura\u00e7ao?<\/h3><p>Reservar un curso de apnea con Unique Diving Cura\u00e7ao es muy sencillo. Puedes visitar nuestro sitio web para elegir entre una gama de cursos que se adaptan a tu nivel de experiencia. Ofrecemos opciones de reserva flexibles e incluso podemos organizar sesiones privadas adaptadas a tu horario. Tanto si est\u00e1s planeando unas vacaciones como si ya est\u00e1s en la isla, nuestro equipo est\u00e1 preparado para ayudarte a embarcarte en una aventura de apnea que ser\u00e1 el punto culminante de tu estancia en Cura\u00e7ao.   <\/p><p>Experimenta la tranquilidad, la belleza y la emoci\u00f3n de la apnea en Cura\u00e7ao con la gu\u00eda de nuestro experimentado equipo de Unique Diving Cura\u00e7ao. Sum\u00e9rgete en el oc\u00e9ano, explora la vibrante vida marina y descubre la libertad del profundo mar azul. <\/p>","protected":false},"excerpt":{"rendered":"<p>Cura\u00e7ao, con sus aguas cristalinas y su vibrante vida marina, es el destino perfecto para comenzar tu aventura de apnea. La apnea en Cura\u00e7ao ofrece una extraordinaria oportunidad de explorar el mundo submarino de una forma a la vez serena y estimulante. Tanto si eres un buceador experimentado como un completo principiante, las tranquilas aguas de la isla y sus impresionantes arrecifes de coral la convierten en un lugar ideal para aprender y perfeccionar el arte de la apnea.  <br data-mce-bogus=\"1\"><\/p>\n","protected":false},"featured_media":56351,"comment_status":"open","ping_status":"closed","template":"","meta":{"_acf_changed":false},"activity-source":[],"company-partner":[],"store":[],"product_brand":[],"product_cat":[466],"product_tag":[4234],"class_list":{"0":"post-56350","1":"product","2":"type-product","3":"status-publish","4":"has-post-thumbnail","6":"product_cat-sin-categorizar","7":"product_tag-unique-diving-es","9":"first","10":"instock","11":"shipping-taxable","12":"product-type-simple"},"acf":[],"_links":{"self":[{"href":"https:\/\/staging.curacaotodo.com\/es\/wp-json\/wp\/v2\/product\/56350","targetHints":{"allow":["GET"]}}],"collection":[{"href":"https:\/\/staging.curacaotodo.com\/es\/wp-json\/wp\/v2\/product"}],"about":[{"href":"https:\/\/staging.curacaotodo.com\/es\/wp-json\/wp\/v2\/types\/product"}],"replies":[{"embeddable":true,"href":"https:\/\/staging.curacaotodo.com\/es\/wp-json\/wp\/v2\/comments?post=56350"}],"wp:featuredmedia":[{"embeddable":true,"href":"https:\/\/staging.curacaotodo.com\/es\/wp-json\/wp\/v2\/media\/56351"}],"wp:attachment":[{"href":"https:\/\/staging.curacaotodo.com\/es\/wp-json\/wp\/v2\/media?parent=56350"}],"wp:term":[{"taxonomy":"activity-source","embeddable":true,"href":"https:\/\/staging.curacaotodo.com\/es\/wp-json\/wp\/v2\/activity-source?post=56350"},{"taxonomy":"company-partner","embeddable":true,"href":"https:\/\/staging.curacaotodo.com\/es\/wp-json\/wp\/v2\/company-partner?post=56350"},{"taxonomy":"store","embeddable":true,"href":"https:\/\/staging.curacaotodo.com\/es\/wp-json\/wp\/v2\/store?post=56350"},{"taxonomy":"product_brand","embeddable":true,"href":"https:\/\/staging.curacaotodo.com\/es\/wp-json\/wp\/v2\/product_brand?post=56350"},{"taxonomy":"product_cat","embeddable":true,"href":"https:\/\/staging.curacaotodo.com\/es\/wp-json\/wp\/v2\/product_cat?post=56350"},{"taxonomy":"product_tag","embeddable":true,"href":"https:\/\/staging.curacaotodo.com\/es\/wp-json\/wp\/v2\/product_tag?post=56350"}],"curies":[{"name":"wp","href":"https:\/\/api.w.org\/{rel}","templated":true}]}}